{"id":29,"date":"2020-07-10T10:36:55","date_gmt":"2020-07-10T13:36:55","guid":{"rendered":"https:\/\/wp.ufpel.edu.br\/lbm\/?page_id=29"},"modified":"2021-05-31T20:57:19","modified_gmt":"2021-05-31T23:57:19","slug":"equipe","status":"publish","type":"page","link":"https:\/\/wp.ufpel.edu.br\/lbm\/equipe\/","title":{"rendered":"Equipe"},"content":{"rendered":"<h4>Prof. Dr. Leonardo da Silva Oliveira (Coordenador)<\/h4>\n<h4><\/h4>\n<h4><\/h4>\n<h4>T\u00e9cnica de Laborat\u00f3rio Cintia Boldt Souza (Coordenadora Adjunta)<\/h4>\n<h4><\/h4>\n<h4><\/h4>\n<h4>Prof\u00aa. Dr\u00aa. Merielen de Carvalho Lopes<\/h4>\n<h4><\/h4>\n<h4><\/h4>\n<h4>Prof. M.Sc. Marcos Theodoro M\u00fcller<\/h4>\n<h4><\/h4>\n<h4><\/h4>\n<h4>Acad\u00eamico Felipe dos Santos Cardoso<\/h4>\n<h4><\/h4>\n<h4><\/h4>\n<h4>Acad\u00eamico Gabriel Antunez Braz<\/h4>\n<h4><\/h4>\n<h4><\/h4>\n<h4>Acad\u00eamica Mayara de Oliveira Alves Branco<\/h4>\n<h4><\/h4>\n<h4><\/h4>\n<h4><span style=\"font-size: 14pt\">Acad\u00eamico Matheus Rech<\/span><\/h4>\n","protected":false},"excerpt":{"rendered":"<p>Prof. Dr. Leonardo da Silva Oliveira (Coordenador) T\u00e9cnica de Laborat\u00f3rio Cintia Boldt Souza (Coordenadora Adjunta) Prof\u00aa. Dr\u00aa. Merielen de Carvalho Lopes Prof. M.Sc. Marcos Theodoro M\u00fcller Acad\u00eamico Felipe dos Santos Cardoso Acad\u00eamico Gabriel Antunez Braz Acad\u00eamica Mayara de Oliveira Alves Branco Acad\u00eamico Matheus Rech<\/p>\n","protected":false},"author":1021,"featured_media":0,"parent":0,"menu_order":2,"comment_status":"closed","ping_status":"closed","template":"","meta":{"footnotes":""},"class_list":["post-29","page","type-page","status-publish","hentry","nodate","item-wrap"],"_links":{"self":[{"href":"https:\/\/wp.ufpel.edu.br\/lbm\/wp-json\/wp\/v2\/pages\/29","targetHints":{"allow":["GET"]}}],"collection":[{"href":"https:\/\/wp.ufpel.edu.br\/lbm\/wp-json\/wp\/v2\/pages"}],"about":[{"href":"https:\/\/wp.ufpel.edu.br\/lbm\/wp-json\/wp\/v2\/types\/page"}],"author":[{"embeddable":true,"href":"https:\/\/wp.ufpel.edu.br\/lbm\/wp-json\/wp\/v2\/users\/1021"}],"replies":[{"embeddable":true,"href":"https:\/\/wp.ufpel.edu.br\/lbm\/wp-json\/wp\/v2\/comments?post=29"}],"version-history":[{"count":6,"href":"https:\/\/wp.ufpel.edu.br\/lbm\/wp-json\/wp\/v2\/pages\/29\/revisions"}],"predecessor-version":[{"id":193,"href":"https:\/\/wp.ufpel.edu.br\/lbm\/wp-json\/wp\/v2\/pages\/29\/revisions\/193"}],"wp:attachment":[{"href":"https:\/\/wp.ufpel.edu.br\/lbm\/wp-json\/wp\/v2\/media?parent=29"}],"curies":[{"name":"wp","href":"https:\/\/api.w.org\/{rel}","templated":true}]}}