{"id":162,"date":"2020-08-05T08:53:35","date_gmt":"2020-08-05T11:53:35","guid":{"rendered":"https:\/\/wp.ufpel.edu.br\/lbm\/?page_id=162"},"modified":"2021-04-01T20:50:31","modified_gmt":"2021-04-01T23:50:31","slug":"materiais-didaticos","status":"publish","type":"page","link":"https:\/\/wp.ufpel.edu.br\/lbm\/materiais-didaticos\/","title":{"rendered":"Materiais Did\u00e1ticos"},"content":{"rendered":"<h4>Podcasts<\/h4>\n<p>Nossos podcasts est\u00e3o dispon\u00edveis nos links abaixo:<\/p>\n<p><a href=\"https:\/\/open.spotify.com\/show\/3LKnrEcjFXhKDiDUDvE7MQ\" target=\"_blank\" rel=\"noopener noreferrer\">Playlist de Podcast no Spotify<\/a><\/p>\n<p><a href=\"https:\/\/anchor.fm\/lbmufpel\" target=\"_blank\" rel=\"noopener noreferrer\">Playlist de Podcast no Anchor<\/a><\/p>\n<p><a href=\"https:\/\/www.google.com\/podcasts?feed=aHR0cHM6Ly9hbmNob3IuZm0vcy8yZDE4NjBmMC9wb2RjYXN0L3Jzcw==\" target=\"_blank\" rel=\"noopener noreferrer\">Playlist de Podcast no Google Podcasts<\/a><\/p>\n<p><a href=\"https:\/\/www.breaker.audio\/podcast-biodegradacao-da-madeira\">Playlist de Podcast no Breaker<\/a><\/p>\n<p><a href=\"https:\/\/pca.st\/x2n4ralh\">Playlist de Podcast no Pocket Cast<\/a><\/p>\n<p><a href=\"https:\/\/radiopublic.com\/podcast-biodegradao-da-madeira-85djB0\">Playlist de Podcast no Radio Public<\/a><\/p>\n<h4>V\u00eddeos<\/h4>\n<p>A galeria de v\u00eddeos estar\u00e1 dispon\u00edvel no link abaixo.<\/p>\n<p><a href=\"https:\/\/drive.google.com\/drive\/folders\/1uo5QWG3ssbs8mIwM63O5BmuYcIaqipZ3?usp=sharing\" target=\"_blank\" rel=\"noopener noreferrer\">Galeria de V\u00eddeos<\/a><\/p>\n","protected":false},"excerpt":{"rendered":"<p>Podcasts Nossos podcasts est\u00e3o dispon\u00edveis nos links abaixo: Playlist de Podcast no Spotify Playlist de Podcast no Anchor Playlist de Podcast no Google Podcasts Playlist de Podcast no Breaker Playlist de Podcast no Pocket Cast Playlist de Podcast no Radio Public V\u00eddeos A galeria de v\u00eddeos estar\u00e1 dispon\u00edvel no link abaixo. Galeria de V\u00eddeos<\/p>\n","protected":false},"author":1021,"featured_media":0,"parent":0,"menu_order":4,"comment_status":"closed","ping_status":"closed","template":"","meta":{"footnotes":""},"class_list":["post-162","page","type-page","status-publish","hentry","nodate","item-wrap"],"_links":{"self":[{"href":"https:\/\/wp.ufpel.edu.br\/lbm\/wp-json\/wp\/v2\/pages\/162","targetHints":{"allow":["GET"]}}],"collection":[{"href":"https:\/\/wp.ufpel.edu.br\/lbm\/wp-json\/wp\/v2\/pages"}],"about":[{"href":"https:\/\/wp.ufpel.edu.br\/lbm\/wp-json\/wp\/v2\/types\/page"}],"author":[{"embeddable":true,"href":"https:\/\/wp.ufpel.edu.br\/lbm\/wp-json\/wp\/v2\/users\/1021"}],"replies":[{"embeddable":true,"href":"https:\/\/wp.ufpel.edu.br\/lbm\/wp-json\/wp\/v2\/comments?post=162"}],"version-history":[{"count":10,"href":"https:\/\/wp.ufpel.edu.br\/lbm\/wp-json\/wp\/v2\/pages\/162\/revisions"}],"predecessor-version":[{"id":180,"href":"https:\/\/wp.ufpel.edu.br\/lbm\/wp-json\/wp\/v2\/pages\/162\/revisions\/180"}],"wp:attachment":[{"href":"https:\/\/wp.ufpel.edu.br\/lbm\/wp-json\/wp\/v2\/media?parent=162"}],"curies":[{"name":"wp","href":"https:\/\/api.w.org\/{rel}","templated":true}]}}