{"id":109,"date":"2020-07-21T16:39:26","date_gmt":"2020-07-21T19:39:26","guid":{"rendered":"https:\/\/wp.ufpel.edu.br\/lbm\/?page_id=109"},"modified":"2020-08-05T14:24:09","modified_gmt":"2020-08-05T17:24:09","slug":"colecao-de-xilofagos","status":"publish","type":"page","link":"https:\/\/wp.ufpel.edu.br\/lbm\/colecao-de-xilofagos\/","title":{"rendered":"Cole\u00e7\u00e3o de Agentes Xil\u00f3fagos"},"content":{"rendered":"<p style=\"text-align: justify\">O Laborat\u00f3rio de Biodegrada\u00e7\u00e3o da Madeira (LBM) possui uma Cole\u00e7\u00e3o de Agentes Xil\u00f3fagos, constitu\u00edda por exemplares de agentes xil\u00f3fagos e pe\u00e7as de madeira atacadas por estes agentes. A cole\u00e7\u00e3o tem por objetivo contribuir em a\u00e7\u00f5es de ensino, pesquisa e extens\u00e3o desenvolvidas pelo LBM.<\/p>\n<h4>Galeria do acervo:<\/h4>\n<ul>\n<li><a href=\"https:\/\/drive.google.com\/drive\/folders\/122b5MtUSml4Is7noLvkYavI1ApllEA4Z?usp=sharing\" target=\"_blank\" rel=\"noopener noreferrer\">\u00c1lbum de Fungos<\/a><\/li>\n<li><a href=\"https:\/\/drive.google.com\/drive\/folders\/1tkAickCKozsDXYOJxiQfwghuntisfU58?usp=sharing\" target=\"_blank\" rel=\"noopener noreferrer\">\u00c1lbum de Insetos<\/a><\/li>\n<li><a href=\"https:\/\/drive.google.com\/drive\/folders\/1OZLNTQE3c5hmzqV6UwMH0xnONpw2PbZn?usp=sharing\" target=\"_blank\" rel=\"noopener noreferrer\">\u00c1lbum de Brocas Marinhas<\/a><\/li>\n<\/ul>\n","protected":false},"excerpt":{"rendered":"<p>O Laborat\u00f3rio de Biodegrada\u00e7\u00e3o da Madeira (LBM) possui uma Cole\u00e7\u00e3o de Agentes Xil\u00f3fagos, constitu\u00edda por exemplares de agentes xil\u00f3fagos e pe\u00e7as de madeira atacadas por estes agentes. A cole\u00e7\u00e3o tem por objetivo contribuir em a\u00e7\u00f5es de ensino, pesquisa e extens\u00e3o desenvolvidas pelo LBM. Galeria do acervo: \u00c1lbum de Fungos \u00c1lbum de Insetos \u00c1lbum de Brocas &hellip; <\/p>\n<p><a class=\"more-link btn\" href=\"https:\/\/wp.ufpel.edu.br\/lbm\/colecao-de-xilofagos\/\">Continue lendo<\/a><\/p>\n","protected":false},"author":1021,"featured_media":0,"parent":0,"menu_order":5,"comment_status":"closed","ping_status":"closed","template":"","meta":{"footnotes":""},"class_list":["post-109","page","type-page","status-publish","hentry","nodate","item-wrap"],"_links":{"self":[{"href":"https:\/\/wp.ufpel.edu.br\/lbm\/wp-json\/wp\/v2\/pages\/109","targetHints":{"allow":["GET"]}}],"collection":[{"href":"https:\/\/wp.ufpel.edu.br\/lbm\/wp-json\/wp\/v2\/pages"}],"about":[{"href":"https:\/\/wp.ufpel.edu.br\/lbm\/wp-json\/wp\/v2\/types\/page"}],"author":[{"embeddable":true,"href":"https:\/\/wp.ufpel.edu.br\/lbm\/wp-json\/wp\/v2\/users\/1021"}],"replies":[{"embeddable":true,"href":"https:\/\/wp.ufpel.edu.br\/lbm\/wp-json\/wp\/v2\/comments?post=109"}],"version-history":[{"count":6,"href":"https:\/\/wp.ufpel.edu.br\/lbm\/wp-json\/wp\/v2\/pages\/109\/revisions"}],"predecessor-version":[{"id":122,"href":"https:\/\/wp.ufpel.edu.br\/lbm\/wp-json\/wp\/v2\/pages\/109\/revisions\/122"}],"wp:attachment":[{"href":"https:\/\/wp.ufpel.edu.br\/lbm\/wp-json\/wp\/v2\/media?parent=109"}],"curies":[{"name":"wp","href":"https:\/\/api.w.org\/{rel}","templated":true}]}}