{"id":78,"date":"2011-06-11T20:00:13","date_gmt":"2011-06-11T23:00:13","guid":{"rendered":"https:\/\/wp.ufpel.edu.br\/lasol\/"},"modified":"2016-02-12T03:38:37","modified_gmt":"2016-02-12T05:38:37","slug":"iniciacao-cientifica","status":"publish","type":"page","link":"https:\/\/wp.ufpel.edu.br\/lasol\/alunos\/iniciacao-cientifica\/","title":{"rendered":"Inicia\u00e7\u00e3o Cient\u00edfica"},"content":{"rendered":"<p><a href=\"https:\/\/wp.ufpel.edu.br\/lasol\/files\/2013\/09\/Andressa.jpg\" rel=\"attachment wp-att-1106\"><img class=\"alignleft size-full wp-image-1106\" src=\"https:\/\/wp.ufpel.edu.br\/lasol\/files\/2013\/09\/Andressa.jpg\" alt=\"Andressa\" width=\"201\" height=\"300\" \/><\/a><\/p>\n<p><strong><br \/>\n<span style=\"font-size: 12.0pt;font-family: 'Arial','sans-serif'\"><br \/>\n<span style=\"color: #000000\">\u00a0 \u00a0 \u00a0 \u00a0 \u00a0 \u00a0 \u00a0 \u00a0 \u00a0 \u00a0 \u00a0 \u00a0<em>Andressa Baptista N\u00f6rnberg<\/em><\/span><\/span><\/strong><\/p>\n<p style=\"text-align: center\">\u00a0\u00a0Graduanda em Qu\u00edmica Industrial<\/p>\n<p style=\"text-align: center\">In\u00edcio das atividades no laborat\u00f3rio: abril de 2012<\/p>\n<p style=\"text-align: center\">Orientador: Gelson Perin<\/p>\n<p>&nbsp;<\/p>\n<p>_________________________________________________________________________<em><strong><a href=\"https:\/\/wp.ufpel.edu.br\/lasol\/files\/2011\/06\/3-David-Borba-Lima.jpg\"><img class=\"alignleft size-medium wp-image-905\" src=\"https:\/\/wp.ufpel.edu.br\/lasol\/files\/2011\/06\/3-David-Borba-Lima-217x300.jpg\" alt=\"\" width=\"217\" height=\"300\" srcset=\"https:\/\/wp.ufpel.edu.br\/lasol\/files\/2011\/06\/3-David-Borba-Lima-217x300.jpg 217w, https:\/\/wp.ufpel.edu.br\/lasol\/files\/2011\/06\/3-David-Borba-Lima.jpg 316w\" sizes=\"(max-width: 217px) 100vw, 217px\" \/><\/a> <\/strong><\/em><\/p>\n<p style=\"text-align: center\"><em><strong><br \/>\nDavid Borba Lima<br \/>\n<\/strong><\/em><\/p>\n<p style=\"text-align: center\">Graduando em Qu\u00edmica Bacharelado<\/p>\n<p style=\"text-align: center\">In\u00edcio das atividades no laborat\u00f3rio: agosto de 2011<\/p>\n<p style=\"text-align: center\">Orientador:\u00a0Lucielli Savegnago<\/p>\n<p style=\"text-align: center\"><strong><em>\u00a0<\/em><\/strong><\/p>\n<p style=\"text-align: center\">\u00a0_________________________________________________________________________<a href=\"https:\/\/wp.ufpel.edu.br\/lasol\/files\/2011\/06\/3-Eduardo.jpg\"><img class=\"alignleft size-medium wp-image-970\" src=\"https:\/\/wp.ufpel.edu.br\/lasol\/files\/2011\/06\/3-Eduardo-220x300.jpg\" alt=\"\" width=\"220\" height=\"300\" srcset=\"https:\/\/wp.ufpel.edu.br\/lasol\/files\/2011\/06\/3-Eduardo-220x300.jpg 220w, https:\/\/wp.ufpel.edu.br\/lasol\/files\/2011\/06\/3-Eduardo.jpg 303w\" sizes=\"(max-width: 220px) 100vw, 220px\" \/><\/a><\/p>\n<p style=\"text-align: center\"><em><strong><br \/>\nEduardo Quadros da Luz <\/strong><\/em><\/p>\n<p style=\"text-align: center\">Graduando em Qu\u00edmica Bacharelado<\/p>\n<p style=\"text-align: center\">In\u00edcio das atividades no laborat\u00f3rio: agosto de 2011<\/p>\n<p style=\"text-align: center\">Orientador: Gelson Perin<\/p>\n<p style=\"text-align: center\">\u00a0_________________________________________________________________________<\/p>\n<p style=\"text-align: center\"><em><strong> <a href=\"https:\/\/wp.ufpel.edu.br\/lasol\/files\/2011\/06\/3-Edmar.jpg\"><img class=\"alignleft size-medium wp-image-968\" src=\"https:\/\/wp.ufpel.edu.br\/lasol\/files\/2011\/06\/3-Edmar-227x300.jpg\" alt=\"3-Eduardo\" width=\"227\" height=\"300\" srcset=\"https:\/\/wp.ufpel.edu.br\/lasol\/files\/2011\/06\/3-Edmar-227x300.jpg 227w, https:\/\/wp.ufpel.edu.br\/lasol\/files\/2011\/06\/3-Edmar.jpg 240w\" sizes=\"(max-width: 227px) 100vw, 227px\" \/><\/a><\/strong><\/em><\/p>\n<p style=\"text-align: center\"><em><strong>Eduardo Sanchez Betin<br \/>\n<\/strong><\/em><\/p>\n<p style=\"text-align: center\">Graduando em Qu\u00edmica Industrial<\/p>\n<p style=\"text-align: center\">In\u00edcio das atividades no laborat\u00f3rio: agosto de 2013<\/p>\n<p style=\"text-align: center\">Orientador: Ricardo F. Schumacher<\/p>\n<p style=\"text-align: center\">\u00a0_________________________________________________________________________<br \/>\n<a href=\"https:\/\/wp.ufpel.edu.br\/lasol\/files\/2011\/06\/3-Filipe.jpg\"><img class=\"alignleft size-medium wp-image-138\" src=\"https:\/\/wp.ufpel.edu.br\/lasol\/files\/2011\/06\/3-Filipe-219x300.jpg\" alt=\"\" width=\"219\" height=\"300\" srcset=\"https:\/\/wp.ufpel.edu.br\/lasol\/files\/2011\/06\/3-Filipe-219x300.jpg 219w, https:\/\/wp.ufpel.edu.br\/lasol\/files\/2011\/06\/3-Filipe.jpg 318w\" sizes=\"(max-width: 219px) 100vw, 219px\" \/><\/a><\/p>\n<p style=\"text-align: center\"><em><strong>Filipe Penteado<\/strong><\/em><\/p>\n<p style=\"text-align: center\">Graduando em Qu\u00edmica Bacharelado<\/p>\n<p style=\"text-align: center\">In\u00edcio das atividades no laborat\u00f3rio: abril de 2011<\/p>\n<p style=\"text-align: center\">Orientador: Eder Jo\u00e3o Lenard\u00e3o<\/p>\n<p>&nbsp;<\/p>\n<p style=\"text-align: left\">_________________________________________________________________________<strong><em><a href=\"https:\/\/wp.ufpel.edu.br\/lasol\/files\/2011\/06\/3-Jos\u00e9-Eduardo-Garcia-Duarte1.jpg\"><img class=\"alignleft size-medium wp-image-258\" src=\"https:\/\/wp.ufpel.edu.br\/lasol\/files\/2011\/06\/3-Jos\u00e9-Eduardo-Garcia-Duarte1-198x300.jpg\" alt=\"\" width=\"198\" height=\"300\" srcset=\"https:\/\/wp.ufpel.edu.br\/lasol\/files\/2011\/06\/3-Jos\u00e9-Eduardo-Garcia-Duarte1-198x300.jpg 198w, https:\/\/wp.ufpel.edu.br\/lasol\/files\/2011\/06\/3-Jos\u00e9-Eduardo-Garcia-Duarte1.jpg 311w\" sizes=\"(max-width: 198px) 100vw, 198px\" \/><\/a> <\/em><\/strong><\/p>\n<p style=\"text-align: center\"><strong><em>Jos\u00e9 Eduardo Garcia Duarte<\/em><\/strong><\/p>\n<p style=\"text-align: center\">Graduando em Qu\u00edmica Bacharelado<\/p>\n<p style=\"text-align: center\">In\u00edcio das atividades no laborat\u00f3rio: mar\u00e7o 2011<\/p>\n<p style=\"text-align: center\">Orientador: Gelson Perin<\/p>\n<p style=\"text-align: center\">_________________________________________________________________________<br \/>\n<a href=\"https:\/\/wp.ufpel.edu.br\/lasol\/files\/2011\/06\/3-Liane.jpg\"><img class=\"alignleft size-medium wp-image-141\" src=\"https:\/\/wp.ufpel.edu.br\/lasol\/files\/2011\/06\/3-Liane-213x300.jpg\" alt=\"\" width=\"213\" height=\"300\" srcset=\"https:\/\/wp.ufpel.edu.br\/lasol\/files\/2011\/06\/3-Liane-213x300.jpg 213w, https:\/\/wp.ufpel.edu.br\/lasol\/files\/2011\/06\/3-Liane.jpg 317w\" sizes=\"(max-width: 213px) 100vw, 213px\" \/><\/a><\/p>\n<p style=\"text-align: center\"><em><strong>Liane Krolow Soares<\/strong><\/em><\/p>\n<p class=\"MsoNormal\" style=\"line-height: 150%;text-align: center\">Graduanda em Qu\u00edmica Industrial<\/p>\n<p class=\"MsoNormal\" style=\"line-height: 150%;text-align: center\">In\u00edcio das atividades no laborat\u00f3rio: janeiro 2011<\/p>\n<p class=\"MsoNormal\" style=\"line-height: 150%;text-align: center\">Orientador: Gelson Perin<\/p>\n<p>&nbsp;<\/p>\n<p>______________________________________________________________________<strong><em><a href=\"https:\/\/wp.ufpel.edu.br\/lasol\/files\/2011\/06\/3-Maur\u00edcio-Carpe-Diem-Ferreira-Xavier2.jpg\"><img class=\"alignleft size-medium wp-image-440\" src=\"https:\/\/wp.ufpel.edu.br\/lasol\/files\/2011\/06\/3-Maur\u00edcio-Carpe-Diem-Ferreira-Xavier2-209x300.jpg\" alt=\"\" width=\"209\" height=\"300\" srcset=\"https:\/\/wp.ufpel.edu.br\/lasol\/files\/2011\/06\/3-Maur\u00edcio-Carpe-Diem-Ferreira-Xavier2-209x300.jpg 209w, https:\/\/wp.ufpel.edu.br\/lasol\/files\/2011\/06\/3-Maur\u00edcio-Carpe-Diem-Ferreira-Xavier2.jpg 325w\" sizes=\"(max-width: 209px) 100vw, 209px\" \/><\/a><\/em><\/strong><\/p>\n<p style=\"text-align: center\"><strong><em>Maur\u00edcio Carpe Diem Ferreira Xavier<\/em><\/strong><\/p>\n<p style=\"text-align: center\">Graduando em Qu\u00edmica Bacharelado<\/p>\n<p style=\"text-align: center\">In\u00edcio das atividades no laborat\u00f3rio: Agosto de 2010<\/p>\n<p style=\"text-align: center\">Orientador: Diego Alves<\/p>\n<p style=\"text-align: center\">_________________________________________________________________________<\/p>\n<p style=\"text-align: center\"><em><strong><br \/>\n<a href=\"https:\/\/wp.ufpel.edu.br\/lasol\/files\/2011\/06\/3-Matheus.jpg\"><img class=\"alignleft size-medium wp-image-972\" src=\"https:\/\/wp.ufpel.edu.br\/lasol\/files\/2011\/06\/3-Matheus-227x300.jpg\" alt=\"3-Nelson\" width=\"227\" height=\"300\" srcset=\"https:\/\/wp.ufpel.edu.br\/lasol\/files\/2011\/06\/3-Matheus-227x300.jpg 227w, https:\/\/wp.ufpel.edu.br\/lasol\/files\/2011\/06\/3-Matheus.jpg 240w\" sizes=\"(max-width: 227px) 100vw, 227px\" \/><\/a><\/strong><\/em><\/p>\n<p style=\"text-align: center\"><em><strong>Nelson Martins Nascimento<br \/>\n<\/strong><\/em><\/p>\n<p style=\"text-align: center\">Graduando em Qu\u00edmica Bacharelado<\/p>\n<p style=\"text-align: center\">In\u00edcio das atividades no laborat\u00f3rio: 2012<\/p>\n<p style=\"text-align: center\">Orientador: Ricardo F. Schumacher<\/p>\n<p style=\"text-align: center\">_________________________________________________________________________\u00a0<em><strong><a href=\"https:\/\/wp.ufpel.edu.br\/lasol\/files\/2011\/06\/3-Patrick-Carvalho-Nobre1.jpg\"><img class=\"alignleft size-medium wp-image-371\" src=\"https:\/\/wp.ufpel.edu.br\/lasol\/files\/2011\/06\/3-Patrick-Carvalho-Nobre1-214x300.jpg\" alt=\"\" width=\"214\" height=\"300\" srcset=\"https:\/\/wp.ufpel.edu.br\/lasol\/files\/2011\/06\/3-Patrick-Carvalho-Nobre1-214x300.jpg 214w, https:\/\/wp.ufpel.edu.br\/lasol\/files\/2011\/06\/3-Patrick-Carvalho-Nobre1.jpg 343w\" sizes=\"(max-width: 214px) 100vw, 214px\" \/><\/a><\/strong><\/em><\/p>\n<p style=\"text-align: center\"><em><strong><span style=\"color: #333333\">Patrick Carvalho Nobre<\/span><\/strong><\/em><\/p>\n<p style=\"text-align: center\">Graduando em Qu\u00edmica Industrial<\/p>\n<p style=\"text-align: center\">In\u00edcio das atividades no laborat\u00f3rio: mar\u00e7o de 2011<\/p>\n<p style=\"text-align: center\">Orientador: Gelson Perin<\/p>\n<p style=\"text-align: center\">_________________________________________________________________________<a href=\"https:\/\/wp.ufpel.edu.br\/lasol\/files\/2011\/06\/3-Pedro1.jpg\"><img class=\"alignleft size-medium wp-image-1024\" src=\"https:\/\/wp.ufpel.edu.br\/lasol\/files\/2011\/06\/3-Pedro1-212x300.jpg\" alt=\"\" width=\"212\" height=\"300\" srcset=\"https:\/\/wp.ufpel.edu.br\/lasol\/files\/2011\/06\/3-Pedro1-212x300.jpg 212w, https:\/\/wp.ufpel.edu.br\/lasol\/files\/2011\/06\/3-Pedro1.jpg 326w\" sizes=\"(max-width: 212px) 100vw, 212px\" \/><\/a><\/p>\n<p style=\"text-align: center\"><em><strong><br \/>\nPedro Massato Yokemura Borba <\/strong><\/em><\/p>\n<p style=\"text-align: center\">Graduando em Qu\u00edmica Bacharelado<\/p>\n<p style=\"text-align: center\">In\u00edcio das atividades no laborat\u00f3rio: novembro de 2011<\/p>\n<p style=\"text-align: center\">Orientador: Eder Jo\u00e3o Lenard\u00e3o<\/p>\n<p style=\"text-align: center\">_________________________________________________________________________<a href=\"https:\/\/wp.ufpel.edu.br\/lasol\/files\/2011\/06\/3-Rodrigo-Webber1.jpg\"><img class=\"alignleft size-medium wp-image-261\" src=\"https:\/\/wp.ufpel.edu.br\/lasol\/files\/2011\/06\/3-Rodrigo-Webber1-201x300.jpg\" alt=\"\" width=\"201\" height=\"300\" srcset=\"https:\/\/wp.ufpel.edu.br\/lasol\/files\/2011\/06\/3-Rodrigo-Webber1-201x300.jpg 201w, https:\/\/wp.ufpel.edu.br\/lasol\/files\/2011\/06\/3-Rodrigo-Webber1.jpg 309w\" sizes=\"(max-width: 201px) 100vw, 201px\" \/><\/a><\/p>\n<p style=\"text-align: center\"><strong><em><br \/>\nRodrigo Webber<\/em><\/strong><\/p>\n<p style=\"text-align: center\">Graduando em Qu\u00edmica Industrial<\/p>\n<p style=\"text-align: center\">In\u00edcio das atividades no laborat\u00f3rio: maio de 2010<\/p>\n<p style=\"text-align: center\">Orientador: Gelson Perin<\/p>\n<p style=\"text-align: center\">_________________________________________________________________________\u00a0<a href=\"https:\/\/wp.ufpel.edu.br\/lasol\/files\/2011\/06\/3-Thalita1.jpg\"><img class=\"alignleft size-medium wp-image-1026\" src=\"https:\/\/wp.ufpel.edu.br\/lasol\/files\/2011\/06\/3-Thalita1-201x300.jpg\" alt=\"\" width=\"201\" height=\"300\" srcset=\"https:\/\/wp.ufpel.edu.br\/lasol\/files\/2011\/06\/3-Thalita1-201x300.jpg 201w, https:\/\/wp.ufpel.edu.br\/lasol\/files\/2011\/06\/3-Thalita1.jpg 311w\" sizes=\"(max-width: 201px) 100vw, 201px\" \/><\/a><\/p>\n<p style=\"text-align: center\"><strong><em><br \/>\nThalita Fernanda Borges de Aquino <\/em><\/strong><\/p>\n<p style=\"text-align: center\">Graduanda\u00a0 em Qu\u00edmica Bacharelado<\/p>\n<p style=\"text-align: center\">In\u00edcio das atividades no laborat\u00f3rio: outubro de 2011<\/p>\n<p style=\"text-align: center\">Orientador:\u00a0 Gelson Perin<\/p>\n<div class=\"redirectbypasser-d redirectbypasser-s\"><\/div>\n<p style=\"text-align: center\">________________________________________________________________________<\/p>\n","protected":false},"excerpt":{"rendered":"<p>\u00a0 \u00a0 \u00a0 \u00a0 \u00a0 \u00a0 \u00a0 \u00a0 \u00a0 \u00a0 \u00a0 \u00a0Andressa Baptista N\u00f6rnberg \u00a0\u00a0Graduanda em Qu\u00edmica Industrial In\u00edcio das atividades no laborat\u00f3rio: abril de 2012 Orientador: Gelson Perin &nbsp; _________________________________________________________________________ David Borba Lima Graduando em Qu\u00edmica Bacharelado In\u00edcio das atividades no laborat\u00f3rio: agosto de 2011 Orientador:\u00a0Lucielli Savegnago \u00a0 \u00a0_________________________________________________________________________ Eduardo Quadros da Luz Graduando [&hellip;]<\/p>\n","protected":false},"author":117,"featured_media":0,"parent":60,"menu_order":0,"comment_status":"closed","ping_status":"closed","template":"","meta":{"footnotes":""},"class_list":["post-78","page","type-page","status-publish","hentry"],"jetpack_sharing_enabled":true,"_links":{"self":[{"href":"https:\/\/wp.ufpel.edu.br\/lasol\/wp-json\/wp\/v2\/pages\/78","targetHints":{"allow":["GET"]}}],"collection":[{"href":"https:\/\/wp.ufpel.edu.br\/lasol\/wp-json\/wp\/v2\/pages"}],"about":[{"href":"https:\/\/wp.ufpel.edu.br\/lasol\/wp-json\/wp\/v2\/types\/page"}],"author":[{"embeddable":true,"href":"https:\/\/wp.ufpel.edu.br\/lasol\/wp-json\/wp\/v2\/users\/117"}],"replies":[{"embeddable":true,"href":"https:\/\/wp.ufpel.edu.br\/lasol\/wp-json\/wp\/v2\/comments?post=78"}],"version-history":[{"count":52,"href":"https:\/\/wp.ufpel.edu.br\/lasol\/wp-json\/wp\/v2\/pages\/78\/revisions"}],"predecessor-version":[{"id":1136,"href":"https:\/\/wp.ufpel.edu.br\/lasol\/wp-json\/wp\/v2\/pages\/78\/revisions\/1136"}],"up":[{"embeddable":true,"href":"https:\/\/wp.ufpel.edu.br\/lasol\/wp-json\/wp\/v2\/pages\/60"}],"wp:attachment":[{"href":"https:\/\/wp.ufpel.edu.br\/lasol\/wp-json\/wp\/v2\/media?parent=78"}],"curies":[{"name":"wp","href":"https:\/\/api.w.org\/{rel}","templated":true}]}}