{"id":435,"date":"2011-07-11T22:29:24","date_gmt":"2011-07-12T01:29:24","guid":{"rendered":"https:\/\/wp.ufpel.edu.br\/lasol\/"},"modified":"2011-08-01T22:17:44","modified_gmt":"2011-08-02T01:17:44","slug":"projetos-de-pesquisa","status":"publish","type":"page","link":"https:\/\/wp.ufpel.edu.br\/lasol\/projetos-de-pesquisa\/","title":{"rendered":"Projetos de pesquisa"},"content":{"rendered":"<p style=\"text-align: justify\"><strong><span style=\"color: #373737\">Diego da Silva Alves<\/span><\/strong><\/p>\n<p style=\"text-align: justify\"><span style=\"font-size: small\"><span style=\"border-collapse: collapse\"><em>Edital FAPERGS\/CNPq n. 008\/2009 PRONEX<\/em><\/span><\/span><\/p>\n<p style=\"text-align: justify\"><em>Descri\u00e7\u00e3o: Rede Ga\u00facha de Estresse Oxidativo e Sinaliza\u00e7\u00e3o Celular: Modula\u00e7\u00e3o por Agentes End\u00f3genos e Ex\u00f3genos.<\/em><br \/>\n<em>Situa\u00e7\u00e3o: <\/em>Em andamento;\u00a0<em>Natureza: <\/em>Pesquisa.<br \/>\n<em>Integrantes: <\/em>Joao Batista Teixeira Rocha &#8211; Coordenador \/ Diego da Silva Alves &#8211; Integrante.<br \/>\n<em>Financiador(es): <\/em>Funda\u00e7\u00e3o de Amparo \u00e0 Pesquisa do Estado do Rio Grande do Sul &#8211; Aux\u00edlio financeiro..<\/p>\n<p style=\"text-align: justify\"><em> Edital FAPERGS 001\/2010 &#8211; ARD<\/em><\/p>\n<p style=\"text-align: justify\"><em>Descri\u00e7\u00e3o: <\/em><em>S\u00edntese de 1-Organosseleno-[1,2,3]-triazois via Rea\u00e7\u00f5es de Click Chemistry .<\/em><br \/>\n<em>Situa\u00e7\u00e3o: <\/em>Em andamento;\u00a0<em>Natureza: <\/em>Pesquisa.<br \/>\n<em>Integrantes: <\/em>Diego da Silva Alves &#8211; Coordenador.<br \/>\n<em>Financiador(es): <\/em>Funda\u00e7\u00e3o de Amparo \u00e0 Pesquisa do Estado do Rio Grande do Sul &#8211; Aux\u00edlio financeiro..<\/p>\n<p style=\"text-align: justify\"><em> Edital MCT\/CNPq N \u00ba 14\/2010 &#8211; Universal<\/em><\/p>\n<p style=\"text-align: justify\"><em>Descri\u00e7\u00e3o: <\/em><em>S\u00edntese de Organocalcogeno-triazois via Rea\u00e7\u00f5es de Cicloadi\u00e7\u00e3o 1,3-Dipolar.<\/em><br \/>\n<em>Situa\u00e7\u00e3o: <\/em><em>Em andamento; <\/em><em>Natureza: <\/em><em>Pesquisa.<\/em><br \/>\n<em>Integrantes: <\/em><em>Diego da Silva Alves &#8211; Coordenador.<\/em><\/p>\n<p style=\"text-align: justify\"><em>________________________________________________________________<\/em><\/p>\n<p style=\"text-align: justify\"><strong><span style=\"color: #373737\">Eder Jo\u00e3o Lenard\u00e3o<\/span><\/strong><\/p>\n<p style=\"text-align: justify\"><em><strong> <\/strong>Aproveitamento das folhas residuais da cadeia produtiva do eucalipto para a produ\u00e7\u00e3o de \u00f3leos essenciais na metade Sul do Rio Grande do Sul<\/em><\/p>\n<p style=\"text-align: justify\"><em>Descri\u00e7\u00e3o: <\/em>Objetivo Geral : Promover o fortalecimento da agricultura familiar da Metade Sul do RS, desenvolvendo uma alternativa econ\u00f4mica atrav\u00e9s da produ\u00e7\u00e3o de \u00f3leos essenciais a partir de res\u00edduos agr\u00edcolas provenientes do cultivo de eucaliptos na regi\u00e3o. Financiado pela FAPERGS-SCT-RS; Valor: R$ 49.980,00.<br \/>\n<em>Situa\u00e7\u00e3o: <\/em>Em andamento;\u00a0<em>Natureza: <\/em>Pesquisa.<br \/>\n<em>Alunos envolvidos: <\/em><em>Gradua\u00e7\u00e3o <\/em>( 2) \/\u00a0<em>Mestrado acad\u00eamico <\/em>( 2) .<br \/>\n<em>Integrantes: <\/em>G. Perin &#8211; Integrante \/ Raquel Guimaraes Jacob &#8211; Coordenador \/ Eder Joao Lenardao &#8211; Integrante.<br \/>\n<em>Financiador(es): <\/em>Funda\u00e7\u00e3o de Amparo \u00e0 Pesquisa do Estado do Rio Grande do Sul &#8211; Aux\u00edlio financeiro \/ Funda\u00e7\u00e3o de Amparo \u00e0 Pesquisa do Estado do Rio Grande do Sul &#8211; Bolsa.<\/p>\n<p style=\"text-align: justify\"><em>Novos Compostos Organocalcog\u00eanios bioativos e sua potencial a\u00e7\u00e3o como agente antimicrobiano em alimentos<\/em><\/p>\n<p style=\"text-align: justify\"><em>Descri\u00e7\u00e3o: <\/em>O objetivo do projeto \u00e9 avaliar a atividade antibacteriana dos compostos org\u00e2nicos (citral, citronelal, 3-(p-clorofenil)tiocitronelal, 3-(p-clorofenil)tiocitronelol, 3-fenilselenocitronelal, 3-fenilselenocitronelol, isopulegol, 3-(p-clorofenil)isopulegol), e seu potencial de utiliza\u00e7\u00e3o em alimentos..<br \/>\n<em>Situa\u00e7\u00e3o: <\/em>Em andamento;\u00a0<em>Natureza: <\/em>Pesquisa.<br \/>\n<em>Alunos envolvidos: <\/em><em>Gradua\u00e7\u00e3o <\/em>( 1) \/\u00a0<em>Mestrado acad\u00eamico <\/em>( 1) .<br \/>\n<em>Integrantes: <\/em>G. Perin &#8211; Integrante \/ Raquel Guimar\u00e3es Jacob &#8211; Integrante \/ Wladimir Padilha da Silva &#8211; Integrante \/ Francine Vict\u00f3ria Novack &#8211; Integrante \/ Eder Joao Lenardao &#8211; Coordenador.\u00a0<em>N\u00famero de orienta\u00e7\u00f5es: <\/em>1.<\/p>\n<p style=\"text-align: justify\"><em>Uso de Solventes Verdes na Prospec\u00e7\u00e3o Biotecnol\u00f3gica de Inibidores Enzim\u00e1ticos, Antimicrobianos, Antitumorais e Produtos Cosm\u00e9ticos em Plantas da Amaz\u00f4nia<\/em><\/p>\n<p style=\"text-align: justify\"><em>Descri\u00e7\u00e3o: <\/em>O presente Projeto de Pesquisa prop\u00f5e realizar uma prospec\u00e7\u00e3o biotecnol\u00f3gica de atividades antitumoral, antimicrobiana, de inibi\u00e7\u00e3o enzim\u00e1tica e Produtos Cosm\u00e9ticos a partir de extratos vegetais obtidos com solventes i\u00f4nicos, que ser\u00e3o sintetizados e ter\u00e3o suas propriedades avaliadas na prepara\u00e7\u00e3o de extratos, comparando-os \u00e0quelas dos solventes tradicionais. Edital: MCT\/CNPq\/CT-Amaz\u00f4nia n. 055\/2008.<br \/>\n<em>Situa\u00e7\u00e3o: <\/em>Em andamento;\u00a0<em>Natureza: <\/em>Pesquisa.<br \/>\n<em>Alunos envolvidos: <\/em><em>Gradua\u00e7\u00e3o <\/em>( 1) \/\u00a0<em>Mestrado acad\u00eamico <\/em>( 1) .<br \/>\n<em>Integrantes: <\/em>Valdir Flor\u00eancio da Veiga Junior &#8211; Coordenador \/ Eder Joao Lenardao &#8211; Integrante.<br \/>\n<em>Financiador(es): <\/em>Conselho Nacional de Desenvolvimento Cient\u00edfico e Tecnol\u00f3gico &#8211; Aux\u00edlio financeiro.<\/p>\n<p style=\"text-align: justify\">________________________________________________________________<\/p>\n<p style=\"text-align: justify\"><span style=\"color: #888888\"><strong><span style=\"color: #373737\">Gelson Perin<\/span><\/strong><\/span><\/p>\n<p style=\"text-align: justify\"><em>S\u00edntese, Caracteriza\u00e7\u00e3o e Atividade Biol\u00f3gica de Derivados de Sel\u00eanio e Tel\u00fario<\/em><\/p>\n<p style=\"text-align: justify\">Descri\u00e7\u00e3o: Este projeto tem como objetivos estudar a s\u00edntese, a reatividade, a determina\u00e7\u00e3o estrutural as propriedades f\u00edsico-qu\u00edmicas, farmacol\u00f3gicas e toxicol\u00f3gicas de compostos contendo calcog\u00eanio, contribuindo, assim, para a expans\u00e3o da rede interinstitucional de pesquisa nesta \u00e1rea e o fortalecimento de n\u00facleos emergentes no interior do RS. Financiador(es): EDITAL FAPERGS\/CNPq &#8211; 008\/2009 &#8211; PRONEX. Valor Aprovado: R$ 576.000,00..<br \/>\nSitua\u00e7\u00e3o: Em andamento;\u00a0Natureza: Pesquisa.<br \/>\nAlunos envolvidos: Gradua\u00e7\u00e3o ( 4) \/\u00a0Mestrado acad\u00eamico ( 4) .<br \/>\nIntegrantes: Cl\u00e1udio da Cruz Silveira &#8211; Integrante \/ Raquel Guimar\u00e3es Jacob &#8211; Integrante \/ Eder Jo\u00e3o Lenard\u00e3o &#8211; Integrante \/ Gilson Zeni &#8211; Coordenador \/ Anderson Schwingel Ribeiro &#8211; Integrante \/ Mariana Antunes Vieira &#8211; Integrante \/ Gelson Perin &#8211; Integrante.<br \/>\nFinanciador(es): Funda\u00e7\u00e3o de Amparo \u00e0 Pesquisa do Estado do Rio Grande do Sul &#8211; Aux\u00edlio financeiro \/ Conselho Nacional de Desenvolvimento Cient\u00edfico e Tecnol\u00f3gico Aux\u00edlio financeiro.<\/p>\n<p style=\"text-align: justify\"><em>S\u00edntese de Novos Materiais Contendo Organocalcog\u00eanio a partir de Fonte Renov\u00e1vel<\/em><\/p>\n<p style=\"text-align: justify\">Descri\u00e7\u00e3o: O presente projeto visa o desenvolvimento da ricinoqu\u00edmica na UFPel, atrav\u00e9s da realiza\u00e7\u00e3o de uma s\u00e9rie de estudos buscando novas metodologias sint\u00e9ticas para a obten\u00e7\u00e3o de materiais bioativos contendo organocalcog\u00eanios e seguindo os preceitos da qu\u00edmica verde e sustent\u00e1vel: uso de mat\u00e9ria-prima de fonte renov\u00e1vel, realiza\u00e7\u00e3o das rea\u00e7\u00f5es em meio livre de solvente ou utilizando solventes recicl\u00e1veis menos prejudiciais ao ambiente, uso de fontes de energia n\u00e3o cl\u00e1ssicas e cat\u00e1lise heterog\u00eanea. Al\u00e9m disto, ser\u00e3o estudadas as propriedades farmacol\u00f3gicas, toxicol\u00f3gicas e bactericidas dos novos compostos sintetizados. Edital MCT\/CNPq 14\/2008 &#8211; Universal &#8211; Faixa A &#8211; Valor pago: R$ 16.000,00. Per\u00edodo: 11\/2008-11\/2010. Coordenador..<br \/>\nSitua\u00e7\u00e3o: Em andamento;\u00a0Natureza: Pesquisa.<br \/>\nAlunos envolvidos: Gradua\u00e7\u00e3o ( 3) \/\u00a0Mestrado acad\u00eamico ( 2) .<br \/>\nIntegrantes: Gelson Perin &#8211; Coordenador.<br \/>\nFinanciador(es): Conselho Nacional de Desenvolvimento Cient\u00edfico e Tecnol\u00f3gico &#8211; Aux\u00edlio financeiro.<br \/>\nN\u00famero de produ\u00e7\u00f5es C, T &amp; A: 14 \/\u00a0N\u00famero de orienta\u00e7\u00f5es: 5.<\/p>\n<p style=\"text-align: justify\"><em>Projeto Estruturante de Agroenergia do RS<\/em><\/p>\n<p style=\"text-align: justify\"><em>Descri\u00e7\u00e3o: <\/em>Os objetivos do projeto envolvem a produ\u00e7\u00e3o de biodiesel, o desenvolvimento de tecnologias para o aproveitamento dos co-produtos e de metodologias para a caracteriza\u00e7\u00e3o e controle de qualidade dos insumos e produtos. Parceiros: CIENTEC &#8211; Funda\u00e7\u00e3o de Ci\u00eancia e Tecnologia; EMBRAPA CPACT; UFRGS Instituto de Qu\u00edmica. FINEP\/SCT-RS Valor aprovado para a UFPel: R$ 340.000,00. .<br \/>\n<em>Situa\u00e7\u00e3o: <\/em>Em andamento;\u00a0<em>Natureza: <\/em>Pesquisa.<br \/>\n<em>Alunos envolvidos: <\/em><em>Gradua\u00e7\u00e3o <\/em>( 2) \/\u00a0<em>Mestrado acad\u00eamico <\/em>( 1) .<br \/>\n<em>Integrantes: <\/em>Eder Jo\u00e3o Lenard\u00e3o &#8211; Integrante \/ Isa Maria Leiria Northfleet &#8211; Coordenador \/ Maria Regina Alves Rodrigues &#8211; Integrante \/ Gelson Perin &#8211; Integrante.<br \/>\n<em>Financiador(es): <\/em>Financiadora de Estudos e Projetos &#8211; Aux\u00edlio financeiro \/ Funda\u00e7\u00e3o de Amparo \u00e0 Pesquisa do Estado do Rio Grande do Sul &#8211; Aux\u00edlio financeiro.<br \/>\n<em>N\u00famero de produ\u00e7\u00f5es C, T &amp; A: <\/em>3 \/\u00a0<em>N\u00famero de orienta\u00e7\u00f5es: <\/em>3.<\/p>\n<p style=\"text-align: justify\">________________________________________________________________<\/p>\n<p style=\"text-align: justify\"><strong><span style=\"color: #373737\">Lucielli Savegnago<\/span><\/strong><\/p>\n<p style=\"text-align: justify\"><span style=\"color: #333333\"><em>REDE GA\u00daCHA DE ESTRESSE OXIDATIVO E SINALIZA\u00c7\u00c3O CELULAR: MODULA\u00c7\u00c3O POR AGENTES END\u00d3GENOS E EX\u00d3GENOS- PRONEX\/FAPERGS<\/em><\/span><\/p>\n<p style=\"text-align: justify\"><span style=\"color: #333333\"><em>Situa\u00e7\u00e3o: <\/em>Em andamento;\u00a0<em>Natureza: <\/em>Pesquisa.<br \/>\n<em>Integrantes: <\/em>Diego Alves &#8211; Integrante \/ Jo\u00e3o B. T. Rocha &#8211; Coordenador \/ Lucielli Savegnago &#8211; Integrante.<br \/>\n<em>Financiador(es): <\/em>Funda\u00e7\u00e3o de Amparo \u00e0 Pesquisa do Estado do Rio Grande do Sul &#8211; Aux\u00edlio financeiro.<\/span><\/p>\n<p style=\"text-align: justify\"><span style=\"color: #333333\"><em>Edital MCT\/CNPq N\u00ba 014\/2010 Universal- Estudo dos efeitos de Seleno\u00e9steres derivados de tiazolidinas em modelos animais de depress\u00e3o e mania<\/em><\/span><\/p>\n<p style=\"text-align: justify\"><span style=\"color: #333333\">Situa\u00e7\u00e3o: Em andamento;\u00a0Natureza: Pesquisa.<br \/>\nAlunos envolvidos: Gradua\u00e7\u00e3o ( 1) \/\u00a0Mestrado acad\u00eamico ( 2) \/\u00a0Doutorado ( 2) .<br \/>\nIntegrantes: Lucielli Savegnago &#8211; Coordenadora; Diego Alves &#8211; Integrante \/ Cristiano R. Jesse &#8211; Integrante \/ Paulo Henrique Schneider &#8211; Integrante \/Financiador(es): Conselho Nacional de Desenvolvimento Cient\u00edfico e Tecnol\u00f3gico &#8211; Aux\u00edlio financeiro.<\/span><\/p>\n<p style=\"text-align: justify\"><span style=\"color: #333333\"><em>EDITAL FAPERGS 006\/2010- PROGRAMA PESQUISADOR GA\u00daCHO PqG. Estudo dos efeitos farmacol\u00f3gicos e\/ou toxicol\u00f3gicos de Seleno\u00e9steres derivados da tiazolidina<\/em><\/span><\/p>\n<p style=\"text-align: justify\"><span style=\"color: #333333\"><em>Situa\u00e7\u00e3o: <\/em>Em andamento;\u00a0<em>Natureza: <\/em>Pesquisa.<br \/>\n<em>Integrantes: <\/em>Lucielli Savegnago &#8211; Coordenadora<var><\/var>;<var><\/var> Diego Alves &#8211; Integrante; Paulo Henrique Schneider &#8211; Integrante<\/span><\/p>\n<p style=\"text-align: justify\"><span style=\"color: #333333\">________________________________________________________________<\/span><\/p>\n<p style=\"text-align: justify\"><span style=\"color: #333333\"><strong><span style=\"color: #333333\">Raquel Guimar\u00e3es Jacob<\/span><\/strong><\/span><\/p>\n<p style=\"text-align: justify\"><span style=\"color: #333333\"><em>Metodologias Sint\u00e9ticas Limpas para a Modifica\u00e7\u00e3o Qu\u00edmica de \u00d3leos Essenciais e Obten\u00e7\u00e3o de Calcogenoterpenos<\/em><\/span><\/p>\n<p style=\"text-align: justify\"><span style=\"color: #333333\">Descri\u00e7\u00e3o: O objetivo deste projeto \u00e9 o desenvolvimento de metodologias sint\u00e9ticas limpas, livres de solvente, utilizando micro-ondas, suportes s\u00f3lidos recicl\u00e1veis e catalisadores para a modifica\u00e7\u00e3o qu\u00edmica dos \u00f3leos essenciais de Citronela (Cymbopogon nardus), Capim-lim\u00e3o (Cymbopogon citratus) e Eucalipto globulus, visando \u00e0 obten\u00e7\u00e3o de compostos com poss\u00edvel atividade biol\u00f3gica e intermedi\u00e1rios sint\u00e9ticos contendo grupos organocalcog\u00eanios. As novas subst\u00e2ncias obtidas durante a execu\u00e7\u00e3o do projeto ser\u00e3o fornecidas ao Grupo de Pesquisa do professor Wladimir Padilha da Silva da UFPel &#8211; FAEM\/DCTA, para realizar a avalia\u00e7\u00e3o do potencial bactericida\/bacteriost\u00e1tico em bact\u00e9rias patog\u00eanicas de import\u00e2ncia na ind\u00fastria de alimentos..<br \/>\nSitua\u00e7\u00e3o: Em andamento;\u00a0Natureza: Pesquisa.<br \/>\nAlunos envolvidos: Gradua\u00e7\u00e3o ( 4) \/\u00a0Mestrado acad\u00eamico ( 4) .<br \/>\nIntegrantes: Gelson Perin &#8211; Integrante \/ Samuel Rodrigues Mendes &#8211; Integrante \/ Lenard\u00e3o, Eder J. &#8211; Integrante \/ Alves, Diego &#8211; Integrante \/ Wladimir Padilha da Silva &#8211; Integrante \/ Jorge Adolfo Silva &#8211; Integrante \/ Raquel Guimar\u00e3es Jacob &#8211; Coordenador.<br \/>\nFinanciador(es): Funda\u00e7\u00e3o de Amparo \u00e0 Pesquisa do Estado do Rio Grande do Sul &#8211; Aux\u00edlio financeiro.<\/span><\/p>\n<p style=\"text-align: justify\"><span style=\"color: #333333\"><em>Plantas bioativas de interesse para o manejo sanit\u00e1rio de agroecossistemas em transi\u00e7\u00e3o agroecol\u00f3gica<\/em><\/span><\/p>\n<p style=\"text-align: justify\"><span style=\"color: #333333\"><em>Descri\u00e7\u00e3o: <\/em>Extrair, isolar, e caracterizar quimicamente os \u00f3leos essenciais de plantas bioativas cultivadas sob diferentes condi\u00e7\u00f5es, visando desenvolver solu\u00e7\u00f5es apropriadas para o manejo de pragas e doen\u00e7as em agroecossistemas em transi\u00e7\u00e3o agroecol\u00f3gica a partir de plantas bioativas, possibilitando a obten\u00e7\u00e3o de alimentos seguros com o menor impacto ambiental poss\u00edvel e propiciando independ\u00eancia tecnol\u00f3gica aos agricultores familiares. .<br \/>\n<em>Situa\u00e7\u00e3o: <\/em>Em andamento;\u00a0<em>Natureza: <\/em>Pesquisa.<br \/>\n<em>Alunos envolvidos: <\/em><em>Gradua\u00e7\u00e3o <\/em>( 3) \/\u00a0<em>Mestrado acad\u00eamico <\/em>( 3) \/\u00a0<em>Doutorado <\/em>( 1) .<br \/>\n<em>Integrantes: <\/em>Eder Jo\u00e3o Lenard\u00e3o &#8211; Integrante \/ PERIN, G &#8211; Integrante \/ Gustavo Schiedeck &#8211; Coordenador \/ Fabiana Cristina Missau &#8211; Integrante \/ Raquel Guimar\u00e3es Jacob &#8211; Integrante.<br \/>\n<em>Financiador(es): <\/em>Empresa Brasileira de Pesquisa Agropecu\u00e1ria &#8211; Clima Temperado &#8211; Aux\u00edlio financeiro.<\/span><\/p>\n<p style=\"text-align: justify\"><span style=\"color: #333333\"><em>S\u00edntese, Caracteriza\u00e7\u00e3o e Atividade Biol\u00f3gica de Derivados de Sel\u00eanio e Tel\u00fario<\/em><\/span><\/p>\n<p style=\"text-align: justify\"><span style=\"color: #333333\"><em>Descri\u00e7\u00e3o: <\/em>Este projeto tem como objetivos estudar a s\u00edntese, a reatividade, a determina\u00e7\u00e3o estrutural as propriedades f\u00edsico-qu\u00edmicas, farmacol\u00f3gicas e toxicol\u00f3gicas de compostos contendo calcog\u00eanio, contribuindo, assim, para a expans\u00e3o da rede interinstitucional de pesquisa nesta \u00e1rea e o fortalecimento de n\u00facleos emergentes no interior do RS. Financiador(es): EDITAL FAPERGS\/CNPq &#8211; 008\/2009 &#8211; PRONEX. Valor Aprovado: R$ 576.000,00.<br \/>\n<em>Situa\u00e7\u00e3o: <\/em>Em andamento;\u00a0<em>Natureza: <\/em>Pesquisa.<br \/>\n<em>Alunos envolvidos: <\/em><em>Gradua\u00e7\u00e3o <\/em>( 2) \/\u00a0<em>Mestrado acad\u00eamico <\/em>( 2) .<br \/>\n<em>Integrantes: <\/em>Gelson Perin &#8211; Integrante \/ Claudio Cruz silveira &#8211; Integrante \/ Gilson Zeni &#8211; Coordenador \/ Lenard\u00e3o, Eder J. &#8211; Integrante \/ Anderson Schwingel Ribeiro &#8211; Integrante \/ Mariana Antunes Vieira &#8211; Integrante \/ Cristina Nogueira &#8211; Integrante \/ Raquel Guimar\u00e3es Jacob &#8211; Integrante.<br \/>\n<em>Financiador(es): <\/em>Funda\u00e7\u00e3o de Amparo \u00e0 Pesquisa do Estado do Rio Grande do Sul &#8211; Aux\u00edlio financeiro \/ Conselho Nacional de Desenvolvimento Cient\u00edfico e Tecnol\u00f3gico &#8211; Aux\u00edlio financeiro.<em>N\u00famero de orienta\u00e7\u00f5es: <\/em>3.<\/span><\/p>\n<p style=\"text-align: justify\"><span style=\"color: #333333\">__________________________________________________________________<\/span><\/p>\n","protected":false},"excerpt":{"rendered":"<p>Diego da Silva Alves Edital FAPERGS\/CNPq n. 008\/2009 PRONEX Descri\u00e7\u00e3o: Rede Ga\u00facha de Estresse Oxidativo e Sinaliza\u00e7\u00e3o Celular: Modula\u00e7\u00e3o por Agentes End\u00f3genos e Ex\u00f3genos. Situa\u00e7\u00e3o: Em andamento;\u00a0Natureza: Pesquisa. Integrantes: Joao Batista Teixeira Rocha &#8211; Coordenador \/ Diego da Silva Alves &#8211; Integrante. Financiador(es): Funda\u00e7\u00e3o de Amparo \u00e0 Pesquisa do Estado do Rio Grande do Sul [&hellip;]<\/p>\n","protected":false},"author":117,"featured_media":0,"parent":0,"menu_order":0,"comment_status":"closed","ping_status":"open","template":"","meta":{"footnotes":""},"class_list":["post-435","page","type-page","status-publish","hentry"],"jetpack_sharing_enabled":true,"_links":{"self":[{"href":"https:\/\/wp.ufpel.edu.br\/lasol\/wp-json\/wp\/v2\/pages\/435","targetHints":{"allow":["GET"]}}],"collection":[{"href":"https:\/\/wp.ufpel.edu.br\/lasol\/wp-json\/wp\/v2\/pages"}],"about":[{"href":"https:\/\/wp.ufpel.edu.br\/lasol\/wp-json\/wp\/v2\/types\/page"}],"author":[{"embeddable":true,"href":"https:\/\/wp.ufpel.edu.br\/lasol\/wp-json\/wp\/v2\/users\/117"}],"replies":[{"embeddable":true,"href":"https:\/\/wp.ufpel.edu.br\/lasol\/wp-json\/wp\/v2\/comments?post=435"}],"version-history":[{"count":15,"href":"https:\/\/wp.ufpel.edu.br\/lasol\/wp-json\/wp\/v2\/pages\/435\/revisions"}],"predecessor-version":[{"id":728,"href":"https:\/\/wp.ufpel.edu.br\/lasol\/wp-json\/wp\/v2\/pages\/435\/revisions\/728"}],"wp:attachment":[{"href":"https:\/\/wp.ufpel.edu.br\/lasol\/wp-json\/wp\/v2\/media?parent=435"}],"curies":[{"name":"wp","href":"https:\/\/api.w.org\/{rel}","templated":true}]}}