{"id":240,"date":"2011-06-13T19:52:28","date_gmt":"2011-06-13T22:52:28","guid":{"rendered":"https:\/\/wp.ufpel.edu.br\/lasol\/"},"modified":"2011-08-01T22:17:31","modified_gmt":"2011-08-02T01:17:31","slug":"pos-graduacao","status":"publish","type":"page","link":"https:\/\/wp.ufpel.edu.br\/lasol\/disciplinas\/pos-graduacao\/","title":{"rendered":"P\u00f3s-gradua\u00e7\u00e3o"},"content":{"rendered":"<p>S\u00edntese Org\u00e2nica<\/p>\n<p>Ementa da disciplina:<\/p>\n<p><a href=\"https:\/\/wp.ufpel.edu.br\/lasol\/files\/2011\/06\/S\u00edntese-Org\u00e2nica.pdf\">S\u00edntese Org\u00e2nica<\/a><\/p>\n<p>________________________________________<\/p>\n<p>Qu\u00edmica Org\u00e2nica Avan\u00e7ada<\/p>\n<p>Ementa da disciplina:<\/p>\n<p><a href=\"https:\/\/wp.ufpel.edu.br\/lasol\/files\/2011\/06\/Qu\u00edmica-Org\u00e2nica-Avan\u00e7ada.pdf\">Qu\u00edmica Org\u00e2nica Avan\u00e7ada<\/a><\/p>\n<p>________________________________________<\/p>\n","protected":false},"excerpt":{"rendered":"<p>S\u00edntese Org\u00e2nica Ementa da disciplina: S\u00edntese Org\u00e2nica ________________________________________ Qu\u00edmica Org\u00e2nica Avan\u00e7ada Ementa da disciplina: Qu\u00edmica Org\u00e2nica Avan\u00e7ada ________________________________________<\/p>\n","protected":false},"author":117,"featured_media":0,"parent":32,"menu_order":0,"comment_status":"closed","ping_status":"open","template":"","meta":{"footnotes":""},"class_list":["post-240","page","type-page","status-publish","hentry"],"jetpack_sharing_enabled":true,"_links":{"self":[{"href":"https:\/\/wp.ufpel.edu.br\/lasol\/wp-json\/wp\/v2\/pages\/240","targetHints":{"allow":["GET"]}}],"collection":[{"href":"https:\/\/wp.ufpel.edu.br\/lasol\/wp-json\/wp\/v2\/pages"}],"about":[{"href":"https:\/\/wp.ufpel.edu.br\/lasol\/wp-json\/wp\/v2\/types\/page"}],"author":[{"embeddable":true,"href":"https:\/\/wp.ufpel.edu.br\/lasol\/wp-json\/wp\/v2\/users\/117"}],"replies":[{"embeddable":true,"href":"https:\/\/wp.ufpel.edu.br\/lasol\/wp-json\/wp\/v2\/comments?post=240"}],"version-history":[{"count":9,"href":"https:\/\/wp.ufpel.edu.br\/lasol\/wp-json\/wp\/v2\/pages\/240\/revisions"}],"predecessor-version":[{"id":718,"href":"https:\/\/wp.ufpel.edu.br\/lasol\/wp-json\/wp\/v2\/pages\/240\/revisions\/718"}],"up":[{"embeddable":true,"href":"https:\/\/wp.ufpel.edu.br\/lasol\/wp-json\/wp\/v2\/pages\/32"}],"wp:attachment":[{"href":"https:\/\/wp.ufpel.edu.br\/lasol\/wp-json\/wp\/v2\/media?parent=240"}],"curies":[{"name":"wp","href":"https:\/\/api.w.org\/{rel}","templated":true}]}}