{"id":234,"date":"2011-06-13T19:49:21","date_gmt":"2011-06-13T22:49:21","guid":{"rendered":"https:\/\/wp.ufpel.edu.br\/lasol\/"},"modified":"2011-08-01T22:17:31","modified_gmt":"2011-08-02T01:17:31","slug":"quimica-bacharelado","status":"publish","type":"page","link":"https:\/\/wp.ufpel.edu.br\/lasol\/disciplinas\/graduacao\/quimica-bacharelado\/","title":{"rendered":"Qu\u00edmica Bacharelado"},"content":{"rendered":"<p>Qu\u00edmica Geral e Experimental<\/p>\n<p>Ementa da disciplina:<\/p>\n<p><a href=\"https:\/\/wp.ufpel.edu.br\/lasol\/files\/2011\/06\/QGExperimental1500691.pdf\">QGExperimental150069<\/a><\/p>\n<p>___________________________________________<\/p>\n<p>An\u00e1lise Org\u00e2nica<\/p>\n<p>Ementa da disciplina:<\/p>\n<p><a href=\"https:\/\/wp.ufpel.edu.br\/lasol\/files\/2011\/06\/An\u00e1lise-Org\u00e2nica1700441.pdf\">An\u00e1lise-Org\u00e2nica170044<\/a><\/p>\n<p>___________________________________________<\/p>\n<p>Qu\u00edmica Org\u00e2nica I<\/p>\n<p>Ementa da disciplina:<\/p>\n<p><a href=\"https:\/\/wp.ufpel.edu.br\/lasol\/files\/2011\/06\/Qu\u00edmica-Org\u00e2nica-I-B1700401.pdf\">Qu\u00edmica-Org\u00e2nica-I-B170040<\/a><\/p>\n<p>___________________________________________<\/p>\n<p>Materiais Polim\u00e9ricos<\/p>\n<p>Ementa da disciplina:<\/p>\n<p><a href=\"https:\/\/wp.ufpel.edu.br\/lasol\/files\/2011\/06\/Mat.-Polim.150072.pdf\">Mat.-Polim.150072<\/a><\/p>\n<p>___________________________________________<\/p>\n<p>Qu\u00edmica Verde<\/p>\n<p>Ementa da disciplina:<\/p>\n<p><a href=\"https:\/\/wp.ufpel.edu.br\/lasol\/files\/2011\/06\/Q.-Verde1.pdf\">Q. Verde<\/a><\/p>\n<p>___________________________________________<\/p>\n","protected":false},"excerpt":{"rendered":"<p>Qu\u00edmica Geral e Experimental Ementa da disciplina: QGExperimental150069 ___________________________________________ An\u00e1lise Org\u00e2nica Ementa da disciplina: An\u00e1lise-Org\u00e2nica170044 ___________________________________________ Qu\u00edmica Org\u00e2nica I Ementa da disciplina: Qu\u00edmica-Org\u00e2nica-I-B170040 ___________________________________________ Materiais Polim\u00e9ricos Ementa da disciplina: Mat.-Polim.150072 ___________________________________________ Qu\u00edmica Verde Ementa da disciplina: Q. Verde ___________________________________________<\/p>\n","protected":false},"author":117,"featured_media":0,"parent":331,"menu_order":0,"comment_status":"closed","ping_status":"open","template":"","meta":{"footnotes":""},"class_list":["post-234","page","type-page","status-publish","hentry"],"jetpack_sharing_enabled":true,"_links":{"self":[{"href":"https:\/\/wp.ufpel.edu.br\/lasol\/wp-json\/wp\/v2\/pages\/234","targetHints":{"allow":["GET"]}}],"collection":[{"href":"https:\/\/wp.ufpel.edu.br\/lasol\/wp-json\/wp\/v2\/pages"}],"about":[{"href":"https:\/\/wp.ufpel.edu.br\/lasol\/wp-json\/wp\/v2\/types\/page"}],"author":[{"embeddable":true,"href":"https:\/\/wp.ufpel.edu.br\/lasol\/wp-json\/wp\/v2\/users\/117"}],"replies":[{"embeddable":true,"href":"https:\/\/wp.ufpel.edu.br\/lasol\/wp-json\/wp\/v2\/comments?post=234"}],"version-history":[{"count":11,"href":"https:\/\/wp.ufpel.edu.br\/lasol\/wp-json\/wp\/v2\/pages\/234\/revisions"}],"predecessor-version":[{"id":715,"href":"https:\/\/wp.ufpel.edu.br\/lasol\/wp-json\/wp\/v2\/pages\/234\/revisions\/715"}],"up":[{"embeddable":true,"href":"https:\/\/wp.ufpel.edu.br\/lasol\/wp-json\/wp\/v2\/pages\/331"}],"wp:attachment":[{"href":"https:\/\/wp.ufpel.edu.br\/lasol\/wp-json\/wp\/v2\/media?parent=234"}],"curies":[{"name":"wp","href":"https:\/\/api.w.org\/{rel}","templated":true}]}}