{"id":211,"date":"2011-06-13T10:52:54","date_gmt":"2011-06-13T13:52:54","guid":{"rendered":"https:\/\/wp.ufpel.edu.br\/lasol\/"},"modified":"2012-04-29T16:15:47","modified_gmt":"2012-04-29T16:15:47","slug":"lucielli-savegnago","status":"publish","type":"page","link":"https:\/\/wp.ufpel.edu.br\/lasol\/professores\/lucielli-savegnago\/","title":{"rendered":"Lucielli Savegnago"},"content":{"rendered":"<p><a href=\"https:\/\/wp.ufpel.edu.br\/lasol\/files\/2011\/06\/lucielli2.png\"><img class=\"alignnone size-thumbnail wp-image-433\" src=\"https:\/\/wp.ufpel.edu.br\/lasol\/files\/2011\/06\/lucielli2-150x150.png\" alt=\"\" width=\"150\" height=\"150\" \/><\/a><\/p>\n<p><a href=\"http:\/\/lattes.cnpq.br\/1480751214999787\" target=\"_blank\">Curr\u00edculo Lattes<\/a><\/p>\n<p style=\"text-align: justify\">possui gradua\u00e7\u00e3o em Farm\u00e1cia An\u00e1lises Cl\u00ednicas pela Universidade Federal de Santa Maria (2001), mestrado (2004), doutorado (2007) e P\u00f3s-Doutorado (2008) em Bioqu\u00edmica Toxicol\u00f3gica pela Universidade Federal de Santa Maria. Atualmente desenvolve atividades de Docente e Pesquisadora na Universidade Federal de Pelotas &#8211; UFPEL. Atua no Curso de Gradua\u00e7\u00e3o em Biotecnologia e nos Programas de P\u00f3s Gradua\u00e7\u00e3o em Biotecnologia e Qu\u00edmica da UFPel. Tem experi\u00eancia na \u00e1rea de Bioqu\u00edmica, Toxicologia e Farmacologia, atuando principalmente na pesquisa do mecanismo de a\u00e7\u00e3o de mol\u00e9culas bioativas com atividade antioxidante, antinociceptiva e antidepressiva.<\/p>\n","protected":false},"excerpt":{"rendered":"<p>Curr\u00edculo Lattes possui gradua\u00e7\u00e3o em Farm\u00e1cia An\u00e1lises Cl\u00ednicas pela Universidade Federal de Santa Maria (2001), mestrado (2004), doutorado (2007) e P\u00f3s-Doutorado (2008) em Bioqu\u00edmica Toxicol\u00f3gica pela Universidade Federal de Santa Maria. Atualmente desenvolve atividades de Docente e Pesquisadora na Universidade Federal de Pelotas &#8211; UFPEL. Atua no Curso de Gradua\u00e7\u00e3o em Biotecnologia e nos Programas [&hellip;]<\/p>\n","protected":false},"author":117,"featured_media":0,"parent":29,"menu_order":0,"comment_status":"closed","ping_status":"open","template":"","meta":{"footnotes":""},"class_list":["post-211","page","type-page","status-publish","hentry"],"jetpack_sharing_enabled":true,"_links":{"self":[{"href":"https:\/\/wp.ufpel.edu.br\/lasol\/wp-json\/wp\/v2\/pages\/211","targetHints":{"allow":["GET"]}}],"collection":[{"href":"https:\/\/wp.ufpel.edu.br\/lasol\/wp-json\/wp\/v2\/pages"}],"about":[{"href":"https:\/\/wp.ufpel.edu.br\/lasol\/wp-json\/wp\/v2\/types\/page"}],"author":[{"embeddable":true,"href":"https:\/\/wp.ufpel.edu.br\/lasol\/wp-json\/wp\/v2\/users\/117"}],"replies":[{"embeddable":true,"href":"https:\/\/wp.ufpel.edu.br\/lasol\/wp-json\/wp\/v2\/comments?post=211"}],"version-history":[{"count":12,"href":"https:\/\/wp.ufpel.edu.br\/lasol\/wp-json\/wp\/v2\/pages\/211\/revisions"}],"predecessor-version":[{"id":1077,"href":"https:\/\/wp.ufpel.edu.br\/lasol\/wp-json\/wp\/v2\/pages\/211\/revisions\/1077"}],"up":[{"embeddable":true,"href":"https:\/\/wp.ufpel.edu.br\/lasol\/wp-json\/wp\/v2\/pages\/29"}],"wp:attachment":[{"href":"https:\/\/wp.ufpel.edu.br\/lasol\/wp-json\/wp\/v2\/media?parent=211"}],"curies":[{"name":"wp","href":"https:\/\/api.w.org\/{rel}","templated":true}]}}