{"id":179,"date":"2011-06-13T10:15:48","date_gmt":"2011-06-13T13:15:48","guid":{"rendered":"https:\/\/wp.ufpel.edu.br\/lasol\/"},"modified":"2011-08-01T22:17:43","modified_gmt":"2011-08-02T01:17:43","slug":"gelson-perin","status":"publish","type":"page","link":"https:\/\/wp.ufpel.edu.br\/lasol\/professores\/gelson-perin\/","title":{"rendered":"Gelson Perin"},"content":{"rendered":"<p><a href=\"https:\/\/wp.ufpel.edu.br\/lasol\/files\/2011\/06\/perin.png\"><img class=\"alignnone size-thumbnail wp-image-312\" src=\"https:\/\/wp.ufpel.edu.br\/lasol\/files\/2011\/06\/perin-150x150.png\" alt=\"\" width=\"150\" height=\"150\" srcset=\"https:\/\/wp.ufpel.edu.br\/lasol\/files\/2011\/06\/perin-150x150.png 150w, https:\/\/wp.ufpel.edu.br\/lasol\/files\/2011\/06\/perin.png 281w\" sizes=\"(max-width: 150px) 100vw, 150px\" \/><\/a><\/p>\n<p><a href=\"http:\/\/lattes.cnpq.br\/5962449538872950\" target=\"_blank\">Curr\u00edculo Lattes<\/a><\/p>\n<p style=\"text-align: justify\">O professor Gelson Perin possui gradua\u00e7\u00e3o em Qu\u00edmica Industrial pela Universidade Federal de Santa Maria (1994), mestrado em Qu\u00edmica pela Universidade Federal de Santa Maria (1996) e doutorado em Qu\u00edmica pela Universidade Federal de Santa Maria (2000). Atualmente \u00e9 Professor adjunto\/DE da Universidade Federal de Pelotas. Tem experi\u00eancia na \u00e1rea de Qu\u00edmica, com \u00eanfase em Qu\u00edmica Org\u00e2nica. Atua principalmente, no desenvolvimento de novas metodologias sint\u00e9ticas utilizando suportes s\u00f3lidos recicl\u00e1veis, microondas e solventes recicl\u00e1veis para a obten\u00e7\u00e3o de organocalcog\u00eanios.<\/p>\n","protected":false},"excerpt":{"rendered":"<p>Curr\u00edculo Lattes O professor Gelson Perin possui gradua\u00e7\u00e3o em Qu\u00edmica Industrial pela Universidade Federal de Santa Maria (1994), mestrado em Qu\u00edmica pela Universidade Federal de Santa Maria (1996) e doutorado em Qu\u00edmica pela Universidade Federal de Santa Maria (2000). Atualmente \u00e9 Professor adjunto\/DE da Universidade Federal de Pelotas. Tem experi\u00eancia na \u00e1rea de Qu\u00edmica, com [&hellip;]<\/p>\n","protected":false},"author":117,"featured_media":0,"parent":29,"menu_order":0,"comment_status":"closed","ping_status":"open","template":"","meta":{"footnotes":""},"class_list":["post-179","page","type-page","status-publish","hentry"],"jetpack_sharing_enabled":true,"_links":{"self":[{"href":"https:\/\/wp.ufpel.edu.br\/lasol\/wp-json\/wp\/v2\/pages\/179","targetHints":{"allow":["GET"]}}],"collection":[{"href":"https:\/\/wp.ufpel.edu.br\/lasol\/wp-json\/wp\/v2\/pages"}],"about":[{"href":"https:\/\/wp.ufpel.edu.br\/lasol\/wp-json\/wp\/v2\/types\/page"}],"author":[{"embeddable":true,"href":"https:\/\/wp.ufpel.edu.br\/lasol\/wp-json\/wp\/v2\/users\/117"}],"replies":[{"embeddable":true,"href":"https:\/\/wp.ufpel.edu.br\/lasol\/wp-json\/wp\/v2\/comments?post=179"}],"version-history":[{"count":9,"href":"https:\/\/wp.ufpel.edu.br\/lasol\/wp-json\/wp\/v2\/pages\/179\/revisions"}],"predecessor-version":[{"id":226,"href":"https:\/\/wp.ufpel.edu.br\/lasol\/wp-json\/wp\/v2\/pages\/179\/revisions\/226"}],"up":[{"embeddable":true,"href":"https:\/\/wp.ufpel.edu.br\/lasol\/wp-json\/wp\/v2\/pages\/29"}],"wp:attachment":[{"href":"https:\/\/wp.ufpel.edu.br\/lasol\/wp-json\/wp\/v2\/media?parent=179"}],"curies":[{"name":"wp","href":"https:\/\/api.w.org\/{rel}","templated":true}]}}