{"id":1051,"date":"2013-09-12T12:58:22","date_gmt":"2013-09-12T15:58:22","guid":{"rendered":"https:\/\/wp.ufpel.edu.br\/lasol\/?page_id=1051"},"modified":"2013-09-16T11:32:57","modified_gmt":"2013-09-16T14:32:57","slug":"cristiane-luchese","status":"publish","type":"page","link":"https:\/\/wp.ufpel.edu.br\/lasol\/professores\/cristiane-luchese\/","title":{"rendered":"Cristiane Luchese"},"content":{"rendered":"<p><a href=\"http:\/\/lattes.cnpq.br\/3420684025232526\">Curr\u00edculo Lattes<\/a><\/p>\n<p style=\"text-align: justify\">Possui gradua\u00e7\u00e3o em Farm\u00e1cia pelo Centro Universit\u00e1rio Franciscano (UNIFRA) (2005), mestrado e doutorado em Ci\u00eancias Biol\u00f3gicas: Bioqu\u00edmica Toxicol\u00f3gica pela Universidade Federal de Santa Maria (2007, 2009). Atualmente desenvolve atividades de Docente na Universidade Federal de Pelotas &#8211; UFPel atuando no Curso de Gradua\u00e7\u00e3o em Farm\u00e1cia. Atua no Programa de P\u00f3s Gradua\u00e7\u00e3o em Nanoci\u00eancias da UNIFRA. Tem experi\u00eancia na \u00e1rea de Bioqu\u00edmica, Toxicologia e Farmacologia, atuando no estudo Toxicol\u00f3gico e\/ou Farmacol\u00f3gico de mol\u00e9culas.<\/p>\n","protected":false},"excerpt":{"rendered":"<p>Curr\u00edculo Lattes Possui gradua\u00e7\u00e3o em Farm\u00e1cia pelo Centro Universit\u00e1rio Franciscano (UNIFRA) (2005), mestrado e doutorado em Ci\u00eancias Biol\u00f3gicas: Bioqu\u00edmica Toxicol\u00f3gica pela Universidade Federal de Santa Maria (2007, 2009). Atualmente desenvolve atividades de Docente na Universidade Federal de Pelotas &#8211; UFPel atuando no Curso de Gradua\u00e7\u00e3o em Farm\u00e1cia. Atua no Programa de P\u00f3s Gradua\u00e7\u00e3o em Nanoci\u00eancias [&hellip;]<\/p>\n","protected":false},"author":117,"featured_media":0,"parent":29,"menu_order":0,"comment_status":"closed","ping_status":"open","template":"","meta":{"footnotes":""},"class_list":["post-1051","page","type-page","status-publish","hentry"],"jetpack_sharing_enabled":true,"_links":{"self":[{"href":"https:\/\/wp.ufpel.edu.br\/lasol\/wp-json\/wp\/v2\/pages\/1051","targetHints":{"allow":["GET"]}}],"collection":[{"href":"https:\/\/wp.ufpel.edu.br\/lasol\/wp-json\/wp\/v2\/pages"}],"about":[{"href":"https:\/\/wp.ufpel.edu.br\/lasol\/wp-json\/wp\/v2\/types\/page"}],"author":[{"embeddable":true,"href":"https:\/\/wp.ufpel.edu.br\/lasol\/wp-json\/wp\/v2\/users\/117"}],"replies":[{"embeddable":true,"href":"https:\/\/wp.ufpel.edu.br\/lasol\/wp-json\/wp\/v2\/comments?post=1051"}],"version-history":[{"count":4,"href":"https:\/\/wp.ufpel.edu.br\/lasol\/wp-json\/wp\/v2\/pages\/1051\/revisions"}],"predecessor-version":[{"id":1062,"href":"https:\/\/wp.ufpel.edu.br\/lasol\/wp-json\/wp\/v2\/pages\/1051\/revisions\/1062"}],"up":[{"embeddable":true,"href":"https:\/\/wp.ufpel.edu.br\/lasol\/wp-json\/wp\/v2\/pages\/29"}],"wp:attachment":[{"href":"https:\/\/wp.ufpel.edu.br\/lasol\/wp-json\/wp\/v2\/media?parent=1051"}],"curies":[{"name":"wp","href":"https:\/\/api.w.org\/{rel}","templated":true}]}}