{"id":1049,"date":"2013-09-12T12:58:00","date_gmt":"2013-09-12T15:58:00","guid":{"rendered":"https:\/\/wp.ufpel.edu.br\/lasol\/?page_id=1049"},"modified":"2013-09-23T13:05:55","modified_gmt":"2013-09-23T16:05:55","slug":"francine-novack-vitoria","status":"publish","type":"page","link":"https:\/\/wp.ufpel.edu.br\/lasol\/professores\/francine-novack-vitoria\/","title":{"rendered":"Francine Novack Vitoria"},"content":{"rendered":"<p><a href=\"http:\/\/lattes.cnpq.br\/2432677015938902\">Curr\u00edculo Lattes<\/a><\/p>\n<p style=\"text-align: justify\">Possui gradua\u00e7\u00e3o em Engenharia de Alimentos pela Universidade Federal do Rio Grande (2006), mestrado (2010) e doutorado em Ci\u00eancia e Tecnologia de Alimentos pela Universidade Federal de Pelotas (2013). Atualmente atua como docente no Centro de Ci\u00eancias Qu\u00edmicas Farmac\u00eauticas e de Alimentos, da Universidade Federal de Pelotas. Tem experi\u00eancia na \u00e1rea de estudo de compostos bioativos, \u00f3leos essenciais e compostos org\u00e2nicos de sel\u00eanio.<\/p>\n","protected":false},"excerpt":{"rendered":"<p>Curr\u00edculo Lattes Possui gradua\u00e7\u00e3o em Engenharia de Alimentos pela Universidade Federal do Rio Grande (2006), mestrado (2010) e doutorado em Ci\u00eancia e Tecnologia de Alimentos pela Universidade Federal de Pelotas (2013). Atualmente atua como docente no Centro de Ci\u00eancias Qu\u00edmicas Farmac\u00eauticas e de Alimentos, da Universidade Federal de Pelotas. Tem experi\u00eancia na \u00e1rea de estudo [&hellip;]<\/p>\n","protected":false},"author":117,"featured_media":0,"parent":29,"menu_order":0,"comment_status":"closed","ping_status":"open","template":"","meta":{"footnotes":""},"class_list":["post-1049","page","type-page","status-publish","hentry"],"jetpack_sharing_enabled":true,"_links":{"self":[{"href":"https:\/\/wp.ufpel.edu.br\/lasol\/wp-json\/wp\/v2\/pages\/1049","targetHints":{"allow":["GET"]}}],"collection":[{"href":"https:\/\/wp.ufpel.edu.br\/lasol\/wp-json\/wp\/v2\/pages"}],"about":[{"href":"https:\/\/wp.ufpel.edu.br\/lasol\/wp-json\/wp\/v2\/types\/page"}],"author":[{"embeddable":true,"href":"https:\/\/wp.ufpel.edu.br\/lasol\/wp-json\/wp\/v2\/users\/117"}],"replies":[{"embeddable":true,"href":"https:\/\/wp.ufpel.edu.br\/lasol\/wp-json\/wp\/v2\/comments?post=1049"}],"version-history":[{"count":5,"href":"https:\/\/wp.ufpel.edu.br\/lasol\/wp-json\/wp\/v2\/pages\/1049\/revisions"}],"predecessor-version":[{"id":1110,"href":"https:\/\/wp.ufpel.edu.br\/lasol\/wp-json\/wp\/v2\/pages\/1049\/revisions\/1110"}],"up":[{"embeddable":true,"href":"https:\/\/wp.ufpel.edu.br\/lasol\/wp-json\/wp\/v2\/pages\/29"}],"wp:attachment":[{"href":"https:\/\/wp.ufpel.edu.br\/lasol\/wp-json\/wp\/v2\/media?parent=1049"}],"curies":[{"name":"wp","href":"https:\/\/api.w.org\/{rel}","templated":true}]}}