{"id":18,"date":"2012-04-20T17:47:02","date_gmt":"2012-04-20T20:47:02","guid":{"rendered":"https:\/\/wp.ufpel.edu.br\/lasema\/?page_id=18"},"modified":"2023-11-09T10:17:10","modified_gmt":"2023-11-09T13:17:10","slug":"nossaequipe","status":"publish","type":"page","link":"https:\/\/wp.ufpel.edu.br\/lasema\/?page_id=18","title":{"rendered":"EQUIPE"},"content":{"rendered":"<p><span style=\"font-family: arial, helvetica, sans-serif; font-size: 10pt;\">Prof. Dr. Leonardo da Silva Oliveira (Coordenador)<\/span><\/p>\n<p><span style=\"font-family: arial, helvetica, sans-serif; font-size: 10pt;\">T\u00e9cnica de Laborat\u00f3rio Cintia Boldt Souza (Coordenadora Adjunta)<\/span><\/p>\n<p><span style=\"font-family: arial, helvetica, sans-serif; font-size: 10pt;\">Prof\u00aa. Dr\u00aa. Merielen de Carvalho Lopes<\/span><\/p>\n<p><span style=\"font-family: arial, helvetica, sans-serif; font-size: 10pt;\">Prof. M.Sc. Marcos Theodoro M\u00fcller<\/span><\/p>\n<p><span style=\"font-family: arial, helvetica, sans-serif; font-size: 10pt;\">Acad\u00eamico Felipe dos Santos Cardoso<\/span><\/p>\n<p><span style=\"font-family: arial, helvetica, sans-serif; font-size: 10pt;\">Acad\u00eamico Gabriel Antunez Braz<\/span><\/p>\n<p><span style=\"font-family: arial, helvetica, sans-serif; font-size: 10pt;\">Acad\u00eamica Kalline de Leon<\/span><\/p>\n<p><span style=\"font-family: arial, helvetica, sans-serif; font-size: 10pt;\">Acad\u00eamica Mayara de Oliveira Alves Branco<\/span><\/p>\n<p><span style=\"font-family: arial, helvetica, sans-serif; font-size: 10pt;\">Acad\u00eamico Matheus Rech<\/span><\/p>\n<p>&nbsp;<\/p>\n","protected":false},"excerpt":{"rendered":"<p>Prof. Dr. Leonardo da Silva Oliveira (Coordenador) T\u00e9cnica de Laborat\u00f3rio Cintia Boldt Souza (Coordenadora Adjunta) Prof\u00aa. Dr\u00aa. Merielen de Carvalho Lopes Prof. M.Sc. Marcos Theodoro M\u00fcller Acad\u00eamico Felipe dos Santos Cardoso Acad\u00eamico Gabriel Antunez Braz Acad\u00eamica Kalline de Leon Acad\u00eamica Mayara de Oliveira Alves Branco Acad\u00eamico Matheus Rech &nbsp;<\/p>\n","protected":false},"author":187,"featured_media":0,"parent":0,"menu_order":0,"comment_status":"closed","ping_status":"closed","template":"","meta":{"footnotes":""},"class_list":["post-18","page","type-page","status-publish","hentry","nodate","item-wrap"],"_links":{"self":[{"href":"https:\/\/wp.ufpel.edu.br\/lasema\/index.php?rest_route=\/wp\/v2\/pages\/18","targetHints":{"allow":["GET"]}}],"collection":[{"href":"https:\/\/wp.ufpel.edu.br\/lasema\/index.php?rest_route=\/wp\/v2\/pages"}],"about":[{"href":"https:\/\/wp.ufpel.edu.br\/lasema\/index.php?rest_route=\/wp\/v2\/types\/page"}],"author":[{"embeddable":true,"href":"https:\/\/wp.ufpel.edu.br\/lasema\/index.php?rest_route=\/wp\/v2\/users\/187"}],"replies":[{"embeddable":true,"href":"https:\/\/wp.ufpel.edu.br\/lasema\/index.php?rest_route=%2Fwp%2Fv2%2Fcomments&post=18"}],"version-history":[{"count":21,"href":"https:\/\/wp.ufpel.edu.br\/lasema\/index.php?rest_route=\/wp\/v2\/pages\/18\/revisions"}],"predecessor-version":[{"id":548,"href":"https:\/\/wp.ufpel.edu.br\/lasema\/index.php?rest_route=\/wp\/v2\/pages\/18\/revisions\/548"}],"wp:attachment":[{"href":"https:\/\/wp.ufpel.edu.br\/lasema\/index.php?rest_route=%2Fwp%2Fv2%2Fmedia&parent=18"}],"curies":[{"name":"wp","href":"https:\/\/api.w.org\/{rel}","templated":true}]}}