{"id":169,"date":"2012-12-04T10:47:58","date_gmt":"2012-12-04T12:47:58","guid":{"rendered":"https:\/\/wp.ufpel.edu.br\/lasema\/?page_id=169"},"modified":"2021-05-11T20:36:57","modified_gmt":"2021-05-11T23:36:57","slug":"projetos-2","status":"publish","type":"page","link":"https:\/\/wp.ufpel.edu.br\/lasema\/?page_id=169","title":{"rendered":"PROJETOS"},"content":{"rendered":"<p><strong>Projeto de Pesquisa: Secagem da Madeira de Esp\u00e9cies de R\u00e1pido Crescimento\u00a0 Cultivadas no Rio Grande do Sul<\/strong><\/p>\n<p><strong>Objetivo Geral:<\/strong><\/p>\n<p>Avaliar a secagem da madeira de esp\u00e9cies de r\u00e1pido crescimento, cultivadas no Estado do Rio Grande do Sul.<\/p>\n<p><strong>Objetivos Espec\u00edficos:<\/strong><\/p>\n<ul>\n<li>\u00a0Analisar o desempenho da secagem natural (ao ar livre) e artificial (estufa el\u00e9trica, estufa a v\u00e1cuo e micro-ondas) de madeiras;<\/li>\n<li>Elaborar as curvas de secagem para as esp\u00e9cies estudada;<\/li>\n<li>\u00a0Determinar as taxas de secagem das madeiras;<\/li>\n<li>Avaliar a qualidade da madeira submetida ao processo de secagem, a partir da incid\u00eancia de defeitos de secagem;<\/li>\n<li>Avaliar a influ\u00eancia da secagem na retratibilidade das madeiras estudadas.<\/li>\n<\/ul>\n<p>&nbsp;<\/p>\n<p><strong>Projeto de Extens\u00e3o: Informes T\u00e9cnicos sobre Secagem da Madeira:<\/strong><\/p>\n<p>Objetivo do presente projeto \u00e9 difundir conhecimentos t\u00e9cnicos e cient\u00edficos sobre secagem da madeira gerados no meio acad\u00eamico para o setor produtivo, a partir da elabora\u00e7\u00e3o e divulga\u00e7\u00e3o de informes e podcasts t\u00e9cnicos.<\/p>\n","protected":false},"excerpt":{"rendered":"<p>Projeto de Pesquisa: Secagem da Madeira de Esp\u00e9cies de R\u00e1pido Crescimento\u00a0 Cultivadas no Rio Grande do Sul Objetivo Geral: Avaliar a secagem da madeira de esp\u00e9cies de r\u00e1pido crescimento, cultivadas no Estado do Rio Grande do Sul. Objetivos Espec\u00edficos: \u00a0Analisar o desempenho da secagem natural (ao ar livre) e artificial (estufa el\u00e9trica, estufa a v\u00e1cuo &hellip; <\/p>\n<p><a class=\"more-link btn\" href=\"https:\/\/wp.ufpel.edu.br\/lasema\/?page_id=169\">Continue lendo<\/a><\/p>\n","protected":false},"author":187,"featured_media":0,"parent":0,"menu_order":0,"comment_status":"closed","ping_status":"closed","template":"","meta":{"footnotes":""},"class_list":["post-169","page","type-page","status-publish","hentry","nodate","item-wrap"],"_links":{"self":[{"href":"https:\/\/wp.ufpel.edu.br\/lasema\/index.php?rest_route=\/wp\/v2\/pages\/169","targetHints":{"allow":["GET"]}}],"collection":[{"href":"https:\/\/wp.ufpel.edu.br\/lasema\/index.php?rest_route=\/wp\/v2\/pages"}],"about":[{"href":"https:\/\/wp.ufpel.edu.br\/lasema\/index.php?rest_route=\/wp\/v2\/types\/page"}],"author":[{"embeddable":true,"href":"https:\/\/wp.ufpel.edu.br\/lasema\/index.php?rest_route=\/wp\/v2\/users\/187"}],"replies":[{"embeddable":true,"href":"https:\/\/wp.ufpel.edu.br\/lasema\/index.php?rest_route=%2Fwp%2Fv2%2Fcomments&post=169"}],"version-history":[{"count":6,"href":"https:\/\/wp.ufpel.edu.br\/lasema\/index.php?rest_route=\/wp\/v2\/pages\/169\/revisions"}],"predecessor-version":[{"id":508,"href":"https:\/\/wp.ufpel.edu.br\/lasema\/index.php?rest_route=\/wp\/v2\/pages\/169\/revisions\/508"}],"wp:attachment":[{"href":"https:\/\/wp.ufpel.edu.br\/lasema\/index.php?rest_route=%2Fwp%2Fv2%2Fmedia&parent=169"}],"curies":[{"name":"wp","href":"https:\/\/api.w.org\/{rel}","templated":true}]}}