{"id":24,"date":"2018-03-06T16:55:45","date_gmt":"2018-03-06T19:55:45","guid":{"rendered":"https:\/\/wp.ufpel.edu.br\/larissa\/?page_id=24"},"modified":"2025-10-09T10:11:08","modified_gmt":"2025-10-09T13:11:08","slug":"pesquisa","status":"publish","type":"page","link":"https:\/\/wp.ufpel.edu.br\/larissa\/pesquisa\/","title":{"rendered":"Pesquisa"},"content":{"rendered":"<p><strong>Grupo<\/strong><\/p>\n<p><a href=\"https:\/\/wp.ufpel.edu.br\/gaspln\/\">https:\/\/wp.ufpel.edu.br\/gaspln\/<\/a><\/p>\n<p>&nbsp;<\/p>\n<p><strong>Projetos\u00a0<\/strong><\/p>\n<p><a href=\"https:\/\/institucional.ufpel.edu.br\/servidores\/id\/166434\">https:\/\/institucional.ufpel.edu.br\/servidores\/id\/166434<\/a><\/p>\n<p>&nbsp;<\/p>\n<p><strong>Publica\u00e7\u00f5es<\/strong><\/p>\n<p><a href=\"https:\/\/scholar.google.com.br\/citations?user=qyE5M94AAAAJ&amp;hl\">Google Scholar\u00a0<\/a><\/p>\n<p><a href=\"https:\/\/www.researchgate.net\/profile\/Larissa_Freitas2\">Research Gate<\/a><\/p>\n<p><a href=\"https:\/\/dblp.uni-trier.de\/pers\/hd\/f\/Freitas:Larissa_A=_de\">DBLP<\/a><\/p>\n<p><a href=\"https:\/\/orcid.org\/0000-0001-7708-4116\">Orcid iD<\/a><\/p>\n<p><a href=\"http:\/\/lattes.cnpq.br\/3941460073542194\">Curr\u00edculo Lattes<\/a><\/p>\n<p>&nbsp;<\/p>\n<p><strong>TCCs\u00a0<\/strong><\/p>\n<p>2025\/1 &#8211; An\u00e1lise de Sentimento Baseada em Aspectos Utilizando Modelos Baseados na Arquitetura Transformer &#8211; Franco Noronha Pereira (Co orienta\u00e7\u00e3o)<\/p>\n<p>2025\/1 &#8211; Expandindo um Framework de An\u00e1lise de Sentimento em Portugu\u00eas para o N\u00edvel de Aspecto &#8211; Alejandro Tomas Reyes Alberoni (Co orienta\u00e7\u00e3o)<\/p>\n<p>2025\/1 &#8211; <a href=\"https:\/\/github.com\/gabrielheifel\/ocr-ner-certificates\">Classifica\u00e7\u00e3o e An\u00e1lise de Certificados Acad\u00eamicos com OCR e Reconhecimento de Entidades Nomeadas Aplicados<\/a> &#8211; Gabriel Silveira Heifel<\/p>\n<p>2025\/1 &#8211; An\u00e1lise da Efici\u00eancia do Aprendizado Profundo na Detec\u00e7\u00e3o de Discurso de \u00d3dio em L\u00edngua Portuguesa: Um Estudo de Modelos e Conjuntos de Dados &#8211; F\u00e9lix Leonel Vasconcelos da Silva<\/p>\n<p>2025\/1 &#8211; <a href=\"https:\/\/github.com\/aleciocardozo\/doccano\">Expans\u00e3o de uma Ferramenta de Anota\u00e7\u00e3o para An\u00e1lise de Sentimentos<\/a> &#8211; Al\u00e9cio dos Santos Cardozo<\/p>\n<p>2024\/2 &#8211; Desenvolvimento de uma Ferramenta para Classifica\u00e7\u00e3o de Sentimentos em Textos de Redes Sociais &#8211; Diulia Justin Deon (Co orienta\u00e7\u00e3o)<\/p>\n<p>2024\/2 &#8211; Cataloga\u00e7\u00e3o e An\u00e1lise dos Recursos de Sarcasmo e Ironia Dispon\u00edveis na Literatura &#8211; Ricardo Coutinho (Co orienta\u00e7\u00e3o)<\/p>\n<p>2024\/1 &#8211;\u00a0 <a href=\"https:\/\/github.com\/RodrigoBC96\/ProgBot\">ProgBot: um agente conversacional voltado ao ensino de programa\u00e7\u00e3o<\/a> &#8211; Rodrigo Barbosa Carvalho<\/p>\n<p>2024\/1 &#8211; Gera\u00e7\u00e3o Autom\u00e1tica de Perguntas para a L\u00edngua Portuguesa &#8211; J\u00falia da Rocha Junqueira (Co orienta\u00e7\u00e3o)<\/p>\n<p>2024\/1 &#8211; Estudo e An\u00e1lise de Ferramentas de Reconhecimento de Fala para a L\u00edngua Portuguesa aplicado a um Rob\u00f4 de Servi\u00e7o &#8211; Ra\u00edssa Nunes Coelho<\/p>\n<p>2023\/2 &#8211; <a href=\"https:\/\/github.com\/GuilhermeRamison\/tcc\">Explorando o <em>Fine-Tuning<\/em> de Modelos T5 e Albertina para Gerar Perguntas e Avaliar suas Respostas<\/a> &#8211; Guilherme Ramison<\/p>\n<p>2023\/2 &#8211;<a href=\"https:\/\/github.com\/RafaDuarts\/TCC_Chatterbot_Java\"> Desenvolvimento de um chatterbot que ensina conceitos de Orienta\u00e7\u00e3o a Objetos na Linguagem de Programa\u00e7\u00e3o Java<\/a> &#8211; Rafael Duarte dos Santos<\/p>\n<p>2023\/2 &#8211;<a href=\"https:\/\/github.com\/renanlemons\/tcc-cbot\"> Um chatterbot para o aux\u00edlio do ensino de conceitos b\u00e1sicos de programa\u00e7\u00e3o em C<\/a> &#8211; Renan Marcili Lemons<\/p>\n<p>2023\/2 &#8211; Explorac\u0327a\u0303o de estrate\u0301gias baseadas em intelige\u0302ncia artificial para gerac\u0327a\u0303o de imagens a partir de textos de narrativas extraordina\u0301rias &#8211; Frederico Dal Soglio Reckziegel (Co orienta\u00e7\u00e3o)<\/p>\n<p>2023\/2 &#8211; <a href=\"https:\/\/github.com\/cesarmartins1245\/Data-Augmentation-in-Portuguese-Language-Fake-News-Detection-Task\"><em>Data Augmentation<\/em> na Tarefa de Detec\u00e7\u00e3o de <em>Fake News<\/em> na L\u00edngua Portuguesa<\/a> &#8211; Cesar Augusto Vitoria Martins Junior (Co orienta\u00e7\u00e3o)<\/p>\n<p>2023\/2 &#8211; <a href=\"https:\/\/github.com\/Rodrigo-Rezende\/Data-Augmentation-in-the-Sarcasm-and-Irony-Detection-Task-in-the-Portuguese-Language\"><em>Data Augmentation<\/em> na Tarefa de Detec\u00e7\u00e3o de Sarcasmo e Ironia na L\u00edngua Portuguesa<\/a> &#8211; Rodrigo Mendes Rezende (Co orienta\u00e7\u00e3o)<\/p>\n<p>2023\/1 &#8211; <a href=\"https:\/\/github.com\/carloscalage\/tcc\">Chatbot de perguntas e respostas para o regulamento interno da UFPel utilizando ChatGPT e busca sem\u00e2ntica<\/a> &#8211; Carlos Augusto Calage Silveira J\u00fanior<\/p>\n<p>2023\/1 &#8211; <a href=\"https:\/\/github.com\/lldsouzadev\/BookReviewsASBA\">An\u00e1lise de Sentimento no N\u00edvel de Aspecto Aplicado a Reviews de Livros<\/a> &#8211; Leandro Luiz de Souza<\/p>\n<p>2023\/1 &#8211; <a href=\"https:\/\/github.com\/pedromasi\/Chatbot\">Chatbot de ensino sobre conceitos da linguagem de programa\u00e7\u00e3o C com \u00eanfase em algoritmos de IA<\/a> &#8211; Pedro Machado da Silva<\/p>\n<p>2022\/2 &#8211; Predi\u00e7\u00e3o de julgamento de adicionais de periculosidade utilizando aprendizado de m\u00e1quina supervisionado &#8211; Ger\u00f4nimo Gallarreta Zubiaurre Lemos (Co orienta\u00e7\u00e3o)<\/p>\n<p>2022\/2 &#8211; <a href=\"https:\/\/github.com\/arthurcerveira\/gilBERTo-Language-Model\">gilBERTo: um Modelo de Linguagem para a L\u00edngua Portuguesa<\/a> &#8211; Arthur Alves Cerveira (Co orienta\u00e7\u00e3o)<\/p>\n<p>2022\/2 &#8211; An\u00e1lise de T\u00e9cnicas de Intelig\u00eancia Artificial para a Tarefa de Similaridade Sem\u00e2ntica Textual em Portugu\u00eas &#8211; \u00c9merson Philippe Lopes<\/p>\n<p>2022\/2 &#8211; <a href=\"https:\/\/github.com\/weesley\/Framework-Sentiment-Analysis-to-Portuguese\">Expans\u00e3o de um Framework de An\u00e1lise de Sentimento em Portugu\u00eas utilizando T\u00e9cnicas de Aprendizado Profundo<\/a> &#8211; Wesley Costa Silveira<\/p>\n<p>2022\/2 &#8211; <a href=\"https:\/\/github.com\/saraivas\/HTML-bot\">Chatterbot para Auxiliar no Aprendizado de Linguagem de Marca\u00e7\u00e3o de Hipertexto<\/a>\u00a0&#8211; Felipe Saraiva Santos<\/p>\n<p>2022\/1 &#8211; Aplica\u00e7\u00e3o de Redes Neurais em Grafos com foco para An\u00e1lise de Sentimento em N\u00edvel de Aspecto &#8211; Gabriel Gomes (Co orienta\u00e7\u00e3o)<\/p>\n<p>2022\/1 &#8211; <a href=\"https:\/\/github.com\/daradsl\/aryabot\">AryaBot: Um Chatbot para Auxiliar Discentes dos cursos de Computa\u00e7\u00e3o da UFPel<\/a> &#8211; Dara dos Santos Lima<\/p>\n<p>2022\/1 &#8211; <a href=\"https:\/\/github.com\/joaocpvaz\/tcc2_repository_joao\">Compara\u00e7\u00e3o dos modelos BERT Multilingual e BERTimbau aplicados na tarefa de responder a perguntas<\/a> &#8211; Jo\u00e3o Vitor Vaz<\/p>\n<p>2022\/1 &#8211; An\u00e1lise dos resultados do modelo BERTimbau ajustado para a tarefa de An\u00e1lise de Sentimentos baseada em Aspectos &#8211; Guilherme Xavier<\/p>\n<p>2021\/2 &#8211;\u00a0 <a href=\"https:\/\/github.com\/jessoares\/Chatbot\">C-bot: um chatterbot para o ensino de programa\u00e7\u00e3o<\/a> &#8211; Jo\u00e3o Eduardo Seffrin Soares<\/p>\n<p>2021\/2 &#8211; Comparando abordagens baseadas em pistas lingu\u00edsticas e BERT na Detec\u00e7\u00e3o de conte\u00fado enganoso em l\u00edngua portuguesa &#8211; Rodrigo Ferreira Rodrigues<\/p>\n<p>2021\/1 &#8211;\u00a0 <a href=\"https:\/\/github.com\/skileh\/Kaggle_NLP_with_Disaster_Tweets\">Desenvolvimento de um Aplicativo para Classificar Sentimentos de Tweets em Tempos de Pandemia<\/a> &#8211; Heliks Mota Mersenburg<\/p>\n<p>2020\/2 &#8211;\u00a0 An\u00e1lise dos resultados do modelo BERTimbau ajustado para a tarefa de Reconhecimento de Entidades Nomeadas &#8211; Mateus Brugnaroto<\/p>\n<p>2020\/2 &#8211; <a href=\"https:\/\/github.com\/mksantos2\/undergrad-thesis-project\">Uma Abordagem para Enriquecer de Forma Semi-Autom\u00e1tica Ontologias de Dom\u00ednio em Portugu\u00eas Utilizando Word Embedding e Deep Learning<\/a> &#8211; Moniele Kunrath Santos<\/p>\n<p>2020\/1 &#8211;\u00a0 <a href=\"https:\/\/github.com\/gabselbach\/TCC-implementacoes\">Acentua F\u00e1cil: Sistema de Aux\u00edlio \u00e0 Acentua\u00e7\u00e3o do Portugu\u00eas Brasileiro<\/a> &#8211; Gabriella Selbach Staniecki<\/p>\n<p>2020\/1 &#8211;\u00a0\u00a0<a href=\"https:\/\/github.com\/pm-ribeiro\/icfo\">Ferramenta para identifica\u00e7\u00e3o e categoriza\u00e7\u00e3o de erros fonol\u00f3gicos em textos de crian\u00e7as do ensino fundamental<\/a> &#8211; Patr\u00edcia Moreno Ribeiro<\/p>\n<p>2020\/1 &#8211;\u00a0 Expans\u00e3o de um Framework de An\u00e1lise de Sentimento em Portugu\u00eas utilizando T\u00e9cnicas de Aprendizado de M\u00e1quina &#8211; Laerte dos Santos Cardozo<\/p>\n<p>2019\/2 &#8211;\u00a0 <a href=\"https:\/\/github.com\/FelipeTrinhain\/Framework-for-Sentiment-Analysis-in-Brazilian-Portuguese\">Framework para Ana\u0301lise de Sentimentos em Ni\u0301vel de Documento para o Portugue\u0302s<\/a> &#8211; Felipe T. Palermo<\/p>\n<p>2019\/1 &#8211; <a href=\"https:\/\/github.com\/erickm32\/handwritten_texts_dataset\">Desenvolvimento de um sistema de reconhecimento de textos escritos a\u0300 ma\u0303o por crianc\u0327as do ensino fundamental<\/a> &#8211; E\u0301rick F. Moreira<\/p>\n<p>2018\/2 &#8211; <a href=\"https:\/\/github.com\/mikaelllll\/Word-Embedding-Setor-Hoteleiro\">Ana\u0301lise do uso de Word Embedding para enriquecer Ontologia de Domi\u0301nio<\/a> &#8211; Mikael Poetsch<\/p>\n","protected":false},"excerpt":{"rendered":"<p>Grupo https:\/\/wp.ufpel.edu.br\/gaspln\/ &nbsp; Projetos\u00a0 https:\/\/institucional.ufpel.edu.br\/servidores\/id\/166434 &nbsp; Publica\u00e7\u00f5es Google Scholar\u00a0 Research Gate DBLP Orcid iD Curr\u00edculo Lattes &nbsp; TCCs\u00a0 2025\/1 &#8211; An\u00e1lise de Sentimento Baseada em Aspectos Utilizando&hellip; <span class=\"read-more\"><a class=\"more-link\" href=\"https:\/\/wp.ufpel.edu.br\/larissa\/pesquisa\/\" rel=\"bookmark\">Leia Mais <span class=\"screen-reader-text\">&#8220;Pesquisa&#8221;<\/span><\/a><\/span><\/p>\n","protected":false},"author":825,"featured_media":0,"parent":0,"menu_order":0,"comment_status":"closed","ping_status":"closed","template":"","meta":{"footnotes":""},"class_list":["post-24","page","type-page","status-publish","hentry"],"_links":{"self":[{"href":"https:\/\/wp.ufpel.edu.br\/larissa\/wp-json\/wp\/v2\/pages\/24","targetHints":{"allow":["GET"]}}],"collection":[{"href":"https:\/\/wp.ufpel.edu.br\/larissa\/wp-json\/wp\/v2\/pages"}],"about":[{"href":"https:\/\/wp.ufpel.edu.br\/larissa\/wp-json\/wp\/v2\/types\/page"}],"author":[{"embeddable":true,"href":"https:\/\/wp.ufpel.edu.br\/larissa\/wp-json\/wp\/v2\/users\/825"}],"replies":[{"embeddable":true,"href":"https:\/\/wp.ufpel.edu.br\/larissa\/wp-json\/wp\/v2\/comments?post=24"}],"version-history":[{"count":3,"href":"https:\/\/wp.ufpel.edu.br\/larissa\/wp-json\/wp\/v2\/pages\/24\/revisions"}],"predecessor-version":[{"id":163,"href":"https:\/\/wp.ufpel.edu.br\/larissa\/wp-json\/wp\/v2\/pages\/24\/revisions\/163"}],"wp:attachment":[{"href":"https:\/\/wp.ufpel.edu.br\/larissa\/wp-json\/wp\/v2\/media?parent=24"}],"curies":[{"name":"wp","href":"https:\/\/api.w.org\/{rel}","templated":true}]}}