{"id":19,"date":"2018-03-06T16:57:15","date_gmt":"2018-03-06T19:57:15","guid":{"rendered":"https:\/\/wp.ufpel.edu.br\/larissa\/?page_id=19"},"modified":"2025-10-07T11:31:31","modified_gmt":"2025-10-07T14:31:31","slug":"ensino","status":"publish","type":"page","link":"https:\/\/wp.ufpel.edu.br\/larissa\/ensino\/","title":{"rendered":"Ensino"},"content":{"rendered":"<p><strong>Disciplinas<\/strong><\/p>\n<ul>\n<li>Sistemas Discretos<\/li>\n<li>L\u00f3gica para Computa\u00e7\u00e3o<\/li>\n<li>C\u00e1lculo Num\u00e9rico Computacional<\/li>\n<li>Processamento da L\u00edngua Natural<\/li>\n<li>Web Sem\u00e2ntica e Ontologias<\/li>\n<li><a href=\"https:\/\/wp.ufpel.edu.br\/notcc\/\">Trabalho de Conclus\u00e3o de Curso<\/a><\/li>\n<\/ul>\n","protected":false},"excerpt":{"rendered":"<p>Disciplinas Sistemas Discretos L\u00f3gica para Computa\u00e7\u00e3o C\u00e1lculo Num\u00e9rico Computacional Processamento da L\u00edngua Natural Web Sem\u00e2ntica e Ontologias Trabalho de Conclus\u00e3o de Curso<\/p>\n","protected":false},"author":825,"featured_media":0,"parent":0,"menu_order":0,"comment_status":"closed","ping_status":"closed","template":"","meta":{"footnotes":""},"class_list":["post-19","page","type-page","status-publish","hentry"],"_links":{"self":[{"href":"https:\/\/wp.ufpel.edu.br\/larissa\/wp-json\/wp\/v2\/pages\/19","targetHints":{"allow":["GET"]}}],"collection":[{"href":"https:\/\/wp.ufpel.edu.br\/larissa\/wp-json\/wp\/v2\/pages"}],"about":[{"href":"https:\/\/wp.ufpel.edu.br\/larissa\/wp-json\/wp\/v2\/types\/page"}],"author":[{"embeddable":true,"href":"https:\/\/wp.ufpel.edu.br\/larissa\/wp-json\/wp\/v2\/users\/825"}],"replies":[{"embeddable":true,"href":"https:\/\/wp.ufpel.edu.br\/larissa\/wp-json\/wp\/v2\/comments?post=19"}],"version-history":[{"count":4,"href":"https:\/\/wp.ufpel.edu.br\/larissa\/wp-json\/wp\/v2\/pages\/19\/revisions"}],"predecessor-version":[{"id":161,"href":"https:\/\/wp.ufpel.edu.br\/larissa\/wp-json\/wp\/v2\/pages\/19\/revisions\/161"}],"wp:attachment":[{"href":"https:\/\/wp.ufpel.edu.br\/larissa\/wp-json\/wp\/v2\/media?parent=19"}],"curies":[{"name":"wp","href":"https:\/\/api.w.org\/{rel}","templated":true}]}}