{"id":61,"date":"2022-05-10T18:19:58","date_gmt":"2022-05-10T21:19:58","guid":{"rendered":"https:\/\/wp.ufpel.edu.br\/lapso\/?page_id=61"},"modified":"2023-09-29T19:51:20","modified_gmt":"2023-09-29T22:51:20","slug":"producoes-lapsianas","status":"publish","type":"page","link":"https:\/\/wp.ufpel.edu.br\/lapso\/producoes-lapsianas\/","title":{"rendered":"Produ\u00e7\u00f5es Lapsianas"},"content":{"rendered":"<h3><\/h3>\n<h3><a href=\"https:\/\/wp.ufpel.edu.br\/lapso\/outros\/\">Artigos<\/a><\/h3>\n<h3><a href=\"https:\/\/wp.ufpel.edu.br\/lapso\/capitulos-de-livros\/\">Cap\u00edtulos de Livros<\/a><\/h3>\n<h3><a href=\"https:\/\/wp.ufpel.edu.br\/lapso\/dissertacoes-de-mestrado\/\">Disserta\u00e7\u00f5es de Mestrado<\/a><\/h3>\n<h3><a href=\"https:\/\/wp.ufpel.edu.br\/lapso\/estagios\/\">Est\u00e1gios<\/a><\/h3>\n<h3><a href=\"https:\/\/wp.ufpel.edu.br\/lapso\/livros\/\">Livros<\/a><\/h3>\n<h3><a href=\"https:\/\/wp.ufpel.edu.br\/lapso\/finalizados\/\">Projetos Finalizados<\/a><\/h3>\n<h3><a href=\"https:\/\/wp.ufpel.edu.br\/lapso\/?page_id=801&amp;preview=true\">Teses de Doutorado<\/a><\/h3>\n<h3><a href=\"https:\/\/wp.ufpel.edu.br\/lapso\/teoricos\/\">TCC<\/a><\/h3>\n<p>&nbsp;<\/p>\n<h3><\/h3>\n<p>&nbsp;<\/p>\n<p>&nbsp;<\/p>\n","protected":false},"excerpt":{"rendered":"<p>Artigos Cap\u00edtulos de Livros Disserta\u00e7\u00f5es de Mestrado Est\u00e1gios Livros Projetos Finalizados Teses de Doutorado TCC &nbsp; &nbsp; &nbsp;<\/p>\n","protected":false},"author":1195,"featured_media":0,"parent":0,"menu_order":0,"comment_status":"closed","ping_status":"closed","template":"","meta":{"footnotes":""},"class_list":["post-61","page","type-page","status-publish","hentry","post"],"jetpack_sharing_enabled":true,"_links":{"self":[{"href":"https:\/\/wp.ufpel.edu.br\/lapso\/wp-json\/wp\/v2\/pages\/61","targetHints":{"allow":["GET"]}}],"collection":[{"href":"https:\/\/wp.ufpel.edu.br\/lapso\/wp-json\/wp\/v2\/pages"}],"about":[{"href":"https:\/\/wp.ufpel.edu.br\/lapso\/wp-json\/wp\/v2\/types\/page"}],"author":[{"embeddable":true,"href":"https:\/\/wp.ufpel.edu.br\/lapso\/wp-json\/wp\/v2\/users\/1195"}],"replies":[{"embeddable":true,"href":"https:\/\/wp.ufpel.edu.br\/lapso\/wp-json\/wp\/v2\/comments?post=61"}],"version-history":[{"count":12,"href":"https:\/\/wp.ufpel.edu.br\/lapso\/wp-json\/wp\/v2\/pages\/61\/revisions"}],"predecessor-version":[{"id":805,"href":"https:\/\/wp.ufpel.edu.br\/lapso\/wp-json\/wp\/v2\/pages\/61\/revisions\/805"}],"wp:attachment":[{"href":"https:\/\/wp.ufpel.edu.br\/lapso\/wp-json\/wp\/v2\/media?parent=61"}],"curies":[{"name":"wp","href":"https:\/\/api.w.org\/{rel}","templated":true}]}}