{"id":593,"date":"2023-03-30T15:34:04","date_gmt":"2023-03-30T18:34:04","guid":{"rendered":"https:\/\/wp.ufpel.edu.br\/lapso\/?page_id=593"},"modified":"2023-04-20T15:12:41","modified_gmt":"2023-04-20T18:12:41","slug":"siiepe","status":"publish","type":"page","link":"https:\/\/wp.ufpel.edu.br\/lapso\/siiepe\/","title":{"rendered":"SIIEPE"},"content":{"rendered":"<p><img decoding=\"async\" class=\"n3VNCb pT0Scc KAlRDb aligncenter\" role=\"\" src=\"https:\/\/wp.ufpel.edu.br\/siiepe\/files\/2018\/11\/favicon196.png\" alt=\"9\u00aa SIIEPE | Semana Integrada de Inova\u00e7\u00e3o, Ensino, Pesquisa e Extens\u00e3o \u2013 UFPel\" aria-label=\"\" data-noaft=\"1\" \/><\/p>\n<p>&nbsp;<\/p>\n<h2>7\u00ba SIIEPE<\/h2>\n<h4>VII Congresso de Ensino de Gradua\u00e7\u00e3o UFPEL:<\/h4>\n<p><a href=\"https:\/\/cti.ufpel.edu.br\/siepe\/arquivos\/2021\/G4_02052.pdf\">O que pode uma monitoria virtual na disciplina de Psicologia Social?<\/a><\/p>\n<p><span dir=\"ltr\" style=\"color: #000000;\" role=\"presentation\">RENATA AZEVEDO PERES<\/span><\/p>\n<p><iframe loading=\"lazy\" title=\"VII SIIEPE - UFPEL - RENATA AZEVEDO PERES\" width=\"720\" height=\"405\" src=\"https:\/\/www.youtube.com\/embed\/nh-fhtHcjz8?start=3&#038;feature=oembed\" frameborder=\"0\" allow=\"accelerometer; autoplay; clipboard-write; encrypted-media; gyroscope; picture-in-picture; web-share\" allowfullscreen><\/iframe><\/p>\n<h2>6\u00ba SIIEPE<\/h2>\n<h4>VII Congresso de Extens\u00e3o e Cultura UFPEL:<\/h4>\n<p><a href=\"https:\/\/wp.ufpel.edu.br\/congressoextensao\/files\/2020\/12\/Tema-1.pdf\">O Que Pode a Psicologia Social em meio a Pandemia do Coronav\u00edrus<\/a><\/p>\n<p><span dir=\"ltr\" role=\"presentation\">RENATA AZEVEDO PERES<\/span><\/p>\n<p>&nbsp;<\/p>\n<h2>4\u00ba SIIEPE<\/h2>\n<p><strong>XXVII Congresso de Inicia\u00e7\u00e3o Cient\u00edfica UFPEL:<\/strong><\/p>\n<p><a href=\"https:\/\/cti.ufpel.edu.br\/siepe\/arquivos\/2018\/CH_00791.pdf\">Como Algu\u00e9m se torna aquilo que \u00e9? Sobre a no\u00e7\u00e3o de Subjetividade na Filosofia da Diferen\u00e7a<\/a><\/p>\n<p><span dir=\"ltr\" role=\"presentation\">RENATA AZEVEDO PERES<\/span><\/p>\n","protected":false},"excerpt":{"rendered":"<p>&nbsp; 7\u00ba SIIEPE VII Congresso de Ensino de Gradua\u00e7\u00e3o UFPEL: O que pode uma monitoria virtual na disciplina de Psicologia Social? RENATA AZEVEDO PERES 6\u00ba SIIEPE VII Congresso de Extens\u00e3o e Cultura UFPEL: O Que Pode a Psicologia Social em meio a Pandemia do Coronav\u00edrus RENATA AZEVEDO PERES &nbsp; 4\u00ba SIIEPE XXVII Congresso de Inicia\u00e7\u00e3o [&hellip;]<\/p>\n","protected":false},"author":1195,"featured_media":0,"parent":0,"menu_order":0,"comment_status":"closed","ping_status":"closed","template":"","meta":{"footnotes":""},"class_list":["post-593","page","type-page","status-publish","hentry","post"],"jetpack_sharing_enabled":true,"_links":{"self":[{"href":"https:\/\/wp.ufpel.edu.br\/lapso\/wp-json\/wp\/v2\/pages\/593","targetHints":{"allow":["GET"]}}],"collection":[{"href":"https:\/\/wp.ufpel.edu.br\/lapso\/wp-json\/wp\/v2\/pages"}],"about":[{"href":"https:\/\/wp.ufpel.edu.br\/lapso\/wp-json\/wp\/v2\/types\/page"}],"author":[{"embeddable":true,"href":"https:\/\/wp.ufpel.edu.br\/lapso\/wp-json\/wp\/v2\/users\/1195"}],"replies":[{"embeddable":true,"href":"https:\/\/wp.ufpel.edu.br\/lapso\/wp-json\/wp\/v2\/comments?post=593"}],"version-history":[{"count":6,"href":"https:\/\/wp.ufpel.edu.br\/lapso\/wp-json\/wp\/v2\/pages\/593\/revisions"}],"predecessor-version":[{"id":639,"href":"https:\/\/wp.ufpel.edu.br\/lapso\/wp-json\/wp\/v2\/pages\/593\/revisions\/639"}],"wp:attachment":[{"href":"https:\/\/wp.ufpel.edu.br\/lapso\/wp-json\/wp\/v2\/media?parent=593"}],"curies":[{"name":"wp","href":"https:\/\/api.w.org\/{rel}","templated":true}]}}