{"id":28,"date":"2021-11-09T20:04:04","date_gmt":"2021-11-09T23:04:04","guid":{"rendered":"https:\/\/wp.ufpel.edu.br\/lapso\/?page_id=28"},"modified":"2022-07-17T10:32:05","modified_gmt":"2022-07-17T13:32:05","slug":"biblioteca","status":"publish","type":"page","link":"https:\/\/wp.ufpel.edu.br\/lapso\/biblioteca\/","title":{"rendered":"Acervo"},"content":{"rendered":"<h3><a href=\"https:\/\/wp.ufpel.edu.br\/lapso\/producoes-lapsianas\/\">Produ\u00e7\u00f5es Lapsianas<\/a><\/h3>\n<h3><a href=\"https:\/\/wp.ufpel.edu.br\/lapso\/indicacoes-de-leitura\/\">Indica\u00e7\u00f5es de Leitura<\/a><\/h3>\n<p>&nbsp;<\/p>\n","protected":false},"excerpt":{"rendered":"<p>Produ\u00e7\u00f5es Lapsianas Indica\u00e7\u00f5es de Leitura &nbsp;<\/p>\n","protected":false},"author":1195,"featured_media":0,"parent":0,"menu_order":0,"comment_status":"closed","ping_status":"closed","template":"","meta":{"footnotes":""},"class_list":["post-28","page","type-page","status-publish","hentry","post"],"jetpack_sharing_enabled":true,"_links":{"self":[{"href":"https:\/\/wp.ufpel.edu.br\/lapso\/wp-json\/wp\/v2\/pages\/28","targetHints":{"allow":["GET"]}}],"collection":[{"href":"https:\/\/wp.ufpel.edu.br\/lapso\/wp-json\/wp\/v2\/pages"}],"about":[{"href":"https:\/\/wp.ufpel.edu.br\/lapso\/wp-json\/wp\/v2\/types\/page"}],"author":[{"embeddable":true,"href":"https:\/\/wp.ufpel.edu.br\/lapso\/wp-json\/wp\/v2\/users\/1195"}],"replies":[{"embeddable":true,"href":"https:\/\/wp.ufpel.edu.br\/lapso\/wp-json\/wp\/v2\/comments?post=28"}],"version-history":[{"count":4,"href":"https:\/\/wp.ufpel.edu.br\/lapso\/wp-json\/wp\/v2\/pages\/28\/revisions"}],"predecessor-version":[{"id":334,"href":"https:\/\/wp.ufpel.edu.br\/lapso\/wp-json\/wp\/v2\/pages\/28\/revisions\/334"}],"wp:attachment":[{"href":"https:\/\/wp.ufpel.edu.br\/lapso\/wp-json\/wp\/v2\/media?parent=28"}],"curies":[{"name":"wp","href":"https:\/\/api.w.org\/{rel}","templated":true}]}}