{"id":1610,"date":"2026-03-17T16:41:52","date_gmt":"2026-03-17T19:41:52","guid":{"rendered":"https:\/\/wp.ufpel.edu.br\/lapso\/?page_id=1610"},"modified":"2026-03-17T16:41:52","modified_gmt":"2026-03-17T19:41:52","slug":"cartografia-visual-amor-negado","status":"publish","type":"page","link":"https:\/\/wp.ufpel.edu.br\/lapso\/cartografia-visual-amor-negado\/","title":{"rendered":"Cartografia Visual &#8211; Amor Negado"},"content":{"rendered":"<p>Performance com a Associa\u00e7\u00e3o dos Usu\u00e1rios dos Servi\u00e7os de Sa\u00fade Mental (AUSSMPE) de Pelotas\/RS<\/p>\n<p><iframe loading=\"lazy\" title=\"Cartografia Visual - Amor negado\" width=\"720\" height=\"405\" src=\"https:\/\/www.youtube.com\/embed\/zMifJc-mjW4?feature=oembed\" frameborder=\"0\" allow=\"accelerometer; autoplay; clipboard-write; encrypted-media; gyroscope; picture-in-picture; web-share\" referrerpolicy=\"strict-origin-when-cross-origin\" allowfullscreen><\/iframe><\/p>\n","protected":false},"excerpt":{"rendered":"<p>Performance com a Associa\u00e7\u00e3o dos Usu\u00e1rios dos Servi\u00e7os de Sa\u00fade Mental (AUSSMPE) de Pelotas\/RS<\/p>\n","protected":false},"author":1195,"featured_media":0,"parent":0,"menu_order":0,"comment_status":"closed","ping_status":"closed","template":"","meta":{"footnotes":""},"class_list":["post-1610","page","type-page","status-publish","hentry","post"],"jetpack_sharing_enabled":true,"_links":{"self":[{"href":"https:\/\/wp.ufpel.edu.br\/lapso\/wp-json\/wp\/v2\/pages\/1610","targetHints":{"allow":["GET"]}}],"collection":[{"href":"https:\/\/wp.ufpel.edu.br\/lapso\/wp-json\/wp\/v2\/pages"}],"about":[{"href":"https:\/\/wp.ufpel.edu.br\/lapso\/wp-json\/wp\/v2\/types\/page"}],"author":[{"embeddable":true,"href":"https:\/\/wp.ufpel.edu.br\/lapso\/wp-json\/wp\/v2\/users\/1195"}],"replies":[{"embeddable":true,"href":"https:\/\/wp.ufpel.edu.br\/lapso\/wp-json\/wp\/v2\/comments?post=1610"}],"version-history":[{"count":1,"href":"https:\/\/wp.ufpel.edu.br\/lapso\/wp-json\/wp\/v2\/pages\/1610\/revisions"}],"predecessor-version":[{"id":1611,"href":"https:\/\/wp.ufpel.edu.br\/lapso\/wp-json\/wp\/v2\/pages\/1610\/revisions\/1611"}],"wp:attachment":[{"href":"https:\/\/wp.ufpel.edu.br\/lapso\/wp-json\/wp\/v2\/media?parent=1610"}],"curies":[{"name":"wp","href":"https:\/\/api.w.org\/{rel}","templated":true}]}}