{"id":1607,"date":"2026-03-11T15:11:57","date_gmt":"2026-03-11T18:11:57","guid":{"rendered":"https:\/\/wp.ufpel.edu.br\/lapso\/?page_id=1607"},"modified":"2026-03-11T15:11:57","modified_gmt":"2026-03-11T18:11:57","slug":"roteiro-performance-memoria-corrente","status":"publish","type":"page","link":"https:\/\/wp.ufpel.edu.br\/lapso\/roteiro-performance-memoria-corrente\/","title":{"rendered":"Roteiro &#8211; Performance Mem\u00f3ria Corrente"},"content":{"rendered":"<p>Sess\u00e3o de sociodrama dirigida por Giulia Bergantini Waldemarin<\/p>\n<p><strong>Etapas a serem realizadas<\/strong><br \/>\n0 &#8211; Peixes<br \/>\n1 &#8211; Apresenta\u00e7\u00e3o da atividade<br \/>\n2 &#8211; Aquecimento<br \/>\n3 &#8211; Dramatiza\u00e7\u00e3o<br \/>\n4 &#8211; Compartilhamento<\/p>\n<p><strong>1 &#8211; Apresenta\u00e7\u00e3o da atividade<\/strong><br \/>\n\u201cBem-vindos a esta atividade!\u201d Explicar brevemente sobre Jacob Moreno e que iremos dramatizar alguma cena.<br \/>\nExplicar presen\u00e7a dos peixes<\/p>\n<p><strong>2 &#8211; Aquecimento<\/strong><br \/>\na) Alongamento<br \/>\nb) Andar pela sala, se acostumar com o ambiente. Olhar nos olhos das pessoas. Quando o prato da bateria for forte, alternar as instru\u00e7\u00f5es entre procurar algu\u00e9m para bater as palmas, soltar uma risada for\u00e7ada, um choro for\u00e7ado, (etc) dar pulinhos..<br \/>\nc) M\u00fasica: Onda Onda (olha a onda)<br \/>\nVoltamos para o c\u00edrculo. Pega-corrente: \u201calgu\u00e9m conhece e gostaria de explicar?\u201d Come\u00e7a como o pega-pega tradicional, com um pegador que tentar\u00e1 pegar algu\u00e9m. Em vez de passar para outra pessoa, ao pegar algu\u00e9m essas pessoas dar\u00e3o as m\u00e3os, e continuar\u00e3o a tentar pegar as outras pessoas. Cada pessoa que for encostada com as m\u00e3os ir\u00e1 dar as m\u00e3os com quem j\u00e1 estava de m\u00e3os dadas, formando uma corrente. Ao final da atividade, sobrar\u00e1 apenas uma pessoa, que tamb\u00e9m dever\u00e1 ser pega. Tentarei manter a corrente, para que ao final sejamos um c\u00edrculo.<br \/>\n<em>pausa para beber \u00e1gua<\/em><br \/>\nd) N\u00f3 humano: Atividade Desatando o N\u00f3<br \/>\nPessoas ficam em c\u00edrculo e pe\u00e7o para elas lembrarem quem est\u00e1 na direita e quem est\u00e1 na esquerda. Depois, elas andam aleatoriamente e pe\u00e7o para pararem. Devem dar as m\u00e3os para as mesmas pessoas que estavam \u00e0 sua direita\/esquerda, e tentar voltar para a posi\u00e7\u00e3o original do c\u00edrculo. (AT\u00c9 25 PESSOAS)<br \/>\n<em>ALTERNATIVA:<\/em> coelhinho sai da toca:<br \/>\nPessoas formam trios, duas delas formam a \u201ctoca\u201d dando as m\u00e3os, e a outra \u00e9 o coelhinho. Quando der o sinal, os \u201ccoelhinhos\u201d devem trocar de \u201ctoca\u201d, n\u00e3o podendo voltar para a que j\u00e1 estavam.<br \/>\nAo mesmo tempo, ter\u00e1 o ca\u00e7ador, que deve tentar pegar os coelhinhos quando eles estiverem trocando de toca. Caso sejam pegos, os coelhinhos tamb\u00e9m viram ca\u00e7ador.<br \/>\n<em>ALTERNATIVA FINAL<\/em> (se der errado o outro testando): zap\/zum<br \/>\ne) M\u00fasica: great fairy fountain<br \/>\nEm c\u00edrculo. Din\u00e2mica do sonho bom (mem\u00f3ria alegre) e pesadelo (mem\u00f3ria triste).<br \/>\nEm algum momento ser\u00e1 pedido que as pessoas invertam quem elas escolheram para representar as mem\u00f3rias.<br \/>\n\u201cAgora, vamos relaxar um pouco, chacoalhar os bra\u00e7os, as pernas. Acalmar o corpo. Agora que estamos em c\u00edrculo, vamos olhar para as pessoas que est\u00e3o aqui, nos olhos de cada um. Vamos respirar profundamente, expirar. Mais uma vez. Vamos tentar pensar um pouco nas nossas mem\u00f3rias. Todos temos mem\u00f3rias que consideramos mais alegres, de um momento que gostar\u00edamos que se repetisse, e mem\u00f3rias tristes, que gostar\u00edamos de manter longe. Voc\u00eas conseguem pensar em mem\u00f3rias que representem isso? Vamos escolher uma pessoa da roda para ser essa mem\u00f3ria alegre, e outra para ser a mem\u00f3ria triste. Mas ningu\u00e9m pode saber quem escolhemos para ser quem. Ent\u00e3o, vamos tentar nos aproximar da mem\u00f3ria alegre, e rodear essa pessoa, enquanto fugimos de quem \u00e9 a mem\u00f3ria triste. Mas, novamente, de tal forma que ningu\u00e9m perceba quem foi escolhido, sem fazer movimentos \u00f3bvios. Vamos l\u00e1?\u201d<br \/>\nPedir para as pessoas irem desacelerando, e pedir para encontrarem um lugar para ficar.<\/p>\n<p><strong>3 &#8211; Dramatiza\u00e7\u00e3o<\/strong><br \/>\nTexto de evoca\u00e7\u00e3o:<br \/>\nNossas <strong>mem\u00f3rias<\/strong> s\u00e3o como \u00e1gua, <strong>_ fluem<\/strong> por nosso corpo. __ Lembramos de um <strong>passeio<\/strong> que fizemos, de um <strong>momento feliz<\/strong>, de um <strong>filme<\/strong> que vimos, _ e essas mem\u00f3rias logo <strong>passam<\/strong> para<strong> outras<\/strong> virem <strong>em seu lugar.<\/strong>__ Mem\u00f3rias s\u00e3o <strong>sucessivas<\/strong>,__ <strong>passam<\/strong> por n\u00f3s \u00e0s vezes com a<strong> rapidez<\/strong> de uma flecha, _ com a delicadeza de uma pena. _<br \/>\nA mem\u00f3ria <strong>vem<\/strong>, e logo <strong>vai<\/strong>, formando um <strong>fluxo<\/strong> que se assemelha a um rio que percorre nosso corpo <strong>inteiro<\/strong>, _ do <strong>topo<\/strong> da cabe\u00e7a \u00e0 <strong>ponta<\/strong> do p\u00e9. _ O <strong>ouvido<\/strong> lembra da voz de quem <strong>amamos<\/strong>, _ <strong>vemos<\/strong> algo que nos <strong>lembra<\/strong> de uma hist\u00f3ria <strong>engra\u00e7ada<\/strong>, _ os dedos se lembram da textura dos pelos de seu cachorro. __<br \/>\nNo entanto, _ \u00e0s vezes as mem\u00f3rias nos <strong>atravessam<\/strong>, com a <strong>for\u00e7a atordoante<\/strong> de um <strong>vendaval.<\/strong> ___ <strong>Diferente<\/strong> das mem\u00f3rias que <strong>apenas v\u00e3o<\/strong>, sem se prender, _ essas <strong>outras<\/strong> mem\u00f3rias<strong> ficam<\/strong>, mesmo que queiramos que<strong> sumam.<\/strong> ___ <strong>Quando v\u00eam, n\u00e3o<\/strong> deixam outra mem\u00f3ria passar. __ Essas mem\u00f3rias <strong>co\u00e1gulos atravancam<\/strong> o fluxo, _ <strong>permanecendo<\/strong> no fundo de nossa mente ao serem <strong>lembradas.<\/strong> __<br \/>\nElas nos marcam nos <strong>ombros ca\u00eddos<\/strong>. _ Na <strong>falta de vontade<\/strong> de conversar. _ Essas mem\u00f3rias <strong>estagna\u00e7\u00e3o<\/strong> nos <strong>acompanham,<\/strong> mesmo que queiramos que se <strong>afastem<\/strong>. __ \u00c0s vezes as sentimos na <strong>dor<\/strong> em nosso peito ao nos lembrarmos de algu\u00e9m que <strong>partiu<\/strong>. _ Outras vezes, na <strong>garganta<\/strong>, ao pensar numa <strong>briga<\/strong> ou num choro.<br \/>\nS\u00e3o como mem\u00f3rias <strong>perfurantes<\/strong>, _ se <strong>aprofundando<\/strong> em nossa pele <strong>sem<\/strong> nos soltar, __ como mem\u00f3rias <strong>perman\u00eancia<\/strong> _ que n\u00e3o deixam outra mem\u00f3ria tomar seu lugar. __<br \/>\nVoc\u00ea j\u00e1 se <strong>sentiu<\/strong> dessa forma? ____ Que algumas mem\u00f3rias te <strong>prendem<\/strong> de tal forma que <strong>n\u00e3o<\/strong> consegue se <strong>desvencilhar<\/strong>? ____ J\u00e1 sentiu que alguma mem\u00f3ria foi t\u00e3o <strong>impactante<\/strong>, que te <strong>consumiu<\/strong> por dentro?___ Que <strong>mem\u00f3ria<\/strong> foi essa? ____ Que mem\u00f3ria voc\u00ea <strong>gostaria<\/strong> que tivesse maior <strong>tranquilidade<\/strong> ao lembrar?<br \/>\nInstruir quem tiver pensado na mem\u00f3ria a se levantar e andar pela sala.<br \/>\nQuando todos tiverem se levantado instruir a procurarem algu\u00e9m a quem gostaria de contar a hist\u00f3ria. Sentarem de forma espa\u00e7ada. Quando duplas forem montadas, entregar os peixes e explicar seu funcionamento (colocar onde sente que a mem\u00f3ria est\u00e1 no corpo). Ap\u00f3s contarem a hist\u00f3ria para a outra pessoa da dupla, instruir a misturar as mem\u00f3rias. Juntar duplas em quartetos para que contem a hist\u00f3ria misturada, e que misturem novamente as duas hist\u00f3rias em uma.<br \/>\nInstruir a pensar em que cena representaria isso. Dividir pap\u00e9is, e explicar que ir\u00e3o apresentar para os outros.<br \/>\nInstruir a escolherem m\u00fasica.<br \/>\nApresenta\u00e7\u00f5es<br \/>\nDar um minuto para pensarem a hist\u00f3ria e dividirem os pap\u00e9is dando um final alternativo, em que essa mem\u00f3ria n\u00e3o \u00e9 mais algo que obstrua.<\/p>\n<p><strong>4 &#8211; Compartilhamento<\/strong><br \/>\nAgradecer pelo envolvimento das pessoas na atividade. Instruir que agora abre-se um espa\u00e7o para conversarmos sobre as mem\u00f3rias originais, o que sentiu durante a dramatiza\u00e7\u00e3o. Perguntar como se sentiram.<br \/>\n30 minutos<\/p>\n","protected":false},"excerpt":{"rendered":"<p>Sess\u00e3o de sociodrama dirigida por Giulia Bergantini Waldemarin Etapas a serem realizadas 0 &#8211; Peixes 1 &#8211; Apresenta\u00e7\u00e3o da atividade 2 &#8211; Aquecimento 3 &#8211; Dramatiza\u00e7\u00e3o 4 &#8211; Compartilhamento 1 &#8211; Apresenta\u00e7\u00e3o da atividade \u201cBem-vindos a esta atividade!\u201d Explicar brevemente sobre Jacob Moreno e que iremos dramatizar alguma cena. Explicar presen\u00e7a dos peixes 2 &#8211; [&hellip;]<\/p>\n","protected":false},"author":1195,"featured_media":0,"parent":0,"menu_order":0,"comment_status":"closed","ping_status":"closed","template":"","meta":{"footnotes":""},"class_list":["post-1607","page","type-page","status-publish","hentry","post"],"jetpack_sharing_enabled":true,"_links":{"self":[{"href":"https:\/\/wp.ufpel.edu.br\/lapso\/wp-json\/wp\/v2\/pages\/1607","targetHints":{"allow":["GET"]}}],"collection":[{"href":"https:\/\/wp.ufpel.edu.br\/lapso\/wp-json\/wp\/v2\/pages"}],"about":[{"href":"https:\/\/wp.ufpel.edu.br\/lapso\/wp-json\/wp\/v2\/types\/page"}],"author":[{"embeddable":true,"href":"https:\/\/wp.ufpel.edu.br\/lapso\/wp-json\/wp\/v2\/users\/1195"}],"replies":[{"embeddable":true,"href":"https:\/\/wp.ufpel.edu.br\/lapso\/wp-json\/wp\/v2\/comments?post=1607"}],"version-history":[{"count":1,"href":"https:\/\/wp.ufpel.edu.br\/lapso\/wp-json\/wp\/v2\/pages\/1607\/revisions"}],"predecessor-version":[{"id":1608,"href":"https:\/\/wp.ufpel.edu.br\/lapso\/wp-json\/wp\/v2\/pages\/1607\/revisions\/1608"}],"wp:attachment":[{"href":"https:\/\/wp.ufpel.edu.br\/lapso\/wp-json\/wp\/v2\/media?parent=1607"}],"curies":[{"name":"wp","href":"https:\/\/api.w.org\/{rel}","templated":true}]}}