{"id":1553,"date":"2025-10-27T17:46:25","date_gmt":"2025-10-27T20:46:25","guid":{"rendered":"https:\/\/wp.ufpel.edu.br\/lapso\/?page_id=1553"},"modified":"2025-10-27T17:46:25","modified_gmt":"2025-10-27T20:46:25","slug":"narrativas-saudades","status":"publish","type":"page","link":"https:\/\/wp.ufpel.edu.br\/lapso\/narrativas-saudades\/","title":{"rendered":"Narrativas &#8220;Saudades&#8221;"},"content":{"rendered":"<p>&#8220;A oficina \u201cSaudades\u201d foi uma viv\u00eancia profundamente sens\u00edvel e transformadora. Em cada olhar, palavra e sil\u00eancio, percebi que somos muito parecidos em nossas buscas por amor, pertencimento e por um lugar onde a dor possa descansar.\u00a0Foi um encontro de partilha e reconhecimento, em que cada um abriu com delicadeza sua mochilinha invis\u00edvel de lembran\u00e7as e afetos. Sa\u00ed de l\u00e1 com o cora\u00e7\u00e3o leve e a alma abra\u00e7ada. Agrade\u00e7o de cora\u00e7\u00e3o pela condu\u00e7\u00e3o sens\u00edvel, pela escuta e por todo o cuidado com o grupo.\u00a0Estendo tamb\u00e9m minha gratid\u00e3o \u00e0 dire\u00e7\u00e3o e \u00e0 equipe do LAPSO, que tornaram poss\u00edvel um momento t\u00e3o simb\u00f3lico e cheio de sentido.&#8221;<\/p>\n<div dir=\"auto\">Com carinho e gratid\u00e3o, <strong><em>Amanda Barros<\/em><\/strong><\/div>\n","protected":false},"excerpt":{"rendered":"<p>&#8220;A oficina \u201cSaudades\u201d foi uma viv\u00eancia profundamente sens\u00edvel e transformadora. Em cada olhar, palavra e sil\u00eancio, percebi que somos muito parecidos em nossas buscas por amor, pertencimento e por um lugar onde a dor possa descansar.\u00a0Foi um encontro de partilha e reconhecimento, em que cada um abriu com delicadeza sua mochilinha invis\u00edvel de lembran\u00e7as e [&hellip;]<\/p>\n","protected":false},"author":1195,"featured_media":0,"parent":0,"menu_order":0,"comment_status":"closed","ping_status":"closed","template":"","meta":{"footnotes":""},"class_list":["post-1553","page","type-page","status-publish","hentry","post"],"jetpack_sharing_enabled":true,"_links":{"self":[{"href":"https:\/\/wp.ufpel.edu.br\/lapso\/wp-json\/wp\/v2\/pages\/1553","targetHints":{"allow":["GET"]}}],"collection":[{"href":"https:\/\/wp.ufpel.edu.br\/lapso\/wp-json\/wp\/v2\/pages"}],"about":[{"href":"https:\/\/wp.ufpel.edu.br\/lapso\/wp-json\/wp\/v2\/types\/page"}],"author":[{"embeddable":true,"href":"https:\/\/wp.ufpel.edu.br\/lapso\/wp-json\/wp\/v2\/users\/1195"}],"replies":[{"embeddable":true,"href":"https:\/\/wp.ufpel.edu.br\/lapso\/wp-json\/wp\/v2\/comments?post=1553"}],"version-history":[{"count":1,"href":"https:\/\/wp.ufpel.edu.br\/lapso\/wp-json\/wp\/v2\/pages\/1553\/revisions"}],"predecessor-version":[{"id":1554,"href":"https:\/\/wp.ufpel.edu.br\/lapso\/wp-json\/wp\/v2\/pages\/1553\/revisions\/1554"}],"wp:attachment":[{"href":"https:\/\/wp.ufpel.edu.br\/lapso\/wp-json\/wp\/v2\/media?parent=1553"}],"curies":[{"name":"wp","href":"https:\/\/api.w.org\/{rel}","templated":true}]}}