{"id":1510,"date":"2025-09-08T12:05:33","date_gmt":"2025-09-08T15:05:33","guid":{"rendered":"https:\/\/wp.ufpel.edu.br\/lapso\/?page_id=1510"},"modified":"2025-09-09T09:37:23","modified_gmt":"2025-09-09T12:37:23","slug":"encerramento-dionisiaco","status":"publish","type":"page","link":"https:\/\/wp.ufpel.edu.br\/lapso\/encerramento-dionisiaco\/","title":{"rendered":"Encerramento Dionis\u00edaco"},"content":{"rendered":"<p data-pm-slice=\"1 1 []\">No \u00faltimo semestre, realizamos um encerramento dionis\u00edaco, marcado por m\u00fasica, partilha e brincadeiras. Reunidos em torno da fogueira, tivemos um momento de conviv\u00eancia que celebrou os v\u00ednculos constru\u00eddos ao longo do semestre.<\/p>\n<p>Sob as estrelas, entre conversas, risos e brincadeiras, fomos inundados por uma pausa revigorante, um respiro ap\u00f3s o frenesi, um lembrete de que o tempo \u00e9 muito e a vida abundante. Foi uma oportunidade de celebrar o ciclo que se encerra e abrir espa\u00e7o para o pr\u00f3ximo semestre, que chega cheio de novas aprendizagens, possibilidades e companheirismo.<\/p>\n<h4>Registros do Encerramento Dionis\u00edaco do primeiro semestre de 2025<\/h4>\n<p><img loading=\"lazy\" decoding=\"async\" class=\"size-medium wp-image-1512 alignleft\" src=\"https:\/\/wp.ufpel.edu.br\/lapso\/files\/2025\/09\/WhatsApp-Image-2025-08-18-at-00.12.39-300x400.jpeg\" alt=\"\" width=\"300\" height=\"400\" srcset=\"https:\/\/wp.ufpel.edu.br\/lapso\/files\/2025\/09\/WhatsApp-Image-2025-08-18-at-00.12.39-300x400.jpeg 300w, https:\/\/wp.ufpel.edu.br\/lapso\/files\/2025\/09\/WhatsApp-Image-2025-08-18-at-00.12.39-768x1024.jpeg 768w, https:\/\/wp.ufpel.edu.br\/lapso\/files\/2025\/09\/WhatsApp-Image-2025-08-18-at-00.12.39-1152x1536.jpeg 1152w, https:\/\/wp.ufpel.edu.br\/lapso\/files\/2025\/09\/WhatsApp-Image-2025-08-18-at-00.12.39.jpeg 1200w\" sizes=\"auto, (max-width: 300px) 100vw, 300px\" \/><\/p>\n<p><img loading=\"lazy\" decoding=\"async\" class=\"size-medium wp-image-1511 alignleft\" src=\"https:\/\/wp.ufpel.edu.br\/lapso\/files\/2025\/09\/WhatsApp-Image-2025-08-18-at-00.12.43-300x400.jpeg\" alt=\"\" width=\"300\" height=\"400\" srcset=\"https:\/\/wp.ufpel.edu.br\/lapso\/files\/2025\/09\/WhatsApp-Image-2025-08-18-at-00.12.43-300x400.jpeg 300w, https:\/\/wp.ufpel.edu.br\/lapso\/files\/2025\/09\/WhatsApp-Image-2025-08-18-at-00.12.43-768x1024.jpeg 768w, https:\/\/wp.ufpel.edu.br\/lapso\/files\/2025\/09\/WhatsApp-Image-2025-08-18-at-00.12.43-1152x1536.jpeg 1152w, https:\/\/wp.ufpel.edu.br\/lapso\/files\/2025\/09\/WhatsApp-Image-2025-08-18-at-00.12.43.jpeg 1200w\" sizes=\"auto, (max-width: 300px) 100vw, 300px\" \/><\/p>\n<p>&nbsp;<\/p>\n<p>&nbsp;<\/p>\n<p>&nbsp;<\/p>\n<p>&nbsp;<\/p>\n<p>&nbsp;<\/p>\n<p>&nbsp;<\/p>\n<p>&nbsp;<\/p>\n<p>&nbsp;<\/p>\n<p>&nbsp;<\/p>\n<p>&nbsp;<\/p>\n<p>&nbsp;<\/p>\n<p><img loading=\"lazy\" decoding=\"async\" class=\"size-medium wp-image-1518 alignleft\" src=\"https:\/\/wp.ufpel.edu.br\/lapso\/files\/2025\/09\/WhatsApp-Image-2025-08-18-at-00.12.33-300x400.jpeg\" alt=\"\" width=\"300\" height=\"400\" srcset=\"https:\/\/wp.ufpel.edu.br\/lapso\/files\/2025\/09\/WhatsApp-Image-2025-08-18-at-00.12.33-300x400.jpeg 300w, https:\/\/wp.ufpel.edu.br\/lapso\/files\/2025\/09\/WhatsApp-Image-2025-08-18-at-00.12.33-768x1024.jpeg 768w, https:\/\/wp.ufpel.edu.br\/lapso\/files\/2025\/09\/WhatsApp-Image-2025-08-18-at-00.12.33-1152x1536.jpeg 1152w, https:\/\/wp.ufpel.edu.br\/lapso\/files\/2025\/09\/WhatsApp-Image-2025-08-18-at-00.12.33.jpeg 1200w\" sizes=\"auto, (max-width: 300px) 100vw, 300px\" \/><img loading=\"lazy\" decoding=\"async\" class=\"alignnone size-medium wp-image-1513\" src=\"https:\/\/wp.ufpel.edu.br\/lapso\/files\/2025\/09\/WhatsApp-Image-2025-08-18-at-00.12.31-300x400.jpeg\" alt=\"\" width=\"300\" height=\"400\" srcset=\"https:\/\/wp.ufpel.edu.br\/lapso\/files\/2025\/09\/WhatsApp-Image-2025-08-18-at-00.12.31-300x400.jpeg 300w, https:\/\/wp.ufpel.edu.br\/lapso\/files\/2025\/09\/WhatsApp-Image-2025-08-18-at-00.12.31-768x1024.jpeg 768w, https:\/\/wp.ufpel.edu.br\/lapso\/files\/2025\/09\/WhatsApp-Image-2025-08-18-at-00.12.31-1152x1536.jpeg 1152w, https:\/\/wp.ufpel.edu.br\/lapso\/files\/2025\/09\/WhatsApp-Image-2025-08-18-at-00.12.31.jpeg 1200w\" sizes=\"auto, (max-width: 300px) 100vw, 300px\" \/><\/p>\n<p><img loading=\"lazy\" decoding=\"async\" class=\"alignnone wp-image-1515\" src=\"https:\/\/wp.ufpel.edu.br\/lapso\/files\/2025\/09\/17082025-YYZ09267-Aprimorado-NR-400x267.jpg\" alt=\"\" width=\"465\" height=\"311\" srcset=\"https:\/\/wp.ufpel.edu.br\/lapso\/files\/2025\/09\/17082025-YYZ09267-Aprimorado-NR-400x267.jpg 400w, https:\/\/wp.ufpel.edu.br\/lapso\/files\/2025\/09\/17082025-YYZ09267-Aprimorado-NR-1024x683.jpg 1024w, https:\/\/wp.ufpel.edu.br\/lapso\/files\/2025\/09\/17082025-YYZ09267-Aprimorado-NR-768x512.jpg 768w, https:\/\/wp.ufpel.edu.br\/lapso\/files\/2025\/09\/17082025-YYZ09267-Aprimorado-NR-1536x1024.jpg 1536w, https:\/\/wp.ufpel.edu.br\/lapso\/files\/2025\/09\/17082025-YYZ09267-Aprimorado-NR-2048x1365.jpg 2048w, https:\/\/wp.ufpel.edu.br\/lapso\/files\/2025\/09\/17082025-YYZ09267-Aprimorado-NR-272x182.jpg 272w\" sizes=\"auto, (max-width: 465px) 100vw, 465px\" \/> <img loading=\"lazy\" decoding=\"async\" class=\"alignnone wp-image-1514\" src=\"https:\/\/wp.ufpel.edu.br\/lapso\/files\/2025\/09\/17082025-YYZ09285-400x267.jpg\" alt=\"\" width=\"476\" height=\"318\" srcset=\"https:\/\/wp.ufpel.edu.br\/lapso\/files\/2025\/09\/17082025-YYZ09285-400x267.jpg 400w, https:\/\/wp.ufpel.edu.br\/lapso\/files\/2025\/09\/17082025-YYZ09285-1024x683.jpg 1024w, https:\/\/wp.ufpel.edu.br\/lapso\/files\/2025\/09\/17082025-YYZ09285-768x512.jpg 768w, https:\/\/wp.ufpel.edu.br\/lapso\/files\/2025\/09\/17082025-YYZ09285-1536x1024.jpg 1536w, https:\/\/wp.ufpel.edu.br\/lapso\/files\/2025\/09\/17082025-YYZ09285-2048x1365.jpg 2048w, https:\/\/wp.ufpel.edu.br\/lapso\/files\/2025\/09\/17082025-YYZ09285-272x182.jpg 272w\" sizes=\"auto, (max-width: 476px) 100vw, 476px\" \/><\/p>\n<p>&nbsp;<\/p>\n<p>&nbsp;<\/p>\n<p>&nbsp;<\/p>\n<p>&nbsp;<\/p>\n","protected":false},"excerpt":{"rendered":"<p>No \u00faltimo semestre, realizamos um encerramento dionis\u00edaco, marcado por m\u00fasica, partilha e brincadeiras. Reunidos em torno da fogueira, tivemos um momento de conviv\u00eancia que celebrou os v\u00ednculos constru\u00eddos ao longo do semestre. Sob as estrelas, entre conversas, risos e brincadeiras, fomos inundados por uma pausa revigorante, um respiro ap\u00f3s o frenesi, um lembrete de que [&hellip;]<\/p>\n","protected":false},"author":1195,"featured_media":0,"parent":0,"menu_order":0,"comment_status":"closed","ping_status":"closed","template":"","meta":{"footnotes":""},"class_list":["post-1510","page","type-page","status-publish","hentry","post"],"jetpack_sharing_enabled":true,"_links":{"self":[{"href":"https:\/\/wp.ufpel.edu.br\/lapso\/wp-json\/wp\/v2\/pages\/1510","targetHints":{"allow":["GET"]}}],"collection":[{"href":"https:\/\/wp.ufpel.edu.br\/lapso\/wp-json\/wp\/v2\/pages"}],"about":[{"href":"https:\/\/wp.ufpel.edu.br\/lapso\/wp-json\/wp\/v2\/types\/page"}],"author":[{"embeddable":true,"href":"https:\/\/wp.ufpel.edu.br\/lapso\/wp-json\/wp\/v2\/users\/1195"}],"replies":[{"embeddable":true,"href":"https:\/\/wp.ufpel.edu.br\/lapso\/wp-json\/wp\/v2\/comments?post=1510"}],"version-history":[{"count":4,"href":"https:\/\/wp.ufpel.edu.br\/lapso\/wp-json\/wp\/v2\/pages\/1510\/revisions"}],"predecessor-version":[{"id":1525,"href":"https:\/\/wp.ufpel.edu.br\/lapso\/wp-json\/wp\/v2\/pages\/1510\/revisions\/1525"}],"wp:attachment":[{"href":"https:\/\/wp.ufpel.edu.br\/lapso\/wp-json\/wp\/v2\/media?parent=1510"}],"curies":[{"name":"wp","href":"https:\/\/api.w.org\/{rel}","templated":true}]}}