{"id":1358,"date":"2025-04-23T15:09:11","date_gmt":"2025-04-23T18:09:11","guid":{"rendered":"https:\/\/wp.ufpel.edu.br\/lapso\/?page_id=1358"},"modified":"2025-04-23T15:10:25","modified_gmt":"2025-04-23T18:10:25","slug":"cartografia-visual-a-volta-pra-cima","status":"publish","type":"page","link":"https:\/\/wp.ufpel.edu.br\/lapso\/cartografia-visual-a-volta-pra-cima\/","title":{"rendered":"Cartografia Visual &#8211; A volta pr\u00e1 cima"},"content":{"rendered":"<p>Bal\u00f5es soltos soltam o coletivo<\/p>\n<div style=\"width: 720px;\" class=\"wp-video\"><video class=\"wp-video-shortcode\" id=\"video-1358-1\" width=\"720\" height=\"720\" preload=\"metadata\" controls=\"controls\"><source type=\"video\/mp4\" src=\"https:\/\/wp.ufpel.edu.br\/lapso\/files\/2025\/04\/Caicaibalao-Everson.mp4?_=1\" \/><a href=\"https:\/\/wp.ufpel.edu.br\/lapso\/files\/2025\/04\/Caicaibalao-Everson.mp4\">https:\/\/wp.ufpel.edu.br\/lapso\/files\/2025\/04\/Caicaibalao-Everson.mp4<\/a><\/video><\/div>\n<p>Bal\u00f5es ao ch\u00e3o, paredes humanas iluminam o que est\u00e1 oculto \u00e0 vis\u00e3o<\/p>\n<div style=\"width: 720px;\" class=\"wp-video\"><video class=\"wp-video-shortcode\" id=\"video-1358-2\" width=\"720\" height=\"720\" preload=\"metadata\" controls=\"controls\"><source type=\"video\/mp4\" src=\"https:\/\/wp.ufpel.edu.br\/lapso\/files\/2025\/04\/Estourabalao-Everson.mp4?_=2\" \/><a href=\"https:\/\/wp.ufpel.edu.br\/lapso\/files\/2025\/04\/Estourabalao-Everson.mp4\">https:\/\/wp.ufpel.edu.br\/lapso\/files\/2025\/04\/Estourabalao-Everson.mp4<\/a><\/video><\/div>\n<p>&nbsp;<\/p>\n<p>Corpos aquecidos performam o fruto do coletivo<\/p>\n<p><img loading=\"lazy\" decoding=\"async\" class=\"alignnone wp-image-1377\" src=\"https:\/\/wp.ufpel.edu.br\/lapso\/files\/2025\/04\/foto-performance-everson-400x226.jpg\" alt=\"\" width=\"586\" height=\"331\" srcset=\"https:\/\/wp.ufpel.edu.br\/lapso\/files\/2025\/04\/foto-performance-everson-400x226.jpg 400w, https:\/\/wp.ufpel.edu.br\/lapso\/files\/2025\/04\/foto-performance-everson-1024x578.jpg 1024w, https:\/\/wp.ufpel.edu.br\/lapso\/files\/2025\/04\/foto-performance-everson-768x433.jpg 768w, https:\/\/wp.ufpel.edu.br\/lapso\/files\/2025\/04\/foto-performance-everson-1536x866.jpg 1536w, https:\/\/wp.ufpel.edu.br\/lapso\/files\/2025\/04\/foto-performance-everson-2048x1155.jpg 2048w\" sizes=\"auto, (max-width: 586px) 100vw, 586px\" \/><\/p>\n<p>Avante! O caminho \u00e9 pr\u00e1 cima<\/p>\n<p><img loading=\"lazy\" decoding=\"async\" class=\"alignnone wp-image-1376\" src=\"https:\/\/wp.ufpel.edu.br\/lapso\/files\/2025\/04\/grupo-everson-1-400x300.jpeg\" alt=\"\" width=\"524\" height=\"393\" srcset=\"https:\/\/wp.ufpel.edu.br\/lapso\/files\/2025\/04\/grupo-everson-1-400x300.jpeg 400w, https:\/\/wp.ufpel.edu.br\/lapso\/files\/2025\/04\/grupo-everson-1-1024x768.jpeg 1024w, https:\/\/wp.ufpel.edu.br\/lapso\/files\/2025\/04\/grupo-everson-1-768x576.jpeg 768w, https:\/\/wp.ufpel.edu.br\/lapso\/files\/2025\/04\/grupo-everson-1-1536x1153.jpeg 1536w, https:\/\/wp.ufpel.edu.br\/lapso\/files\/2025\/04\/grupo-everson-1.jpeg 1599w\" sizes=\"auto, (max-width: 524px) 100vw, 524px\" \/><\/p>\n<p>&nbsp;<\/p>\n","protected":false},"excerpt":{"rendered":"<p>Bal\u00f5es soltos soltam o coletivo Bal\u00f5es ao ch\u00e3o, paredes humanas iluminam o que est\u00e1 oculto \u00e0 vis\u00e3o &nbsp; Corpos aquecidos performam o fruto do coletivo Avante! O caminho \u00e9 pr\u00e1 cima &nbsp;<\/p>\n","protected":false},"author":1195,"featured_media":0,"parent":0,"menu_order":0,"comment_status":"closed","ping_status":"closed","template":"","meta":{"footnotes":""},"class_list":["post-1358","page","type-page","status-publish","hentry","post"],"jetpack_sharing_enabled":true,"_links":{"self":[{"href":"https:\/\/wp.ufpel.edu.br\/lapso\/wp-json\/wp\/v2\/pages\/1358","targetHints":{"allow":["GET"]}}],"collection":[{"href":"https:\/\/wp.ufpel.edu.br\/lapso\/wp-json\/wp\/v2\/pages"}],"about":[{"href":"https:\/\/wp.ufpel.edu.br\/lapso\/wp-json\/wp\/v2\/types\/page"}],"author":[{"embeddable":true,"href":"https:\/\/wp.ufpel.edu.br\/lapso\/wp-json\/wp\/v2\/users\/1195"}],"replies":[{"embeddable":true,"href":"https:\/\/wp.ufpel.edu.br\/lapso\/wp-json\/wp\/v2\/comments?post=1358"}],"version-history":[{"count":3,"href":"https:\/\/wp.ufpel.edu.br\/lapso\/wp-json\/wp\/v2\/pages\/1358\/revisions"}],"predecessor-version":[{"id":1386,"href":"https:\/\/wp.ufpel.edu.br\/lapso\/wp-json\/wp\/v2\/pages\/1358\/revisions\/1386"}],"wp:attachment":[{"href":"https:\/\/wp.ufpel.edu.br\/lapso\/wp-json\/wp\/v2\/media?parent=1358"}],"curies":[{"name":"wp","href":"https:\/\/api.w.org\/{rel}","templated":true}]}}