{"id":1019,"date":"2024-08-06T20:36:37","date_gmt":"2024-08-06T23:36:37","guid":{"rendered":"https:\/\/wp.ufpel.edu.br\/lapso\/?page_id=1019"},"modified":"2024-08-06T20:36:37","modified_gmt":"2024-08-06T23:36:37","slug":"olhando-pra-quem-escuta-cartografia-visual","status":"publish","type":"page","link":"https:\/\/wp.ufpel.edu.br\/lapso\/olhando-pra-quem-escuta-cartografia-visual\/","title":{"rendered":"Olhando pra quem Escuta- Cartografia Visual"},"content":{"rendered":"<h2><sub>Olhando pra quem Escuta- Cartografia Visual<\/sub><\/h2>\n<p style=\"text-align: center;\"><img loading=\"lazy\" decoding=\"async\" class=\"alignnone size-medium wp-image-977\" src=\"https:\/\/wp.ufpel.edu.br\/lapso\/files\/2024\/08\/Olhando-pra-quem-escuta-1-400x305.png\" alt=\"\" width=\"400\" height=\"305\" srcset=\"https:\/\/wp.ufpel.edu.br\/lapso\/files\/2024\/08\/Olhando-pra-quem-escuta-1-400x305.png 400w, https:\/\/wp.ufpel.edu.br\/lapso\/files\/2024\/08\/Olhando-pra-quem-escuta-1-1024x782.png 1024w, https:\/\/wp.ufpel.edu.br\/lapso\/files\/2024\/08\/Olhando-pra-quem-escuta-1-768x586.png 768w, https:\/\/wp.ufpel.edu.br\/lapso\/files\/2024\/08\/Olhando-pra-quem-escuta-1.png 1179w\" sizes=\"auto, (max-width: 400px) 100vw, 400px\" \/><\/p>\n<p>&nbsp;<\/p>\n<p><img loading=\"lazy\" decoding=\"async\" class=\"alignnone size-medium wp-image-976 aligncenter\" src=\"https:\/\/wp.ufpel.edu.br\/lapso\/files\/2024\/08\/Olhando-pra-quem-escuta-400x251.png\" alt=\"\" width=\"400\" height=\"251\" srcset=\"https:\/\/wp.ufpel.edu.br\/lapso\/files\/2024\/08\/Olhando-pra-quem-escuta-400x251.png 400w, https:\/\/wp.ufpel.edu.br\/lapso\/files\/2024\/08\/Olhando-pra-quem-escuta-768x481.png 768w, https:\/\/wp.ufpel.edu.br\/lapso\/files\/2024\/08\/Olhando-pra-quem-escuta-436x272.png 436w, https:\/\/wp.ufpel.edu.br\/lapso\/files\/2024\/08\/Olhando-pra-quem-escuta.png 887w\" sizes=\"auto, (max-width: 400px) 100vw, 400px\" \/><\/p>\n<p style=\"text-align: left;\"><img loading=\"lazy\" decoding=\"async\" class=\"alignnone size-medium wp-image-433 aligncenter\" src=\"https:\/\/wp.ufpel.edu.br\/lapso\/files\/2022\/08\/IMG_20220823_152750-400x301.jpg\" alt=\"\" width=\"400\" height=\"301\" srcset=\"https:\/\/wp.ufpel.edu.br\/lapso\/files\/2022\/08\/IMG_20220823_152750-400x301.jpg 400w, https:\/\/wp.ufpel.edu.br\/lapso\/files\/2022\/08\/IMG_20220823_152750-1024x771.jpg 1024w, https:\/\/wp.ufpel.edu.br\/lapso\/files\/2022\/08\/IMG_20220823_152750-768x578.jpg 768w, https:\/\/wp.ufpel.edu.br\/lapso\/files\/2022\/08\/IMG_20220823_152750-1536x1157.jpg 1536w, https:\/\/wp.ufpel.edu.br\/lapso\/files\/2022\/08\/IMG_20220823_152750-2048x1542.jpg 2048w\" sizes=\"auto, (max-width: 400px) 100vw, 400px\" \/><\/p>\n<p style=\"text-align: left;\"><img loading=\"lazy\" decoding=\"async\" class=\"alignnone wp-image-430 aligncenter\" src=\"https:\/\/wp.ufpel.edu.br\/lapso\/files\/2022\/08\/WhatsApp-Image-2022-08-26-at-15.56.00-e1722985658892-400x281.jpeg\" alt=\"\" width=\"426\" height=\"299\" srcset=\"https:\/\/wp.ufpel.edu.br\/lapso\/files\/2022\/08\/WhatsApp-Image-2022-08-26-at-15.56.00-e1722985658892-400x281.jpeg 400w, https:\/\/wp.ufpel.edu.br\/lapso\/files\/2022\/08\/WhatsApp-Image-2022-08-26-at-15.56.00-e1722985658892-1024x720.jpeg 1024w, https:\/\/wp.ufpel.edu.br\/lapso\/files\/2022\/08\/WhatsApp-Image-2022-08-26-at-15.56.00-e1722985658892-768x540.jpeg 768w, https:\/\/wp.ufpel.edu.br\/lapso\/files\/2022\/08\/WhatsApp-Image-2022-08-26-at-15.56.00-e1722985658892.jpeg 1200w\" sizes=\"auto, (max-width: 426px) 100vw, 426px\" \/><\/p>\n<p style=\"text-align: center;\"><img loading=\"lazy\" decoding=\"async\" class=\"alignnone size-medium wp-image-435\" src=\"https:\/\/wp.ufpel.edu.br\/lapso\/files\/2022\/08\/IMG_20220823_172002-400x301.jpg\" alt=\"\" width=\"400\" height=\"301\" srcset=\"https:\/\/wp.ufpel.edu.br\/lapso\/files\/2022\/08\/IMG_20220823_172002-400x301.jpg 400w, https:\/\/wp.ufpel.edu.br\/lapso\/files\/2022\/08\/IMG_20220823_172002-1024x771.jpg 1024w, https:\/\/wp.ufpel.edu.br\/lapso\/files\/2022\/08\/IMG_20220823_172002-768x578.jpg 768w, https:\/\/wp.ufpel.edu.br\/lapso\/files\/2022\/08\/IMG_20220823_172002-1536x1157.jpg 1536w, https:\/\/wp.ufpel.edu.br\/lapso\/files\/2022\/08\/IMG_20220823_172002-2048x1542.jpg 2048w\" sizes=\"auto, (max-width: 400px) 100vw, 400px\" \/><\/p>\n<p style=\"text-align: center;\"><sup>23 de Agosto de 2022. Audit\u00f3rio da Secret\u00e1ria Municipal de Assist\u00eancia Social. Pelotas.<\/sup><\/p>\n<p>&nbsp;<\/p>\n","protected":false},"excerpt":{"rendered":"<p>Olhando pra quem Escuta- Cartografia Visual &nbsp; 23 de Agosto de 2022. Audit\u00f3rio da Secret\u00e1ria Municipal de Assist\u00eancia Social. Pelotas. &nbsp;<\/p>\n","protected":false},"author":1195,"featured_media":0,"parent":0,"menu_order":0,"comment_status":"closed","ping_status":"closed","template":"","meta":{"footnotes":""},"class_list":["post-1019","page","type-page","status-publish","hentry","post"],"jetpack_sharing_enabled":true,"_links":{"self":[{"href":"https:\/\/wp.ufpel.edu.br\/lapso\/wp-json\/wp\/v2\/pages\/1019","targetHints":{"allow":["GET"]}}],"collection":[{"href":"https:\/\/wp.ufpel.edu.br\/lapso\/wp-json\/wp\/v2\/pages"}],"about":[{"href":"https:\/\/wp.ufpel.edu.br\/lapso\/wp-json\/wp\/v2\/types\/page"}],"author":[{"embeddable":true,"href":"https:\/\/wp.ufpel.edu.br\/lapso\/wp-json\/wp\/v2\/users\/1195"}],"replies":[{"embeddable":true,"href":"https:\/\/wp.ufpel.edu.br\/lapso\/wp-json\/wp\/v2\/comments?post=1019"}],"version-history":[{"count":1,"href":"https:\/\/wp.ufpel.edu.br\/lapso\/wp-json\/wp\/v2\/pages\/1019\/revisions"}],"predecessor-version":[{"id":1021,"href":"https:\/\/wp.ufpel.edu.br\/lapso\/wp-json\/wp\/v2\/pages\/1019\/revisions\/1021"}],"wp:attachment":[{"href":"https:\/\/wp.ufpel.edu.br\/lapso\/wp-json\/wp\/v2\/media?parent=1019"}],"curies":[{"name":"wp","href":"https:\/\/api.w.org\/{rel}","templated":true}]}}