{"id":334,"date":"2011-04-20T13:54:48","date_gmt":"2011-04-20T16:54:48","guid":{"rendered":"https:\/\/wp.ufpel.edu.br\/lapramec\/"},"modified":"2011-04-20T14:51:08","modified_gmt":"2011-04-20T17:51:08","slug":"parker-road-show","status":"publish","type":"page","link":"https:\/\/wp.ufpel.edu.br\/lapramec\/projetos\/projetos-de-extensao\/cpma-ciclo-de-palestra-de-maquinas-agricolas\/parker-road-show\/","title":{"rendered":"PARKER ROAD SHOW"},"content":{"rendered":"<p><em>A primeira palestra do II CPMA foi proferida pelo Instrutor de Treinamento<strong> S\u00e9rgio Luis Cardoso da Silva<\/strong> da Unidade de Jacare\u00ed &#8211; SP da PARKER. Foram proferidas duas palestras uma no turno da manh\u00e3 e outra no turno da tarde, essas palestras fazem parte da exposi\u00e7\u00e3o itinerante <strong>PARKER ROAD SHOW<\/strong><\/em><em><strong> <\/strong>e teve a presen\u00e7a de 97 participantes. Posteriormente a cada palestra os participantes visitaram o caminh\u00e3o da PARKER que estava na instritui\u00e7\u00e3o equipado de produtos PARKER.<br \/>\n<\/em><\/p>\n<p><strong>Dados das Palestras:<\/strong><\/p>\n<p>Nome da Palestra: <em><strong><a href=\"https:\/\/docs.google.com\/viewer?a=v&amp;pid=explorer&amp;chrome=true&amp;srcid=0Bz7Q7hNYyG7_MDY0YjY1MzYtOGM0Ni00MjNkLWFmZGMtNTE4Y2NiYTQ1Zjk5&amp;hl=pt_BR&amp;authkey=CLjfv9QG\">Tecnologia Pneum\u00e1tica<\/a><br \/>\n<\/strong><\/em><\/p>\n<p>Hor\u00e1rio: 9:00<\/p>\n<p>Nome da Palestra: <em><strong><a href=\"https:\/\/docs.google.com\/present\/edit?id=0AT7Q7hNYyG7_ZGNqOWNqMnZfMTEyMGRiMm45bmRq&amp;hl=pt_BR&amp;authkey=CKaKlooN\">Tecnologia Hidr\u00e1ulica<\/a><br \/>\n<\/strong><\/em><\/p>\n<p>Hor\u00e1rio: 14:00<\/p>\n<p>Palestrante:\u00a0<em><strong>S\u00e9rgio Luis Cardoso da Silva<\/strong><\/em><strong> (PARKER)<\/strong><\/p>\n<p>Data: 31\/03\/2011<\/p>\n<p>Local: Audit\u00f3rio da FAEM<\/p>\n<p><strong><strong>Avalia\u00e7\u00e3o do evento<\/strong><\/strong><\/p>\n<p>Para avaliar a palestra foram entregue question\u00e1rios elaborados   especificamente para esta finalidade e aplicados aos participantes   presentes, onde foram considerados o tema e demais aspectos abordados na   palestra ministrada.<\/p>\n<p><img decoding=\"async\" src=\"..\/..\/Users\/Vaio\/AppData\/Local\/Temp\/moz-screenshot-1.png\" alt=\"\" \/><\/p>\n<p><strong>Abaixo s\u00e3o apresentados as fotos do evento.<\/strong><\/p>\n<div class=\"mceTemp\">\n<div id=\"attachment_346\" style=\"width: 160px\" class=\"wp-caption alignleft\"><a href=\"https:\/\/wp.ufpel.edu.br\/lapramec\/files\/2011\/04\/cartaz-palestra-da-Parker.jpg\"><img loading=\"lazy\" decoding=\"async\" aria-describedby=\"caption-attachment-346\" class=\"size-thumbnail wp-image-346 \" src=\"https:\/\/wp.ufpel.edu.br\/lapramec\/files\/2011\/04\/cartaz-palestra-da-Parker-150x150.jpg\" alt=\"\" width=\"150\" height=\"150\" \/><\/a><p id=\"caption-attachment-346\" class=\"wp-caption-text\">Cartaz de divulga\u00e7\u00e3o do evento<\/p><\/div>\n<\/div>\n<div id=\"attachment_345\" style=\"width: 160px\" class=\"wp-caption alignleft\"><a href=\"https:\/\/wp.ufpel.edu.br\/lapramec\/files\/2011\/04\/Banner-Palestras-da-Parker.jpg\"><img loading=\"lazy\" decoding=\"async\" aria-describedby=\"caption-attachment-345\" class=\"size-thumbnail wp-image-345  \" src=\"https:\/\/wp.ufpel.edu.br\/lapramec\/files\/2011\/04\/Banner-Palestras-da-Parker-150x150.jpg\" alt=\"\" width=\"150\" height=\"150\" \/><\/a><p id=\"caption-attachment-345\" class=\"wp-caption-text\">Banner de divulga\u00e7\u00e3o da palestra<\/p><\/div>\n<div id=\"attachment_341\" style=\"width: 160px\" class=\"wp-caption alignleft\"><a href=\"https:\/\/wp.ufpel.edu.br\/lapramec\/files\/2011\/04\/DSC06669.jpg\"><img loading=\"lazy\" decoding=\"async\" aria-describedby=\"caption-attachment-341\" class=\"size-thumbnail wp-image-341 \" src=\"https:\/\/wp.ufpel.edu.br\/lapramec\/files\/2011\/04\/DSC06669-150x150.jpg\" alt=\"\" width=\"150\" height=\"150\" \/><\/a><p id=\"caption-attachment-341\" class=\"wp-caption-text\">Alimentos arrecadados no evento para doa\u00e7\u00e3o<\/p><\/div>\n<p><strong> <\/strong><\/p>\n<div id=\"attachment_339\" style=\"width: 310px\" class=\"wp-caption alignleft\"><strong><strong><a href=\"https:\/\/wp.ufpel.edu.br\/lapramec\/files\/2011\/04\/DSC06658.jpg\"><img loading=\"lazy\" decoding=\"async\" aria-describedby=\"caption-attachment-339\" class=\"size-large wp-image-339 \" src=\"https:\/\/wp.ufpel.edu.br\/lapramec\/files\/2011\/04\/DSC06658-1024x768.jpg\" alt=\"\" width=\"300\" height=\"225\" srcset=\"https:\/\/wp.ufpel.edu.br\/lapramec\/files\/2011\/04\/DSC06658-1024x768.jpg 1024w, https:\/\/wp.ufpel.edu.br\/lapramec\/files\/2011\/04\/DSC06658-300x225.jpg 300w, https:\/\/wp.ufpel.edu.br\/lapramec\/files\/2011\/04\/DSC06658.jpg 2048w\" sizes=\"auto, (max-width: 300px) 100vw, 300px\" \/><\/a><\/strong><\/strong><p id=\"caption-attachment-339\" class=\"wp-caption-text\">Palestrante Eng. S\u00e9rgio Luis Cardoso da Silva<\/p><\/div>\n<div id=\"attachment_337\" style=\"width: 310px\" class=\"wp-caption alignleft\"><strong><strong><a href=\"https:\/\/wp.ufpel.edu.br\/lapramec\/files\/2011\/04\/DSC06631.jpg\"><img loading=\"lazy\" decoding=\"async\" aria-describedby=\"caption-attachment-337\" class=\"size-large wp-image-337 \" src=\"https:\/\/wp.ufpel.edu.br\/lapramec\/files\/2011\/04\/DSC06631-1024x768.jpg\" alt=\"\" width=\"300\" height=\"225\" srcset=\"https:\/\/wp.ufpel.edu.br\/lapramec\/files\/2011\/04\/DSC06631-1024x768.jpg 1024w, https:\/\/wp.ufpel.edu.br\/lapramec\/files\/2011\/04\/DSC06631-300x225.jpg 300w, https:\/\/wp.ufpel.edu.br\/lapramec\/files\/2011\/04\/DSC06631.jpg 2048w\" sizes=\"auto, (max-width: 300px) 100vw, 300px\" \/><\/a><\/strong><\/strong><p id=\"caption-attachment-337\" class=\"wp-caption-text\">Alunos doc cursos de Engenharia: Agr\u00edcola, de Controle e Automa\u00e7\u00e3o, Eletr\u00f4nica, de produ\u00e7\u00e3o e Industrial Madeireira, compareceram para prestigiar a palestra<\/p><\/div>\n<div id=\"attachment_338\" style=\"width: 310px\" class=\"wp-caption alignleft\"><a href=\"https:\/\/wp.ufpel.edu.br\/lapramec\/files\/2011\/04\/DSC06655.jpg\"><img loading=\"lazy\" decoding=\"async\" aria-describedby=\"caption-attachment-338\" class=\"size-large wp-image-338 \" src=\"https:\/\/wp.ufpel.edu.br\/lapramec\/files\/2011\/04\/DSC06655-1024x768.jpg\" alt=\"\" width=\"300\" height=\"225\" srcset=\"https:\/\/wp.ufpel.edu.br\/lapramec\/files\/2011\/04\/DSC06655-1024x768.jpg 1024w, https:\/\/wp.ufpel.edu.br\/lapramec\/files\/2011\/04\/DSC06655-300x225.jpg 300w, https:\/\/wp.ufpel.edu.br\/lapramec\/files\/2011\/04\/DSC06655.jpg 2048w\" sizes=\"auto, (max-width: 300px) 100vw, 300px\" \/><\/a><p id=\"caption-attachment-338\" class=\"wp-caption-text\">Visita na carreta PARKER ROAD SHOW<\/p><\/div>\n<p><strong><strong> <\/strong><\/strong><\/p>\n<dl>\n<dt>\n<div id=\"attachment_340\" style=\"width: 310px\" class=\"wp-caption alignleft\"><a href=\"https:\/\/wp.ufpel.edu.br\/lapramec\/files\/2011\/04\/DSC06668.jpg\"><img loading=\"lazy\" decoding=\"async\" aria-describedby=\"caption-attachment-340\" class=\"size-large wp-image-340 \" src=\"https:\/\/wp.ufpel.edu.br\/lapramec\/files\/2011\/04\/DSC06668-1024x768.jpg\" alt=\"\" width=\"300\" height=\"225\" srcset=\"https:\/\/wp.ufpel.edu.br\/lapramec\/files\/2011\/04\/DSC06668-1024x768.jpg 1024w, https:\/\/wp.ufpel.edu.br\/lapramec\/files\/2011\/04\/DSC06668-300x225.jpg 300w, https:\/\/wp.ufpel.edu.br\/lapramec\/files\/2011\/04\/DSC06668.jpg 2048w\" sizes=\"auto, (max-width: 300px) 100vw, 300px\" \/><\/a><p id=\"caption-attachment-340\" class=\"wp-caption-text\">Parte da equipe do evento (Dener, Marcos, Christian (colaboradores) Gilson (professor) Ad\u00e3o Vieira (Gerente Regional de vendas da PARKER) S\u00e9rgio da Silva(Instrutor)<\/p><\/div>\n<\/dt>\n<\/dl>\n","protected":false},"excerpt":{"rendered":"<p>A primeira palestra do II CPMA foi proferida pelo Instrutor de Treinamento S\u00e9rgio Luis Cardoso da Silva da Unidade de Jacare\u00ed &#8211; SP da PARKER. Foram proferidas duas palestras uma no turno da manh\u00e3 e outra no turno da tarde, essas palestras fazem parte da exposi\u00e7\u00e3o itinerante PARKER ROAD SHOW e teve a presen\u00e7a de [&hellip;]<\/p>\n","protected":false},"author":62,"featured_media":0,"parent":177,"menu_order":0,"comment_status":"closed","ping_status":"open","template":"","meta":{"footnotes":""},"class_list":["post-334","page","type-page","status-publish","hentry"],"_links":{"self":[{"href":"https:\/\/wp.ufpel.edu.br\/lapramec\/wp-json\/wp\/v2\/pages\/334","targetHints":{"allow":["GET"]}}],"collection":[{"href":"https:\/\/wp.ufpel.edu.br\/lapramec\/wp-json\/wp\/v2\/pages"}],"about":[{"href":"https:\/\/wp.ufpel.edu.br\/lapramec\/wp-json\/wp\/v2\/types\/page"}],"author":[{"embeddable":true,"href":"https:\/\/wp.ufpel.edu.br\/lapramec\/wp-json\/wp\/v2\/users\/62"}],"replies":[{"embeddable":true,"href":"https:\/\/wp.ufpel.edu.br\/lapramec\/wp-json\/wp\/v2\/comments?post=334"}],"version-history":[{"count":11,"href":"https:\/\/wp.ufpel.edu.br\/lapramec\/wp-json\/wp\/v2\/pages\/334\/revisions"}],"predecessor-version":[{"id":336,"href":"https:\/\/wp.ufpel.edu.br\/lapramec\/wp-json\/wp\/v2\/pages\/334\/revisions\/336"}],"up":[{"embeddable":true,"href":"https:\/\/wp.ufpel.edu.br\/lapramec\/wp-json\/wp\/v2\/pages\/177"}],"wp:attachment":[{"href":"https:\/\/wp.ufpel.edu.br\/lapramec\/wp-json\/wp\/v2\/media?parent=334"}],"curies":[{"name":"wp","href":"https:\/\/api.w.org\/{rel}","templated":true}]}}