{"id":243,"date":"2010-11-25T14:50:30","date_gmt":"2010-11-25T17:50:30","guid":{"rendered":"https:\/\/wp.ufpel.edu.br\/lapramec\/"},"modified":"2010-11-29T16:29:15","modified_gmt":"2010-11-29T19:29:15","slug":"mecanizacao-agricola-manutencao-preventiva","status":"publish","type":"page","link":"https:\/\/wp.ufpel.edu.br\/lapramec\/projetos\/projetos-de-extensao\/cpma-ciclo-de-palestra-de-maquinas-agricolas\/mecanizacao-agricola-manutencao-preventiva\/","title":{"rendered":"Mecaniza\u00e7\u00e3o Agr\u00edcola: Manuten\u00e7\u00e3o Preventiva"},"content":{"rendered":"<p><em>A primeira palestra do CPMA foi proferida pelo <\/em><strong>Eng. Agric. Roberlaine Jorge<\/strong><em> Coordenador de Marketing da AGCO. A Paletra foi intitulada <\/em><strong>Mecaniza\u00e7\u00e3o Agr\u00edcola: Manuten\u00e7\u00e3o Preventiva<\/strong><em> e teve a presen\u00e7a de 102 participantes.<\/em><\/p>\n<p><strong>Dados da Palestra:<\/strong><\/p>\n<p>Nome da Palestra: <strong>Mecaniza\u00e7\u00e3o Agr\u00edcola: Manuten\u00e7\u00e3o Preventiva<\/strong><\/p>\n<p>Palestrante:\u00a0<strong>Eng. Agric. Roberlaine Jorge<\/strong><strong> (AGCO)<\/strong><\/p>\n<p>Data: 16\/09\/2010<\/p>\n<p>Hor\u00e1rio: 12:00<\/p>\n<p>Local: Sala 13 (Antigo Pr\u00e9dio da Reitoria)<\/p>\n<p><strong><strong>Avalia\u00e7\u00e3o do evento<\/strong><\/strong><\/p>\n<p>Para avaliar a palestra foram entregue question\u00e1rios elaborados   especificamente para esta finalidade e aplicados aos participantes   presentes, onde foram considerados o tema e demais aspectos abordados na   palestra ministrada.<\/p>\n<p><img decoding=\"async\" src=\"..\/..\/Users\/Vaio\/AppData\/Local\/Temp\/moz-screenshot-1.png\" alt=\"\" \/><\/p>\n<p><strong>Abaixo s\u00e3o apresentados as fotos do evento e alguns dados da avalia\u00e7\u00e3o do evento.<\/strong><\/p>\n<p><strong>\n\t\t<style type=\"text\/css\">\n\t\t\t#gallery-1 {\n\t\t\t\tmargin: auto;\n\t\t\t}\n\t\t\t#gallery-1 .gallery-item {\n\t\t\t\tfloat: left;\n\t\t\t\tmargin-top: 10px;\n\t\t\t\ttext-align: center;\n\t\t\t\twidth: 33%;\n\t\t\t}\n\t\t\t#gallery-1 img {\n\t\t\t\tborder: 2px solid #cfcfcf;\n\t\t\t}\n\t\t\t#gallery-1 .gallery-caption {\n\t\t\t\tmargin-left: 0;\n\t\t\t}\n\t\t\t\/* see gallery_shortcode() in wp-includes\/media.php *\/\n\t\t<\/style>\n\t\t<div id='gallery-1' class='gallery galleryid-243 gallery-columns-3 gallery-size-thumbnail'><dl class='gallery-item'>\n\t\t\t<dt class='gallery-icon portrait'>\n\t\t\t\t<a href='https:\/\/wp.ufpel.edu.br\/lapramec\/projetos\/projetos-de-extensao\/cpma-ciclo-de-palestra-de-maquinas-agricolas\/mecanizacao-agricola-manutencao-preventiva\/banner-mecanizacao-agricola\/'><img loading=\"lazy\" decoding=\"async\" width=\"150\" height=\"150\" src=\"https:\/\/wp.ufpel.edu.br\/lapramec\/files\/2010\/11\/Banner-Mecaniza\u00e7\u00e3o-Agr\u00edcola-150x150.jpg\" class=\"attachment-thumbnail size-thumbnail\" alt=\"\" aria-describedby=\"gallery-1-245\" \/><\/a>\n\t\t\t<\/dt>\n\t\t\t\t<dd class='wp-caption-text gallery-caption' id='gallery-1-245'>\n\t\t\t\tFigura 1 &#8211; Banner da terceira palestra\n\t\t\t\t<\/dd><\/dl><dl class='gallery-item'>\n\t\t\t<dt class='gallery-icon landscape'>\n\t\t\t\t<a href='https:\/\/wp.ufpel.edu.br\/lapramec\/projetos\/projetos-de-extensao\/cpma-ciclo-de-palestra-de-maquinas-agricolas\/mecanizacao-agricola-manutencao-preventiva\/cartaz-mecanizacao-agricola\/'><img loading=\"lazy\" decoding=\"async\" width=\"150\" height=\"150\" src=\"https:\/\/wp.ufpel.edu.br\/lapramec\/files\/2010\/11\/Cartaz-mecaniza\u00e7\u00e3o-agr\u00edcola-150x150.jpg\" class=\"attachment-thumbnail size-thumbnail\" alt=\"\" aria-describedby=\"gallery-1-246\" \/><\/a>\n\t\t\t<\/dt>\n\t\t\t\t<dd class='wp-caption-text gallery-caption' id='gallery-1-246'>\n\t\t\t\tFigura 2 &#8211; Cartaz da terceira palestra\n\t\t\t\t<\/dd><\/dl><dl class='gallery-item'>\n\t\t\t<dt class='gallery-icon landscape'>\n\t\t\t\t<a href='https:\/\/wp.ufpel.edu.br\/lapramec\/projetos\/projetos-de-extensao\/cpma-ciclo-de-palestra-de-maquinas-agricolas\/mecanizacao-agricola-manutencao-preventiva\/dscn3427\/'><img loading=\"lazy\" decoding=\"async\" width=\"150\" height=\"150\" src=\"https:\/\/wp.ufpel.edu.br\/lapramec\/files\/2010\/11\/DSCN3427-e1291058651815-150x150.jpg\" class=\"attachment-thumbnail size-thumbnail\" alt=\"\" aria-describedby=\"gallery-1-287\" \/><\/a>\n\t\t\t<\/dt>\n\t\t\t\t<dd class='wp-caption-text gallery-caption' id='gallery-1-287'>\n\t\t\t\tFigura 3  &#8211; Palestrante Roberlaine Jorge, abordando sobre \u00e1reas agricult\u00e1veis do Brasil\n\t\t\t\t<\/dd><\/dl><br style=\"clear: both\" \/><dl class='gallery-item'>\n\t\t\t<dt class='gallery-icon landscape'>\n\t\t\t\t<a href='https:\/\/wp.ufpel.edu.br\/lapramec\/projetos\/projetos-de-extensao\/cpma-ciclo-de-palestra-de-maquinas-agricolas\/mecanizacao-agricola-manutencao-preventiva\/dscn3428\/'><img loading=\"lazy\" decoding=\"async\" width=\"150\" height=\"150\" src=\"https:\/\/wp.ufpel.edu.br\/lapramec\/files\/2010\/11\/DSCN3428-e1291058841856-150x150.jpg\" class=\"attachment-thumbnail size-thumbnail\" alt=\"\" aria-describedby=\"gallery-1-286\" \/><\/a>\n\t\t\t<\/dt>\n\t\t\t\t<dd class='wp-caption-text gallery-caption' id='gallery-1-286'>\n\t\t\t\tFigura 4 &#8211; Grande p\u00fablico compareceu para a palestra, destaca-se a presen\u00e7a dos colaboradores da CIMMA (Patrocinadores do Evento)\n\t\t\t\t<\/dd><\/dl><dl class='gallery-item'>\n\t\t\t<dt class='gallery-icon landscape'>\n\t\t\t\t<a href='https:\/\/wp.ufpel.edu.br\/lapramec\/projetos\/projetos-de-extensao\/cpma-ciclo-de-palestra-de-maquinas-agricolas\/mecanizacao-agricola-manutencao-preventiva\/dscn3431\/'><img loading=\"lazy\" decoding=\"async\" width=\"150\" height=\"150\" src=\"https:\/\/wp.ufpel.edu.br\/lapramec\/files\/2010\/11\/DSCN3431-e1291058895287-150x150.jpg\" class=\"attachment-thumbnail size-thumbnail\" alt=\"\" aria-describedby=\"gallery-1-285\" \/><\/a>\n\t\t\t<\/dt>\n\t\t\t\t<dd class='wp-caption-text gallery-caption' id='gallery-1-285'>\n\t\t\t\tFigura 5 &#8211; O p\u00fablico estava atento&#8230;.\n\t\t\t\t<\/dd><\/dl>\n\t\t\t<br style='clear: both' \/>\n\t\t<\/div>\n<br \/>\n<\/strong><\/p>\n","protected":false},"excerpt":{"rendered":"<p>A primeira palestra do CPMA foi proferida pelo Eng. Agric. Roberlaine Jorge Coordenador de Marketing da AGCO. A Paletra foi intitulada Mecaniza\u00e7\u00e3o Agr\u00edcola: Manuten\u00e7\u00e3o Preventiva e teve a presen\u00e7a de 102 participantes. Dados da Palestra: Nome da Palestra: Mecaniza\u00e7\u00e3o Agr\u00edcola: Manuten\u00e7\u00e3o Preventiva Palestrante:\u00a0Eng. Agric. Roberlaine Jorge (AGCO) Data: 16\/09\/2010 Hor\u00e1rio: 12:00 Local: Sala 13 (Antigo [&hellip;]<\/p>\n","protected":false},"author":62,"featured_media":0,"parent":177,"menu_order":3,"comment_status":"closed","ping_status":"open","template":"","meta":{"footnotes":""},"class_list":["post-243","page","type-page","status-publish","hentry"],"_links":{"self":[{"href":"https:\/\/wp.ufpel.edu.br\/lapramec\/wp-json\/wp\/v2\/pages\/243","targetHints":{"allow":["GET"]}}],"collection":[{"href":"https:\/\/wp.ufpel.edu.br\/lapramec\/wp-json\/wp\/v2\/pages"}],"about":[{"href":"https:\/\/wp.ufpel.edu.br\/lapramec\/wp-json\/wp\/v2\/types\/page"}],"author":[{"embeddable":true,"href":"https:\/\/wp.ufpel.edu.br\/lapramec\/wp-json\/wp\/v2\/users\/62"}],"replies":[{"embeddable":true,"href":"https:\/\/wp.ufpel.edu.br\/lapramec\/wp-json\/wp\/v2\/comments?post=243"}],"version-history":[{"count":7,"href":"https:\/\/wp.ufpel.edu.br\/lapramec\/wp-json\/wp\/v2\/pages\/243\/revisions"}],"predecessor-version":[{"id":289,"href":"https:\/\/wp.ufpel.edu.br\/lapramec\/wp-json\/wp\/v2\/pages\/243\/revisions\/289"}],"up":[{"embeddable":true,"href":"https:\/\/wp.ufpel.edu.br\/lapramec\/wp-json\/wp\/v2\/pages\/177"}],"wp:attachment":[{"href":"https:\/\/wp.ufpel.edu.br\/lapramec\/wp-json\/wp\/v2\/media?parent=243"}],"curies":[{"name":"wp","href":"https:\/\/api.w.org\/{rel}","templated":true}]}}