{"id":232,"date":"2010-11-25T14:33:01","date_gmt":"2010-11-25T17:33:01","guid":{"rendered":"https:\/\/wp.ufpel.edu.br\/lapramec\/"},"modified":"2010-11-25T14:34:37","modified_gmt":"2010-11-25T17:34:37","slug":"232-2","status":"publish","type":"page","link":"https:\/\/wp.ufpel.edu.br\/lapramec\/projetos\/projetos-de-extensao\/cpma-ciclo-de-palestra-de-maquinas-agricolas\/232-2\/","title":{"rendered":"Acidentes com Tratores Agr\u00edcolas"},"content":{"rendered":"<p><em>A segunda palestra do CPMA foi proferida pelo <strong>Prof. Dr Angelo Vie<\/strong><\/em><strong><em>i<\/em><\/strong><em><strong>ra dos Reis<\/strong> do Departaemtno de Engenharia Rural da Universidade  Federal de Pelotas &#8211; UFPEL. A Paletra foi intitulada <\/em><strong>Acidentes com Tratores Agr\u00edcolas<\/strong><em> e teve a presen\u00e7a de 102  participantes.<\/em><\/p>\n<p><strong>Dados da Palestra:<\/strong><\/p>\n<p>Nome da Palestra: <strong>Acidentes com Tratores Agr\u00edcolas<\/strong><\/p>\n<p>Palestrante: <em><strong>Prof. Dr Angelo Vie<\/strong><\/em><strong><em>i<\/em><\/strong><em><strong>ra<\/strong><\/em><strong> dos Reis (UFPEL)<\/strong><\/p>\n<p>Data: 24\/06\/2010<\/p>\n<p>Hor\u00e1rio: 12:00<\/p>\n<p>Local: Sala 13 (Antigo Pr\u00e9dio da Reitoria)<\/p>\n<p><strong><strong>Avalia\u00e7\u00e3o do evento<\/strong><\/strong><\/p>\n<p>Para avaliar a palestra foram entregue question\u00e1rios elaborados   especificamente para esta finalidade e aplicados aos participantes   presentes, onde foram considerados o tema e demais aspectos abordados na   palestra ministrada.<\/p>\n<p><img decoding=\"async\" src=\"..\/..\/Users\/Vaio\/AppData\/Local\/Temp\/moz-screenshot-1.png\" alt=\"\" \/><\/p>\n<p><strong>Abaixo s\u00e3o apresentados as fotos do evento e alguns dados da avalia\u00e7\u00e3o do evento.<\/strong><\/p>\n<p><strong>\n\t\t<style type=\"text\/css\">\n\t\t\t#gallery-1 {\n\t\t\t\tmargin: auto;\n\t\t\t}\n\t\t\t#gallery-1 .gallery-item {\n\t\t\t\tfloat: left;\n\t\t\t\tmargin-top: 10px;\n\t\t\t\ttext-align: center;\n\t\t\t\twidth: 33%;\n\t\t\t}\n\t\t\t#gallery-1 img {\n\t\t\t\tborder: 2px solid #cfcfcf;\n\t\t\t}\n\t\t\t#gallery-1 .gallery-caption {\n\t\t\t\tmargin-left: 0;\n\t\t\t}\n\t\t\t\/* see gallery_shortcode() in wp-includes\/media.php *\/\n\t\t<\/style>\n\t\t<div id='gallery-1' class='gallery galleryid-232 gallery-columns-3 gallery-size-thumbnail'><dl class='gallery-item'>\n\t\t\t<dt class='gallery-icon portrait'>\n\t\t\t\t<a href='https:\/\/wp.ufpel.edu.br\/lapramec\/projetos\/projetos-de-extensao\/cpma-ciclo-de-palestra-de-maquinas-agricolas\/232-2\/2%c2%aapalestra-banner-quente-gilson\/'><img loading=\"lazy\" decoding=\"async\" width=\"150\" height=\"150\" src=\"https:\/\/wp.ufpel.edu.br\/lapramec\/files\/2010\/11\/2\u00aapalestra-BANNER-quente-Gilson-150x150.jpg\" class=\"attachment-thumbnail size-thumbnail\" alt=\"\" aria-describedby=\"gallery-1-233\" \/><\/a>\n\t\t\t<\/dt>\n\t\t\t\t<dd class='wp-caption-text gallery-caption' id='gallery-1-233'>\n\t\t\t\tFigura 1 &#8211; Banner da segunda palestra\n\t\t\t\t<\/dd><\/dl><dl class='gallery-item'>\n\t\t\t<dt class='gallery-icon landscape'>\n\t\t\t\t<a href='https:\/\/wp.ufpel.edu.br\/lapramec\/projetos\/projetos-de-extensao\/cpma-ciclo-de-palestra-de-maquinas-agricolas\/232-2\/2%c2%aapalestra-cartaz-quente-gilson\/'><img loading=\"lazy\" decoding=\"async\" width=\"150\" height=\"150\" src=\"https:\/\/wp.ufpel.edu.br\/lapramec\/files\/2010\/11\/2\u00aapalestra-Cartaz-quente-Gilson-150x150.jpg\" class=\"attachment-thumbnail size-thumbnail\" alt=\"\" aria-describedby=\"gallery-1-234\" \/><\/a>\n\t\t\t<\/dt>\n\t\t\t\t<dd class='wp-caption-text gallery-caption' id='gallery-1-234'>\n\t\t\t\tFigura 2 &#8211; Cartaz da segunda palestra\n\t\t\t\t<\/dd><\/dl><dl class='gallery-item'>\n\t\t\t<dt class='gallery-icon landscape'>\n\t\t\t\t<a href='https:\/\/wp.ufpel.edu.br\/lapramec\/projetos\/projetos-de-extensao\/cpma-ciclo-de-palestra-de-maquinas-agricolas\/232-2\/grafico-1-2\/'><img loading=\"lazy\" decoding=\"async\" width=\"150\" height=\"150\" src=\"https:\/\/wp.ufpel.edu.br\/lapramec\/files\/2010\/11\/grafico-11-150x150.jpg\" class=\"attachment-thumbnail size-thumbnail\" alt=\"\" aria-describedby=\"gallery-1-235\" \/><\/a>\n\t\t\t<\/dt>\n\t\t\t\t<dd class='wp-caption-text gallery-caption' id='gallery-1-235'>\n\t\t\t\tGr\u00e1fico 1 &#8211; Avalia\u00e7\u00e3o do tema da palestra\n\t\t\t\t<\/dd><\/dl><br style=\"clear: both\" \/><dl class='gallery-item'>\n\t\t\t<dt class='gallery-icon landscape'>\n\t\t\t\t<a href='https:\/\/wp.ufpel.edu.br\/lapramec\/projetos\/projetos-de-extensao\/cpma-ciclo-de-palestra-de-maquinas-agricolas\/232-2\/grafico-2-2\/'><img loading=\"lazy\" decoding=\"async\" width=\"150\" height=\"150\" src=\"https:\/\/wp.ufpel.edu.br\/lapramec\/files\/2010\/11\/grafico-21-150x150.jpg\" class=\"attachment-thumbnail size-thumbnail\" alt=\"\" aria-describedby=\"gallery-1-236\" \/><\/a>\n\t\t\t<\/dt>\n\t\t\t\t<dd class='wp-caption-text gallery-caption' id='gallery-1-236'>\n\t\t\t\tGr\u00e1fico 2 &#8211; avalia\u00e7\u00e3o do palestrante\n\t\t\t\t<\/dd><\/dl><dl class='gallery-item'>\n\t\t\t<dt class='gallery-icon landscape'>\n\t\t\t\t<a href='https:\/\/wp.ufpel.edu.br\/lapramec\/projetos\/projetos-de-extensao\/cpma-ciclo-de-palestra-de-maquinas-agricolas\/232-2\/grafico-3-2\/'><img loading=\"lazy\" decoding=\"async\" width=\"150\" height=\"150\" src=\"https:\/\/wp.ufpel.edu.br\/lapramec\/files\/2010\/11\/grafico-31-150x150.jpg\" class=\"attachment-thumbnail size-thumbnail\" alt=\"\" aria-describedby=\"gallery-1-237\" \/><\/a>\n\t\t\t<\/dt>\n\t\t\t\t<dd class='wp-caption-text gallery-caption' id='gallery-1-237'>\n\t\t\t\tGr\u00e1fico 3 &#8211; Avalia\u00e7\u00e3o do evento\n\t\t\t\t<\/dd><\/dl>\n\t\t\t<br style='clear: both' \/>\n\t\t<\/div>\n<br \/>\n<\/strong><\/p>\n","protected":false},"excerpt":{"rendered":"<p>A segunda palestra do CPMA foi proferida pelo Prof. Dr Angelo Vieira dos Reis do Departaemtno de Engenharia Rural da Universidade Federal de Pelotas &#8211; UFPEL. A Paletra foi intitulada Acidentes com Tratores Agr\u00edcolas e teve a presen\u00e7a de 102 participantes. Dados da Palestra: Nome da Palestra: Acidentes com Tratores Agr\u00edcolas Palestrante: Prof. Dr Angelo [&hellip;]<\/p>\n","protected":false},"author":62,"featured_media":0,"parent":177,"menu_order":2,"comment_status":"closed","ping_status":"open","template":"","meta":{"footnotes":""},"class_list":["post-232","page","type-page","status-publish","hentry"],"_links":{"self":[{"href":"https:\/\/wp.ufpel.edu.br\/lapramec\/wp-json\/wp\/v2\/pages\/232","targetHints":{"allow":["GET"]}}],"collection":[{"href":"https:\/\/wp.ufpel.edu.br\/lapramec\/wp-json\/wp\/v2\/pages"}],"about":[{"href":"https:\/\/wp.ufpel.edu.br\/lapramec\/wp-json\/wp\/v2\/types\/page"}],"author":[{"embeddable":true,"href":"https:\/\/wp.ufpel.edu.br\/lapramec\/wp-json\/wp\/v2\/users\/62"}],"replies":[{"embeddable":true,"href":"https:\/\/wp.ufpel.edu.br\/lapramec\/wp-json\/wp\/v2\/comments?post=232"}],"version-history":[{"count":4,"href":"https:\/\/wp.ufpel.edu.br\/lapramec\/wp-json\/wp\/v2\/pages\/232\/revisions"}],"predecessor-version":[{"id":241,"href":"https:\/\/wp.ufpel.edu.br\/lapramec\/wp-json\/wp\/v2\/pages\/232\/revisions\/241"}],"up":[{"embeddable":true,"href":"https:\/\/wp.ufpel.edu.br\/lapramec\/wp-json\/wp\/v2\/pages\/177"}],"wp:attachment":[{"href":"https:\/\/wp.ufpel.edu.br\/lapramec\/wp-json\/wp\/v2\/media?parent=232"}],"curies":[{"name":"wp","href":"https:\/\/api.w.org\/{rel}","templated":true}]}}