{"id":208,"date":"2010-11-25T13:24:29","date_gmt":"2010-11-25T16:24:29","guid":{"rendered":"https:\/\/wp.ufpel.edu.br\/lapramec\/"},"modified":"2010-11-25T14:36:30","modified_gmt":"2010-11-25T17:36:30","slug":"projeto-de-produto-uma-aplicacao-em-maquinas-agricolas","status":"publish","type":"page","link":"https:\/\/wp.ufpel.edu.br\/lapramec\/projetos\/projetos-de-extensao\/cpma-ciclo-de-palestra-de-maquinas-agricolas\/projeto-de-produto-uma-aplicacao-em-maquinas-agricolas\/","title":{"rendered":"Projeto de Produto: Uma aplica\u00e7\u00e3o em M\u00e1quinas Agr\u00edcolas"},"content":{"rendered":"<p><em>A primeira palestra do CPMA foi proferida pelo <strong>Prof. Dr Jo\u00e3o Carlos Linhares<\/strong> do Departaemtno de Engenharia Mec\u00e2nica da Universidade Federal de Santa Maria &#8211; UFSM. A Paletra foi intitulada <strong>Projeto de Produto: Uma aplica\u00e7\u00e3o em M\u00e1quinas Agr\u00edcolas<\/strong> e teve a presen\u00e7a de 102 participantes.<\/em><\/p>\n<p style=\"text-align: center\"><strong>Dados da Palestra:<\/strong><\/p>\n<p>Nome da Palestra: <strong>Projeto de Produto: Uma aplica\u00e7\u00e3o em M\u00e1quinas Agr\u00edcolas<\/strong><\/p>\n<p>Palestrante: <strong>Prof. Dr. Jo\u00e3o Carlos Linhares (UFSM)<\/strong><\/p>\n<p>Data: 29\/04\/2010<\/p>\n<p>Hor\u00e1rio: 12:00<\/p>\n<p>Local: Sala 13 (Antigo Pr\u00e9dio da Reitoria)<\/p>\n<p style=\"text-align: center\"><strong><strong>Avalia\u00e7\u00e3o do evento<\/strong><\/strong><\/p>\n<p>Para avaliar a palestra foram entregue question\u00e1rios elaborados  especificamente para esta finalidade e aplicados aos participantes  presentes, onde foram considerados o tema e demais aspectos abordados na  palestra ministrada.<\/p>\n<p><img decoding=\"async\" src=\"\/Users\/Vaio\/AppData\/Local\/Temp\/moz-screenshot-1.png\" alt=\"\" \/><\/p>\n<p style=\"text-align: center\"><strong>Abaixo s\u00e3o apresentados as fotos do evento e alguns dados da avalia\u00e7\u00e3o do evento.<\/strong><\/p>\n<p style=\"text-align: center\"><strong> <\/strong><\/p>\n<p><strong><strong><strong>\n\t\t<style type=\"text\/css\">\n\t\t\t#gallery-1 {\n\t\t\t\tmargin: auto;\n\t\t\t}\n\t\t\t#gallery-1 .gallery-item {\n\t\t\t\tfloat: left;\n\t\t\t\tmargin-top: 10px;\n\t\t\t\ttext-align: center;\n\t\t\t\twidth: 33%;\n\t\t\t}\n\t\t\t#gallery-1 img {\n\t\t\t\tborder: 2px solid #cfcfcf;\n\t\t\t}\n\t\t\t#gallery-1 .gallery-caption {\n\t\t\t\tmargin-left: 0;\n\t\t\t}\n\t\t\t\/* see gallery_shortcode() in wp-includes\/media.php *\/\n\t\t<\/style>\n\t\t<div id='gallery-1' class='gallery galleryid-208 gallery-columns-3 gallery-size-thumbnail'><dl class='gallery-item'>\n\t\t\t<dt class='gallery-icon portrait'>\n\t\t\t\t<a href='https:\/\/wp.ufpel.edu.br\/lapramec\/projetos\/projetos-de-extensao\/cpma-ciclo-de-palestra-de-maquinas-agricolas\/projeto-de-produto-uma-aplicacao-em-maquinas-agricolas\/banner-ciclo-de-palestra-de-maquinas-agricolas2-1\/'><img loading=\"lazy\" decoding=\"async\" width=\"150\" height=\"150\" src=\"https:\/\/wp.ufpel.edu.br\/lapramec\/files\/2010\/11\/Banner-Ciclo-de-Palestra-de-M\u00e1quinas-Agr\u00edcolas2-1-150x150.jpg\" class=\"attachment-thumbnail size-thumbnail\" alt=\"\" aria-describedby=\"gallery-1-209\" \/><\/a>\n\t\t\t<\/dt>\n\t\t\t\t<dd class='wp-caption-text gallery-caption' id='gallery-1-209'>\n\t\t\t\tFigura 1 &#8211; Banner da Primeira Palestra\n\t\t\t\t<\/dd><\/dl><dl class='gallery-item'>\n\t\t\t<dt class='gallery-icon landscape'>\n\t\t\t\t<a href='https:\/\/wp.ufpel.edu.br\/lapramec\/projetos\/projetos-de-extensao\/cpma-ciclo-de-palestra-de-maquinas-agricolas\/projeto-de-produto-uma-aplicacao-em-maquinas-agricolas\/cartaz\/'><img loading=\"lazy\" decoding=\"async\" width=\"150\" height=\"150\" src=\"https:\/\/wp.ufpel.edu.br\/lapramec\/files\/2010\/11\/cartaz-150x150.jpg\" class=\"attachment-thumbnail size-thumbnail\" alt=\"\" aria-describedby=\"gallery-1-210\" \/><\/a>\n\t\t\t<\/dt>\n\t\t\t\t<dd class='wp-caption-text gallery-caption' id='gallery-1-210'>\n\t\t\t\tFigura 2 &#8211; Cartaz da Primeira Palestra\n\t\t\t\t<\/dd><\/dl><dl class='gallery-item'>\n\t\t\t<dt class='gallery-icon landscape'>\n\t\t\t\t<a href='https:\/\/wp.ufpel.edu.br\/lapramec\/projetos\/projetos-de-extensao\/cpma-ciclo-de-palestra-de-maquinas-agricolas\/projeto-de-produto-uma-aplicacao-em-maquinas-agricolas\/dsc04712\/'><img loading=\"lazy\" decoding=\"async\" width=\"150\" height=\"150\" src=\"https:\/\/wp.ufpel.edu.br\/lapramec\/files\/2010\/11\/DSC04712-150x150.jpg\" class=\"attachment-thumbnail size-thumbnail\" alt=\"\" aria-describedby=\"gallery-1-212\" \/><\/a>\n\t\t\t<\/dt>\n\t\t\t\t<dd class='wp-caption-text gallery-caption' id='gallery-1-212'>\n\t\t\t\tFigura 3 &#8211; Palestra de Inaugura\u00e7\u00e3o do CPMA com grande p\u00fablico\n\t\t\t\t<\/dd><\/dl><br style=\"clear: both\" \/><dl class='gallery-item'>\n\t\t\t<dt class='gallery-icon landscape'>\n\t\t\t\t<a href='https:\/\/wp.ufpel.edu.br\/lapramec\/projetos\/projetos-de-extensao\/cpma-ciclo-de-palestra-de-maquinas-agricolas\/projeto-de-produto-uma-aplicacao-em-maquinas-agricolas\/dsc04723\/'><img loading=\"lazy\" decoding=\"async\" width=\"150\" height=\"150\" src=\"https:\/\/wp.ufpel.edu.br\/lapramec\/files\/2010\/11\/DSC04723-150x150.jpg\" class=\"attachment-thumbnail size-thumbnail\" alt=\"\" aria-describedby=\"gallery-1-213\" \/><\/a>\n\t\t\t<\/dt>\n\t\t\t\t<dd class='wp-caption-text gallery-caption' id='gallery-1-213'>\n\t\t\t\tFigura 4 &#8211; Palestrante e equipe organizadora\n\t\t\t\t<\/dd><\/dl><dl class='gallery-item'>\n\t\t\t<dt class='gallery-icon landscape'>\n\t\t\t\t<a href='https:\/\/wp.ufpel.edu.br\/lapramec\/projetos\/projetos-de-extensao\/cpma-ciclo-de-palestra-de-maquinas-agricolas\/projeto-de-produto-uma-aplicacao-em-maquinas-agricolas\/grafico-1\/'><img loading=\"lazy\" decoding=\"async\" width=\"150\" height=\"150\" src=\"https:\/\/wp.ufpel.edu.br\/lapramec\/files\/2010\/11\/grafico-1-150x150.jpg\" class=\"attachment-thumbnail size-thumbnail\" alt=\"\" aria-describedby=\"gallery-1-220\" \/><\/a>\n\t\t\t<\/dt>\n\t\t\t\t<dd class='wp-caption-text gallery-caption' id='gallery-1-220'>\n\t\t\t\tGr\u00e1fico 1 &#8211; Avalia\u00e7\u00e3o do tema da palestra\n\t\t\t\t<\/dd><\/dl><dl class='gallery-item'>\n\t\t\t<dt class='gallery-icon landscape'>\n\t\t\t\t<a href='https:\/\/wp.ufpel.edu.br\/lapramec\/projetos\/projetos-de-extensao\/cpma-ciclo-de-palestra-de-maquinas-agricolas\/projeto-de-produto-uma-aplicacao-em-maquinas-agricolas\/grafico-2\/'><img loading=\"lazy\" decoding=\"async\" width=\"150\" height=\"150\" src=\"https:\/\/wp.ufpel.edu.br\/lapramec\/files\/2010\/11\/grafico-2-150x150.jpg\" class=\"attachment-thumbnail size-thumbnail\" alt=\"\" aria-describedby=\"gallery-1-221\" \/><\/a>\n\t\t\t<\/dt>\n\t\t\t\t<dd class='wp-caption-text gallery-caption' id='gallery-1-221'>\n\t\t\t\tFigura 2 &#8211; Avalia\u00e7\u00e3o do palestrante\n\t\t\t\t<\/dd><\/dl><br style=\"clear: both\" \/><dl class='gallery-item'>\n\t\t\t<dt class='gallery-icon landscape'>\n\t\t\t\t<a href='https:\/\/wp.ufpel.edu.br\/lapramec\/projetos\/projetos-de-extensao\/cpma-ciclo-de-palestra-de-maquinas-agricolas\/projeto-de-produto-uma-aplicacao-em-maquinas-agricolas\/grafico-3\/'><img loading=\"lazy\" decoding=\"async\" width=\"150\" height=\"150\" src=\"https:\/\/wp.ufpel.edu.br\/lapramec\/files\/2010\/11\/grafico-3-150x150.jpg\" class=\"attachment-thumbnail size-thumbnail\" alt=\"\" aria-describedby=\"gallery-1-222\" \/><\/a>\n\t\t\t<\/dt>\n\t\t\t\t<dd class='wp-caption-text gallery-caption' id='gallery-1-222'>\n\t\t\t\tFigura 3 &#8211; Avalia\u00e7\u00e3o do evento\n\t\t\t\t<\/dd><\/dl><dl class='gallery-item'>\n\t\t\t<dt class='gallery-icon landscape'>\n\t\t\t\t<a href='https:\/\/wp.ufpel.edu.br\/lapramec\/projetos\/projetos-de-extensao\/cpma-ciclo-de-palestra-de-maquinas-agricolas\/projeto-de-produto-uma-aplicacao-em-maquinas-agricolas\/grafico-4\/'><img loading=\"lazy\" decoding=\"async\" width=\"150\" height=\"150\" src=\"https:\/\/wp.ufpel.edu.br\/lapramec\/files\/2010\/11\/grafico-4-150x150.jpg\" class=\"attachment-thumbnail size-thumbnail\" alt=\"\" aria-describedby=\"gallery-1-223\" \/><\/a>\n\t\t\t<\/dt>\n\t\t\t\t<dd class='wp-caption-text gallery-caption' id='gallery-1-223'>\n\t\t\t\tGr\u00e1fico 4 &#8211; Contato com m\u00e1quinas agr\u00edcolas\n\t\t\t\t<\/dd><\/dl>\n\t\t\t<br style='clear: both' \/>\n\t\t<\/div>\n<\/p>\n<p><\/strong><\/strong><\/strong><\/p>\n<p><strong><strong><strong> <\/strong><\/strong><\/strong><\/p>\n<p><strong><strong><strong> <\/strong><\/strong><\/strong><\/p>\n<p><strong><strong><strong> <\/strong><\/strong><\/strong><\/p>\n<p><strong><strong><strong> <\/strong><\/strong><\/strong><\/p>\n<p><strong><strong><strong> <\/strong><\/strong><\/strong><\/p>\n<p style=\"text-align: center\">\n","protected":false},"excerpt":{"rendered":"<p>A primeira palestra do CPMA foi proferida pelo Prof. Dr Jo\u00e3o Carlos Linhares do Departaemtno de Engenharia Mec\u00e2nica da Universidade Federal de Santa Maria &#8211; UFSM. A Paletra foi intitulada Projeto de Produto: Uma aplica\u00e7\u00e3o em M\u00e1quinas Agr\u00edcolas e teve a presen\u00e7a de 102 participantes. Dados da Palestra: Nome da Palestra: Projeto de Produto: Uma [&hellip;]<\/p>\n","protected":false},"author":62,"featured_media":0,"parent":177,"menu_order":1,"comment_status":"closed","ping_status":"open","template":"","meta":{"footnotes":""},"class_list":["post-208","page","type-page","status-publish","hentry"],"_links":{"self":[{"href":"https:\/\/wp.ufpel.edu.br\/lapramec\/wp-json\/wp\/v2\/pages\/208","targetHints":{"allow":["GET"]}}],"collection":[{"href":"https:\/\/wp.ufpel.edu.br\/lapramec\/wp-json\/wp\/v2\/pages"}],"about":[{"href":"https:\/\/wp.ufpel.edu.br\/lapramec\/wp-json\/wp\/v2\/types\/page"}],"author":[{"embeddable":true,"href":"https:\/\/wp.ufpel.edu.br\/lapramec\/wp-json\/wp\/v2\/users\/62"}],"replies":[{"embeddable":true,"href":"https:\/\/wp.ufpel.edu.br\/lapramec\/wp-json\/wp\/v2\/comments?post=208"}],"version-history":[{"count":9,"href":"https:\/\/wp.ufpel.edu.br\/lapramec\/wp-json\/wp\/v2\/pages\/208\/revisions"}],"predecessor-version":[{"id":216,"href":"https:\/\/wp.ufpel.edu.br\/lapramec\/wp-json\/wp\/v2\/pages\/208\/revisions\/216"}],"up":[{"embeddable":true,"href":"https:\/\/wp.ufpel.edu.br\/lapramec\/wp-json\/wp\/v2\/pages\/177"}],"wp:attachment":[{"href":"https:\/\/wp.ufpel.edu.br\/lapramec\/wp-json\/wp\/v2\/media?parent=208"}],"curies":[{"name":"wp","href":"https:\/\/api.w.org\/{rel}","templated":true}]}}