{"id":2,"date":"2010-06-18T09:36:18","date_gmt":"2010-06-18T12:36:18","guid":{"rendered":""},"modified":"2011-06-06T19:10:20","modified_gmt":"2011-06-06T22:10:20","slug":"sobre","status":"publish","type":"page","link":"https:\/\/wp.ufpel.edu.br\/lapramec\/sobre\/","title":{"rendered":"Sobre o LAPRAMEC"},"content":{"rendered":"<p>A Revitaliza\u00e7\u00e3o do laborat\u00f3rio de praticas mec\u00e2nicas da UFPel iniciou no ano de 2009, com o objetivo de levar aos alunos do centro de engenharia um maior contato te\u00f3rico\/pr\u00e1tico com assuntos referentes \u00e0 mecaniza\u00e7\u00e3o agr\u00edcola.<\/p>\n<p><a href=\"https:\/\/wp.ufpel.edu.br\/lapramec\/files\/2010\/06\/DSC01017.jpg\"><img loading=\"lazy\" decoding=\"async\" class=\"aligncenter size-large wp-image-331\" src=\"https:\/\/wp.ufpel.edu.br\/lapramec\/files\/2010\/06\/DSC01017-1024x768.jpg\" alt=\"\" width=\"500\" height=\"375\" srcset=\"https:\/\/wp.ufpel.edu.br\/lapramec\/files\/2010\/06\/DSC01017-1024x768.jpg 1024w, https:\/\/wp.ufpel.edu.br\/lapramec\/files\/2010\/06\/DSC01017-300x225.jpg 300w\" sizes=\"auto, (max-width: 500px) 100vw, 500px\" \/><\/a><\/p>\n","protected":false},"excerpt":{"rendered":"<p>A Revitaliza\u00e7\u00e3o do laborat\u00f3rio de praticas mec\u00e2nicas da UFPel iniciou no ano de 2009, com o objetivo de levar aos alunos do centro de engenharia um maior contato te\u00f3rico\/pr\u00e1tico com assuntos referentes \u00e0 mecaniza\u00e7\u00e3o agr\u00edcola.<\/p>\n","protected":false},"author":62,"featured_media":0,"parent":0,"menu_order":1,"comment_status":"closed","ping_status":"open","template":"","meta":{"footnotes":""},"class_list":["post-2","page","type-page","status-publish","hentry"],"_links":{"self":[{"href":"https:\/\/wp.ufpel.edu.br\/lapramec\/wp-json\/wp\/v2\/pages\/2","targetHints":{"allow":["GET"]}}],"collection":[{"href":"https:\/\/wp.ufpel.edu.br\/lapramec\/wp-json\/wp\/v2\/pages"}],"about":[{"href":"https:\/\/wp.ufpel.edu.br\/lapramec\/wp-json\/wp\/v2\/types\/page"}],"author":[{"embeddable":true,"href":"https:\/\/wp.ufpel.edu.br\/lapramec\/wp-json\/wp\/v2\/users\/62"}],"replies":[{"embeddable":true,"href":"https:\/\/wp.ufpel.edu.br\/lapramec\/wp-json\/wp\/v2\/comments?post=2"}],"version-history":[{"count":6,"href":"https:\/\/wp.ufpel.edu.br\/lapramec\/wp-json\/wp\/v2\/pages\/2\/revisions"}],"predecessor-version":[{"id":14,"href":"https:\/\/wp.ufpel.edu.br\/lapramec\/wp-json\/wp\/v2\/pages\/2\/revisions\/14"}],"wp:attachment":[{"href":"https:\/\/wp.ufpel.edu.br\/lapramec\/wp-json\/wp\/v2\/media?parent=2"}],"curies":[{"name":"wp","href":"https:\/\/api.w.org\/{rel}","templated":true}]}}