{"id":177,"date":"2010-11-22T12:28:01","date_gmt":"2010-11-22T15:28:01","guid":{"rendered":"https:\/\/wp.ufpel.edu.br\/lapramec\/"},"modified":"2011-04-12T22:29:16","modified_gmt":"2011-04-13T01:29:16","slug":"cpma-ciclo-de-palestra-de-maquinas-agricolas","status":"publish","type":"page","link":"https:\/\/wp.ufpel.edu.br\/lapramec\/projetos\/projetos-de-extensao\/cpma-ciclo-de-palestra-de-maquinas-agricolas\/","title":{"rendered":"CPMA &#8211; Ciclo de Palestra de M\u00e1quinas Agr\u00edcolas"},"content":{"rendered":"<p>O Ciclo Permanente de Palestras de M\u00e1quinas Agr\u00edcolas (CPMA) \u00e9 uma atividade que visa oportunizar atrav\u00e9s de palestras ministradas por professores, pesquisadores e profissionais que atuam na \u00e1rea, abordagens sobre temas relevantes para o setor de m\u00e1quinas agr\u00edcolas, proporcionado informa\u00e7\u00f5es e subs\u00eddios aos acad\u00eamicos e comunidade em geral, apresentando um panorama do setor, considerando avan\u00e7os tecnol\u00f3gicos, atualiza\u00e7\u00f5es e o cen\u00e1rio atual do setor. Desta forma espera-se contribuir na forma\u00e7\u00e3o dos acad\u00eamicos, podendo contemplar atrav\u00e9s dessa atividade extracurricular alguns aspectos relacionados diretamente ao mercado de atua\u00e7\u00e3o dos futuros Engenheiros agr\u00edcolas. Al\u00e9m de propiciar um f\u00f3rum permanente de discuss\u00f5es e debates sobre o setor de m\u00e1quinas agr\u00edcolas, envolvendo acad\u00eamicos, pesquisadores, professores, profissionais e comunidade em geral.<\/p>\n<p>A primeira edi\u00e7\u00e3o do CPMA foi comtemplada com as seguintes Palestras:<\/p>\n<p><a href=\"https:\/\/wp.ufpel.edu.br\/lapramec\/projetos-de-extensao\/cpma-ciclo-de-palestra-de-maquinas-agricolas\/projeto-de-produto-uma-aplicacao-em-maquinas-agricolas\/\">Projeto de Produto: Uma aplica\u00e7\u00e3o em M\u00e1quinas Agr\u00edcolas<\/a><\/p>\n<p><a href=\"https:\/\/wp.ufpel.edu.br\/lapramec\/projetos-de-extensao\/cpma-ciclo-de-palestra-de-maquinas-agricolas\/232-2\/\">Acidentes com Tratores Agr\u00edcolas<\/a><\/p>\n<p><a href=\"https:\/\/wp.ufpel.edu.br\/lapramec\/projetos-de-extensao\/cpma-ciclo-de-palestra-de-maquinas-agricolas\/mecanizacao-agricola-manutencao-preventiva\/\"><strong>Mecaniza\u00e7\u00e3o Agr\u00edcola: Manuten\u00e7\u00e3o Preventiva<\/strong><\/a><\/p>\n<p><a href=\"https:\/\/wp.ufpel.edu.br\/lapramec\/projetos-de-extensao\/cpma-ciclo-de-palestra-de-maquinas-agricolas\/gerenciamento-de-maquinas-agricolas\/\">Gerenciamento de M\u00e1quinas Agr\u00edcolas<\/a><\/p>\n<p style=\"text-align: center\"><strong>Para a realiza\u00e7\u00e3o destas palestras contamos com o patroc\u00ednio das seguintes empresas:<\/strong><\/p>\n\n\t\t<style type=\"text\/css\">\n\t\t\t#gallery-1 {\n\t\t\t\tmargin: auto;\n\t\t\t}\n\t\t\t#gallery-1 .gallery-item {\n\t\t\t\tfloat: left;\n\t\t\t\tmargin-top: 10px;\n\t\t\t\ttext-align: center;\n\t\t\t\twidth: 33%;\n\t\t\t}\n\t\t\t#gallery-1 img {\n\t\t\t\tborder: 2px solid #cfcfcf;\n\t\t\t}\n\t\t\t#gallery-1 .gallery-caption {\n\t\t\t\tmargin-left: 0;\n\t\t\t}\n\t\t\t\/* see gallery_shortcode() in wp-includes\/media.php *\/\n\t\t<\/style>\n\t\t<div id='gallery-1' class='gallery galleryid-177 gallery-columns-3 gallery-size-thumbnail'><dl class='gallery-item'>\n\t\t\t<dt class='gallery-icon landscape'>\n\t\t\t\t<a href='https:\/\/wp.ufpel.edu.br\/lapramec\/projetos\/projetos-de-extensao\/cpma-ciclo-de-palestra-de-maquinas-agricolas\/patrocinio-0\/'><img loading=\"lazy\" decoding=\"async\" width=\"150\" height=\"150\" src=\"https:\/\/wp.ufpel.edu.br\/lapramec\/files\/2010\/11\/Patrocinio-0-150x150.jpg\" class=\"attachment-thumbnail size-thumbnail\" alt=\"\" \/><\/a>\n\t\t\t<\/dt><\/dl><dl class='gallery-item'>\n\t\t\t<dt class='gallery-icon landscape'>\n\t\t\t\t<a href='https:\/\/wp.ufpel.edu.br\/lapramec\/projetos\/projetos-de-extensao\/cpma-ciclo-de-palestra-de-maquinas-agricolas\/patrocinio-1\/'><img loading=\"lazy\" decoding=\"async\" width=\"150\" height=\"150\" src=\"https:\/\/wp.ufpel.edu.br\/lapramec\/files\/2010\/11\/Patrocinio-1-150x150.jpg\" class=\"attachment-thumbnail size-thumbnail\" alt=\"\" \/><\/a>\n\t\t\t<\/dt><\/dl><dl class='gallery-item'>\n\t\t\t<dt class='gallery-icon landscape'>\n\t\t\t\t<a href='https:\/\/wp.ufpel.edu.br\/lapramec\/projetos\/projetos-de-extensao\/cpma-ciclo-de-palestra-de-maquinas-agricolas\/patrocinio-2\/'><img loading=\"lazy\" decoding=\"async\" width=\"150\" height=\"150\" src=\"https:\/\/wp.ufpel.edu.br\/lapramec\/files\/2010\/11\/Patrocinio-2-150x150.jpg\" class=\"attachment-thumbnail size-thumbnail\" alt=\"\" \/><\/a>\n\t\t\t<\/dt><\/dl><br style=\"clear: both\" \/><dl class='gallery-item'>\n\t\t\t<dt class='gallery-icon landscape'>\n\t\t\t\t<a href='https:\/\/wp.ufpel.edu.br\/lapramec\/projetos\/projetos-de-extensao\/cpma-ciclo-de-palestra-de-maquinas-agricolas\/patrocinio-3\/'><img loading=\"lazy\" decoding=\"async\" width=\"150\" height=\"150\" src=\"https:\/\/wp.ufpel.edu.br\/lapramec\/files\/2010\/11\/Patrocinio-3-150x150.jpg\" class=\"attachment-thumbnail size-thumbnail\" alt=\"\" \/><\/a>\n\t\t\t<\/dt><\/dl><dl class='gallery-item'>\n\t\t\t<dt class='gallery-icon landscape'>\n\t\t\t\t<a href='https:\/\/wp.ufpel.edu.br\/lapramec\/projetos\/projetos-de-extensao\/cpma-ciclo-de-palestra-de-maquinas-agricolas\/patrocinio-4\/'><img loading=\"lazy\" decoding=\"async\" width=\"150\" height=\"150\" src=\"https:\/\/wp.ufpel.edu.br\/lapramec\/files\/2010\/11\/Patrocinio-4-150x150.jpg\" class=\"attachment-thumbnail size-thumbnail\" alt=\"\" \/><\/a>\n\t\t\t<\/dt><\/dl><dl class='gallery-item'>\n\t\t\t<dt class='gallery-icon portrait'>\n\t\t\t\t<a href='https:\/\/wp.ufpel.edu.br\/lapramec\/projetos\/projetos-de-extensao\/cpma-ciclo-de-palestra-de-maquinas-agricolas\/patrocinio-5\/'><img loading=\"lazy\" decoding=\"async\" width=\"150\" height=\"150\" src=\"https:\/\/wp.ufpel.edu.br\/lapramec\/files\/2010\/11\/Patrocinio-5-150x150.jpg\" class=\"attachment-thumbnail size-thumbnail\" alt=\"\" \/><\/a>\n\t\t\t<\/dt><\/dl><br style=\"clear: both\" \/>\n\t\t<\/div>\n\n","protected":false},"excerpt":{"rendered":"<p>O Ciclo Permanente de Palestras de M\u00e1quinas Agr\u00edcolas (CPMA) \u00e9 uma atividade que visa oportunizar atrav\u00e9s de palestras ministradas por professores, pesquisadores e profissionais que atuam na \u00e1rea, abordagens sobre temas relevantes para o setor de m\u00e1quinas agr\u00edcolas, proporcionado informa\u00e7\u00f5es e subs\u00eddios aos acad\u00eamicos e comunidade em geral, apresentando um panorama do setor, considerando avan\u00e7os [&hellip;]<\/p>\n","protected":false},"author":62,"featured_media":0,"parent":175,"menu_order":1,"comment_status":"closed","ping_status":"open","template":"","meta":{"footnotes":""},"class_list":["post-177","page","type-page","status-publish","hentry"],"_links":{"self":[{"href":"https:\/\/wp.ufpel.edu.br\/lapramec\/wp-json\/wp\/v2\/pages\/177","targetHints":{"allow":["GET"]}}],"collection":[{"href":"https:\/\/wp.ufpel.edu.br\/lapramec\/wp-json\/wp\/v2\/pages"}],"about":[{"href":"https:\/\/wp.ufpel.edu.br\/lapramec\/wp-json\/wp\/v2\/types\/page"}],"author":[{"embeddable":true,"href":"https:\/\/wp.ufpel.edu.br\/lapramec\/wp-json\/wp\/v2\/users\/62"}],"replies":[{"embeddable":true,"href":"https:\/\/wp.ufpel.edu.br\/lapramec\/wp-json\/wp\/v2\/comments?post=177"}],"version-history":[{"count":12,"href":"https:\/\/wp.ufpel.edu.br\/lapramec\/wp-json\/wp\/v2\/pages\/177\/revisions"}],"predecessor-version":[{"id":179,"href":"https:\/\/wp.ufpel.edu.br\/lapramec\/wp-json\/wp\/v2\/pages\/177\/revisions\/179"}],"up":[{"embeddable":true,"href":"https:\/\/wp.ufpel.edu.br\/lapramec\/wp-json\/wp\/v2\/pages\/175"}],"wp:attachment":[{"href":"https:\/\/wp.ufpel.edu.br\/lapramec\/wp-json\/wp\/v2\/media?parent=177"}],"curies":[{"name":"wp","href":"https:\/\/api.w.org\/{rel}","templated":true}]}}