{"id":16,"date":"2010-06-21T22:30:03","date_gmt":"2010-06-22T01:30:03","guid":{"rendered":"https:\/\/wp.ufpel.edu.br\/lapramec\/?page_id=16"},"modified":"2013-11-25T16:18:51","modified_gmt":"2013-11-25T18:18:51","slug":"integrantes","status":"publish","type":"page","link":"https:\/\/wp.ufpel.edu.br\/lapramec\/integrantes\/","title":{"rendered":"Equipe"},"content":{"rendered":"<p><strong>Coordenador:<\/strong><\/p>\n<ul>\n<li><strong><a href=\"http:\/\/lattes.cnpq.br\/6907519513433053\" target=\"_blank\">Carlos Ant\u00f4nio da Costa Tillmann<\/a><\/strong><\/li>\n<\/ul>\n<p><a href=\"https:\/\/wp.ufpel.edu.br\/lapramec\/files\/2010\/06\/servletrecuperafoto1.jpg\"><img loading=\"lazy\" decoding=\"async\" class=\"alignleft size-thumbnail wp-image-388\" alt=\"\" src=\"https:\/\/wp.ufpel.edu.br\/lapramec\/files\/2010\/06\/servletrecuperafoto1-150x150.jpg\" width=\"93\" height=\"96\" \/><\/a><\/p>\n<p>Gradua\u00e7\u00e3o no Curso de Engenharia Agr\u00edcola pela Universidade Federal de Pelotas (1988), Mestrado em M\u00e1quinas Agr\u00edcolas pela Escola Superior de Agricultura Luiz de Queiroz &#8211; USP (1994) e Doutorado em Ci\u00eancia e Tecnologia de Sementes pela Universidade Federal de Pelotas (2006). Atualmente \u00e9 professor adjunto da Universidade Federal de Pelotas. Tem experi\u00eancia na \u00e1rea de Engenharia Agr\u00edcola, com \u00eanfase em M\u00e1quinas Agr\u00edcolas e Mecaniza\u00e7\u00e3o, atuando principalmente nos seguintes temas: Projeto de M\u00e1quinas Agr\u00edcolas, Motores Agr\u00edcolas, Biocombust\u00edveis: Biodiesel, Unidade de Beneficiamento de Gr\u00e3os e Sementes, M\u00e1quinas Agr\u00edcolas: Perdas na colheita, Produ\u00e7\u00e3o Integrada e Gest\u00e3o da Qualidade.<\/p>\n<p><strong>Docentes:<\/strong><\/p>\n<p><strong><a title=\"Lattes\" href=\"http:\/\/lattes.cnpq.br\/1455474364995693\" target=\"_blank\">Gilson Porci\u00fancula<\/a><\/strong><\/p>\n<p><strong><img loading=\"lazy\" decoding=\"async\" class=\"alignleft size-thumbnail wp-image-48\" alt=\"site lapramec\" src=\"https:\/\/wp.ufpel.edu.br\/lapramec\/files\/2010\/06\/site-lapramec-150x150.jpg\" width=\"90\" height=\"90\" \/><\/strong>Doutor em Engenharia Mec\u00e2nica pela UFSC &#8211; Universidade Federal de Santa Catarina, possui mestrado em Engenharia Mec\u00e2nica pela UFSC (2002), gradua\u00e7\u00e3o em Engenharia Agr\u00edcola pela UFPEL &#8211; Universidade Federal de Pelotas (1999) e Curso de T\u00e9cnico em Mec\u00e2nica Ind\u00fastrial pelo CEFET-RS &#8211; Centro Federal de Educa\u00e7\u00e3o Tecnol\u00f3gica de Pelotas (1998).\u00a0 Tem experi\u00eancia na \u00e1rea de Engenharia Mec\u00e2nica, com \u00eanfase em An\u00e1lise e Projeto Mec\u00e2nico. E tem seu tema de doutorado na \u00e1rea de An\u00e1lise de Confiabilidade de Sistemas Autom\u00e1ticos. Atualmente atua como professor Adjunto na Universidade Federal de Pelotas no Departamento de Engenharia Agr\u00edcola na \u00e1rea de M\u00e1quinas Agr\u00edcolas.<\/p>\n<ul>\n<li><strong><a href=\"http:\/\/lattes.cnpq.br\/6907519513433053\" target=\"_blank\">Carlos Ant\u00f4nio da Costa Tillmann<\/a><\/strong><\/li>\n<li><strong><a href=\"http:\/\/lattes.cnpq.br\/3635196498269478\" target=\"_self\">Amauri Cruz Esp\u00edrito Santo<\/a><\/strong><\/li>\n<li><strong><a href=\"http:\/\/lattes.cnpq.br\/8111862145962893\" target=\"_blank\">Wolmer Brod Perez<\/a><\/strong><\/li>\n<li><strong><a href=\"http:\/\/lattes.cnpq.br\/0628273244376679\" target=\"_blank\">Elton Butierres<\/a><\/strong><\/li>\n<\/ul>\n<p><strong>Discentes:<\/strong><\/p>\n<ul>\n<li><strong>Alexandre Cherobini Dalmolin<\/strong><\/li>\n<li><strong>Amauri Grava Brazil Junior<\/strong><\/li>\n<li><strong>Dener Calderipe<\/strong><\/li>\n<li><strong><a href=\"http:\/\/buscatextual.cnpq.br\/buscatextual\/visualizacv.do?id=K4442822A8\" target=\"_blank\">Henrique\u00a0 Levien<\/a><\/strong><\/li>\n<li><strong>Lauro Soares Ribeiro<\/strong><\/li>\n<li><strong><a href=\"http:\/\/buscatextual.cnpq.br\/buscatextual\/visualizacv.do?id=K4240138P0\" target=\"_blank\">Marcos Valle Bueno<\/a><\/strong><\/li>\n<\/ul>\n","protected":false},"excerpt":{"rendered":"<p>Coordenador: Carlos Ant\u00f4nio da Costa Tillmann Gradua\u00e7\u00e3o no Curso de Engenharia Agr\u00edcola pela Universidade Federal de Pelotas (1988), Mestrado em M\u00e1quinas Agr\u00edcolas pela Escola Superior de Agricultura Luiz de Queiroz &#8211; USP (1994) e Doutorado em Ci\u00eancia e Tecnologia de Sementes pela Universidade Federal de Pelotas (2006). Atualmente \u00e9 professor adjunto da Universidade Federal de [&hellip;]<\/p>\n","protected":false},"author":62,"featured_media":0,"parent":0,"menu_order":2,"comment_status":"closed","ping_status":"closed","template":"","meta":{"footnotes":""},"class_list":["post-16","page","type-page","status-publish","hentry"],"_links":{"self":[{"href":"https:\/\/wp.ufpel.edu.br\/lapramec\/wp-json\/wp\/v2\/pages\/16","targetHints":{"allow":["GET"]}}],"collection":[{"href":"https:\/\/wp.ufpel.edu.br\/lapramec\/wp-json\/wp\/v2\/pages"}],"about":[{"href":"https:\/\/wp.ufpel.edu.br\/lapramec\/wp-json\/wp\/v2\/types\/page"}],"author":[{"embeddable":true,"href":"https:\/\/wp.ufpel.edu.br\/lapramec\/wp-json\/wp\/v2\/users\/62"}],"replies":[{"embeddable":true,"href":"https:\/\/wp.ufpel.edu.br\/lapramec\/wp-json\/wp\/v2\/comments?post=16"}],"version-history":[{"count":21,"href":"https:\/\/wp.ufpel.edu.br\/lapramec\/wp-json\/wp\/v2\/pages\/16\/revisions"}],"predecessor-version":[{"id":489,"href":"https:\/\/wp.ufpel.edu.br\/lapramec\/wp-json\/wp\/v2\/pages\/16\/revisions\/489"}],"wp:attachment":[{"href":"https:\/\/wp.ufpel.edu.br\/lapramec\/wp-json\/wp\/v2\/media?parent=16"}],"curies":[{"name":"wp","href":"https:\/\/api.w.org\/{rel}","templated":true}]}}