{"id":143,"date":"2010-11-19T08:36:03","date_gmt":"2010-11-19T11:36:03","guid":{"rendered":"https:\/\/wp.ufpel.edu.br\/lapramec\/"},"modified":"2010-11-22T23:36:38","modified_gmt":"2010-11-23T02:36:38","slug":"teses","status":"publish","type":"page","link":"https:\/\/wp.ufpel.edu.br\/lapramec\/publicacoes\/teses\/","title":{"rendered":"Teses"},"content":{"rendered":"<ul>\n<li><strong><em>Teses<\/em><\/strong><\/li>\n<\/ul>\n<p><a title=\"Tese Porci\u00fancula\" href=\"https:\/\/docs.google.com\/viewer?a=v&amp;pid=explorer&amp;chrome=true&amp;srcid=0Bz7Q7hNYyG7_NWU3ZDMxMTMtMzk1Yy00ZjczLThkYjMtYzk1NmM2NTc2YWVi&amp;hl=pt_BR&amp;authkey=CLyW6_sG\" target=\"_blank\">Metodologia para An\u00e1lise de Confiabilidade no Projeto de Sistemas Autom\u00e1ticos. PORCI\u00daNCULA, G.S.. 2009<\/a><\/p>\n","protected":false},"excerpt":{"rendered":"<p>Teses Metodologia para An\u00e1lise de Confiabilidade no Projeto de Sistemas Autom\u00e1ticos. PORCI\u00daNCULA, G.S.. 2009<\/p>\n","protected":false},"author":62,"featured_media":0,"parent":124,"menu_order":1,"comment_status":"closed","ping_status":"open","template":"","meta":{"footnotes":""},"class_list":["post-143","page","type-page","status-publish","hentry"],"_links":{"self":[{"href":"https:\/\/wp.ufpel.edu.br\/lapramec\/wp-json\/wp\/v2\/pages\/143","targetHints":{"allow":["GET"]}}],"collection":[{"href":"https:\/\/wp.ufpel.edu.br\/lapramec\/wp-json\/wp\/v2\/pages"}],"about":[{"href":"https:\/\/wp.ufpel.edu.br\/lapramec\/wp-json\/wp\/v2\/types\/page"}],"author":[{"embeddable":true,"href":"https:\/\/wp.ufpel.edu.br\/lapramec\/wp-json\/wp\/v2\/users\/62"}],"replies":[{"embeddable":true,"href":"https:\/\/wp.ufpel.edu.br\/lapramec\/wp-json\/wp\/v2\/comments?post=143"}],"version-history":[{"count":6,"href":"https:\/\/wp.ufpel.edu.br\/lapramec\/wp-json\/wp\/v2\/pages\/143\/revisions"}],"predecessor-version":[{"id":172,"href":"https:\/\/wp.ufpel.edu.br\/lapramec\/wp-json\/wp\/v2\/pages\/143\/revisions\/172"}],"up":[{"embeddable":true,"href":"https:\/\/wp.ufpel.edu.br\/lapramec\/wp-json\/wp\/v2\/pages\/124"}],"wp:attachment":[{"href":"https:\/\/wp.ufpel.edu.br\/lapramec\/wp-json\/wp\/v2\/media?parent=143"}],"curies":[{"name":"wp","href":"https:\/\/api.w.org\/{rel}","templated":true}]}}