{"id":141,"date":"2010-11-19T08:35:19","date_gmt":"2010-11-19T11:35:19","guid":{"rendered":"https:\/\/wp.ufpel.edu.br\/lapramec\/"},"modified":"2010-11-22T23:36:57","modified_gmt":"2010-11-23T02:36:57","slug":"dissertacoes","status":"publish","type":"page","link":"https:\/\/wp.ufpel.edu.br\/lapramec\/publicacoes\/dissertacoes\/","title":{"rendered":"Disserta\u00e7\u00f5es"},"content":{"rendered":"<ul>\n<li><strong><em>Disserta\u00e7\u00f5es<\/em><\/strong><\/li>\n<\/ul>\n<p><a title=\"Disserta\u00e7\u00e3o Porci\u00fancula\" href=\"https:\/\/docs.google.com\/viewer?a=v&amp;pid=explorer&amp;chrome=true&amp;srcid=0Bz7Q7hNYyG7_NTE0YTAzOWEtMDNlOC00MjRiLWFiNWUtM2VlNzAwMmE1ZDlh&amp;hl=pt_BR&amp;authkey=COfZ_PEL\" target=\"_blank\">Estudo da Viabilidade de um M\u00e9todo de Restaura\u00e7\u00e3o de Dutos Utilizando Materiais Compostos. PORCI\u00daNCULA, G. S..2001 <\/a><\/p>\n","protected":false},"excerpt":{"rendered":"<p>Disserta\u00e7\u00f5es Estudo da Viabilidade de um M\u00e9todo de Restaura\u00e7\u00e3o de Dutos Utilizando Materiais Compostos. PORCI\u00daNCULA, G. S..2001<\/p>\n","protected":false},"author":62,"featured_media":0,"parent":124,"menu_order":2,"comment_status":"closed","ping_status":"open","template":"","meta":{"footnotes":""},"class_list":["post-141","page","type-page","status-publish","hentry"],"_links":{"self":[{"href":"https:\/\/wp.ufpel.edu.br\/lapramec\/wp-json\/wp\/v2\/pages\/141","targetHints":{"allow":["GET"]}}],"collection":[{"href":"https:\/\/wp.ufpel.edu.br\/lapramec\/wp-json\/wp\/v2\/pages"}],"about":[{"href":"https:\/\/wp.ufpel.edu.br\/lapramec\/wp-json\/wp\/v2\/types\/page"}],"author":[{"embeddable":true,"href":"https:\/\/wp.ufpel.edu.br\/lapramec\/wp-json\/wp\/v2\/users\/62"}],"replies":[{"embeddable":true,"href":"https:\/\/wp.ufpel.edu.br\/lapramec\/wp-json\/wp\/v2\/comments?post=141"}],"version-history":[{"count":5,"href":"https:\/\/wp.ufpel.edu.br\/lapramec\/wp-json\/wp\/v2\/pages\/141\/revisions"}],"predecessor-version":[{"id":184,"href":"https:\/\/wp.ufpel.edu.br\/lapramec\/wp-json\/wp\/v2\/pages\/141\/revisions\/184"}],"up":[{"embeddable":true,"href":"https:\/\/wp.ufpel.edu.br\/lapramec\/wp-json\/wp\/v2\/pages\/124"}],"wp:attachment":[{"href":"https:\/\/wp.ufpel.edu.br\/lapramec\/wp-json\/wp\/v2\/media?parent=141"}],"curies":[{"name":"wp","href":"https:\/\/api.w.org\/{rel}","templated":true}]}}