{"id":114,"date":"2010-11-09T15:59:31","date_gmt":"2010-11-09T18:59:31","guid":{"rendered":"https:\/\/wp.ufpel.edu.br\/lapramec\/"},"modified":"2012-12-27T03:14:14","modified_gmt":"2012-12-27T03:14:14","slug":"projetos-de-pesquisas","status":"publish","type":"page","link":"https:\/\/wp.ufpel.edu.br\/lapramec\/projetos\/projetos-de-pesquisas\/","title":{"rendered":"Projetos de Pesquisas"},"content":{"rendered":"<p style=\"text-align: center\"><strong><a href=\"http:\/\/mapsmag.ufpel.edu.br\/code\/index.php\/home\" target=\"_blank\"><img loading=\"lazy\" decoding=\"async\" class=\"aligncenter size-medium wp-image-115\" src=\"https:\/\/wp.ufpel.edu.br\/lapramec\/files\/2010\/11\/logoalterado-300x41.png\" alt=\"\" width=\"458\" height=\"62\" srcset=\"https:\/\/wp.ufpel.edu.br\/lapramec\/files\/2010\/11\/logoalterado-300x41.png 300w, https:\/\/wp.ufpel.edu.br\/lapramec\/files\/2010\/11\/logoalterado-1024x141.png 1024w\" sizes=\"auto, (max-width: 458px) 100vw, 458px\" \/><\/a><br \/>\n<\/strong><\/p>\n<p style=\"text-align: left\">O <strong>MAPSMAG<\/strong> (Mapeamento do Cen\u00e1rio do Setor de M\u00e1quinas Agr\u00edcolas no Estado do Rio Grande Do Sul) \u00e9 um sistema digital desenvolvido atrav\u00e9s de projeto de pesquisa ligado \u00e0 Faculdade de Engenharia Agr\u00edcola da UFPel, que possui como objetivo mapear o setor de m\u00e1quinas e implementos agr\u00edcolas no estado do Rio Grande do Sul, baseado em suas mesorregi\u00f5es. Esse sistema tem como intuito fornecer informa\u00e7\u00f5es sobre a distribui\u00e7\u00e3o das ind\u00fastrias, empresas de revendas e concession\u00e1rias de m\u00e1quinas e implementos agr\u00edcolas do estado, que atendam desde pequeno agricultor at\u00e9 os grandes empres\u00e1rios do agroneg\u00f3cio. O objetivo \u00e9 organizar as informa\u00e7\u00f5es de forma que este sistema auxilie as tomadas de decis\u00f5es dos gestores das entidades p\u00fablicas e privadas, produtores, empres\u00e1rios, estudantes e pesquisadores interessados no setor.<\/p>\n","protected":false},"excerpt":{"rendered":"<p>O MAPSMAG (Mapeamento do Cen\u00e1rio do Setor de M\u00e1quinas Agr\u00edcolas no Estado do Rio Grande Do Sul) \u00e9 um sistema digital desenvolvido atrav\u00e9s de projeto de pesquisa ligado \u00e0 Faculdade de Engenharia Agr\u00edcola da UFPel, que possui como objetivo mapear o setor de m\u00e1quinas e implementos agr\u00edcolas no estado do Rio Grande do Sul, baseado [&hellip;]<\/p>\n","protected":false},"author":62,"featured_media":0,"parent":407,"menu_order":5,"comment_status":"closed","ping_status":"open","template":"","meta":{"footnotes":""},"class_list":["post-114","page","type-page","status-publish","hentry"],"_links":{"self":[{"href":"https:\/\/wp.ufpel.edu.br\/lapramec\/wp-json\/wp\/v2\/pages\/114","targetHints":{"allow":["GET"]}}],"collection":[{"href":"https:\/\/wp.ufpel.edu.br\/lapramec\/wp-json\/wp\/v2\/pages"}],"about":[{"href":"https:\/\/wp.ufpel.edu.br\/lapramec\/wp-json\/wp\/v2\/types\/page"}],"author":[{"embeddable":true,"href":"https:\/\/wp.ufpel.edu.br\/lapramec\/wp-json\/wp\/v2\/users\/62"}],"replies":[{"embeddable":true,"href":"https:\/\/wp.ufpel.edu.br\/lapramec\/wp-json\/wp\/v2\/comments?post=114"}],"version-history":[{"count":12,"href":"https:\/\/wp.ufpel.edu.br\/lapramec\/wp-json\/wp\/v2\/pages\/114\/revisions"}],"predecessor-version":[{"id":117,"href":"https:\/\/wp.ufpel.edu.br\/lapramec\/wp-json\/wp\/v2\/pages\/114\/revisions\/117"}],"up":[{"embeddable":true,"href":"https:\/\/wp.ufpel.edu.br\/lapramec\/wp-json\/wp\/v2\/pages\/407"}],"wp:attachment":[{"href":"https:\/\/wp.ufpel.edu.br\/lapramec\/wp-json\/wp\/v2\/media?parent=114"}],"curies":[{"name":"wp","href":"https:\/\/api.w.org\/{rel}","templated":true}]}}