{"id":40,"date":"2018-04-12T15:14:06","date_gmt":"2018-04-12T18:14:06","guid":{"rendered":"https:\/\/wp.ufpel.edu.br\/lapol\/?page_id=40"},"modified":"2018-04-17T10:54:33","modified_gmt":"2018-04-17T13:54:33","slug":"alunos-de-iniciacao-cientifica","status":"publish","type":"page","link":"https:\/\/wp.ufpel.edu.br\/lapol\/quem-somos\/alunos-de-iniciacao-cientifica\/","title":{"rendered":"Alunos de Inicia\u00e7\u00e3o Cient\u00edfica"},"content":{"rendered":"<p><strong>Gabriel Monteiro Cholant<\/strong><\/p>\n<p>Projetos em desenvolvimento: Obten\u00e7\u00e3o de comp\u00f3sitos polim\u00e9ricos refor\u00e7ados com celulose obtida a partir da casca de arroz.<\/p>\n<p>V\u00ednculo: Graduando<\/p>\n<p>Curr\u00edculo:\u00a0<strong>http:\/\/lattes.cnpq.br\/5767449450910898<\/strong><\/p>\n<p><strong>Paulo Roberto dos Reis da Rosa<\/strong><\/p>\n<p>Projetos em desenvolvimento: Desenvolvimento de filmes de nanoc\u00f3mpositos de PEAD\/nanocristais de celulose para aplica\u00e7\u00e3o em embalagens.<\/p>\n<p>Influ\u00eancia da adi\u00e7\u00e3o de argila na dispers\u00e3o de nanotubos de carbono e na propriedades de nanocomp\u00f3sitos de blendas de PC\/ABS\/MWCNT.<\/p>\n<p>V\u00ednculo: Graduando<\/p>\n<p>Curr\u00edculo:\u00a0\u00a0<a href=\"http:\/\/lattes.cnpq.br\/4337001508854057\">http:\/\/lattes.cnpq.br\/4337001508854057<\/a><\/p>\n<p><strong>Thiago\u00a0Czermainski\u00a0Gon\u00e7alves Alves<\/strong><\/p>\n<p>Projetos em desenvolvimento: Revaloriza\u00e7\u00e3o de res\u00edduos polim\u00e9ricos atrav\u00e9s da produ\u00e7\u00e3o de blendas contendo materiais biodegrad\u00e1veis.<\/p>\n<p>V\u00ednculo: Graduando<\/p>\n<p>Curr\u00edculo:\u00a0<a href=\"http:\/\/lattes.cnpq.br\/6902714673580561\">http:\/\/lattes.cnpq.br\/6902714673580561<\/a><\/p>\n<p><strong>Matheus Alves Rodrigues<\/strong><\/p>\n<p>Projeto em desenvolvimento:\u00a0\u00a0Revaloriza\u00e7\u00e3o de res\u00edduos polim\u00e9ricos atrav\u00e9s da produ\u00e7\u00e3o de blendas contendo materiais biodegrad\u00e1veis.<\/p>\n<p>V\u00ednculo:\u00a0Graduando<\/p>\n<p>Curr\u00edculo:\u00a0<a href=\"http:\/\/lattes.cnpq.br\/1810951913072850\">http:\/\/lattes.cnpq.br\/1810951913072850<\/a><\/p>\n<p><strong>Pedro Ivo Moreno de Oliveira<\/strong><\/p>\n<p>Projetos em desenvolvimento: Estudo da obten\u00e7\u00e3o de aditivos provenientes de fontes renov\u00e1veis para materiais polim\u00e9ricos.<\/p>\n<p>V\u00ednculo:\u00a0Graduando<\/p>\n<p>Curr\u00edculo:\u00a0<a href=\"http:\/\/lattes.cnpq.br\/8944400682154700\">http:\/\/lattes.cnpq.br\/8944400682154700<\/a><\/p>\n<p><strong>Sheila Regina Costa Croche<\/strong><\/p>\n<div>\n<div>Projetos em desenvolvimento: Aplica\u00e7\u00e3o de Nanocelulose em embalagens de alimentos.<\/div>\n<div><\/div>\n<div>V\u00ednculo: Graduando<\/div>\n<div><\/div>\n<\/div>\n<div>Curr\u00edculo:\u00a0<a href=\"http:\/\/lattes.cnpq.br\/8338220239483313\">http:\/\/lattes.cnpq.br\/8338220239483313<\/a><\/div>\n<div><\/div>\n<div><\/div>\n<div><\/div>\n","protected":false},"excerpt":{"rendered":"<p>Gabriel Monteiro Cholant Projetos em desenvolvimento: Obten\u00e7\u00e3o de comp\u00f3sitos polim\u00e9ricos refor\u00e7ados com celulose obtida a partir da casca de arroz. V\u00ednculo: Graduando Curr\u00edculo:\u00a0http:\/\/lattes.cnpq.br\/5767449450910898 Paulo Roberto dos Reis da Rosa Projetos em desenvolvimento: Desenvolvimento de filmes de nanoc\u00f3mpositos de PEAD\/nanocristais de celulose para aplica\u00e7\u00e3o em embalagens. Influ\u00eancia da adi\u00e7\u00e3o de argila na dispers\u00e3o de nanotubos de &hellip; <a href=\"https:\/\/wp.ufpel.edu.br\/lapol\/quem-somos\/alunos-de-iniciacao-cientifica\/\" class=\"more-link\">Continuar lendo <span class=\"screen-reader-text\">Alunos de Inicia\u00e7\u00e3o Cient\u00edfica<\/span><\/a><\/p>\n","protected":false},"author":850,"featured_media":0,"parent":13,"menu_order":1,"comment_status":"closed","ping_status":"closed","template":"","meta":{"footnotes":""},"class_list":["post-40","page","type-page","status-publish","hentry"],"_links":{"self":[{"href":"https:\/\/wp.ufpel.edu.br\/lapol\/wp-json\/wp\/v2\/pages\/40","targetHints":{"allow":["GET"]}}],"collection":[{"href":"https:\/\/wp.ufpel.edu.br\/lapol\/wp-json\/wp\/v2\/pages"}],"about":[{"href":"https:\/\/wp.ufpel.edu.br\/lapol\/wp-json\/wp\/v2\/types\/page"}],"author":[{"embeddable":true,"href":"https:\/\/wp.ufpel.edu.br\/lapol\/wp-json\/wp\/v2\/users\/850"}],"replies":[{"embeddable":true,"href":"https:\/\/wp.ufpel.edu.br\/lapol\/wp-json\/wp\/v2\/comments?post=40"}],"version-history":[{"count":9,"href":"https:\/\/wp.ufpel.edu.br\/lapol\/wp-json\/wp\/v2\/pages\/40\/revisions"}],"predecessor-version":[{"id":77,"href":"https:\/\/wp.ufpel.edu.br\/lapol\/wp-json\/wp\/v2\/pages\/40\/revisions\/77"}],"up":[{"embeddable":true,"href":"https:\/\/wp.ufpel.edu.br\/lapol\/wp-json\/wp\/v2\/pages\/13"}],"wp:attachment":[{"href":"https:\/\/wp.ufpel.edu.br\/lapol\/wp-json\/wp\/v2\/media?parent=40"}],"curies":[{"name":"wp","href":"https:\/\/api.w.org\/{rel}","templated":true}]}}