{"id":32,"date":"2018-04-12T15:06:03","date_gmt":"2018-04-12T18:06:03","guid":{"rendered":"https:\/\/wp.ufpel.edu.br\/lapol\/?page_id=32"},"modified":"2018-04-17T10:43:14","modified_gmt":"2018-04-17T13:43:14","slug":"alunos-mestrado","status":"publish","type":"page","link":"https:\/\/wp.ufpel.edu.br\/lapol\/quem-somos\/alunos-mestrado\/","title":{"rendered":"Alunos Mestrado"},"content":{"rendered":"<p><strong>Jonas Eichelberger Granada<\/strong><\/p>\n<p>Projeto de pesquisa: Influ\u00eancia da adi\u00e7\u00e3o de nanocargas h\u00edbridas nas propriedades de nanocomp\u00f3sitos baseados em blendas de PC\/ABS.<\/p>\n<p>Curr\u00edculo:\u00a0<a href=\"http:\/\/lattes.cnpq.br\/9964572977071953\">http:\/\/lattes.cnpq.br\/9964572977071953<\/a><\/p>\n<p><strong>Mariane Weirich Bosenbecker<\/strong><\/p>\n<p>Projeto em Desenvolvimento: Desenvolvimento de Filmes de Nanocomp\u00f3sitos de Polietileno de Alta Densidade (PEAD)\/Nanocristais de Celulose para Aplica\u00e7\u00e3o em Embalagens.<\/p>\n<p>Curr\u00edculo Lattes:\u00a0\u00a0<a href=\"https:\/\/wwws.cnpq.br\/cvlattesweb\/PKG_MENU.menu?f_cod=EEE445FE43F77E15FB2E42452A2A4D2A\">http:\/\/lattes.cnpq.br\/9152183641193135<\/a><\/p>\n<p><strong>Gabriela Escobar Hochmuller da Silva<\/strong><\/p>\n<p>Projetos em desenvolvimento: S\u00edntese de nanotubos em substrato de argila por CVD visando a melhoria das propriedades mec\u00e2nicas da blenda de PC\/ABS.<\/p>\n<p>Curr\u00edculo:<a href=\"http:\/\/lattes.cnpq.br\/6872778927356685\"> http:\/\/lattes.cnpq.br\/6872778927356685<\/a><\/p>\n","protected":false},"excerpt":{"rendered":"<p>Jonas Eichelberger Granada Projeto de pesquisa: Influ\u00eancia da adi\u00e7\u00e3o de nanocargas h\u00edbridas nas propriedades de nanocomp\u00f3sitos baseados em blendas de PC\/ABS. Curr\u00edculo:\u00a0http:\/\/lattes.cnpq.br\/9964572977071953 Mariane Weirich Bosenbecker Projeto em Desenvolvimento: Desenvolvimento de Filmes de Nanocomp\u00f3sitos de Polietileno de Alta Densidade (PEAD)\/Nanocristais de Celulose para Aplica\u00e7\u00e3o em Embalagens. Curr\u00edculo Lattes:\u00a0\u00a0http:\/\/lattes.cnpq.br\/9152183641193135 Gabriela Escobar Hochmuller da Silva Projetos em desenvolvimento: &hellip; <a href=\"https:\/\/wp.ufpel.edu.br\/lapol\/quem-somos\/alunos-mestrado\/\" class=\"more-link\">Continuar lendo <span class=\"screen-reader-text\">Alunos Mestrado<\/span><\/a><\/p>\n","protected":false},"author":850,"featured_media":0,"parent":13,"menu_order":2,"comment_status":"closed","ping_status":"closed","template":"","meta":{"footnotes":""},"class_list":["post-32","page","type-page","status-publish","hentry"],"_links":{"self":[{"href":"https:\/\/wp.ufpel.edu.br\/lapol\/wp-json\/wp\/v2\/pages\/32","targetHints":{"allow":["GET"]}}],"collection":[{"href":"https:\/\/wp.ufpel.edu.br\/lapol\/wp-json\/wp\/v2\/pages"}],"about":[{"href":"https:\/\/wp.ufpel.edu.br\/lapol\/wp-json\/wp\/v2\/types\/page"}],"author":[{"embeddable":true,"href":"https:\/\/wp.ufpel.edu.br\/lapol\/wp-json\/wp\/v2\/users\/850"}],"replies":[{"embeddable":true,"href":"https:\/\/wp.ufpel.edu.br\/lapol\/wp-json\/wp\/v2\/comments?post=32"}],"version-history":[{"count":5,"href":"https:\/\/wp.ufpel.edu.br\/lapol\/wp-json\/wp\/v2\/pages\/32\/revisions"}],"predecessor-version":[{"id":72,"href":"https:\/\/wp.ufpel.edu.br\/lapol\/wp-json\/wp\/v2\/pages\/32\/revisions\/72"}],"up":[{"embeddable":true,"href":"https:\/\/wp.ufpel.edu.br\/lapol\/wp-json\/wp\/v2\/pages\/13"}],"wp:attachment":[{"href":"https:\/\/wp.ufpel.edu.br\/lapol\/wp-json\/wp\/v2\/media?parent=32"}],"curies":[{"name":"wp","href":"https:\/\/api.w.org\/{rel}","templated":true}]}}