{"id":225,"date":"2021-04-18T21:32:01","date_gmt":"2021-04-19T00:32:01","guid":{"rendered":"https:\/\/wp.ufpel.edu.br\/lapol\/?page_id=225"},"modified":"2022-09-14T18:18:28","modified_gmt":"2022-09-14T21:18:28","slug":"colaboradores-e-instituicoes-parceiras","status":"publish","type":"page","link":"https:\/\/wp.ufpel.edu.br\/lapol\/colaboradores-e-instituicoes-parceiras\/","title":{"rendered":"Colaboradores e Institui\u00e7\u00f5es Parceiras"},"content":{"rendered":"<p>Dr. Cesar Augusto Gon\u00e7alves Beatrice: P\u00f3s-doutorando do Programa de P\u00f3s-gradua\u00e7\u00e3o em Ci\u00eancia e Engenharia de Materiais, Universidade Federal de S\u00e3o Carlos (UFSCar).<\/p>\n<p>Profa. Dra. Edcleide Maria Ara\u00fajo: Professora da Universidade Federal de Campina Grande, curso de Engenharia de Materiais<\/p>\n<p>Prof. Dr. Eduardo Ceretta Moreira: Professor da Universidade Federal do Pampa.<\/p>\n<p>Prof. Dr. Fabio Roberto Passador: Professor da Universidade Federal de S\u00e3o Paulo (UNIFESP), Instituto de Ci\u00eancia e Tecnologia.<\/p>\n<p>Prof. Dr. Jos\u00e9 Henrique Alano: Professor da Universidade Federal de Rio Grande (FURG), Escola de Engenharia.<\/p>\n<p>Prof. Dr. Juliano Marini: Professor da Universidade Federal de S\u00e3o Carlos, curso de Engenharia de Materiais.<\/p>\n<p>Prof. Dr. Luiz Antonio Pessan: Professor da Universidade Federal de S\u00e3o Carlos, curso de Engenharia de Materiais.<\/p>\n<p>Prof. Dr. Neftal\u00ed Lenin Villarreal Carre\u00f1o:\u00a0 Professor da Universidade Federal de Pelotas, curso de Engenharia de Materiais &#8211; CDTec.<\/p>\n<p>Profa. Dra. Renata Barbosa: Professora da Universidade Federal do Piau\u00ed, curso de Engenharia de Materiais.<\/p>\n<p>Profa. Dra. Tatianny Soares Alves: Professora da Universidade Federal do Piau\u00ed, curso de Engenharia de Materiais.<\/p>\n<p>&nbsp;<\/p>\n","protected":false},"excerpt":{"rendered":"<p>Dr. Cesar Augusto Gon\u00e7alves Beatrice: P\u00f3s-doutorando do Programa de P\u00f3s-gradua\u00e7\u00e3o em Ci\u00eancia e Engenharia de Materiais, Universidade Federal de S\u00e3o Carlos (UFSCar). Profa. Dra. Edcleide Maria Ara\u00fajo: Professora da Universidade Federal de Campina Grande, curso de Engenharia de Materiais Prof. Dr. Eduardo Ceretta Moreira: Professor da Universidade Federal do Pampa. Prof. Dr. Fabio Roberto Passador: &hellip; <a href=\"https:\/\/wp.ufpel.edu.br\/lapol\/colaboradores-e-instituicoes-parceiras\/\" class=\"more-link\">Continuar lendo <span class=\"screen-reader-text\">Colaboradores e Institui\u00e7\u00f5es Parceiras<\/span><\/a><\/p>\n","protected":false},"author":850,"featured_media":0,"parent":0,"menu_order":0,"comment_status":"closed","ping_status":"closed","template":"","meta":{"footnotes":""},"class_list":["post-225","page","type-page","status-publish","hentry"],"_links":{"self":[{"href":"https:\/\/wp.ufpel.edu.br\/lapol\/wp-json\/wp\/v2\/pages\/225","targetHints":{"allow":["GET"]}}],"collection":[{"href":"https:\/\/wp.ufpel.edu.br\/lapol\/wp-json\/wp\/v2\/pages"}],"about":[{"href":"https:\/\/wp.ufpel.edu.br\/lapol\/wp-json\/wp\/v2\/types\/page"}],"author":[{"embeddable":true,"href":"https:\/\/wp.ufpel.edu.br\/lapol\/wp-json\/wp\/v2\/users\/850"}],"replies":[{"embeddable":true,"href":"https:\/\/wp.ufpel.edu.br\/lapol\/wp-json\/wp\/v2\/comments?post=225"}],"version-history":[{"count":3,"href":"https:\/\/wp.ufpel.edu.br\/lapol\/wp-json\/wp\/v2\/pages\/225\/revisions"}],"predecessor-version":[{"id":425,"href":"https:\/\/wp.ufpel.edu.br\/lapol\/wp-json\/wp\/v2\/pages\/225\/revisions\/425"}],"wp:attachment":[{"href":"https:\/\/wp.ufpel.edu.br\/lapol\/wp-json\/wp\/v2\/media?parent=225"}],"curies":[{"name":"wp","href":"https:\/\/api.w.org\/{rel}","templated":true}]}}