{"id":13,"date":"2018-04-12T14:00:06","date_gmt":"2018-04-12T17:00:06","guid":{"rendered":"https:\/\/wp.ufpel.edu.br\/lapol\/?page_id=13"},"modified":"2022-09-14T20:47:42","modified_gmt":"2022-09-14T23:47:42","slug":"quem-somos","status":"publish","type":"page","link":"https:\/\/wp.ufpel.edu.br\/lapol\/quem-somos\/","title":{"rendered":"Quem somos"},"content":{"rendered":"<p><strong>Professores respons\u00e1v<\/strong><strong>eis:<\/strong><\/p>\n<p><strong><img loading=\"lazy\" decoding=\"async\" class=\"alignnone wp-image-169 size-thumbnail\" src=\"https:\/\/wp.ufpel.edu.br\/lapol\/files\/2021\/04\/173660488_3680849588703878_3882710755765518047_n-1-200x200.jpg\" alt=\"\" width=\"200\" height=\"200\" srcset=\"https:\/\/wp.ufpel.edu.br\/lapol\/files\/2021\/04\/173660488_3680849588703878_3882710755765518047_n-1-200x200.jpg 200w, https:\/\/wp.ufpel.edu.br\/lapol\/files\/2021\/04\/173660488_3680849588703878_3882710755765518047_n-1-398x400.jpg 398w, https:\/\/wp.ufpel.edu.br\/lapol\/files\/2021\/04\/173660488_3680849588703878_3882710755765518047_n-1-1020x1024.jpg 1020w, https:\/\/wp.ufpel.edu.br\/lapol\/files\/2021\/04\/173660488_3680849588703878_3882710755765518047_n-1-768x771.jpg 768w, https:\/\/wp.ufpel.edu.br\/lapol\/files\/2021\/04\/173660488_3680849588703878_3882710755765518047_n-1-1530x1536.jpg 1530w, https:\/\/wp.ufpel.edu.br\/lapol\/files\/2021\/04\/173660488_3680849588703878_3882710755765518047_n-1.jpg 2007w\" sizes=\"auto, (max-width: 200px) 100vw, 200px\" \/>\u00a0\u00a0\u00a0\u00a0\u00a0\u00a0\u00a0\u00a0\u00a0\u00a0\u00a0\u00a0\u00a0\u00a0\u00a0\u00a0\u00a0\u00a0\u00a0\u00a0\u00a0\u00a0\u00a0\u00a0\u00a0\u00a0\u00a0\u00a0\u00a0\u00a0\u00a0\u00a0\u00a0\u00a0\u00a0\u00a0\u00a0\u00a0\u00a0\u00a0\u00a0\u00a0\u00a0\u00a0\u00a0\u00a0\u00a0\u00a0\u00a0\u00a0\u00a0\u00a0\u00a0\u00a0\u00a0\u00a0\u00a0\u00a0\u00a0\u00a0\u00a0\u00a0\u00a0\u00a0\u00a0\u00a0\u00a0\u00a0\u00a0\u00a0\u00a0\u00a0\u00a0\u00a0\u00a0\u00a0\u00a0\u00a0\u00a0\u00a0\u00a0\u00a0\u00a0\u00a0\u00a0\u00a0\u00a0 <\/strong><\/p>\n<p style=\"text-align: justify;\"><strong>A<\/strong><strong>manda Dantas de Oliveira <\/strong><br \/>\nAtualmente \u00e9 Diretora Adjunta do Centro e Desenvolvimento Tecnol\u00f3gico e professora do curso de Engenharia de Materiais da UFPel. Possui gradua\u00e7\u00e3o em Engenharia de Materiais pela Universidade Federal de Campina Grande (2006), mestrado em Ci\u00eancia e Engenharia de Materiais (CAPES 7) pela Universidade Federal de S\u00e3o Carlos (2009) e doutorado em Ci\u00eancia e Engenharia de Materiais (CAPES 7) pela Universidade Federal de S\u00e3o Carlos (2014). Tem experi\u00eancia na \u00e1rea de Engenharia de Materiais, com \u00eanfase em Pol\u00edmeros e Aplica\u00e7\u00f5es, atuando principalmente nos seguintes temas: blendas e nanocomp\u00f3sitos polim\u00e9ricos, materiais comp\u00f3sitos, biocomp\u00f3sitos, s\u00edntese de pol\u00edmeros, processamento de materiais polim\u00e9ricos, sistemas compatibilizantes.<\/p>\n<p>e-mails: adoliveira@ufpel.edu.br; amandaoliveira82@gmail.com<br \/>\nCurr\u00edculo Lattes: http:\/\/lattes.cnpq.br\/0010723066123700<\/p>\n<p><img loading=\"lazy\" decoding=\"async\" class=\"alignnone wp-image-416\" src=\"https:\/\/wp.ufpel.edu.br\/lapol\/files\/2022\/09\/andre.png\" alt=\"\" width=\"159\" height=\"255\" \/><\/p>\n<p style=\"text-align: justify;\"><strong>Andr\u00e9 Luiz Missio<\/strong><br \/>\nProfessor do Curso de Engenharia de Materiais, Centro de Desenvolvimento Tecnol\u00f3gico (CDTec) da Universidade Federal de Pelotas (UFPel). Engenheiro Industrial Madeireiro formado pela Universidade Federal de Pelotas (2012), possui mestrado (2014) e doutorado (2017) em Engenharia Florestal pela Universidade Federal de Santa Maria na \u00e1rea de Tecnologia de Produtos Florestais. Realizou doutorado sanduiche na Salzburg University of Applied Science &#8211; \u00c1ustria e est\u00e1gio de p\u00f3s-doutorado na Aalto University &#8211; Finl\u00e2ndia no departamento de Bioprodutos e Biosistemas (BiCMat). Atualmente, vinculado aos Programas de P\u00f3s-Gradua\u00e7\u00e3o em Ci\u00eancia e Engenharia de Materiais (PPGCEM) e Ci\u00eancias Ambientais (PPGCAmb) da UFPel, desenvolve pesquisas e projetos na \u00e1rea de novos materiais sustent\u00e1veis, com \u00eanfase em taninos, nanocelulose, separa\u00e7\u00e3o e purifica\u00e7\u00e3o de materiais lignocelul\u00f3sicos e comp\u00f3sitos polim\u00e9ricos.<\/p>\n<p>e-mails: andre.missio@ufpel.edu.br; andreluizmissio@gmail.com<br \/>\nCurr\u00edculo Lattes: http:\/\/lattes.cnpq.br\/6923877786371495<\/p>\n<h4><strong>Alunos de Gradua\u00e7\u00e3o:<br \/>\n<\/strong><\/h4>\n<p><strong>Eduarda Vieira Silva<\/strong><br \/>\nGraduanda do curso de Engenharia de Materiais da Universidade Federal de Pelotas. Bolsista de Inicia\u00e7\u00e3o Cient\u00edfica<br \/>\nLattes: http:\/\/lattes.cnpq.br\/1614250724422518<br \/>\n<img loading=\"lazy\" decoding=\"async\" class=\"alignnone wp-image-369 size-thumbnail\" src=\"https:\/\/wp.ufpel.edu.br\/lapol\/files\/2021\/07\/173552352_4102121383183243_8733148378169089666_n-200x200.jpg\" alt=\"\" width=\"200\" height=\"200\" srcset=\"https:\/\/wp.ufpel.edu.br\/lapol\/files\/2021\/07\/173552352_4102121383183243_8733148378169089666_n-200x200.jpg 200w, https:\/\/wp.ufpel.edu.br\/lapol\/files\/2021\/07\/173552352_4102121383183243_8733148378169089666_n-400x400.jpg 400w, https:\/\/wp.ufpel.edu.br\/lapol\/files\/2021\/07\/173552352_4102121383183243_8733148378169089666_n-1024x1024.jpg 1024w, https:\/\/wp.ufpel.edu.br\/lapol\/files\/2021\/07\/173552352_4102121383183243_8733148378169089666_n-768x768.jpg 768w, https:\/\/wp.ufpel.edu.br\/lapol\/files\/2021\/07\/173552352_4102121383183243_8733148378169089666_n.jpg 1080w\" sizes=\"auto, (max-width: 200px) 100vw, 200px\" \/><\/p>\n<p><strong>Luana Freire Rodrigues<\/strong><br \/>\nGraduanda do curso de Engenharia de Materiais da Universidade Federal de Pelotas. Bolsista de Inicia\u00e7\u00e3o Cient\u00edfica<br \/>\nLattes: http:\/\/lattes.cnpq.br\/0623094118491718<br \/>\n<img loading=\"lazy\" decoding=\"async\" class=\"alignnone wp-image-420\" src=\"https:\/\/wp.ufpel.edu.br\/lapol\/files\/2022\/09\/luana.png\" alt=\"\" width=\"165\" height=\"224\" \/><\/p>\n<p><strong>Lucas Ferreira do Nascimento<\/strong><br \/>\nGraduando do curso de Engenharia de Materiais da Universidade Federal de Pelotas. Volunt\u00e1rio de Inicia\u00e7\u00e3o Cient\u00edfica<br \/>\n<img loading=\"lazy\" decoding=\"async\" class=\"alignnone wp-image-437\" src=\"https:\/\/wp.ufpel.edu.br\/lapol\/files\/2022\/09\/lucas.png\" alt=\"\" width=\"225\" height=\"161\" \/><\/p>\n<p style=\"text-align: justify;\"><strong>Luis Gustavo de Andrade Mancilha Rodrigues Verdelli<\/strong><br \/>\nGraduando do curso de Engenharia de Materiais da Universidade Federal de Pelotas. Estagi\u00e1rio na Johnson &amp; Johnson<br \/>\nLattes: http:\/\/lattes.cnpq.br\/2236013603351223<br \/>\n<img loading=\"lazy\" decoding=\"async\" class=\"alignnone wp-image-349 size-thumbnail\" src=\"https:\/\/wp.ufpel.edu.br\/lapol\/files\/2021\/04\/LG-200x200.jpg\" alt=\"\" width=\"200\" height=\"200\" srcset=\"https:\/\/wp.ufpel.edu.br\/lapol\/files\/2021\/04\/LG-200x200.jpg 200w, https:\/\/wp.ufpel.edu.br\/lapol\/files\/2021\/04\/LG-400x400.jpg 400w, https:\/\/wp.ufpel.edu.br\/lapol\/files\/2021\/04\/LG.jpg 590w\" sizes=\"auto, (max-width: 200px) 100vw, 200px\" \/><\/p>\n<p style=\"text-align: justify;\"><strong>Mariana Ribas de S\u00e1<\/strong><br \/>\nGraduanda do curso de Engenharia de Materiais da Universidade Federal de Pelotas. Estagi\u00e1ria na General Motors<br \/>\nLattes: http:\/\/lattes.cnpq.br\/9698359031463523<br \/>\n<img loading=\"lazy\" decoding=\"async\" class=\"alignnone wp-image-348 size-thumbnail\" src=\"https:\/\/wp.ufpel.edu.br\/lapol\/files\/2021\/04\/mariana-200x200.jpg\" alt=\"\" width=\"200\" height=\"200\" \/><\/p>\n<p><strong>Marlon Bender Bueno Rodrigues<\/strong><br \/>\nGraduando do curso de Engenharia de Materiais da Universidade Federal de Pelotas. Bolsista de Inicia\u00e7\u00e3o Cient\u00edfica<br \/>\nLattes: http:\/\/lattes.cnpq.br\/5216788010932453<br \/>\n<img loading=\"lazy\" decoding=\"async\" class=\"alignnone wp-image-418\" src=\"https:\/\/wp.ufpel.edu.br\/lapol\/files\/2022\/09\/marlon.png\" alt=\"\" width=\"200\" height=\"183\" \/><\/p>\n<p><strong>Vitor Fernandes da Silva<\/strong><br \/>\nGraduando do curso de Engenharia de Materiais da Universidade Federal de Pelotas. Estagi\u00e1rio no Banco Ita\u00fa<br \/>\nLattes: http:\/\/lattes.cnpq.br\/3429748925392184<br \/>\n<img loading=\"lazy\" decoding=\"async\" class=\"alignnone wp-image-345 size-thumbnail\" src=\"https:\/\/wp.ufpel.edu.br\/lapol\/files\/2021\/04\/vitor-200x200.jpg\" alt=\"\" width=\"200\" height=\"200\" srcset=\"https:\/\/wp.ufpel.edu.br\/lapol\/files\/2021\/04\/vitor-200x200.jpg 200w, https:\/\/wp.ufpel.edu.br\/lapol\/files\/2021\/04\/vitor-400x398.jpg 400w, https:\/\/wp.ufpel.edu.br\/lapol\/files\/2021\/04\/vitor.jpg 463w\" sizes=\"auto, (max-width: 200px) 100vw, 200px\" \/><\/p>\n<h4><strong>Alunos de Mestrado<\/strong><\/h4>\n<p><strong>Ana Carolina Rodrigues Ribeiro<br \/>\n<\/strong>Engenheira Industrial Madeireira pela Universidade Federal de Pelotas. Mestranda do PPGCEM.<br \/>\nLattes: http:\/\/lattes.cnpq.br\/3318870963603443<br \/>\n<img loading=\"lazy\" decoding=\"async\" class=\"alignnone wp-image-439\" src=\"https:\/\/wp.ufpel.edu.br\/lapol\/files\/2022\/09\/carol.png\" alt=\"\" width=\"200\" height=\"190\" \/><\/p>\n<p><strong>Bruna Bicca Fernandes <\/strong><br \/>\nEngenheira Civil pela Universidade Federal de Pelotas. Mestranda do PPGCEM<br \/>\nLattes: http:\/\/lattes.cnpq.br\/8135312361577321<br \/>\n<img loading=\"lazy\" decoding=\"async\" class=\"alignnone wp-image-441\" src=\"https:\/\/wp.ufpel.edu.br\/lapol\/files\/2022\/09\/bruna.png\" alt=\"\" width=\"133\" height=\"209\" \/><\/p>\n<p><strong>D\u00e9bora Rodrigues<\/strong><br \/>\nMestranda do Programa de P\u00f3s-Gradua\u00e7\u00e3o em Ci\u00eancias Ambientais.<br \/>\nLattes:<\/p>\n<p><strong>Patricia Oliveira Schmitt<\/strong><br \/>\nGradua\u00e7\u00e3o em Engenharia Ambiental e Sanit\u00e1ria pela Universidade Federal de Pelotas. Mestranda do PPGCEM.<br \/>\nLattes: http:\/\/lattes.cnpq.br\/0436148916831903<br \/>\n<img loading=\"lazy\" decoding=\"async\" class=\"alignnone wp-image-440\" src=\"https:\/\/wp.ufpel.edu.br\/lapol\/files\/2022\/09\/patricia.png\" alt=\"\" width=\"187\" height=\"194\" \/><\/p>\n<h4><strong>Alunos de Doutorado<\/strong><\/h4>\n<p style=\"text-align: justify;\"><strong>Mariane Weirich Bosenbecker<br \/>\n<\/strong>Engenheira de Materiais pela Universidade Federal de Pelotas. Mestre pelo Programa de P\u00f3s-gradua\u00e7\u00e3o em Ci\u00eancia e Engenharia de Materiais da UFPel. Doutoranda do PPGCEM.<br \/>\nLattes: http:\/\/lattes.cnpq.br\/9152183641193135<br \/>\n<img loading=\"lazy\" decoding=\"async\" class=\"alignnone wp-image-343 size-thumbnail\" src=\"https:\/\/wp.ufpel.edu.br\/lapol\/files\/2021\/04\/mariane-1-200x200.jpg\" alt=\"\" width=\"200\" height=\"200\" \/><\/p>\n<p><strong>Naurienni Dutra Freitas<\/strong><br \/>\nEngenheira Civil pela Universidade Cat\u00f3lica de Pelotas. Mestre em Arquitetura e Urbanismo pela UFPel. Doutoranda do PPGCEM.<br \/>\nLattes: http:\/\/lattes.cnpq.br\/1349496737142183<br \/>\n<img loading=\"lazy\" decoding=\"async\" class=\"alignnone wp-image-443\" src=\"https:\/\/wp.ufpel.edu.br\/lapol\/files\/2022\/09\/naurinee.png\" alt=\"\" width=\"160\" height=\"212\" \/><\/p>\n<p><strong>Equipe:<\/strong><\/p>\n<p><img loading=\"lazy\" decoding=\"async\" class=\"alignnone wp-image-413\" src=\"https:\/\/wp.ufpel.edu.br\/lapol\/files\/2022\/09\/298122961_5118798144909008_1690280776015077100_n-400x305.jpg\" alt=\"\" width=\"435\" height=\"332\" srcset=\"https:\/\/wp.ufpel.edu.br\/lapol\/files\/2022\/09\/298122961_5118798144909008_1690280776015077100_n-400x305.jpg 400w, https:\/\/wp.ufpel.edu.br\/lapol\/files\/2022\/09\/298122961_5118798144909008_1690280776015077100_n-1024x781.jpg 1024w, https:\/\/wp.ufpel.edu.br\/lapol\/files\/2022\/09\/298122961_5118798144909008_1690280776015077100_n-768x586.jpg 768w, https:\/\/wp.ufpel.edu.br\/lapol\/files\/2022\/09\/298122961_5118798144909008_1690280776015077100_n.jpg 1080w\" sizes=\"auto, (max-width: 435px) 100vw, 435px\" \/><\/p>\n<p>&nbsp;<\/p>\n","protected":false},"excerpt":{"rendered":"<p>Professores respons\u00e1veis: \u00a0\u00a0\u00a0\u00a0\u00a0\u00a0\u00a0\u00a0\u00a0\u00a0\u00a0\u00a0\u00a0\u00a0\u00a0\u00a0\u00a0\u00a0\u00a0\u00a0\u00a0\u00a0\u00a0\u00a0\u00a0\u00a0\u00a0\u00a0\u00a0\u00a0\u00a0\u00a0\u00a0\u00a0\u00a0\u00a0\u00a0\u00a0\u00a0\u00a0\u00a0\u00a0\u00a0\u00a0\u00a0\u00a0\u00a0\u00a0\u00a0\u00a0\u00a0\u00a0\u00a0\u00a0\u00a0\u00a0\u00a0\u00a0\u00a0\u00a0\u00a0\u00a0\u00a0\u00a0\u00a0\u00a0\u00a0\u00a0\u00a0\u00a0\u00a0\u00a0\u00a0\u00a0\u00a0\u00a0\u00a0\u00a0\u00a0\u00a0\u00a0\u00a0\u00a0\u00a0\u00a0\u00a0\u00a0 Amanda Dantas de Oliveira Atualmente \u00e9 Diretora Adjunta do Centro e Desenvolvimento Tecnol\u00f3gico e professora do curso de Engenharia de Materiais da UFPel. Possui gradua\u00e7\u00e3o em Engenharia de Materiais pela Universidade Federal de Campina Grande (2006), mestrado em Ci\u00eancia e Engenharia de Materiais (CAPES 7) pela Universidade Federal de S\u00e3o Carlos (2009) &hellip; <a href=\"https:\/\/wp.ufpel.edu.br\/lapol\/quem-somos\/\" class=\"more-link\">Continuar lendo <span class=\"screen-reader-text\">Quem somos<\/span><\/a><\/p>\n","protected":false},"author":850,"featured_media":0,"parent":0,"menu_order":0,"comment_status":"closed","ping_status":"closed","template":"","meta":{"footnotes":""},"class_list":["post-13","page","type-page","status-publish","hentry"],"_links":{"self":[{"href":"https:\/\/wp.ufpel.edu.br\/lapol\/wp-json\/wp\/v2\/pages\/13","targetHints":{"allow":["GET"]}}],"collection":[{"href":"https:\/\/wp.ufpel.edu.br\/lapol\/wp-json\/wp\/v2\/pages"}],"about":[{"href":"https:\/\/wp.ufpel.edu.br\/lapol\/wp-json\/wp\/v2\/types\/page"}],"author":[{"embeddable":true,"href":"https:\/\/wp.ufpel.edu.br\/lapol\/wp-json\/wp\/v2\/users\/850"}],"replies":[{"embeddable":true,"href":"https:\/\/wp.ufpel.edu.br\/lapol\/wp-json\/wp\/v2\/comments?post=13"}],"version-history":[{"count":41,"href":"https:\/\/wp.ufpel.edu.br\/lapol\/wp-json\/wp\/v2\/pages\/13\/revisions"}],"predecessor-version":[{"id":454,"href":"https:\/\/wp.ufpel.edu.br\/lapol\/wp-json\/wp\/v2\/pages\/13\/revisions\/454"}],"wp:attachment":[{"href":"https:\/\/wp.ufpel.edu.br\/lapol\/wp-json\/wp\/v2\/media?parent=13"}],"curies":[{"name":"wp","href":"https:\/\/api.w.org\/{rel}","templated":true}]}}