{"id":10,"date":"2018-04-12T13:59:50","date_gmt":"2018-04-12T16:59:50","guid":{"rendered":"https:\/\/wp.ufpel.edu.br\/lapol\/?page_id=10"},"modified":"2021-04-20T15:48:35","modified_gmt":"2021-04-20T18:48:35","slug":"linhas-de-pesquisa","status":"publish","type":"page","link":"https:\/\/wp.ufpel.edu.br\/lapol\/linhas-de-pesquisa\/","title":{"rendered":"Linhas de pesquisa"},"content":{"rendered":"<div><\/div>\n<div>\n<p style=\"text-align: center\"><strong>Processamento e caracteriza\u00e7\u00e3o de pol\u00edmeros\u00a0<\/strong><\/p>\n<p style=\"text-align: center\"><strong>Blendas polim\u00e9ricas<\/strong><\/p>\n<p style=\"text-align: center\"><strong>Comp\u00f3sitos de matriz polim\u00e9rica<\/strong><\/p>\n<p style=\"text-align: center\"><strong>Obten\u00e7\u00e3o de celulose<\/strong><\/p>\n<p style=\"text-align: center\"><strong>Nanocomp\u00f3sitos polim\u00e9ricos<br \/>\n<\/strong><\/p>\n<p style=\"text-align: center\"><strong>Degrada\u00e7\u00e3o\/biodegrada\u00e7\u00e3o de materiais polim\u00e9ricos<\/strong><\/p>\n<p style=\"text-align: center\"><strong>Massas polim\u00e9ricas para restaura\u00e7\u00e3o<\/strong><\/p>\n<p style=\"text-align: center\"><strong>\u00a0<\/strong><\/p>\n<\/div>\n<div style=\"text-align: center\"><strong>\u00a0<\/strong><\/div>\n","protected":false},"excerpt":{"rendered":"<p>Processamento e caracteriza\u00e7\u00e3o de pol\u00edmeros\u00a0 Blendas polim\u00e9ricas Comp\u00f3sitos de matriz polim\u00e9rica Obten\u00e7\u00e3o de celulose Nanocomp\u00f3sitos polim\u00e9ricos Degrada\u00e7\u00e3o\/biodegrada\u00e7\u00e3o de materiais polim\u00e9ricos Massas polim\u00e9ricas para restaura\u00e7\u00e3o \u00a0 \u00a0<\/p>\n","protected":false},"author":850,"featured_media":0,"parent":0,"menu_order":0,"comment_status":"closed","ping_status":"closed","template":"","meta":{"footnotes":""},"class_list":["post-10","page","type-page","status-publish","hentry"],"_links":{"self":[{"href":"https:\/\/wp.ufpel.edu.br\/lapol\/wp-json\/wp\/v2\/pages\/10","targetHints":{"allow":["GET"]}}],"collection":[{"href":"https:\/\/wp.ufpel.edu.br\/lapol\/wp-json\/wp\/v2\/pages"}],"about":[{"href":"https:\/\/wp.ufpel.edu.br\/lapol\/wp-json\/wp\/v2\/types\/page"}],"author":[{"embeddable":true,"href":"https:\/\/wp.ufpel.edu.br\/lapol\/wp-json\/wp\/v2\/users\/850"}],"replies":[{"embeddable":true,"href":"https:\/\/wp.ufpel.edu.br\/lapol\/wp-json\/wp\/v2\/comments?post=10"}],"version-history":[{"count":11,"href":"https:\/\/wp.ufpel.edu.br\/lapol\/wp-json\/wp\/v2\/pages\/10\/revisions"}],"predecessor-version":[{"id":340,"href":"https:\/\/wp.ufpel.edu.br\/lapol\/wp-json\/wp\/v2\/pages\/10\/revisions\/340"}],"wp:attachment":[{"href":"https:\/\/wp.ufpel.edu.br\/lapol\/wp-json\/wp\/v2\/media?parent=10"}],"curies":[{"name":"wp","href":"https:\/\/api.w.org\/{rel}","templated":true}]}}