{"id":853,"date":"2026-02-03T17:18:14","date_gmt":"2026-02-03T20:18:14","guid":{"rendered":"https:\/\/wp.ufpel.edu.br\/laplimm\/?page_id=853"},"modified":"2026-02-03T17:35:44","modified_gmt":"2026-02-03T20:35:44","slug":"livros","status":"publish","type":"page","link":"https:\/\/wp.ufpel.edu.br\/laplimm\/livros\/","title":{"rendered":"Livros"},"content":{"rendered":"<p><strong>LIMBERGER; ALTENHOFEN; LEIPNITZ; MACHADO; BLANK M\u00dcLLING; SCHNEIDER e N\u00d6RNBERG (Orgs.) &#8211; 2025<\/strong><\/p>\n<p>Livro: <a href=\"https:\/\/pedroejoaoeditores.com.br\/produto\/pomerano-em-prosa-e-verso-da-fala-a-escrita-da-pesquisa-a-sociedade\/\">Pomerano em prosa e verso: da fala \u00e0 escrita, da pesquisa \u00e0 sociedade<\/a><\/p>\n<p><img loading=\"lazy\" decoding=\"async\" class=\"alignnone wp-image-859\" src=\"https:\/\/wp.ufpel.edu.br\/laplimm\/files\/2026\/02\/capa-bernardolimberger-278x400.jpg\" alt=\"\" width=\"234\" height=\"332\" \/><\/p>\n<p><strong>LIMBERGER; TOASSI; KLEIN (Orgs.) &#8211; 2025<\/strong><\/p>\n<p>Livro: <a href=\"https:\/\/ponteseditores.com.br\/loja3\/pontes-editores-home-2__trashed\/ebook\/lancamento-e-book\/bilinguismo-e-leitura-contribuicoes-da-psicolinguistica-2\/\">Bilinguismo e leitura: contribui\u00e7\u00f5es da Psicolingu\u00edstica<\/a><\/p>\n<p><img loading=\"lazy\" decoding=\"async\" class=\"alignnone wp-image-858\" src=\"https:\/\/wp.ufpel.edu.br\/laplimm\/files\/2026\/02\/Capa_Bilinguismo_Leitura-283x400.jpg\" alt=\"\" width=\"238\" height=\"332\" \/><\/p>\n<p>&nbsp;<\/p>\n","protected":false},"excerpt":{"rendered":"<p>LIMBERGER; ALTENHOFEN; LEIPNITZ; MACHADO; BLANK M\u00dcLLING; SCHNEIDER e N\u00d6RNBERG (Orgs.) &#8211; 2025 Livro: Pomerano em prosa e verso: da fala \u00e0 escrita, da pesquisa \u00e0 sociedade LIMBERGER; TOASSI; KLEIN (Orgs.) &#8211; 2025 Livro: Bilinguismo e leitura: contribui\u00e7\u00f5es da Psicolingu\u00edstica &nbsp;<\/p>\n","protected":false},"author":916,"featured_media":0,"parent":0,"menu_order":0,"comment_status":"closed","ping_status":"closed","template":"","meta":{"footnotes":""},"class_list":["post-853","page","type-page","status-publish","hentry"],"_links":{"self":[{"href":"https:\/\/wp.ufpel.edu.br\/laplimm\/wp-json\/wp\/v2\/pages\/853","targetHints":{"allow":["GET"]}}],"collection":[{"href":"https:\/\/wp.ufpel.edu.br\/laplimm\/wp-json\/wp\/v2\/pages"}],"about":[{"href":"https:\/\/wp.ufpel.edu.br\/laplimm\/wp-json\/wp\/v2\/types\/page"}],"author":[{"embeddable":true,"href":"https:\/\/wp.ufpel.edu.br\/laplimm\/wp-json\/wp\/v2\/users\/916"}],"replies":[{"embeddable":true,"href":"https:\/\/wp.ufpel.edu.br\/laplimm\/wp-json\/wp\/v2\/comments?post=853"}],"version-history":[{"count":3,"href":"https:\/\/wp.ufpel.edu.br\/laplimm\/wp-json\/wp\/v2\/pages\/853\/revisions"}],"predecessor-version":[{"id":863,"href":"https:\/\/wp.ufpel.edu.br\/laplimm\/wp-json\/wp\/v2\/pages\/853\/revisions\/863"}],"wp:attachment":[{"href":"https:\/\/wp.ufpel.edu.br\/laplimm\/wp-json\/wp\/v2\/media?parent=853"}],"curies":[{"name":"wp","href":"https:\/\/api.w.org\/{rel}","templated":true}]}}