{"id":479,"date":"2024-04-18T17:53:26","date_gmt":"2024-04-18T20:53:26","guid":{"rendered":"https:\/\/wp.ufpel.edu.br\/laplimm\/?page_id=479"},"modified":"2026-02-05T22:18:35","modified_gmt":"2026-02-06T01:18:35","slug":"teses","status":"publish","type":"page","link":"https:\/\/wp.ufpel.edu.br\/laplimm\/teses\/","title":{"rendered":"Teses"},"content":{"rendered":"<p><strong>UALT FONSECA &#8211; 2025<\/strong><\/p>\n<p><strong>T\u00edtulo<\/strong>: <a href=\"https:\/\/guaiaca.ufpel.edu.br\/handle\/prefix\/18299\">As atitudes lingu\u00edsticas de estudantes, falantes de l\u00ednguas minorit\u00e1rias de imigra\u00e7\u00e3o, em rela\u00e7\u00e3o \u00e0 diversidade lingu\u00edstica escolar do Campus IFSul &#8211; Visconde da Gra\u00e7a\/CaVG<\/a><\/p>\n<p><strong>Autora<\/strong>: Andr\u00e9a Ualt Fonseca<\/p>\n<p>&nbsp;<\/p>\n<p><strong>DUARTE &#8211; 2023<\/strong><\/p>\n<p><strong>T\u00edtulo:<\/strong> <a href=\"https:\/\/guaiaca.ufpel.edu.br\/handle\/prefix\/14458\">Investigando o acesso lexical multil\u00edngue: a influ\u00eancia da percep\u00e7\u00e3o psicotipol\u00f3gica e da profici\u00eancia em uma tarefa de decis\u00e3o lexical em ingl\u00eas<\/a><\/p>\n<p><strong>Autora:<\/strong> Aline Behling Duarte<\/p>\n<p>&nbsp;<\/p>\n","protected":false},"excerpt":{"rendered":"<p>UALT FONSECA &#8211; 2025 T\u00edtulo: As atitudes lingu\u00edsticas de estudantes, falantes de l\u00ednguas minorit\u00e1rias de imigra\u00e7\u00e3o, em rela\u00e7\u00e3o \u00e0 diversidade lingu\u00edstica escolar do Campus IFSul &#8211; Visconde da Gra\u00e7a\/CaVG Autora: Andr\u00e9a Ualt Fonseca &nbsp; DUARTE &#8211; 2023 T\u00edtulo: Investigando o &hellip; <a href=\"https:\/\/wp.ufpel.edu.br\/laplimm\/teses\/\">Continue lendo <span class=\"meta-nav\">&rarr;<\/span><\/a><\/p>\n","protected":false},"author":916,"featured_media":0,"parent":0,"menu_order":0,"comment_status":"closed","ping_status":"closed","template":"","meta":{"footnotes":""},"class_list":["post-479","page","type-page","status-publish","hentry"],"_links":{"self":[{"href":"https:\/\/wp.ufpel.edu.br\/laplimm\/wp-json\/wp\/v2\/pages\/479","targetHints":{"allow":["GET"]}}],"collection":[{"href":"https:\/\/wp.ufpel.edu.br\/laplimm\/wp-json\/wp\/v2\/pages"}],"about":[{"href":"https:\/\/wp.ufpel.edu.br\/laplimm\/wp-json\/wp\/v2\/types\/page"}],"author":[{"embeddable":true,"href":"https:\/\/wp.ufpel.edu.br\/laplimm\/wp-json\/wp\/v2\/users\/916"}],"replies":[{"embeddable":true,"href":"https:\/\/wp.ufpel.edu.br\/laplimm\/wp-json\/wp\/v2\/comments?post=479"}],"version-history":[{"count":3,"href":"https:\/\/wp.ufpel.edu.br\/laplimm\/wp-json\/wp\/v2\/pages\/479\/revisions"}],"predecessor-version":[{"id":880,"href":"https:\/\/wp.ufpel.edu.br\/laplimm\/wp-json\/wp\/v2\/pages\/479\/revisions\/880"}],"wp:attachment":[{"href":"https:\/\/wp.ufpel.edu.br\/laplimm\/wp-json\/wp\/v2\/media?parent=479"}],"curies":[{"name":"wp","href":"https:\/\/api.w.org\/{rel}","templated":true}]}}