{"id":429,"date":"2024-04-02T21:09:38","date_gmt":"2024-04-03T00:09:38","guid":{"rendered":"https:\/\/wp.ufpel.edu.br\/laplimm\/?page_id=429"},"modified":"2026-02-05T09:57:36","modified_gmt":"2026-02-05T12:57:36","slug":"anais-de-eventos","status":"publish","type":"page","link":"https:\/\/wp.ufpel.edu.br\/laplimm\/anais-de-eventos\/","title":{"rendered":"Anais de eventos"},"content":{"rendered":"<p><strong>VALER\u00c3O e LIMBERGER &#8211; 2025<\/strong><\/p>\n<p><strong>T\u00edtulo<\/strong>: <a href=\"https:\/\/anais-siiepe.ufpel.edu.br\/2025\/LA_02435.pdf\">\uc800\ub294 \ucf00\uc774\ud31d\uc744 \uc88b\uc544\ud574\uc694 (Eu gosto de K-pop): conhecendo os aprendizes multil\u00edngues brasileiros de coreano<\/a><\/p>\n<p><strong>Autores<\/strong>: Giovana Canez Valer\u00e3o; Bernardo K. Limberger<\/p>\n<p><strong>Evento<\/strong>: XXVII Encontro de P\u00f3s-Gradua\u00e7\u00e3o &#8211; <strong>trabalho destaque<\/strong><\/p>\n<p>&nbsp;<\/p>\n<p><strong>SIQUEIRA e LIMBERGER &#8211; 2025<\/strong><\/p>\n<p><strong>T\u00edtulo<\/strong>: <a href=\"https:\/\/anais-siiepe.ufpel.edu.br\/2025\/LA_03658.pdf\">O papel dos cognatos na leitura: um estudo sobre tradu\u00e7\u00e3o de vocabul\u00e1rio em aprendizes iniciantes de ingl\u00eas<\/a><\/p>\n<p><strong>Autores<\/strong>: Nath\u00e1lia Guimar\u00e3es de Lima Siqueira; Bernardo K. Limberger<\/p>\n<p><strong>Evento<\/strong>: XXVII Encontro de P\u00f3s-Gradua\u00e7\u00e3o<\/p>\n<p>&nbsp;<\/p>\n<p><strong>CASSIANO e LIMBERGER &#8211; 2025<\/strong><\/p>\n<p><strong>T\u00edtulo<\/strong>: <a href=\"https:\/\/anais-siiepe.ufpel.edu.br\/2025\/LA_05357.pdf\">Ensino de alem\u00e3o e autenticidade de textos: uma an\u00e1lise de livros did\u00e1ticos de A1 a B2<\/a><\/p>\n<p><strong>Autores<\/strong>: Gabriela Cordeiro Cassiano; Bernardo K. Limberger<\/p>\n<p><strong>Evento<\/strong>: XXXIV Congresso de Inicia\u00e7\u00e3o Cient\u00edfica<\/p>\n<p>&nbsp;<\/p>\n<p><strong>LIMBERGER e MERTINS &#8211; 2025<\/strong><\/p>\n<p><strong>T\u00edtulo<\/strong>: <a href=\"https:\/\/www.ufrgs.br\/germanabroad6\/wp-content\/uploads\/2025\/09\/German-Abroad-6_Abstractband_01.-03.10.2025.pdf\">Die Leseverarbeitung von Pomerano und Standarddeutsch: Eine Eye-Tracking-Studie<\/a><\/p>\n<p><strong>Autores<\/strong>: Bernardo K. Limberger; Barbara Mertins<\/p>\n<p><strong>Evento<\/strong>: German Abroad<\/p>\n<p>&nbsp;<\/p>\n<p><strong>SILVA, MOZZILLO e LIMBERGER &#8211; 2025<\/strong><\/p>\n<p><strong>T\u00edtulo<\/strong>: <a href=\"https:\/\/anais-siiepe.ufpel.edu.br\/2025\/LA_02092.pdf\">\u201cAbrir caminos a novos lectores\u201d: transfer\u00eancias lexicais do espanhol na escrita em portugu\u00eas como l\u00edngua adicional<\/a><\/p>\n<p><strong>Autores<\/strong>: Lucas R\u00f6pke da Silva; Isabella Mozzillo; Bernardo K. Limberger<\/p>\n<p><strong>Evento<\/strong>: XXVII Encontro de P\u00f3s-Gradua\u00e7\u00e3o<\/p>\n<p>&nbsp;<\/p>\n<p><strong>R\u00d6PKE DA SILVA, LIMBERGER e MOZZILLO &#8211; 2025<\/strong><\/p>\n<p><strong>T\u00edtulo<\/strong>: <a href=\"https:\/\/drive.google.com\/file\/d\/1VOa07IsYlB820V2KQO1QDKlBFMZ6MQZf\/view\">\u201cAprend\u00ed da minha m\u00e3e\u201d: influ\u00eancias translingu\u00edsticas lexicais na escrita em portugu\u00eas por falantes de espanhol<\/a><\/p>\n<p><strong>Autores: <\/strong>Lucas R\u00f6pke da Silva; Bernardo K. Limberger; Isabella Mozzillo<\/p>\n<p><strong>Evento<\/strong>: IV Jornada de Lingu\u00edstica Aplicada em Roraima (JoLARR)<\/p>\n<p>&nbsp;<\/p>\n<p><strong>FAGUNDES, L\u00d6FF MACHADO, LEIPNITZ, LIMBERGER, ROMIG e ALBRECHT \u2013 2024<\/strong><\/p>\n<p><strong>T\u00edtulo:\u00a0<\/strong><a href=\"https:\/\/cti.ufpel.edu.br\/siepe\/arquivos\/2024\/LA_05554.pdf\">Projeto ALMA-PH: primeiras observa\u00e7\u00f5es de um levantamento lingu\u00edstico-sociol\u00f3gico na Serra dos Tapes<\/a><\/p>\n<p><strong>Autores:<\/strong> Riam Fagundes; Lucas L\u00f6ff Machado; Luciane Leipnitz; Bernardo K. Limberger; Karen Laiz K. Romig; Elias K. Albrecht<\/p>\n<p><strong>Evento:<\/strong> XXXIII CIC &#8211; Congresso de Inicia\u00e7\u00e3o Cient\u00edfica<\/p>\n<p>&nbsp;<\/p>\n<p><strong>VALER\u00c3O e LIMBERGER \u2013 2024<\/strong><\/p>\n<p><strong>T\u00edtulo: <\/strong><a href=\"https:\/\/cti.ufpel.edu.br\/siepe\/arquivos\/2024\/LA_05564.pdf\">A Hallyu (\ud55c\ub958), a aprendizagem de coreano e o multilinguismo de brasileiros: um estudo piloto<\/a><\/p>\n<p><strong>Autores:<\/strong> Giovana C. Valer\u00e3o; Bernardo K. Limberger<\/p>\n<p><strong>Evento:<\/strong> XXXIII CIC &#8211; Congresso de Inicia\u00e7\u00e3o Cient\u00edfica<\/p>\n<p>&nbsp;<\/p>\n<p><strong>MARCONDES, LIMBERGER e FERREIRA \u2013 2024<\/strong><\/p>\n<p><strong>T\u00edtulo: <\/strong><a href=\"https:\/\/cti.ufpel.edu.br\/siepe\/arquivos\/2024\/LA_06724.pdf\">O papel do g\u00eanero gramatical no efeito de relatividade lingu\u00edstica\u00a0<\/a><\/p>\n<p><strong>Autores:<\/strong> Gabriela Marcondes Mendes; Bernardo K. Limberger; Renan C. Ferreira<\/p>\n<p><strong>Evento:<\/strong> XXXIII CIC &#8211; Congresso de Inicia\u00e7\u00e3o Cient\u00edfica<\/p>\n<p>&nbsp;<\/p>\n<p><strong>CASSIANO e LIMBERGER \u2013 2024<\/strong><\/p>\n<p><strong>T\u00edtulo:<\/strong><a href=\"https:\/\/cti.ufpel.edu.br\/siepe\/arquivos\/2024\/LA_03352.pdf\"> Desenvolvimento de materiais did\u00e1ticos para o ensino de alem\u00e3o sob a \u00f3tica da did\u00e1tica do multilinguismo<\/a><\/p>\n<p><strong>Autores:<\/strong> Gabriela C. Cassiano; Bernardo K. Limberger<\/p>\n<p><strong>Evento:<\/strong> XXXIII CIC &#8211; Congresso de Inicia\u00e7\u00e3o Cient\u00edfica<\/p>\n<p>&nbsp;<\/p>\n<p><strong>UALT FONSECA, LIMBERGER e MOZZILLO \u2013 2024<\/strong><\/p>\n<p><strong>T\u00edtulo:<\/strong> <a href=\"https:\/\/cti.ufpel.edu.br\/siepe\/arquivos\/2024\/LA_06635.pdf\">Mapeamento lingu\u00edstico: desvelando atitudes lingu\u00edsticas e diversidade no contexto educativo<\/a><\/p>\n<p><strong>Autores:<\/strong> Andrea Ualt Fonseca; Bernardo K. Limberger; Isabella Mozzillo.<\/p>\n<p><strong>Evento:<\/strong> XXVI ENP\u00d3S &#8211; Encontro de P\u00f3s-Gradua\u00e7\u00e3o<\/p>\n<p>&nbsp;<\/p>\n<p><strong>FERREIRA, SCHMIDTKE e LIMBERGER \u2013 2024<\/strong><\/p>\n<p><strong>T\u00edtulo:<\/strong> <a href=\"https:\/\/cti.ufpel.edu.br\/siepe\/arquivos\/2024\/LA_03940.pdf\">Crosslinguistic influence in motion event processing: a self-paced reading pilot study of L1-portuguese\/L2-english bilinguals\u00a0<\/a><\/p>\n<p><strong>Autores:<\/strong> Renan C. Ferreira; Daniel Schmidtke; Bernardo K. Limberger<\/p>\n<p><strong>Evento:<\/strong> XXVI ENP\u00d3S &#8211; Encontro de P\u00f3s-Gradua\u00e7\u00e3o<\/p>\n<p>&nbsp;<\/p>\n<p><strong>DIOGO e LIMBERGER\u2013 2024<\/strong><\/p>\n<p><strong>T\u00edtulo:<\/strong> <a href=\"https:\/\/cti.ufpel.edu.br\/siepe\/arquivos\/2024\/LA_03730.pdf\">Varia\u00e7\u00e3o lexical no 9\u00ba ano do ensino fundamental: processamento de variantes regionais<\/a><\/p>\n<p><strong>Autores:<\/strong> Julia da R. Diogo; Bernardo K. Limberger<\/p>\n<p><strong>Evento:<\/strong> XXVI ENP\u00d3S &#8211; Encontro de P\u00f3s-Gradua\u00e7\u00e3o<\/p>\n<p>&nbsp;<\/p>\n<p><strong>OLIVEIRA, BOPP DA SILVA e LIMBERGER \u2013 2024<\/strong><\/p>\n<p><strong>T\u00edtulo:<\/strong>\u00a0<a href=\"https:\/\/cti.ufpel.edu.br\/siepe\/arquivos\/2024\/LA_06144.pdf\">Influ\u00eancia translingu\u00edstica do espanhol na reg\u00eancia verbal do portugu\u00eas brasileiro escrito<\/a><\/p>\n<p><strong>Autores:<\/strong> Gabriel Z. de Olivera; Ta\u00eds Bopp da Silva; Bernardo K. Limberger<\/p>\n<p><strong>Evento:<\/strong> XXVI ENP\u00d3S &#8211; Encontro de P\u00f3s-Gradua\u00e7\u00e3o<\/p>\n<p>&nbsp;<\/p>\n<p><strong>BLANK e LIMBERGER \u2013 2023<\/strong><\/p>\n<p><strong>T\u00edtulo:<\/strong>\u00a0<a href=\"https:\/\/www.ku.de\/fileadmin\/130201\/German_Abroad\/German_Abroad_-_Book_of_Abstract.pdf\">Wie werden pommersche verschiedene Ortographien gelesen?<\/a><\/p>\n<p><strong>Autores:<\/strong>\u00a0Gisleia S. D. Blank; Bernardo K. Limberger<\/p>\n<p><strong>Evento:<\/strong>\u00a0German Abroad 5<\/p>\n<p>&nbsp;<\/p>\n<p><strong>V\u00d6LZ e LIMBERGER \u2013 2023<\/strong><\/p>\n<p><strong>T\u00edtulo:<\/strong> <a href=\"https:\/\/cti.ufpel.edu.br\/siepe\/arquivos\/2023\/LA_04799.pdf\"><span style=\"font-weight: 400;\">Processamento de palavras escritas em pomerano<\/span><\/a><\/p>\n<p><strong>Autores:<\/strong> Lisandro Miritz V\u00f6lz; Bernardo K. Limberger<\/p>\n<p><strong>Evento:<\/strong> <span style=\"font-weight: 400;\">XXXI Congresso de Inicia\u00e7\u00e3o Cient\u00edfica &#8211; <strong>trabalho destaque<\/strong><\/span><\/p>\n<p>&nbsp;<\/p>\n<p><strong>DIOGO e LIMBERGER \u2013 2023<\/strong><\/p>\n<p><strong>T\u00edtulo:<\/strong> <a href=\"https:\/\/cti.ufpel.edu.br\/siepe\/arquivos\/2023\/LA_04526.pdf\"><span style=\"font-weight: 400;\">Avalia\u00e7\u00e3o do question\u00e1rio de cren\u00e7as sobre a varia\u00e7\u00e3o diat\u00f3pica no n\u00edvel lexical<\/span><\/a><\/p>\n<p><strong>Autores:<\/strong> Julia da R. Diogo; Bernardo K. Limberger<\/p>\n<p><strong>Evento:<\/strong> <span style=\"font-weight: 400;\">XXV ENP\u00d3S &#8211; Encontro de P\u00f3s-Gradua\u00e7\u00e3o<\/span><\/p>\n<p>&nbsp;<\/p>\n<p><strong>SILVA, LIMBERGER e VETROMILLE-CASTRO \u2013 2023<\/strong><\/p>\n<p><strong>T\u00edtulo: <\/strong><a href=\"https:\/\/cti.ufpel.edu.br\/siepe\/arquivos\/2023\/LA_02301.pdf\">Estrat\u00e9gias de leitura em ingl\u00eas: abordagem intercultural para estudantes ind\u00edgenas e quilombolas\u00a0<\/a><\/p>\n<p><strong>Autores:<\/strong> Kamila M. da Silva; Bernardo K. Limberger; Rafael Vetromille-Castro<\/p>\n<p><strong>Evento:<\/strong> <span style=\"font-weight: 400;\">XXIV Encontro de P\u00f3s-Gradua\u00e7\u00e3o &#8211; <strong>trabalho destaque<\/strong><\/span><\/p>\n<p>&nbsp;<\/p>\n<p><strong>R\u00d6PKE, LIMBERGER e MOZZILLO \u2013 2023<\/strong><\/p>\n<p><strong>T\u00edtulo:<\/strong> <a href=\"https:\/\/cti.ufpel.edu.br\/siepe\/arquivos\/2023\/LA_05870.pdf\"><span style=\"font-weight: 400;\">Influ\u00eancias translingu\u00edsticas lexicais na produ\u00e7\u00e3o escrita em portugu\u00eas por falantes de espanhol: um estudo inicial<\/span><\/a><\/p>\n<p><strong>Autores:<\/strong> Lucas R\u00f6pke da Silva; Bernardo K. Limberger; Isabella Mozzillo<\/p>\n<p><strong>Evento:<\/strong> <span style=\"font-weight: 400;\">XXV ENP\u00d3S &#8211; Encontro de P\u00f3s-Gradua\u00e7\u00e3o<\/span><\/p>\n<p>&nbsp;<\/p>\n<p><strong>DE JULIO e LIMBERGER \u2013 2023<\/strong><\/p>\n<p><strong>T\u00edtulo:<\/strong> <a href=\"https:\/\/cti.ufpel.edu.br\/siepe\/arquivos\/2023\/LA_06344.pdf\"><span style=\"font-weight: 400;\"> L\u00edngua artificial: colidindo part\u00edculas para estudar o universo lingu\u00edstico<\/span><\/a><\/p>\n<p><strong>Autores:<\/strong> Thomas de Julio; Bernardo K. Limberger<\/p>\n<p><strong>Evento:<\/strong> <span style=\"font-weight: 400;\">XXV ENP\u00d3S &#8211; Encontro de P\u00f3s-Gradua\u00e7\u00e3o<\/span><\/p>\n<p>&nbsp;<\/p>\n<p><strong>UALT, LIMBERGER e MOZZILLO &#8211; 2023<\/strong><\/p>\n<p style=\"text-align: justify;\"><strong>T\u00edtulo<\/strong>: <a href=\"https:\/\/cti.ufpel.edu.br\/siepe\/arquivos\/2023\/LA_04739.pdf\">As atitudes lingu\u00edsticas dos estudantes, falantes de l\u00ednguas minorit\u00e1rias de imigra\u00e7\u00e3o, em rela\u00e7\u00e3o \u00e0 diversidade lingu\u00edstica do Campus IFSul-Visconde da Gra\u00e7a\/CaVG<\/a><\/p>\n<p style=\"text-align: justify;\"><strong>Autores<\/strong>: Andr\u00e9a Ualt; Bernardo K. Limberger; Isabella Mozzillo<\/p>\n<p style=\"text-align: justify;\"><strong>Evento:<\/strong> <span style=\"font-weight: 400;\">XXV ENP\u00d3S &#8211; Encontro de P\u00f3s-Gradua\u00e7\u00e3o<\/span><\/p>\n<p>&nbsp;<\/p>\n<p><strong>N\u00d6RNBERG e LIMBERGER \u2013 2023<\/strong><\/p>\n<p><strong>T\u00edtulo:<\/strong> <a href=\"https:\/\/wp.ufpel.edu.br\/congressoextensao\/files\/2023\/12\/Educac%CC%A7a%CC%83o_rev1.pdf\">Oficinas sobre a l\u00edngua pomerana para a conscientiza\u00e7\u00e3o lingu\u00edstica nas comunidades na Serra dos Tapes<\/a><\/p>\n<p><strong>Autores:<\/strong> Jo\u00e3o Vitor N\u00f6rnberg; Bernardo K. Limberger<\/p>\n<p><strong>Evento:<\/strong> <span style=\"font-weight: 400;\">X Congresso de Extens\u00e3o e Cultura<\/span><\/p>\n<p>&nbsp;<\/p>\n<p><strong>V\u00d6LZ e LIMBERGER \u2013 2022<\/strong><\/p>\n<p><strong>T\u00edtulo:<\/strong> <a href=\"https:\/\/guaiaca.ufpel.edu.br\/handle\/prefix\/11210\"><span style=\"font-weight: 400;\">Emprego do pomerano em contextos bil\u00edngues no sul do Rio Grande do Sul<\/span><\/a><\/p>\n<p><strong>Autores:<\/strong> Lisandro Miritz V\u00f6lz; Bernardo K. Limberger<\/p>\n<p><strong>Evento:<\/strong> <span style=\"font-weight: 400;\">XXXI Congresso de Inicia\u00e7\u00e3o Cient\u00edfica<\/span><\/p>\n<p>&nbsp;<\/p>\n<p><strong>SILVA, LIMBERGER e VETROMILLE-CASTRO \u2013 2022<\/strong><\/p>\n<p><strong>T\u00edtulo:<\/strong> <a href=\"https:\/\/cti.ufpel.edu.br\/siepe\/arquivos\/2022\/LA_04809.pdf\"><span style=\"font-weight: 400;\">Uma abordagem intercultural para estrat\u00e9gias de leitura em l\u00edngua inglesa<\/span><\/a><\/p>\n<p><strong>Autores:<\/strong> Kamila M. da Silva; Bernardo K. Limberger; Rafael Vetromille-Castro<\/p>\n<p><strong>Evento:<\/strong> <span style=\"font-weight: 400;\">XXIV Encontro de P\u00f3s-Gradua\u00e7\u00e3o<\/span><\/p>\n<p>&nbsp;<\/p>\n<p><strong>RIBEIRO e LIMBERGER\u00a0\u2013 2022<\/strong><\/p>\n<p><strong>T\u00edtulo:<\/strong> <a href=\"https:\/\/cti.ufpel.edu.br\/siepe\/arquivos\/2022\/LA_04588.pdf\"><span style=\"font-weight: 400;\">Pr\u00e1ticas transl\u00edngues e seus efeitos sobre a compet\u00eancia leitora em l\u00edngua estrangeira: um estudo em andamento<\/span><\/a><\/p>\n<p><strong>Autores:<\/strong> Leonardo da Rosa Ribeiro; Bernardo K. Limberger<\/p>\n<p><strong>Evento:<\/strong> <span style=\"font-weight: 400;\">XXIV Encontro de P\u00f3s-Gradua\u00e7\u00e3o<\/span><\/p>\n<p>&nbsp;<\/p>\n<p><strong>NETTO e LIMBERGER \u2013 2022<\/strong><\/p>\n<p><strong>T\u00edtulo:<\/strong> <a href=\"https:\/\/wp.ufpel.edu.br\/laplimm\/files\/2024\/09\/2022CULTURA-134-137-1.pdf\"><span style=\"font-weight: 400;\">A\u00e7\u00f5es para manuten\u00e7\u00e3o da l\u00edngua pomerana<\/span><\/a><\/p>\n<p><strong>Autores:<\/strong> Elizandra S. Siva Netto; Bernardo K. Limberger<\/p>\n<p><strong>Evento:<\/strong> <span style=\"font-weight: 400;\">IX CEC &#8211; Congresso de Extens\u00e3o e Cultura<\/span><\/p>\n<p>&nbsp;<\/p>\n<p><strong>LIMBERGER \u2013 2021<\/strong><\/p>\n<p><strong>T\u00edtulo:<\/strong>\u00a0<a href=\"https:\/\/iti.abtk.hu\/images\/bhpf_2021_avh_networking_guide_211019.pdf\">Standard German and Pomeranian Reading (Inter)Comprehension: An Eye Tracking Study<\/a><\/p>\n<p><strong>Autor:<\/strong> Bernardo K. Limber ger<\/p>\n<p><strong>Evento:<\/strong>\u00a010. Virtuelles Bonner Humboldt-Preistr\u00e4ger-Forum<\/p>\n<p>&nbsp;<\/p>\n<p><strong>V\u00d6LZ e LIMBERGER \u2013 2021<\/strong><\/p>\n<p><strong>T\u00edtulo:<\/strong> <a href=\"https:\/\/guaiaca.ufpel.edu.br\/handle\/prefix\/12545\"><span style=\"font-weight: 400;\">Pomerisch w\u00f6\u00f6r leesen: a constru\u00e7\u00e3o do l\u00e9xico ortogr\u00e1fico em pomerano<\/span><\/a><\/p>\n<p><strong>Autores:<\/strong> Lisandro Miritz V\u00f6lz; Bernardo K. Limberger<\/p>\n<p><strong>Evento:<\/strong> <span style=\"font-weight: 400;\">XXX CIC &#8211; Congresso de Inicia\u00e7\u00e3o Cient\u00edfica<\/span><\/p>\n<p>&nbsp;<\/p>\n<p><strong><span style=\"font-weight: 400;\"><strong>HOPFENGARTNER e LIMBERGER<\/strong> <\/span>\u2013 2020<\/strong><\/p>\n<p><strong>T\u00edtulo:<\/strong> <a href=\"https:\/\/cti.ufpel.edu.br\/siepe\/arquivos\/2020\/XB_02975.pdf?ver=1601490407\"><span style=\"font-weight: 400;\">Divulga\u00e7\u00e3o cient\u00edfica sobre bilinguismo e multilinguismo: m\u00eddias sociais do &#8216;Tesouro lingu\u00edstico&#8217;<\/span><\/a><\/p>\n<p><strong>Autores:<\/strong> Thomas de Julio Hopfengartner; Bernardo K. Limberger<\/p>\n<p><strong>Evento:<\/strong> <span style=\"font-weight: 400;\"> VII Congresso de Extens\u00e3o e Cultura &#8211; <strong>trabalho destaque<\/strong><\/span><\/p>\n<p>&nbsp;<\/p>\n<p><strong>NETTO, V\u00d6LZ e LIMBERGER\u00a0\u2013 2020<\/strong><\/p>\n<p><strong>T\u00edtulo:<\/strong> <a href=\"https:\/\/cti.ufpel.edu.br\/siepe\/arquivos\/2020\/LA_02230.pdf\"><span style=\"font-weight: 400;\">Investigando o acesso lexical em falantes de pomerano: a constru\u00e7\u00e3o de uma tarefa de decis\u00e3o lexical<\/span><\/a><\/p>\n<p><strong>Autores: <\/strong>Elizandra S. Siva Netto; Lisandro Miritz V\u00f6lz; Bernardo K. Limberger<\/p>\n<p><strong>Evento:<\/strong> <span style=\"font-weight: 400;\">XXIX Congresso de Inicia\u00e7\u00e3o Cient\u00edfica<\/span><\/p>\n<p>&nbsp;<\/p>\n<p><strong>EBEL e LIMBERGER \u2013 2019<\/strong><\/p>\n<p><strong>T\u00edtulo:<\/strong> <a href=\"https:\/\/wp.ufpel.edu.br\/congressoextensao\/files\/2019\/11\/Cultura.pdf\"><span style=\"font-weight: 400;\">A\u00e7\u00f5es de conscientiza\u00e7\u00e3o lingu\u00edstica sobre l\u00ednguas minorit\u00e1rias<\/span><\/a><\/p>\n<p><strong>Autores: <\/strong>Daniele Ebel; Bernardo K. Limberger<\/p>\n<p><strong>Evento:<\/strong> <span style=\"font-weight: 400;\">VI Congresso de Extens\u00e3o e Cultura &#8211;<strong> trabalho destaque<\/strong><\/span><\/p>\n<p>&nbsp;<\/p>\n<p><strong>GRIEP e LIMBERGER \u2013 2019<\/strong><\/p>\n<p><strong>T\u00edtulo:<\/strong> <a href=\"https:\/\/cti.ufpel.edu.br\/siepe\/arquivos\/2019\/LA_04286.pdf\"><span style=\"font-weight: 400;\">Code-switching na oralidade em comunidades de falantes de l\u00ednguas minorit\u00e1rias<\/span><\/a><\/p>\n<p><strong>Autores: <\/strong>Gabriela W. Griep; Bernardo K. Limberger<\/p>\n<p><strong>Evento:<\/strong> <span style=\"font-weight: 400;\">\u00a0XXI Encontro de P\u00f3s-gradua\u00e7\u00e3o<\/span><\/p>\n<p>&nbsp;<\/p>\n<p><strong>MARTINS, MOZZILLO e LIMBERGER \u2013 2019<\/strong><\/p>\n<p><strong>T\u00edtulo:<\/strong> <a href=\"https:\/\/cti.ufpel.edu.br\/siepe\/arquivos\/2019\/LA_01746.pdf\"><span style=\"font-weight: 400;\">Por que ensinar l\u00ednguas? Motiva\u00e7\u00f5es de professores e ideologias lingu\u00edsticas<\/span><\/a><\/p>\n<p><strong>Autores: <\/strong>Anna J\u00falia K. Martins; Isabella F. Mozzillo; Bernardo K. Limberger<\/p>\n<p><strong>Evento:<\/strong> <span style=\"font-weight: 400;\"> XXI Encontro de P\u00f3s-gradua\u00e7\u00e3o<\/span><\/p>\n<p>&nbsp;<\/p>\n<p><strong>FREITAS e LIMBERGER \u2013 2019<\/strong><\/p>\n<p><strong>T\u00edtulo:<\/strong> <a href=\"https:\/\/cti.ufpel.edu.br\/siepe\/arquivos\/2019\/LA_04427.pdf\"><span style=\"font-weight: 400;\">A transfer\u00eancia lingu\u00edstica na aprendizagem de l\u00edngua espanhola como l\u00edngua estrangeira por brasileiros: uma revis\u00e3o bibliogr\u00e1fica<\/span><\/a><\/p>\n<p><strong>Autores:<\/strong> Raphaela P. B. de Freitas; Bernardo K. Limberger<\/p>\n<p><strong>Evento:<\/strong> <span style=\"font-weight: 400;\"> XXI Encontro de P\u00f3s-gradua\u00e7\u00e3o<\/span><\/p>\n<p>&nbsp;<\/p>\n<p><strong>FERREIRA e LIMBERGER \u2013 2019<\/strong><\/p>\n<p><strong>T\u00edtulo:<\/strong> <a href=\"https:\/\/cti.ufpel.edu.br\/siepe\/arquivos\/2019\/LA_04758.pdf\"><span style=\"font-weight: 400;\">A intercompreens\u00e3o textual entre pomerano e alem\u00e3o standard<\/span><\/a><\/p>\n<p><strong>Autores:<\/strong> Larissa Caroline Ferreira; Bernardo K. Limberger<\/p>\n<p><strong>Evento:<\/strong> <span style=\"font-weight: 400;\">XXVIII Congresso de Inicia\u00e7\u00e3o Cient\u00edfica<\/span><\/p>\n<p>&nbsp;<\/p>\n<p><strong>KLEIN, VANSILER e LIMBERGER \u2013 2019<\/strong><\/p>\n<p><strong>T\u00edtulo:<\/strong>\u00a0<a href=\"https:\/\/drive.google.com\/file\/d\/1NjjAvdbf-m5w3N-S_CEXd97iNsrlpXY7\/view?usp=drive_link\">Processamento da leitura em DaF de estudantes universit\u00e1rios<\/a><\/p>\n<p><strong>Autores:<\/strong>\u00a0\u00c2ngela I. Klein; Nair D. de S. S. Vansiler; Bernardo K. Limberger<\/p>\n<p><strong>Evento:<\/strong>\u00a0III Congresso da Associa\u00e7\u00e3o Brasileira de Estudos German\u00edsticos<\/p>\n<p>&nbsp;<\/p>\n<p><strong>LIMBERGER \u2013 2019<\/strong><\/p>\n<p><strong>T\u00edtulo:\u00a0<\/strong><a href=\"https:\/\/blog.ufes.br\/kyriafinardi\/videos\/12o-cbla\/caderno-de-resumos-e-certificados-do-12o-cbla\/\">Bases neurais das l\u00ednguas no c\u00e9rebro multil\u00edngue<\/a><\/p>\n<p><strong>Autores:\u00a0<\/strong>Bernardo K. Limberger<\/p>\n<p><strong>Evento:\u00a0<\/strong>12\u00ba Congresso da Associa\u00e7\u00e3o Brasileira de Lingu\u00edstica Aplicada<\/p>\n<p>&nbsp;<\/p>\n<p><strong>LIMBERGER \u2013 2019<\/strong><\/p>\n<p><strong>T\u00edtulo: <\/strong><a href=\"https:\/\/blog.ufes.br\/kyriafinardi\/videos\/12o-cbla\/caderno-de-resumos-e-certificados-do-12o-cbla\/\">Conscientiza\u00e7\u00e3o lingu\u00edstica: um componente da educa\u00e7\u00e3o bil\u00edngue\/multil\u00edngue<\/a><\/p>\n<p><strong>Autores:\u00a0<\/strong>Bernardo K. Limberger<\/p>\n<p><strong>Evento:\u00a0<\/strong>12\u00ba Congresso da Associa\u00e7\u00e3o Brasileira de Lingu\u00edstica Aplicada<\/p>\n<p>&nbsp;<\/p>\n<p><strong>LIMBERGER, NUNES, D\u00d6RR e MADRUGA\u00a0 \u2013 2019<\/strong><\/p>\n<p><strong>T\u00edtulo:<\/strong>\u00a0<a href=\"https:\/\/drive.google.com\/file\/d\/1NjjAvdbf-m5w3N-S_CEXd97iNsrlpXY7\/view?usp=drive_link\">Correla\u00e7\u00e3o entre vari\u00e1veis lingu\u00edsticas e cognitivas no processamento de senten\u00e7as em alem\u00e3o (DaF) por leitores brasileiros<\/a><\/p>\n<p><strong>Autores:<\/strong>\u00a0Bernardo K. Limberger; Rafaela R. Nunes; Isabella D\u00f6rr; Jhuly Madruga<\/p>\n<p><strong>Evento:<\/strong>\u00a0\u00a0III Congresso da Associa\u00e7\u00e3o Brasileira de Estudos German\u00edsticos<\/p>\n<p>&nbsp;<\/p>\n<p><strong>CORREA, RINC\u00d3N e LIMBERGER\u00a0 \u2013 2019<\/strong><\/p>\n<p><strong>T\u00edtulo:<\/strong>\u00a0<a href=\"https:\/\/drive.google.com\/file\/d\/1NjjAvdbf-m5w3N-S_CEXd97iNsrlpXY7\/view?usp=drive_link\">O processamento de ora\u00e7\u00f5es relativas em l\u00edngua alem\u00e3 como L3\/L4 por aprendizes brasileiros<\/a><\/p>\n<p><strong>Autores:<\/strong>\u00a0Messias Correa; Jorge Jason de la Ceuz Rinc\u00f3n; Bernardo K. Limberger<\/p>\n<p><strong>Evento:<\/strong>\u00a0\u00a0III Congresso da Associa\u00e7\u00e3o Brasileira de Estudos German\u00edsticos<\/p>\n<p>&nbsp;<\/p>\n<p><strong>RINC\u00d3N e LIMBERGER\u00a0 \u2013 2018<\/strong><\/p>\n<p><strong>T\u00edtulo: <\/strong><a href=\"https:\/\/cti.ufpel.edu.br\/siepe\/arquivos\/2018\/LA_04433.pdf\">A constru\u00e7\u00e3o de um experimento de processamento de ora\u00e7\u00f5es relativas em alem\u00e3o<\/a><\/p>\n<p><strong>Autores:<\/strong> Jorge Jason de la Cruz Rinc\u00f3n; Bernardo K. Limberger<\/p>\n<p><strong>Evento:<\/strong> <span style=\"font-weight: 400;\">XXXIII Congresso de Inicia\u00e7\u00e3o Cient\u00edfica<\/span><\/p>\n<p>&nbsp;<\/p>\n<p>&nbsp;<\/p>\n","protected":false},"excerpt":{"rendered":"<p>VALER\u00c3O e LIMBERGER &#8211; 2025 T\u00edtulo: \uc800\ub294 \ucf00\uc774\ud31d\uc744 \uc88b\uc544\ud574\uc694 (Eu gosto de K-pop): conhecendo os aprendizes multil\u00edngues brasileiros de coreano Autores: Giovana Canez Valer\u00e3o; Bernardo K. Limberger Evento: XXVII Encontro de P\u00f3s-Gradua\u00e7\u00e3o &#8211; trabalho destaque &nbsp; SIQUEIRA e LIMBERGER &#8211; &hellip; <a href=\"https:\/\/wp.ufpel.edu.br\/laplimm\/anais-de-eventos\/\">Continue lendo <span class=\"meta-nav\">&rarr;<\/span><\/a><\/p>\n","protected":false},"author":916,"featured_media":0,"parent":0,"menu_order":0,"comment_status":"closed","ping_status":"closed","template":"","meta":{"footnotes":""},"class_list":["post-429","page","type-page","status-publish","hentry"],"_links":{"self":[{"href":"https:\/\/wp.ufpel.edu.br\/laplimm\/wp-json\/wp\/v2\/pages\/429","targetHints":{"allow":["GET"]}}],"collection":[{"href":"https:\/\/wp.ufpel.edu.br\/laplimm\/wp-json\/wp\/v2\/pages"}],"about":[{"href":"https:\/\/wp.ufpel.edu.br\/laplimm\/wp-json\/wp\/v2\/types\/page"}],"author":[{"embeddable":true,"href":"https:\/\/wp.ufpel.edu.br\/laplimm\/wp-json\/wp\/v2\/users\/916"}],"replies":[{"embeddable":true,"href":"https:\/\/wp.ufpel.edu.br\/laplimm\/wp-json\/wp\/v2\/comments?post=429"}],"version-history":[{"count":3,"href":"https:\/\/wp.ufpel.edu.br\/laplimm\/wp-json\/wp\/v2\/pages\/429\/revisions"}],"predecessor-version":[{"id":877,"href":"https:\/\/wp.ufpel.edu.br\/laplimm\/wp-json\/wp\/v2\/pages\/429\/revisions\/877"}],"wp:attachment":[{"href":"https:\/\/wp.ufpel.edu.br\/laplimm\/wp-json\/wp\/v2\/media?parent=429"}],"curies":[{"name":"wp","href":"https:\/\/api.w.org\/{rel}","templated":true}]}}