{"id":392,"date":"2024-03-19T19:39:16","date_gmt":"2024-03-19T22:39:16","guid":{"rendered":"https:\/\/wp.ufpel.edu.br\/laplimm\/?page_id=392"},"modified":"2025-04-28T12:37:21","modified_gmt":"2025-04-28T15:37:21","slug":"dossies-organizados","status":"publish","type":"page","link":"https:\/\/wp.ufpel.edu.br\/laplimm\/dossies-organizados\/","title":{"rendered":"Dossi\u00eas organizados"},"content":{"rendered":"<p><strong>SEVERO, LIMBERGER e SIGALES-GON\u00c7ALVES &#8211; 2024<\/strong><\/p>\n<p><strong>T\u00edtulo<\/strong>: <a href=\"https:\/\/periodicos.ufpel.edu.br\/index.php\/cadernodeletras\/issue\/view\/1293\">Direitos e pol\u00edticas para o multilinguismo<\/a><\/p>\n<p><strong>Autores<\/strong>: Cristine G. Severo; Bernardo K. Limberger e Jael Sigales-Gon\u00e7alves<\/p>\n<p>&nbsp;<\/p>\n<p><strong>LIMBERGER, RINKE e FLORES &#8211; 2023<\/strong><\/p>\n<p><strong>T\u00edtulo:<\/strong> <a href=\"https:\/\/www.revistas.usp.br\/pg\/article\/view\/208715\">Bilinguismo luso-alem\u00e3o: introdu\u00e7\u00e3o ao dossi\u00ea tem\u00e1tico<\/a><\/p>\n<p><strong>Autores:<\/strong> Bernardo K. Limberger; Esther Rinke; Cristina Maria M. Flores<\/p>\n<p>&nbsp;<\/p>\n<p><strong>LIMBERGER, K\u00dcRSCHNER, ALTENHOFEN e MOZZILLO &#8211; 2020<\/strong><\/p>\n<p><strong>T\u00edtulo: <\/strong><a href=\"https:\/\/periodicos.ufpel.edu.br\/index.php\/rle\/issue\/view\/985\">Minority languages<\/a><\/p>\n<p><strong>Autores: <\/strong>Bernardo K. Limberger; Sebastian K\u00fcrschner; Cl\u00e9o V. Altenhofen; Isabella Mozzillo<\/p>\n<p>&nbsp;<\/p>\n<p><strong>LIMBERGER, MOTA e BUCHWEITZ &#8211; 2019<\/strong><\/p>\n<p><strong>T\u00edtulo:<\/strong> <a href=\"https:\/\/periodicos.ufpel.edu.br\/index.php\/cadernodeletras\/article\/view\/17876\">Bilinguismo e multilinguismo: processamento, aprendizagem e uso das l\u00ednguas<\/a><\/p>\n<p><strong>Autores:<\/strong> Bernardo K. Limberger; Mailce B. Mota;\u00a0Augusto Buchweitz<\/p>\n","protected":false},"excerpt":{"rendered":"<p>SEVERO, LIMBERGER e SIGALES-GON\u00c7ALVES &#8211; 2024 T\u00edtulo: Direitos e pol\u00edticas para o multilinguismo Autores: Cristine G. Severo; Bernardo K. Limberger e Jael Sigales-Gon\u00e7alves &nbsp; LIMBERGER, RINKE e FLORES &#8211; 2023 T\u00edtulo: Bilinguismo luso-alem\u00e3o: introdu\u00e7\u00e3o ao dossi\u00ea tem\u00e1tico Autores: Bernardo K. &hellip; <a href=\"https:\/\/wp.ufpel.edu.br\/laplimm\/dossies-organizados\/\">Continue lendo <span class=\"meta-nav\">&rarr;<\/span><\/a><\/p>\n","protected":false},"author":916,"featured_media":0,"parent":0,"menu_order":0,"comment_status":"closed","ping_status":"closed","template":"","meta":{"footnotes":""},"class_list":["post-392","page","type-page","status-publish","hentry"],"_links":{"self":[{"href":"https:\/\/wp.ufpel.edu.br\/laplimm\/wp-json\/wp\/v2\/pages\/392","targetHints":{"allow":["GET"]}}],"collection":[{"href":"https:\/\/wp.ufpel.edu.br\/laplimm\/wp-json\/wp\/v2\/pages"}],"about":[{"href":"https:\/\/wp.ufpel.edu.br\/laplimm\/wp-json\/wp\/v2\/types\/page"}],"author":[{"embeddable":true,"href":"https:\/\/wp.ufpel.edu.br\/laplimm\/wp-json\/wp\/v2\/users\/916"}],"replies":[{"embeddable":true,"href":"https:\/\/wp.ufpel.edu.br\/laplimm\/wp-json\/wp\/v2\/comments?post=392"}],"version-history":[{"count":6,"href":"https:\/\/wp.ufpel.edu.br\/laplimm\/wp-json\/wp\/v2\/pages\/392\/revisions"}],"predecessor-version":[{"id":821,"href":"https:\/\/wp.ufpel.edu.br\/laplimm\/wp-json\/wp\/v2\/pages\/392\/revisions\/821"}],"wp:attachment":[{"href":"https:\/\/wp.ufpel.edu.br\/laplimm\/wp-json\/wp\/v2\/media?parent=392"}],"curies":[{"name":"wp","href":"https:\/\/api.w.org\/{rel}","templated":true}]}}