{"id":24,"date":"2019-07-19T13:06:14","date_gmt":"2019-07-19T16:06:14","guid":{"rendered":"https:\/\/wp.ufpel.edu.br\/laplimm\/?page_id=24"},"modified":"2024-11-27T18:02:30","modified_gmt":"2024-11-27T21:02:30","slug":"equipe","status":"publish","type":"page","link":"https:\/\/wp.ufpel.edu.br\/laplimm\/equipe\/","title":{"rendered":"Equipe"},"content":{"rendered":"<p><strong>Coordenador:<\/strong><br \/>\nDr. Bernardo Kolling Limberger<\/p>\n<p><strong>Pesquisadores (UFPel):<\/strong><br \/>\nDra. Angela Klein<br \/>\nDra. Andrea Kahmann<br \/>\nDra. Cintia Blank<br \/>\nDra. Isabella Mozzillo<br \/>\nDra. Jael Gon\u00e7alves<br \/>\nDr. Lucas L\u00f6ff Machado<\/p>\n<p><strong>P\u00f3s-doutorando:<\/strong><br \/>\nDr. Renan Castro Ferreira<\/p>\n<p><strong>Estudantes (p\u00f3s-gradua\u00e7\u00e3o):<\/strong><br \/>\nAndrea Ualt Fonseca<br \/>\nGabriel Zardo de Oliveira<br \/>\nJulia da Rosa Diogo<br \/>\nLucas R\u00f6pke da Silva<br \/>\nNath\u00e1lia Guimar\u00e3es de Lima Siqueira<br \/>\nThomas de Julio<\/p>\n<p><strong>Estudantes (gradua\u00e7\u00e3o):<\/strong><br \/>\nGabriela Cordeiro Cassiano (bolsa CNPq)<br \/>\nGabriela Marcondes Mendes (bolsa UPFel)<br \/>\nGiovana Valer\u00e3o Canez<br \/>\nLuan da Rosa de Souza<br \/>\nRog\u00e9rio Fredes Gomes<\/p>\n<p><strong>Bolsistas anteriores:<\/strong><br \/>\nLisandro Miritz V\u00f6lz (FAPERGS)<br \/>\nElisandra Schwanz da Silva Netto (FAPERGS)<br \/>\nJorge Jason de la Cruz Rinc\u00f3n (FAPERGS)<\/p>\n<p><strong>Egressos da p\u00f3s-gradua\u00e7\u00e3o<\/strong><br \/>\nAline Behling Duarte<br \/>\nAnna Julia Karini Martins<br \/>\nGabriel Dutra Silveira<br \/>\nGabriela Wally Griep<br \/>\nGisleia Simone Devantier Blank<br \/>\nKamila Mendes da Silva<br \/>\nLeonardo da Rosa Ribeiro<br \/>\nRaphaela Palombo Bica de Freitas<\/p>\n<p>&nbsp;<\/p>\n","protected":false},"excerpt":{"rendered":"<p>Coordenador: Dr. Bernardo Kolling Limberger Pesquisadores (UFPel): Dra. Angela Klein Dra. Andrea Kahmann Dra. Cintia Blank Dra. Isabella Mozzillo Dra. Jael Gon\u00e7alves Dr. Lucas L\u00f6ff Machado P\u00f3s-doutorando: Dr. Renan Castro Ferreira Estudantes (p\u00f3s-gradua\u00e7\u00e3o): Andrea Ualt Fonseca Gabriel Zardo de Oliveira &hellip; <a href=\"https:\/\/wp.ufpel.edu.br\/laplimm\/equipe\/\">Continue lendo <span class=\"meta-nav\">&rarr;<\/span><\/a><\/p>\n","protected":false},"author":916,"featured_media":0,"parent":0,"menu_order":0,"comment_status":"closed","ping_status":"closed","template":"","meta":{"footnotes":""},"class_list":["post-24","page","type-page","status-publish","hentry"],"_links":{"self":[{"href":"https:\/\/wp.ufpel.edu.br\/laplimm\/wp-json\/wp\/v2\/pages\/24","targetHints":{"allow":["GET"]}}],"collection":[{"href":"https:\/\/wp.ufpel.edu.br\/laplimm\/wp-json\/wp\/v2\/pages"}],"about":[{"href":"https:\/\/wp.ufpel.edu.br\/laplimm\/wp-json\/wp\/v2\/types\/page"}],"author":[{"embeddable":true,"href":"https:\/\/wp.ufpel.edu.br\/laplimm\/wp-json\/wp\/v2\/users\/916"}],"replies":[{"embeddable":true,"href":"https:\/\/wp.ufpel.edu.br\/laplimm\/wp-json\/wp\/v2\/comments?post=24"}],"version-history":[{"count":22,"href":"https:\/\/wp.ufpel.edu.br\/laplimm\/wp-json\/wp\/v2\/pages\/24\/revisions"}],"predecessor-version":[{"id":731,"href":"https:\/\/wp.ufpel.edu.br\/laplimm\/wp-json\/wp\/v2\/pages\/24\/revisions\/731"}],"wp:attachment":[{"href":"https:\/\/wp.ufpel.edu.br\/laplimm\/wp-json\/wp\/v2\/media?parent=24"}],"curies":[{"name":"wp","href":"https:\/\/api.w.org\/{rel}","templated":true}]}}