{"id":207,"date":"2021-03-04T11:20:50","date_gmt":"2021-03-04T14:20:50","guid":{"rendered":"https:\/\/wp.ufpel.edu.br\/laplimm\/?page_id=207"},"modified":"2024-10-06T10:05:49","modified_gmt":"2024-10-06T13:05:49","slug":"sobre","status":"publish","type":"page","link":"https:\/\/wp.ufpel.edu.br\/laplimm\/sobre\/","title":{"rendered":"Sobre"},"content":{"rendered":"<p style=\"text-align: justify;\">O grupo de pesquisa denominado Laborat\u00f3rio de Psicolingu\u00edstica, L\u00ednguas Minorit\u00e1rias e Multilinguismo (Laplimm) foi criado em 2019 na Universidade Federal de Pelotas. O grupo desenvolve pesquisas sobre o processamento de l\u00ednguas minorit\u00e1rias e de mais de uma l\u00edngua pelo indiv\u00edduo. Interessamo-nos por todas as l\u00ednguas, sejam elas minorit\u00e1rias ou majorit\u00e1rias. O grupo est\u00e1 cadastrado no diret\u00f3rio de grupos de pesquisa do CNPq, que pode ser visualizado <a href=\"http:\/\/dgp.cnpq.br\/dgp\/espelhogrupo\/456957\">neste link<\/a>.<\/p>\n<p style=\"text-align: justify;\"><strong>Temas de pesquisa:<\/strong><\/p>\n<ul>\n<li>Rastreamento ocular<\/li>\n<li>Mutilinguismo<\/li>\n<li>Multilinguismo em sala de aula<\/li>\n<li>Neurodiverg\u00eancia<\/li>\n<li>Relativismo lingu\u00edstico<\/li>\n<li>Motiva\u00e7\u00e3o na aprendizagem de l\u00ednguas<\/li>\n<li>L\u00ednguas minorit\u00e1rias<\/li>\n<li>Consci\u00eancia metalingu\u00edstica<\/li>\n<\/ul>\n<p style=\"text-align: justify;\"><strong>Contato:<\/strong> laplimm.ufpel@gmail.com<\/p>\n","protected":false},"excerpt":{"rendered":"<p>O grupo de pesquisa denominado Laborat\u00f3rio de Psicolingu\u00edstica, L\u00ednguas Minorit\u00e1rias e Multilinguismo (Laplimm) foi criado em 2019 na Universidade Federal de Pelotas. O grupo desenvolve pesquisas sobre o processamento de l\u00ednguas minorit\u00e1rias e de mais de uma l\u00edngua pelo indiv\u00edduo. &hellip; <a href=\"https:\/\/wp.ufpel.edu.br\/laplimm\/sobre\/\">Continue lendo <span class=\"meta-nav\">&rarr;<\/span><\/a><\/p>\n","protected":false},"author":916,"featured_media":0,"parent":0,"menu_order":0,"comment_status":"closed","ping_status":"closed","template":"","meta":{"footnotes":""},"class_list":["post-207","page","type-page","status-publish","hentry"],"_links":{"self":[{"href":"https:\/\/wp.ufpel.edu.br\/laplimm\/wp-json\/wp\/v2\/pages\/207","targetHints":{"allow":["GET"]}}],"collection":[{"href":"https:\/\/wp.ufpel.edu.br\/laplimm\/wp-json\/wp\/v2\/pages"}],"about":[{"href":"https:\/\/wp.ufpel.edu.br\/laplimm\/wp-json\/wp\/v2\/types\/page"}],"author":[{"embeddable":true,"href":"https:\/\/wp.ufpel.edu.br\/laplimm\/wp-json\/wp\/v2\/users\/916"}],"replies":[{"embeddable":true,"href":"https:\/\/wp.ufpel.edu.br\/laplimm\/wp-json\/wp\/v2\/comments?post=207"}],"version-history":[{"count":7,"href":"https:\/\/wp.ufpel.edu.br\/laplimm\/wp-json\/wp\/v2\/pages\/207\/revisions"}],"predecessor-version":[{"id":685,"href":"https:\/\/wp.ufpel.edu.br\/laplimm\/wp-json\/wp\/v2\/pages\/207\/revisions\/685"}],"wp:attachment":[{"href":"https:\/\/wp.ufpel.edu.br\/laplimm\/wp-json\/wp\/v2\/media?parent=207"}],"curies":[{"name":"wp","href":"https:\/\/api.w.org\/{rel}","templated":true}]}}