{"id":117,"date":"2019-08-05T10:19:02","date_gmt":"2019-08-05T13:19:02","guid":{"rendered":"https:\/\/wp.ufpel.edu.br\/laplimm\/?page_id=117"},"modified":"2026-02-03T17:34:08","modified_gmt":"2026-02-03T20:34:08","slug":"publicacoes","status":"publish","type":"page","link":"https:\/\/wp.ufpel.edu.br\/laplimm\/publicacoes\/","title":{"rendered":"Publica\u00e7\u00f5es"},"content":{"rendered":"<p style=\"text-align: justify;\">Aqui est\u00e3o reunidas as publica\u00e7\u00f5es dos integrantes do Laborat\u00f3rio de Psicolingu\u00edstica, L\u00ednguas Minorit\u00e1rias e Multilinguismo (LAPLIMM). Acesse os links abaixo para navegar pelas produ\u00e7\u00f5es:<\/p>\n<ul>\n<li><a href=\"https:\/\/wp.ufpel.edu.br\/laplimm\/anais-de-eventos\/\">Anais de eventos<\/a><\/li>\n<li><a href=\"https:\/\/wp.ufpel.edu.br\/laplimm\/artigos\/\">Artigos<\/a><\/li>\n<li><a href=\"https:\/\/wp.ufpel.edu.br\/laplimm\/capitulos-de-livros\/\">Cap\u00edtulos de livros<\/a><\/li>\n<li><a href=\"https:\/\/wp.ufpel.edu.br\/laplimm\/dissertacoes\/\">Disserta\u00e7\u00f5es\u00a0<\/a><\/li>\n<li><a href=\"https:\/\/wp.ufpel.edu.br\/laplimm\/divulgacao-cientifica-na-midia\/\">Divulga\u00e7\u00e3o cient\u00edfica na m\u00eddia\u00a0<\/a><\/li>\n<li><a href=\"https:\/\/wp.ufpel.edu.br\/laplimm\/dossies-organizados\/\">Dossi\u00eas organizados<\/a><\/li>\n<li><a href=\"https:\/\/wp.ufpel.edu.br\/laplimm\/entrevistas\/\">Entrevistas<\/a><\/li>\n<li><a href=\"https:\/\/wp.ufpel.edu.br\/laplimm\/livros\/\">Livros<\/a><\/li>\n<li><a href=\"https:\/\/wp.ufpel.edu.br\/laplimm\/teses\/\">Teses<\/a><\/li>\n<\/ul>\n","protected":false},"excerpt":{"rendered":"<p>Aqui est\u00e3o reunidas as publica\u00e7\u00f5es dos integrantes do Laborat\u00f3rio de Psicolingu\u00edstica, L\u00ednguas Minorit\u00e1rias e Multilinguismo (LAPLIMM). Acesse os links abaixo para navegar pelas produ\u00e7\u00f5es: Anais de eventos Artigos Cap\u00edtulos de livros Disserta\u00e7\u00f5es\u00a0 Divulga\u00e7\u00e3o cient\u00edfica na m\u00eddia\u00a0 Dossi\u00eas organizados Entrevistas Livros &hellip; <a href=\"https:\/\/wp.ufpel.edu.br\/laplimm\/publicacoes\/\">Continue lendo <span class=\"meta-nav\">&rarr;<\/span><\/a><\/p>\n","protected":false},"author":916,"featured_media":0,"parent":0,"menu_order":0,"comment_status":"closed","ping_status":"closed","template":"","meta":{"footnotes":""},"class_list":["post-117","page","type-page","status-publish","hentry"],"_links":{"self":[{"href":"https:\/\/wp.ufpel.edu.br\/laplimm\/wp-json\/wp\/v2\/pages\/117","targetHints":{"allow":["GET"]}}],"collection":[{"href":"https:\/\/wp.ufpel.edu.br\/laplimm\/wp-json\/wp\/v2\/pages"}],"about":[{"href":"https:\/\/wp.ufpel.edu.br\/laplimm\/wp-json\/wp\/v2\/types\/page"}],"author":[{"embeddable":true,"href":"https:\/\/wp.ufpel.edu.br\/laplimm\/wp-json\/wp\/v2\/users\/916"}],"replies":[{"embeddable":true,"href":"https:\/\/wp.ufpel.edu.br\/laplimm\/wp-json\/wp\/v2\/comments?post=117"}],"version-history":[{"count":4,"href":"https:\/\/wp.ufpel.edu.br\/laplimm\/wp-json\/wp\/v2\/pages\/117\/revisions"}],"predecessor-version":[{"id":864,"href":"https:\/\/wp.ufpel.edu.br\/laplimm\/wp-json\/wp\/v2\/pages\/117\/revisions\/864"}],"wp:attachment":[{"href":"https:\/\/wp.ufpel.edu.br\/laplimm\/wp-json\/wp\/v2\/media?parent=117"}],"curies":[{"name":"wp","href":"https:\/\/api.w.org\/{rel}","templated":true}]}}