{"id":659,"date":"2022-06-06T08:55:33","date_gmt":"2022-06-06T11:55:33","guid":{"rendered":"https:\/\/wp.ufpel.edu.br\/lapam\/?page_id=659"},"modified":"2023-02-09T15:13:22","modified_gmt":"2023-02-09T18:13:22","slug":"parcerias","status":"publish","type":"page","link":"https:\/\/wp.ufpel.edu.br\/lapam\/parcerias\/","title":{"rendered":"Parcerias"},"content":{"rendered":"<h3>Parcerias com universidades<\/h3>\n<p><img class=\"alignnone  wp-image-788\" src=\"https:\/\/wp.ufpel.edu.br\/lapam\/files\/2023\/02\/UFPR-logo-F52F55C42F-seeklogo.com_.png\" alt=\"\" width=\"126\" height=\"82\" \/>\u00a0 \u00a0 \u00a0 \u00a0 <a href=\"https:\/\/www.ufes.br\"><img class=\"alignnone wp-image-698\" src=\"https:\/\/wp.ufpel.edu.br\/lapam\/files\/2022\/06\/logo-ufes-400x314.png\" alt=\"\" width=\"116\" height=\"91\" srcset=\"https:\/\/wp.ufpel.edu.br\/lapam\/files\/2022\/06\/logo-ufes-400x314.png 400w, https:\/\/wp.ufpel.edu.br\/lapam\/files\/2022\/06\/logo-ufes.png 560w\" sizes=\"(max-width: 116px) 100vw, 116px\" \/><\/a>\u00a0 \u00a0 \u00a0 \u00a0 <a href=\"https:\/\/www.furg.br\"><img class=\"alignnone wp-image-696\" src=\"https:\/\/wp.ufpel.edu.br\/lapam\/files\/2022\/06\/logo-furg-2-264x400.png\" alt=\"\" width=\"62\" height=\"94\" srcset=\"https:\/\/wp.ufpel.edu.br\/lapam\/files\/2022\/06\/logo-furg-2-264x400.png 264w, https:\/\/wp.ufpel.edu.br\/lapam\/files\/2022\/06\/logo-furg-2-675x1024.png 675w, https:\/\/wp.ufpel.edu.br\/lapam\/files\/2022\/06\/logo-furg-2.png 712w\" sizes=\"(max-width: 62px) 100vw, 62px\" \/><\/a>\u00a0 \u00a0 \u00a0 \u00a0<a href=\"https:\/\/www.uclm.es\"><img class=\"wp-image-699 alignnone\" src=\"https:\/\/wp.ufpel.edu.br\/lapam\/files\/2022\/06\/logo-uclm-2.png\" alt=\"\" width=\"182\" height=\"86\" \/><\/a><\/p>\n<h4><a href=\"https:\/\/wp.ufpel.edu.br\/lapam\/files\/2022\/06\/SEI_UFPel-1677721-GR-Acordo-para-Pesquisa-Desenvolvimento-e-Inovacao.pdf\">Acordo de Parceria para Pesquisa, Desenvolvimento e Inova\u00e7\u00e3o UFPel x FURG x UCLM<\/a><\/h4>\n<p>Parcerias com os <strong>Grupos de Pesquisa<\/strong> do CNPq:<\/p>\n<ul>\n<li><a href=\"http:\/\/dgp.cnpq.br\/dgp\/espelhogrupo\/24508\">Produ\u00e7\u00e3o Madeireira<\/a> &#8211; UFPel;<\/li>\n<li><a href=\"http:\/\/dgp.cnpq.br\/dgp\/espelhogrupo\/9743339760613467\">Ci\u00eancia e tecnologia da Madeira e de Produtos Florestais<\/a> &#8211; UFPR;<\/li>\n<li><a href=\"http:\/\/dgp.cnpq.br\/dgp\/espelhogrupo\/41790\">Pain\u00e9is Reconstitu\u00eddos<\/a> &#8211; UFES<\/li>\n<\/ul>\n<h3><\/h3>\n<h3>Parcerias com empresas<\/h3>\n<h3><a href=\"https:\/\/www.fibraplac.com.br\"><img class=\"alignnone wp-image-692\" src=\"https:\/\/wp.ufpel.edu.br\/lapam\/files\/2022\/06\/logo-fibraplac-cut.jpg\" alt=\"\" width=\"151\" height=\"81\" \/><\/a>\u00a0 \u00a0 <a href=\"https:\/\/www.suzano.com.br\"><img class=\"alignnone wp-image-682\" src=\"https:\/\/wp.ufpel.edu.br\/lapam\/files\/2022\/06\/logo-suzano-cut-400x234.png\" alt=\"\" width=\"128\" height=\"75\" srcset=\"https:\/\/wp.ufpel.edu.br\/lapam\/files\/2022\/06\/logo-suzano-cut-400x234.png 400w, https:\/\/wp.ufpel.edu.br\/lapam\/files\/2022\/06\/logo-suzano-cut-1024x598.png 1024w, https:\/\/wp.ufpel.edu.br\/lapam\/files\/2022\/06\/logo-suzano-cut-768x449.png 768w, https:\/\/wp.ufpel.edu.br\/lapam\/files\/2022\/06\/logo-suzano-cut-1536x897.png 1536w, https:\/\/wp.ufpel.edu.br\/lapam\/files\/2022\/06\/logo-suzano-cut.png 1828w\" sizes=\"(max-width: 128px) 100vw, 128px\" \/><\/a>\u00a0 \u00a0 \u00a0 \u00a0 <a href=\"https:\/\/www.hexion.com\"><img class=\"alignnone wp-image-683\" src=\"https:\/\/wp.ufpel.edu.br\/lapam\/files\/2022\/06\/logo-hexion-cut-400x130.png\" alt=\"\" width=\"190\" height=\"61\" srcset=\"https:\/\/wp.ufpel.edu.br\/lapam\/files\/2022\/06\/logo-hexion-cut-400x130.png 400w, https:\/\/wp.ufpel.edu.br\/lapam\/files\/2022\/06\/logo-hexion-cut-768x249.png 768w, https:\/\/wp.ufpel.edu.br\/lapam\/files\/2022\/06\/logo-hexion-cut.png 858w\" sizes=\"(max-width: 190px) 100vw, 190px\" \/><\/a>\u00a0 \u00a0 \u00a0 \u00a0 <a href=\"https:\/\/www.tramontinastore.com\/\"><img class=\"alignnone wp-image-684\" src=\"https:\/\/wp.ufpel.edu.br\/lapam\/files\/2022\/06\/logo-tramontina-cut-400x167.png\" alt=\"\" width=\"207\" height=\"86\" srcset=\"https:\/\/wp.ufpel.edu.br\/lapam\/files\/2022\/06\/logo-tramontina-cut-400x167.png 400w, https:\/\/wp.ufpel.edu.br\/lapam\/files\/2022\/06\/logo-tramontina-cut-1024x428.png 1024w, https:\/\/wp.ufpel.edu.br\/lapam\/files\/2022\/06\/logo-tramontina-cut-768x321.png 768w, https:\/\/wp.ufpel.edu.br\/lapam\/files\/2022\/06\/logo-tramontina-cut.png 1464w\" sizes=\"(max-width: 207px) 100vw, 207px\" \/><\/a><\/h3>\n","protected":false},"excerpt":{"rendered":"<p>Parcerias com universidades \u00a0 \u00a0 \u00a0 \u00a0 \u00a0 \u00a0 \u00a0 \u00a0 \u00a0 \u00a0 \u00a0 \u00a0 Acordo de Parceria para Pesquisa, Desenvolvimento e Inova\u00e7\u00e3o UFPel x FURG x UCLM Parcerias com os Grupos de Pesquisa do CNPq: Produ\u00e7\u00e3o Madeireira &#8211; UFPel; Ci\u00eancia e tecnologia da Madeira e de Produtos Florestais &#8211; UFPR; Pain\u00e9is Reconstitu\u00eddos &#8211; UFES [&hellip;]<\/p>\n","protected":false},"author":1058,"featured_media":0,"parent":0,"menu_order":0,"comment_status":"closed","ping_status":"closed","template":"","meta":{"footnotes":""},"class_list":["post-659","page","type-page","status-publish","hentry"],"_links":{"self":[{"href":"https:\/\/wp.ufpel.edu.br\/lapam\/wp-json\/wp\/v2\/pages\/659","targetHints":{"allow":["GET"]}}],"collection":[{"href":"https:\/\/wp.ufpel.edu.br\/lapam\/wp-json\/wp\/v2\/pages"}],"about":[{"href":"https:\/\/wp.ufpel.edu.br\/lapam\/wp-json\/wp\/v2\/types\/page"}],"author":[{"embeddable":true,"href":"https:\/\/wp.ufpel.edu.br\/lapam\/wp-json\/wp\/v2\/users\/1058"}],"replies":[{"embeddable":true,"href":"https:\/\/wp.ufpel.edu.br\/lapam\/wp-json\/wp\/v2\/comments?post=659"}],"version-history":[{"count":8,"href":"https:\/\/wp.ufpel.edu.br\/lapam\/wp-json\/wp\/v2\/pages\/659\/revisions"}],"predecessor-version":[{"id":664,"href":"https:\/\/wp.ufpel.edu.br\/lapam\/wp-json\/wp\/v2\/pages\/659\/revisions\/664"}],"wp:attachment":[{"href":"https:\/\/wp.ufpel.edu.br\/lapam\/wp-json\/wp\/v2\/media?parent=659"}],"curies":[{"name":"wp","href":"https:\/\/api.w.org\/{rel}","templated":true}]}}