{"id":615,"date":"2022-05-16T11:06:01","date_gmt":"2022-05-16T14:06:01","guid":{"rendered":"https:\/\/wp.ufpel.edu.br\/lapam\/?page_id=615"},"modified":"2022-05-19T20:04:33","modified_gmt":"2022-05-19T23:04:33","slug":"iii-ciclo-de-encontros-online-2021","status":"publish","type":"page","link":"https:\/\/wp.ufpel.edu.br\/lapam\/projetos\/ensino\/getecma\/iii-ciclo-de-encontros-online-2021\/","title":{"rendered":"III Ciclo de Encontros Online 2021"},"content":{"rendered":"<h2>CONSTRU\u00c7\u00c3O CIVIL, INTERA\u00c7\u00c3O EMPRESA E ACADEMIA<\/h2>\n<p>Este ciclo se caracteriza como um bate-papo com profissionais atuantes nas \u00e1reas do setor madeireiro. Contamos com diversas presen\u00e7as ilustres que v\u00e3o nos apresentar \u00e0 este incr\u00edvel mundo que a Engenharia Industrial Madeira pode nos oferecer!<\/p>\n<p>&nbsp;<\/p>\n<p>\u2022 Palestra de <strong>PROCESSO PRODUTIVO DO MLC E VIV\u00caNCIAS NA CONSTRU\u00c7\u00c3O CIVIL \u00c0 BASE DE MADEIRA ENGENHEIRADA &#8211; Ana Antunes<\/strong>.<\/p>\n<h2><a href=\"https:\/\/www.youtube.com\/watch?v=nUl6dNuekRg\"><img class=\"wp-image-572 alignleft\" src=\"https:\/\/wp.ufpel.edu.br\/lapam\/files\/2022\/03\/Ana-Antunes-Rewood-Insta-400x400.jpeg\" alt=\"\" width=\"312\" height=\"312\" srcset=\"https:\/\/wp.ufpel.edu.br\/lapam\/files\/2022\/03\/Ana-Antunes-Rewood-Insta-400x400.jpeg 400w, https:\/\/wp.ufpel.edu.br\/lapam\/files\/2022\/03\/Ana-Antunes-Rewood-Insta-1024x1024.jpeg 1024w, https:\/\/wp.ufpel.edu.br\/lapam\/files\/2022\/03\/Ana-Antunes-Rewood-Insta-200x200.jpeg 200w, https:\/\/wp.ufpel.edu.br\/lapam\/files\/2022\/03\/Ana-Antunes-Rewood-Insta-768x768.jpeg 768w, https:\/\/wp.ufpel.edu.br\/lapam\/files\/2022\/03\/Ana-Antunes-Rewood-Insta.jpeg 1080w\" sizes=\"(max-width: 312px) 100vw, 312px\" \/><\/a><\/h2>\n<p>&nbsp;<\/p>\n<p>&nbsp;<\/p>\n<p>&nbsp;<\/p>\n<p>&nbsp;<\/p>\n<p>&nbsp;<\/p>\n<p>&nbsp;<\/p>\n<p>&nbsp;<\/p>\n<p>&nbsp;<\/p>\n<p>&nbsp;<\/p>\n<p>\u2022 Palestra de <strong>COOPERA\u00c7\u00c3O TECNOL\u00d3GICA: INTERA\u00c7\u00c3O SUZANO E ACADEMIA &#8211; Maria Teresa e Vin\u00edcius Delfim<\/strong>.<\/p>\n<p><a href=\"https:\/\/www.youtube.com\/watch?v=fRuAydN1eCo\"><strong><img class=\"wp-image-604 alignleft\" src=\"https:\/\/wp.ufpel.edu.br\/lapam\/files\/2022\/04\/III-Ciclo-GETECMA-Suzano-400x400.jpg\" alt=\"\" width=\"312\" height=\"312\" srcset=\"https:\/\/wp.ufpel.edu.br\/lapam\/files\/2022\/04\/III-Ciclo-GETECMA-Suzano-400x400.jpg 400w, https:\/\/wp.ufpel.edu.br\/lapam\/files\/2022\/04\/III-Ciclo-GETECMA-Suzano-1024x1024.jpg 1024w, https:\/\/wp.ufpel.edu.br\/lapam\/files\/2022\/04\/III-Ciclo-GETECMA-Suzano-200x200.jpg 200w, https:\/\/wp.ufpel.edu.br\/lapam\/files\/2022\/04\/III-Ciclo-GETECMA-Suzano-768x768.jpg 768w, https:\/\/wp.ufpel.edu.br\/lapam\/files\/2022\/04\/III-Ciclo-GETECMA-Suzano.jpg 1080w\" sizes=\"(max-width: 312px) 100vw, 312px\" \/><\/strong><\/a><\/p>\n","protected":false},"excerpt":{"rendered":"<p>CONSTRU\u00c7\u00c3O CIVIL, INTERA\u00c7\u00c3O EMPRESA E ACADEMIA Este ciclo se caracteriza como um bate-papo com profissionais atuantes nas \u00e1reas do setor madeireiro. Contamos com diversas presen\u00e7as ilustres que v\u00e3o nos apresentar \u00e0 este incr\u00edvel mundo que a Engenharia Industrial Madeira pode nos oferecer! &nbsp; \u2022 Palestra de PROCESSO PRODUTIVO DO MLC E VIV\u00caNCIAS NA CONSTRU\u00c7\u00c3O CIVIL [&hellip;]<\/p>\n","protected":false},"author":1058,"featured_media":0,"parent":138,"menu_order":0,"comment_status":"closed","ping_status":"closed","template":"","meta":{"footnotes":""},"class_list":["post-615","page","type-page","status-publish","hentry"],"_links":{"self":[{"href":"https:\/\/wp.ufpel.edu.br\/lapam\/wp-json\/wp\/v2\/pages\/615","targetHints":{"allow":["GET"]}}],"collection":[{"href":"https:\/\/wp.ufpel.edu.br\/lapam\/wp-json\/wp\/v2\/pages"}],"about":[{"href":"https:\/\/wp.ufpel.edu.br\/lapam\/wp-json\/wp\/v2\/types\/page"}],"author":[{"embeddable":true,"href":"https:\/\/wp.ufpel.edu.br\/lapam\/wp-json\/wp\/v2\/users\/1058"}],"replies":[{"embeddable":true,"href":"https:\/\/wp.ufpel.edu.br\/lapam\/wp-json\/wp\/v2\/comments?post=615"}],"version-history":[{"count":7,"href":"https:\/\/wp.ufpel.edu.br\/lapam\/wp-json\/wp\/v2\/pages\/615\/revisions"}],"predecessor-version":[{"id":627,"href":"https:\/\/wp.ufpel.edu.br\/lapam\/wp-json\/wp\/v2\/pages\/615\/revisions\/627"}],"up":[{"embeddable":true,"href":"https:\/\/wp.ufpel.edu.br\/lapam\/wp-json\/wp\/v2\/pages\/138"}],"wp:attachment":[{"href":"https:\/\/wp.ufpel.edu.br\/lapam\/wp-json\/wp\/v2\/media?parent=615"}],"curies":[{"name":"wp","href":"https:\/\/api.w.org\/{rel}","templated":true}]}}