{"id":56,"date":"2020-10-19T17:23:35","date_gmt":"2020-10-19T20:23:35","guid":{"rendered":"https:\/\/wp.ufpel.edu.br\/lapam\/?page_id=56"},"modified":"2022-05-16T13:43:49","modified_gmt":"2022-05-16T16:43:49","slug":"pesquisa","status":"publish","type":"page","link":"https:\/\/wp.ufpel.edu.br\/lapam\/projetos\/pesquisa\/","title":{"rendered":"Projetos de Pesquisa"},"content":{"rendered":"<h3>Avalia\u00e7\u00e3o de Preservativos para Madeira S\u00f3lida e Pain\u00e9is de Madeira Reconstitu\u00edda<\/h3>\n<ul>\n<li>A pesquisa tem por objetivo identificar subst\u00e2ncias naturais e sint\u00e9ticas com potencialidade de controlar a a\u00e7\u00e3o de agentes xil\u00f3fagos; Verificar o efeito de preservativos no desenvolvimento de fungos xil\u00f3fagos em madeira s\u00f3lida; Avaliar o dano causado e a mortalidade de cupins xil\u00f3fagos em madeira s\u00f3lida e em pain\u00e9is de madeira reconstitu\u00edda tratados com novos preservativos; Determinar o m\u00e9todo de tratamento mais eficiente para cada preservativo avaliado. <strong>PER\u00cdODO: 2019 &#8211; em andamento.<\/strong><\/li>\n<li>Coordenador: Leonardo da Silva Oliveira.<\/li>\n<li>Integrantes: \u00c9rika da Silva Ferreira; Gabriel Valim Cardoso; C\u00edntia Boldt.<\/li>\n<\/ul>\n<h3><\/h3>\n<h3 style=\"text-align: justify;\">Aproveitamento de res\u00edduos agr\u00edcolas para a produ\u00e7\u00e3o de pain\u00e9is de part\u00edculas orientadas (OSB) com madeira de <em>Pinus elliottii<\/em> e adi\u00e7\u00e3o de nanofibrilas de celulose<\/h3>\n<ul>\n<li style=\"text-align: justify;\">O projeto de pesquisa prop\u00f5e a utiliza\u00e7\u00e3o de materiais considerados res\u00edduos para agregar a produ\u00e7\u00e3o de um tipo de comp\u00f3sito que vem ganhando espa\u00e7o no mercado consumidor atual o painel Oriented Strand Board &#8211; OSB. A finalidade do projeto ser\u00e1 produzir um painel de madeira do tipo OSB, que atenda as propriedades desejadas para fun\u00e7\u00f5es estruturais. Nesse contexto o presente estudo pretende avaliar o potencial tecnol\u00f3gico do uso de res\u00edduos agr\u00edcolas e madeira de pinus em diferentes composi\u00e7\u00f5es para produ\u00e7\u00e3o de pain\u00e9is de part\u00edculas tipo OSB e incorpora\u00e7\u00e3o de nanofibrilas de celulose como refor\u00e7o do comp\u00f3sito. <strong>CNPq.<\/strong> <strong>PER\u00cdODO: 2018 &#8211; em andamento.<\/strong><\/li>\n<li>Coordenadora: \u00c9rika da Silva Ferreira.<\/li>\n<li>Integrantes: Gabriel Valim Cardoso; Merielen de Carvalho Lopes; C\u00edntia Boldt; Arthur Garcia Lucas; Amanda Corr\u00eaa.<\/li>\n<\/ul>\n<p>&nbsp;<\/p>\n<h3 style=\"text-align: justify;\">Potencial da casca de arroz (Oryza sp) como material alternativo para a produ\u00e7\u00e3o de nanocomp\u00f3sitos isolantes<\/h3>\n<ul>\n<li style=\"text-align: justify;\">A pesquisa tem por objetivo produzir nanocomp\u00f3sitos a partir de part\u00edculas e fibras da casca de arroz (Oryza sp) e madeira de pinus (Pinus sp) refor\u00e7ados com nanocelulose com finalidade de uso como painel isolante. Dessa forma, os comp\u00f3sitos produzidos ser\u00e3o caracterizados de acordo com suas propriedades f\u00edsicas, mec\u00e2nicas, t\u00e9rmicas e ac\u00fasticas. Bem como ser\u00e3o avaliados a emiss\u00e3o de formalde\u00eddo e suas propriedades qu\u00edmicas.\u00a0<strong>CNPq.<\/strong> <strong>PER\u00cdODO: 2017 &#8211; em andamento.<\/strong><\/li>\n<li>Coordenadora: \u00c9rika da Silva Ferreira.<\/li>\n<li>Integrantes: Leonardo da Silva Oliveira; Gabriel Valim Cardoso; Jesus Alfaro Gonz\u00e1lez; C\u00edntia Boldt; Mateus Fiss Timm; Amanda Corr\u00eaa; Andrey Santos.<\/li>\n<\/ul>\n<p><!--nextpage--><\/p>\n<h3>Obten\u00e7\u00e3o de nanocristais de celulose para aplica\u00e7\u00e3o em nanocomp\u00f3sitos por diferentes rotas de produ\u00e7\u00e3o<\/h3>\n<ul>\n<li>Produzir nanocomp\u00f3sitos por diferentes m\u00e9todos utilizando nanocristais de celulose como fase refor\u00e7o. <strong>PER\u00cdODO: 2015 &#8211; 2017.<\/strong><\/li>\n<li>Coordenador: Gabriel Valim Cardoso.<\/li>\n<li>Integrantes: \u00c9rika da Silva Ferreira; M\u00e1rio L\u00facio Moreira; S\u00e9rgio da Silva Cava; Lucas Roberto Di Salvo Mello.<\/li>\n<\/ul>\n<p>&nbsp;<\/p>\n<h3>Pain\u00e9is decorativos produzidos com res\u00edduos agr\u00edcolas<\/h3>\n<ul>\n<li>Este projeto visa apresentar algumas atividades desenvolvidas pela Engenharia Industrial Madeireira relativa \u00e0 tecnologia de chapas produzidas com res\u00edduos s\u00f3lidos. Desta forma ser\u00e3o realizadas as seguintes etapas para o desenvolvimento deste projeto: Sele\u00e7\u00e3o de res\u00edduos lignocelul\u00f3sicos gerados por meio da colheita em plantios agr\u00edcolas (palha de arroz, trigo e milho); Realiza\u00e7\u00e3o de an\u00e1lises qu\u00edmicas com o intuito de avaliar a qualidade dos res\u00edduos empregados para a produ\u00e7\u00e3o de chapas; Produ\u00e7\u00e3o, em escala piloto, de chapas aglomeradas com os res\u00edduos lignocelul\u00f3sicos pr\u00e9-selecionados; Avalia\u00e7\u00e3o do potencial de uso das chapas como pain\u00e9is decorativos em ambientes de interiores. <strong>CNPq. <\/strong><strong>PER\u00cdODO: 2014 &#8211; 2016.<\/strong><\/li>\n<li>Coordenadora: \u00c9rika da Silva Ferreira.<\/li>\n<li>Integrantes: Leonardo da Silva Oliveir; Cristiane Pedrazzi; Wolmer Brod Peres; Amelia Pestana Zanatto.<\/li>\n<\/ul>\n<p>&nbsp;<\/p>\n<h3>Qualidade Tecnol\u00f3gica da Madeira de Teca (Tectona grandis) Oriunda da Regi\u00e3o de C\u00e1ceres &#8211; MT<\/h3>\n<ul>\n<li>O projeto de pesquisa proposto visa implementar novas perspectivas sobre o emprego de uma esp\u00e9cie de madeira ex\u00f3tica com potencial para produ\u00e7\u00e3o de m\u00f3veis e artefatos de fino acabamento, al\u00e9m da possibilidade de uso da esp\u00e9cie jovem (9 e 14 anos de idade) para fabrica\u00e7\u00e3o de novos produtos empregados a um mercado consumidor espec\u00edfico. <strong>PER\u00cdODO: 2013 &#8211; 2015.<\/strong><\/li>\n<li>Coordenadora: \u00c9rika da Silva Ferreira.<\/li>\n<li>Integrantes: Leonardo da Silva Oliveira; Cristiane Pedrazzi; Rafael Beltrame; Gabriel Valim Cardoso.<\/li>\n<\/ul>\n<p>&nbsp;<\/p>\n<h3>Estudo da qualidade de liga\u00e7\u00f5es adesivas produzidas com madeiras de diferentes densidades e adesivos comerciais<\/h3>\n<ul>\n<li>O presente trabalho visa apresentar a import\u00e2ncia do estudo da influ\u00eancia de diferentes densidades de madeiras nativas na resist\u00eancia ao esfor\u00e7o de cisalhamento em juntas coladas com diferentes formula\u00e7\u00f5es de adesivo PVA (acetato de polivinila). <strong>PER\u00cdODO: 2012 &#8211; 2015.<\/strong><\/li>\n<li>Coordenadora: \u00c9rika da Silva Ferreira.<\/li>\n<li>Integrantes: Leonardo da Silva Oliveira; Cristiane Pedrazzi; Gilson Sim\u00f5es Porci\u00fancula.<\/li>\n<\/ul>\n<p><!--nextpage--><\/p>\n<h3>Pain\u00e9is decorativos produzidos com res\u00edduos lignocelul\u00f3sicos<\/h3>\n<ul>\n<li>Este projeto visa apresentar algumas atividades desenvolvidas pela Engenharia Industrial Madeireira relativa \u00e0 tecnologia de chapas produzidas com res\u00edduos s\u00f3lidos. Desta forma ser\u00e3o realizadas as seguintes etapas para o desenvolvimento deste projeto: -Sele\u00e7\u00e3o de res\u00edduos lignocelul\u00f3sicos em agroind\u00fastrias e institui\u00e7\u00f5es de ensino p\u00fablico da regi\u00e3o de Pelotas (caro\u00e7o de p\u00eassego, casca de arroz e res\u00edduos de erva-mate); Realiza\u00e7\u00e3o de an\u00e1lises qu\u00edmicas com o intuito de avaliar a qualidade dos res\u00edduos empregados para a produ\u00e7\u00e3o de chapas; Produ\u00e7\u00e3o, em escala piloto, de chapas aglomeradas com os res\u00edduos lignocelul\u00f3sicos pr\u00e9-selecionados; Avalia\u00e7\u00e3o do potencial de uso das chapas como pain\u00e9is decorativos em ambientes de interiores. <strong>CNPq. <\/strong><strong>PER\u00cdODO: 2012 &#8211; 2014.<\/strong><\/li>\n<li>Coordenadora: \u00c9rika da Silva Ferreira.<\/li>\n<li>Integrantes:\u00a0 L\u00edgia Furlan;\/ Miguel Pinto de Oliveira; Tangela Denise Perleberg.<\/li>\n<\/ul>\n<p>&nbsp;<\/p>\n<h3>Potencial de Uso dos Taninos da Aroeira-Vermelha (Schinus terebinthifolius Raddi) como Adesivo para Produtos \u00e0 Base de Madeira<\/h3>\n<ul>\n<li>Este projeto visa avaliar o potencial de extra\u00e7\u00e3o dos taninos da casca e folha de aroeira-vermelha (Schinus terebinthifolius) sob diferentes formas de extra\u00e7\u00e3o, analisar a influ\u00eancia da aduba\u00e7\u00e3o da aroeira-vermelha com diferentes dosagens de superfosfato e inocula\u00e7\u00e3o de micorriza no teor de taninos considerando sua viabilidade de uso na confec\u00e7\u00e3o de adesivos para colagem de produtos \u00e0 base de madeira. <strong>PER\u00cdODO: 2008 &#8211; 2015.<\/strong><\/li>\n<li>Coordenadora: \u00c9rika da Silva Ferreira.<\/li>\n<li>Integrantes:\u00a0 Roberto Carlos Costa Lelis;\/ Setsuo Iwakiri;\/ Leonardo da Silva Oliveira; L\u00edgia Furlan; Miguel Pinto de Oliveira; Gabriel Valim Cardoso.<\/li>\n<\/ul>\n<p>&nbsp;<\/p>\n<h3>Propriedades f\u00edsico-mec\u00e2nicas de pain\u00e9is de fibras de m\u00e9dia densidade (MDF) produzidos com resinas convencionais e modificadas com tanino de Ac\u00e1cia Negra<\/h3>\n<ul>\n<li>Este estudo visa analisar o efeito do uso de diferentes resinas convencionais e modificadas com tanino de ac\u00e1cia negra com incorpora\u00e7\u00e3o de parafina, bem como avaliar a intera\u00e7\u00e3o desses fatores nas propriedades f\u00edsicas e mec\u00e2nicas em pain\u00e9is MDF. <strong>PER\u00cdODO: 2006 &#8211; 2011.<\/strong><\/li>\n<li>Coordenadora: \u00c9rika da Silva Ferreira.<\/li>\n<li>Integrantes: Roberto Carlos Costa Lelis; Setsuo Iwakiri; Jorge Luis Monteiro de Matos.<\/li>\n<\/ul>\n<p>&nbsp;<\/p>\n<h3>Utiliza\u00e7\u00e3o dos polifen\u00f3is da casca de Pinus para produ\u00e7\u00e3o de adesivos para compensados<\/h3>\n<ul>\n<li>Desenvolvimento de Disserta\u00e7\u00e3o de Mestrado em Ci\u00eancias Ambientais e Florestais &#8211; \u00c1rea Tecnologia da Madeira Universidade Federal Rural do Rio de Janeiro &#8211; Instituto de Florestas &#8211; Departamento de Produtos Florestais. <strong>CAPES. <\/strong><strong>PER\u00cdODO: 2002 &#8211; 2004.<\/strong><\/li>\n<li>Coordenadora: \u00c9rika da Silva Ferreira.<\/li>\n<li>Integrantes: Roberto Carlos Costa Lelis; Edva Oliveira Brito.<\/li>\n<\/ul>\n<p><!--nextpage--><\/p>\n<h3>Fabrica\u00e7\u00e3o de adesivos de tanino-formalde\u00eddo com taninos oriundos de Eucalyptus sp, Acacia mearnsii, Pinus sp para colagem de madeira e de pain\u00e9is de madeira<\/h3>\n<ul>\n<li><strong>CAPES. PER\u00cdODO: 2001- 2004.<\/strong><\/li>\n<li>Coordenador: Roberto Carlos Costa Lelis.<\/li>\n<li>Integrantes: \u00c9rika da Silva Ferreira; Jo\u00e3o Vicente de Figueiredo Latorraca.<\/li>\n<\/ul>\n<p>&nbsp;<\/p>\n<h3>Avalia\u00e7\u00e3o de par\u00e2metros e produtos no processamento na produ\u00e7\u00e3o de pain\u00e9is madeira-cimento a partir de madeiras de folhosas e de con\u00edferas<\/h3>\n<ul>\n<li>Avalia\u00e7\u00e3o de par\u00e2metros de processamento na produ\u00e7\u00e3o de pain\u00e9is madeira-cimento a partir de madeiras de folhosas e de con\u00edferas. para cosntru\u00e7\u00e3o de casas. Os objetivos do presente trabalho s\u00e3o: Confeccionar comp\u00f3sitos pol\u00edmero-fibra, com polpa de madeira de diferentes esp\u00e9cies de madeira (diferentes caracter\u00edsticas de fibras), tratadas com diferentes agentes compatibilizantes e modificadores qu\u00edmicos, em diferentes propor\u00e7\u00f5es de misturas. Comparar os diferentes comp\u00f3sitos confeccionados, de maneira confirmar a proposi\u00e7\u00e3o de que uso de polpa de madeira nos comp\u00f3sitos melhora a intera\u00e7\u00e3o entre as cadeias de polissacar\u00eddeos constituintes da fibra e o pol\u00edmero. Verificar a melhora da intera\u00e7\u00e3o entre os pol\u00edmeros naturais e sint\u00e9ticos nos comp\u00f3sitos. <strong>ABIMCI,<\/strong> <strong>CNPq, CAPES, FINEP.<\/strong> <strong>PER\u00cdODO: 1999- 2010.<\/strong><\/li>\n<li>Coordenador: Setsuo Iwakiri.<\/li>\n<li>Integrantes: \u00c9rika da Silva Ferreira.<\/li>\n<\/ul>\n<p>&nbsp;<\/p>\n<h3>Avalia\u00e7\u00e3o da Qualidade da Madeira de Quatro Esp\u00e9cies de Eucalyptus da Regi\u00e3o de Serop\u00e9dica RJ a Partir de Ensaios F\u00edsicos e Qu\u00edmicos<\/h3>\n<ul>\n<li>Participa\u00e7\u00e3o no desenvolvimento do projeto de pesquisa como aluna da gradua\u00e7\u00e3o bolsista CNPq &#8211; PIBIC Universidade Federal Rural do Rio de Janeiro &#8211; Instituto de Florestas &#8211; Departamento de Produtos Florestais. <strong>CNPq. PER\u00cdODO: 1999- 2000.<\/strong><\/li>\n<li>Coordenador: Roberto Carlos Costa Lelis.<\/li>\n<li>Integrantes: \u00c9rika da Silva Ferreira; Marina Francy Reda.<\/li>\n<\/ul>\n","protected":false},"excerpt":{"rendered":"<p>Avalia\u00e7\u00e3o de Preservativos para Madeira S\u00f3lida e Pain\u00e9is de Madeira Reconstitu\u00edda A pesquisa tem por objetivo identificar subst\u00e2ncias naturais e sint\u00e9ticas com potencialidade de controlar a a\u00e7\u00e3o de agentes xil\u00f3fagos; Verificar o efeito de preservativos no desenvolvimento de fungos xil\u00f3fagos em madeira s\u00f3lida; Avaliar o dano causado e a mortalidade de cupins xil\u00f3fagos em madeira [&hellip;]<\/p>\n","protected":false},"author":1058,"featured_media":0,"parent":35,"menu_order":0,"comment_status":"closed","ping_status":"closed","template":"","meta":{"footnotes":""},"class_list":["post-56","page","type-page","status-publish","hentry"],"_links":{"self":[{"href":"https:\/\/wp.ufpel.edu.br\/lapam\/wp-json\/wp\/v2\/pages\/56","targetHints":{"allow":["GET"]}}],"collection":[{"href":"https:\/\/wp.ufpel.edu.br\/lapam\/wp-json\/wp\/v2\/pages"}],"about":[{"href":"https:\/\/wp.ufpel.edu.br\/lapam\/wp-json\/wp\/v2\/types\/page"}],"author":[{"embeddable":true,"href":"https:\/\/wp.ufpel.edu.br\/lapam\/wp-json\/wp\/v2\/users\/1058"}],"replies":[{"embeddable":true,"href":"https:\/\/wp.ufpel.edu.br\/lapam\/wp-json\/wp\/v2\/comments?post=56"}],"version-history":[{"count":25,"href":"https:\/\/wp.ufpel.edu.br\/lapam\/wp-json\/wp\/v2\/pages\/56\/revisions"}],"predecessor-version":[{"id":623,"href":"https:\/\/wp.ufpel.edu.br\/lapam\/wp-json\/wp\/v2\/pages\/56\/revisions\/623"}],"up":[{"embeddable":true,"href":"https:\/\/wp.ufpel.edu.br\/lapam\/wp-json\/wp\/v2\/pages\/35"}],"wp:attachment":[{"href":"https:\/\/wp.ufpel.edu.br\/lapam\/wp-json\/wp\/v2\/media?parent=56"}],"curies":[{"name":"wp","href":"https:\/\/api.w.org\/{rel}","templated":true}]}}