{"id":52,"date":"2020-10-16T15:52:23","date_gmt":"2020-10-16T18:52:23","guid":{"rendered":"https:\/\/wp.ufpel.edu.br\/lapam\/?page_id=52"},"modified":"2022-03-10T14:16:31","modified_gmt":"2022-03-10T17:16:31","slug":"ensino","status":"publish","type":"page","link":"https:\/\/wp.ufpel.edu.br\/lapam\/projetos\/ensino\/","title":{"rendered":"Projetos de Ensino"},"content":{"rendered":"<h3 style=\"text-align: justify\"><a href=\"https:\/\/wp.ufpel.edu.br\/lapam\/pac-e-pmr\/\">M\u00eddias Digitais de Apoio a disciplina Produtos de Ades\u00e3o e Colagem e Pain\u00e9is de Madeira Reconstitu\u00edda<\/a><\/h3>\n<ul>\n<li style=\"text-align: justify\">A proposta est\u00e1 direcionada a estrutura\u00e7\u00e3o de material did\u00e1tico de apoio a disciplina Produtos de Ades\u00e3o e Colagem (PAC) e Pain\u00e9is de Madeira Reconstitu\u00edda (PMR), bem como fornecer a comunidade em geral acesso a bibliografia. Al\u00e9m de propiciar o uso de ideias diferenciadas para o desenvolvimento e maior atratividade no ensino aprendizagem. Em conson\u00e2ncia com o Projeto Pol\u00edtico Pedag\u00f3gico do Curso de Engenharia Industrial Madeireira &#8211; PPPCEIM. <strong>PER\u00cdODO: 2020 &#8211; em andamento.<\/strong><\/li>\n<li>Coordenadora: \u00c9rika da Silva Ferreira.<\/li>\n<li>Integrantes: Pedro Henrique de Moraes Kolton; Mateus Fiss Timm; C\u00edntia Boldt; Nathalia Farias Gomes.<\/li>\n<li><strong>VI SIIEPE: <a href=\"https:\/\/cti.ufpel.edu.br\/siepe\/arquivos\/2020\/EN_03913.pdf\">https:\/\/cti.ufpel.edu.br\/siepe\/arquivos\/2020\/EN_03913.pdf<\/a><\/strong><\/li>\n<\/ul>\n<p>&nbsp;<\/p>\n<h3 style=\"text-align: justify\"><a href=\"https:\/\/wp.ufpel.edu.br\/lapam\/getecma\/\">Grupo de Estudos em Tecnologia da Madeira<\/a><\/h3>\n<ul style=\"text-align: justify\">\n<li>Este projeto de ensino visa ampliar o conhecimento da \u00e1rea de atua\u00e7\u00e3o do futuro egresso em Engenharia Industrial Madeireira sobre as possibilidades inerentes as tecnologias empregadas no meio acad\u00eamico e na ind\u00fastria de beneficiamento da madeira. Bem como propor aos acad\u00eamicos que cursam os diferentes per\u00edodos do curso a participarem de atividades de ensino que proporcionem sua integra\u00e7\u00e3o com os colegas de turma, professores e t\u00e9cnicos de diferentes \u00e1reas do meio acad\u00eamico. <strong>PER\u00cdODO: 2015 &#8211; em andamento.<\/strong><\/li>\n<li>Coordenadora: \u00c9rika da Silva Ferreira.<\/li>\n<li>Integrantes: Leonardo da Silva Oliveira; Marcos Theodoro Muller; Gabriel Valim Cardoso; Luciani da Silva Mota; Andrey Pereira Acosta; Kelvin Techera Barbosa; Merielen de Carvalho Lopes; Juliana Orcina Mirapalhete; Vitoria Correia Mota Canil; Mariana Figueira; \u00c1vila Ferreira.<\/li>\n<li><strong>VI SIIEPE: <a href=\"https:\/\/cti.ufpel.edu.br\/siepe\/arquivos\/2020\/EN_03910.pdf\">https:\/\/cti.ufpel.edu.br\/siepe\/arquivos\/2020\/EN_03910.pdf<\/a><\/strong><\/li>\n<\/ul>\n<p>&nbsp;<\/p>\n<h3>Material did\u00e1tico de Apoio para Disciplina de Produtos de Ades\u00e3o e Colagem<\/h3>\n<ul>\n<li>A proposta est\u00e1 direcionada a estrutura\u00e7\u00e3o de material did\u00e1tico de apoio a disciplina Produtos de Ades\u00e3o e Colagem, bem como fornecer a comunidade em geral acesso a bibliografia. Al\u00e9m de propiciar o uso de ideias diferenciadas para o desenvolvimento e maior atratividade no ensino aprendizagem. Em conson\u00e2ncia com o Projeto Pol\u00edtico Pedag\u00f3gico do Curso de Engenharia Industrial Madeireira &#8211; PPPCEIM. <strong>PER\u00cdODO: 2019 &#8211; 2019.<\/strong><\/li>\n<li>Coordenadora:\u00a0\u00c9rika da Silva Ferreira.<\/li>\n<li>Integrantes: Pedro Henrique de Moraes Kolton; Mateus Fiss Timm; C\u00edntia Boldt.<\/li>\n<\/ul>\n<p>&nbsp;<\/p>\n<h3>Capacita\u00e7\u00e3o e Padroniza\u00e7\u00e3o de T\u00e9cnicas de Laborat\u00f3rio<\/h3>\n<ul>\n<li>O contato com os discentes ingressantes do curso de engenharia industrial madeireira leva-nos a percep\u00e7\u00e3o de que os mesmos encontram algumas dificuldades no que diz respeito a atividades em laborat\u00f3rio, como: utiliza\u00e7\u00e3o de balan\u00e7as, reconhecimento de vidrarias, empregos de t\u00e9cnicas anal\u00edticas, utiliza\u00e7\u00e3o de equipamentos. Dificuldades estas que poderiam ser sanadas com a pr\u00e1tica de t\u00e9cnicas de padroniza\u00e7\u00e3o anal\u00edtica e com um contato maior destes com a pr\u00e1tica laboratorial. <strong>PER\u00cdODO: 2017 &#8211; em andamento.<\/strong><\/li>\n<li>Coordenadora: C\u00edntia Boldt.<\/li>\n<li>Integrantes: \u00c9rika da Silva Ferreira; Gabriel Valim Cardoso; Pedro Henrique de Moraes Kolton; Mateus Fiss Timm.<\/li>\n<\/ul>\n<p><!--nextpage--><\/p>\n<h3>Sala de Estudos Prof. Dr. Celso Foelkel<\/h3>\n<ul>\n<li>O projeto de Ensino visa dinamizar o uso do espa\u00e7o da Sala de Estudos Prof. Dr. Celso Foelkel por meio da assist\u00eancia de estudantes de gradua\u00e7\u00e3o em sua estrutura\u00e7\u00e3o, atualiza\u00e7\u00e3o da bibliografia existente, bem como introduzir uma p\u00e1gina oficial deste laborat\u00f3rio de ensino no portal da UFPel e rede social. <strong>PER\u00cdODO: 2016 &#8211; 2017.<\/strong><\/li>\n<li>Cordenadora: \u00c9rika da Silva Ferreira.<\/li>\n<li>Integrantes: Leonardo da Silva Oliveira; Marcos Theodoro Muller; Gabriel Valim Cardoso; Andrey Pereira Acosta; Kelvin Techera Barbosa; Merielen de Carvalho Lopes.<\/li>\n<\/ul>\n<p>&nbsp;<\/p>\n<h3>XI Semana Acad\u00eamica da Engenharia Industrial Madeireira<\/h3>\n<ul>\n<li>O Curso de Engenharia Industrial Madeireira da UFPel iniciou suas atividades no primeiro semestre de 2006. Sendo o primeiro Curso dessa especificidade no Rio Grande do Sul e o quinto no Brasil. Considerando a voca\u00e7\u00e3o florestal brasileira e a potencialidade da nossa ind\u00fastria madeireira, o pa\u00eds tem condi\u00e7\u00f5es de se estabelecer como um dos protagonistas do setor a n\u00edvel mundial. Entretanto, a concretiza\u00e7\u00e3o desse cen\u00e1rio promissor passa por muitos avan\u00e7os e medidas, entres estas, certamente, destaca-se a forma\u00e7\u00e3o a de m\u00e3o de obra qualificada para enfrentar esses desafios. Nesse contexto, o Curso de Engenharia Industrial Madeireira visa formar profissionais capacitados, aptos a atender as demandas e expectativas no mercado profissional. Para a propiciar a forma\u00e7\u00e3o qualificada aos acad\u00eamicos, o Curso prev\u00ea em seu Projeto Pedag\u00f3gico uma s\u00e9rie de a\u00e7\u00f5es pautadas pela transversalidade. <strong>PER\u00cdODO: 2016 &#8211; 2016.<\/strong><\/li>\n<li>Coordenador: Leonardo da Silva Oliveira.<\/li>\n<li>Integrantes: \u00c9rika da Silva Ferreira; Marcos Theodoro Muller; Rafael Beltrame; Gabriel Valim Cardoso; Tailana Pinz; Vin\u00edcius Cenci Taborda; Juliana Orcina Mirapalhete; Arthur Garcia Lucas; Leonardo Pereira da Silva; Carolina Pinho Vieira; Caroline Rodrigues Soares; Fernando Devantier Kober; Gabriel Pacheco Vives Pereira; Jos\u00e9 Carlos Recaeta Acuna; La\u00edse Vergara Nornberg; Mario Antonio Pinto da Silva Junior.<\/li>\n<\/ul>\n<p>&nbsp;<\/p>\n<h3>X Semana Acad\u00eamica da Engenharia Industrial Madeireira<\/h3>\n<ul>\n<li>A X Semana Acad\u00eamica do Curso de Engenharia Industrial Madeireira (X SAEIM) \u00e9 um evento que visa integrar alunos e a comunidade universit\u00e1ria, discutindo e visualizando avan\u00e7os tecnol\u00f3gicos do setor de base florestal, al\u00e9m de contribuir na forma\u00e7\u00e3o dos acad\u00eamicos, abrangendo in\u00fameras \u00e1reas de atua\u00e7\u00e3o do mesmo. <strong>PER\u00cdODO: 2015 &#8211; 2015.<\/strong><\/li>\n<li>Coordenador: Rafael Beltrame.<\/li>\n<li>Integrantes: \u00c9rika da Silva Ferreira; Leonardo da Silva Oliveira; Darci Alberto Gatto; Marcos Theodoro Muller; Mar\u00edndia de Almeida Borba; Aline Krolow Soares; Gabriel Valim Cardoso; Tailana Pinz; Merielen de Carvalho Lopes; Isabela Fernandes de Andrade; Carla Bet Jacondino Votto; Guilherme Vergara Nornberg; Gustavo Spiering Zanol; Henrique R\u00f6mer Schulz; Juciara Mota de Melo; Kelly de F\u00e1tima Belmiro; Leonardo Pereira da Silva; Lucas Brum Clavijo; Mayara de Oliveira Alves Branco.<\/li>\n<\/ul>\n<p>&nbsp;<\/p>\n<h3>IX Semana Acad\u00eamica da Engenharia Industrial Madeireira<\/h3>\n<ul>\n<li>\u00a0A IX Semana Acad\u00eamica do Curso de Engenharia Industrial Madeireira (IX SAEIM) \u00e9 um evento que visa integrar alunos e a comunidade universit\u00e1ria, discutindo e visualizando avan\u00e7os tecnol\u00f3gicos do setor de base florestal, al\u00e9m de contribuir na forma\u00e7\u00e3o dos acad\u00eamicos, abrangendo in\u00fameras \u00e1reas de atua\u00e7\u00e3o do mesmo. <strong>PER\u00cdODO: 2014 &#8211; 2014.<\/strong><\/li>\n<li>Coordenadora: \u00c9rika da Silva Ferreira.<\/li>\n<li>Integrantes:\u00a0 Leonardo da Silva Oliveira; Marcos Theodoro Muller; Rafael Beltrame; Mar\u00edndia de Almeida Borba; Gabriel Valim Cardoso; Tailana Pinz; Luciani da Silva Mota; Catiuce Abreu Pinto; Francine Teixeira Pereira; C\u00e9sar Vin\u00edcius Cavalheiro Schwartz; Vin\u00edcius Cenci Taborda; Gabriel Luiz Machado Marques; Merielen de Carvalho Lopes; Andrea Souza Castro; Isabela Fernandes de Andrade; Camila Moreira do Nascimento Alves.<\/li>\n<\/ul>\n","protected":false},"excerpt":{"rendered":"<p>M\u00eddias Digitais de Apoio a disciplina Produtos de Ades\u00e3o e Colagem e Pain\u00e9is de Madeira Reconstitu\u00edda A proposta est\u00e1 direcionada a estrutura\u00e7\u00e3o de material did\u00e1tico de apoio a disciplina Produtos de Ades\u00e3o e Colagem (PAC) e Pain\u00e9is de Madeira Reconstitu\u00edda (PMR), bem como fornecer a comunidade em geral acesso a bibliografia. Al\u00e9m de propiciar o [&hellip;]<\/p>\n","protected":false},"author":1058,"featured_media":0,"parent":35,"menu_order":0,"comment_status":"closed","ping_status":"closed","template":"","meta":{"footnotes":""},"class_list":["post-52","page","type-page","status-publish","hentry"],"_links":{"self":[{"href":"https:\/\/wp.ufpel.edu.br\/lapam\/wp-json\/wp\/v2\/pages\/52","targetHints":{"allow":["GET"]}}],"collection":[{"href":"https:\/\/wp.ufpel.edu.br\/lapam\/wp-json\/wp\/v2\/pages"}],"about":[{"href":"https:\/\/wp.ufpel.edu.br\/lapam\/wp-json\/wp\/v2\/types\/page"}],"author":[{"embeddable":true,"href":"https:\/\/wp.ufpel.edu.br\/lapam\/wp-json\/wp\/v2\/users\/1058"}],"replies":[{"embeddable":true,"href":"https:\/\/wp.ufpel.edu.br\/lapam\/wp-json\/wp\/v2\/comments?post=52"}],"version-history":[{"count":25,"href":"https:\/\/wp.ufpel.edu.br\/lapam\/wp-json\/wp\/v2\/pages\/52\/revisions"}],"predecessor-version":[{"id":579,"href":"https:\/\/wp.ufpel.edu.br\/lapam\/wp-json\/wp\/v2\/pages\/52\/revisions\/579"}],"up":[{"embeddable":true,"href":"https:\/\/wp.ufpel.edu.br\/lapam\/wp-json\/wp\/v2\/pages\/35"}],"wp:attachment":[{"href":"https:\/\/wp.ufpel.edu.br\/lapam\/wp-json\/wp\/v2\/media?parent=52"}],"curies":[{"name":"wp","href":"https:\/\/api.w.org\/{rel}","templated":true}]}}